{"id":5752,"date":"2025-02-03T13:50:37","date_gmt":"2025-02-03T11:50:37","guid":{"rendered":"https:\/\/termoshop.md\/?post_type=product&#038;p=5752"},"modified":"2025-08-07T07:19:47","modified_gmt":"2025-08-07T04:19:47","slug":"semineu-nordflam-roten-11kw","status":"publish","type":"product","link":"https:\/\/termoshop.md\/ru\/produs\/semineu-nordflam-roten-11kw\/","title":{"rendered":"\u041a\u0430\u043c\u0438\u043d Nordflam \u041a\u0420\u0410\u0421\u041d\u042b\u0419 11 \u043a\u0412\u0442"},"content":{"rendered":"<p>\u0414\u0440\u043e\u0432\u044f\u043d\u043e\u0439 \u043a\u0430\u043c\u0438\u043d <strong>Nordflam ROTEN 11 kW<\/strong> \u2014 \u044d\u0444\u0444\u0435\u043a\u0442\u0438\u0432\u043d\u043e\u0435 \u0438 \u044d\u043b\u0435\u0433\u0430\u043d\u0442\u043d\u043e\u0435 \u0440\u0435\u0448\u0435\u043d\u0438\u0435 \u0434\u043b\u044f \u043e\u0442\u043e\u043f\u043b\u0435\u043d\u0438\u044f \u0434\u043e\u043c\u043e\u0432, \u043f\u0440\u0438\u0434\u0430\u044e\u0449\u0435\u0435 \u043b\u044e\u0431\u043e\u043c\u0443 \u0438\u043d\u0442\u0435\u0440\u044c\u0435\u0440\u0443 \u0434\u043e\u043f\u043e\u043b\u043d\u0438\u0442\u0435\u043b\u044c\u043d\u044b\u0439 \u043a\u043e\u043c\u0444\u043e\u0440\u0442 \u0438 \u0438\u0437\u044b\u0441\u043a\u0430\u043d\u043d\u043e\u0441\u0442\u044c. \u041f\u043e\u0441\u0442\u0440\u043e\u0435\u043d \u0438\u0437 <strong>\u0432\u044b\u0441\u043e\u043a\u043e\u043a\u0430\u0447\u0435\u0441\u0442\u0432\u0435\u043d\u043d\u044b\u0439 \u0447\u0443\u0433\u0443\u043d<\/strong>\u044d\u0442\u043e\u0442 \u043a\u0430\u043c\u0438\u043d \u043e\u0431\u0435\u0441\u043f\u0435\u0447\u0438\u0432\u0430\u0435\u0442 \u0440\u0430\u0432\u043d\u043e\u043c\u0435\u0440\u043d\u043e\u0435 \u0440\u0430\u0441\u043f\u0440\u0435\u0434\u0435\u043b\u0435\u043d\u0438\u0435 \u0442\u0435\u043f\u043b\u0430 \u0438 \u043f\u043e\u0432\u044b\u0448\u0435\u043d\u043d\u0443\u044e \u0443\u0441\u0442\u043e\u0439\u0447\u0438\u0432\u043e\u0441\u0442\u044c \u0441 \u0442\u0435\u0447\u0435\u043d\u0438\u0435\u043c \u0432\u0440\u0435\u043c\u0435\u043d\u0438, \u0433\u0430\u0440\u0430\u043d\u0442\u0438\u0440\u0443\u044f \u0434\u043e\u043b\u0433\u043e\u0441\u0440\u043e\u0447\u043d\u043e\u0435 \u0438 \u044d\u0444\u0444\u0435\u043a\u0442\u0438\u0432\u043d\u043e\u0435 \u0438\u0441\u043f\u043e\u043b\u044c\u0437\u043e\u0432\u0430\u043d\u0438\u0435.<\/p>\n<p>\u0421 <strong>\u043d\u043e\u043c\u0438\u043d\u0430\u043b\u044c\u043d\u0430\u044f \u043c\u043e\u0449\u043d\u043e\u0441\u0442\u044c 11 \u043a\u0412\u0442<\/strong>, \u043a\u0430\u043c\u0438\u043d <strong>Nordflam ROTEN<\/strong> \u043f\u043e\u0434\u0445\u043e\u0434\u0438\u0442 \u0434\u043b\u044f \u043e\u0442\u043e\u043f\u043b\u0435\u043d\u0438\u044f \u043f\u043e\u043c\u0435\u0449\u0435\u043d\u0438\u0439 \u043f\u043b\u043e\u0449\u0430\u0434\u044c\u044e \u0434\u043e <strong>110 m\u00b2<\/strong>, \u0438\u043c\u0435\u044e\u0449\u0438\u0439 \u043e\u043f\u0442\u0438\u043c\u0438\u0437\u0438\u0440\u043e\u0432\u0430\u043d\u043d\u0443\u044e \u044d\u0444\u0444\u0435\u043a\u0442\u0438\u0432\u043d\u043e\u0441\u0442\u044c, \u043a\u043e\u0442\u043e\u0440\u0430\u044f \u043c\u0430\u043a\u0441\u0438\u043c\u0438\u0437\u0438\u0440\u0443\u0435\u0442 \u0441\u0433\u043e\u0440\u0430\u043d\u0438\u0435 \u0438 \u043c\u0438\u043d\u0438\u043c\u0438\u0437\u0438\u0440\u0443\u0435\u0442 \u0440\u0430\u0441\u0445\u043e\u0434 \u0442\u043e\u043f\u043b\u0438\u0432\u0430. \u0421\u043e\u0432\u0440\u0435\u043c\u0435\u043d\u043d\u044b\u0439 \u0438 \u044d\u043b\u0435\u0433\u0430\u043d\u0442\u043d\u044b\u0439 \u0434\u0438\u0437\u0430\u0439\u043d, \u0430 \u0442\u0430\u043a\u0436\u0435 \u0434\u0432\u0435\u0440\u044c, \u043e\u0441\u043d\u0430\u0449\u0435\u043d\u043d\u0430\u044f <strong>\u0442\u0435\u0440\u043c\u043e\u0441\u0442\u043e\u0439\u043a\u043e\u0435 \u0441\u0442\u0435\u043a\u043b\u043e<\/strong>, \u043e\u0431\u0435\u0441\u043f\u0435\u0447\u0438\u0432\u0430\u0435\u0442 \u0445\u043e\u0440\u043e\u0448\u0438\u0439 \u043e\u0431\u0437\u043e\u0440 \u043f\u043b\u0430\u043c\u0435\u043d\u0438, \u0441\u043e\u0437\u0434\u0430\u0432\u0430\u044f \u043f\u0440\u0438\u044f\u0442\u043d\u0443\u044e \u0438 \u0440\u0430\u0441\u0441\u043b\u0430\u0431\u043b\u044f\u044e\u0449\u0443\u044e \u0430\u0442\u043c\u043e\u0441\u0444\u0435\u0440\u0443.<\/p>\n<p>\u0411\u043b\u0430\u0433\u043e\u0434\u0430\u0440\u044f <strong>\u0421\u0438\u0441\u0442\u0435\u043c\u0430 \u0440\u0435\u0433\u0443\u043b\u0438\u0440\u043e\u0432\u0430\u043d\u0438\u044f \u043f\u0435\u0440\u0432\u0438\u0447\u043d\u043e\u0433\u043e \u0438 \u0432\u0442\u043e\u0440\u0438\u0447\u043d\u043e\u0433\u043e \u0432\u043e\u0437\u0434\u0443\u0445\u0430<\/strong>\u043f\u043e\u043b\u044c\u0437\u043e\u0432\u0430\u0442\u0435\u043b\u044c \u043c\u043e\u0436\u0435\u0442 \u044d\u0444\u0444\u0435\u043a\u0442\u0438\u0432\u043d\u043e \u043a\u043e\u043d\u0442\u0440\u043e\u043b\u0438\u0440\u043e\u0432\u0430\u0442\u044c \u043f\u0440\u043e\u0446\u0435\u0441\u0441 \u0433\u043e\u0440\u0435\u043d\u0438\u044f, \u043e\u0431\u0435\u0441\u043f\u0435\u0447\u0438\u0432\u0430\u044f \u043e\u043f\u0442\u0438\u043c\u0430\u043b\u044c\u043d\u044b\u0439 \u0440\u0430\u0441\u0445\u043e\u0434 \u0434\u0440\u0435\u0432\u0435\u0441\u0438\u043d\u044b \u0438 \u0441\u043e\u043a\u0440\u0430\u0449\u0430\u044f \u0432\u044b\u0431\u0440\u043e\u0441\u044b \u0437\u0430\u0433\u0440\u044f\u0437\u043d\u044f\u044e\u0449\u0438\u0445 \u0432\u0435\u0449\u0435\u0441\u0442\u0432.<\/p>","protected":false},"excerpt":{"rendered":"<p>\ud83d\udd25 <strong>\u041e\u0441\u043d\u043e\u0432\u043d\u044b\u0435 \u043e\u0441\u043e\u0431\u0435\u043d\u043d\u043e\u0441\u0442\u0438:<\/strong><br \/>\n\u2714\ufe0f <strong>\u041d\u043e\u043c\u0438\u043d\u0430\u043b\u044c\u043d\u0430\u044f \u043c\u043e\u0449\u043d\u043e\u0441\u0442\u044c<\/strong>: 11 kW<br \/>\n\u2714\ufe0f <strong>\u0420\u0435\u043a\u043e\u043c\u0435\u043d\u0434\u0443\u0435\u043c\u0430\u044f \u043f\u043e\u0432\u0435\u0440\u0445\u043d\u043e\u0441\u0442\u044c \u043d\u0430\u0433\u0440\u0435\u0432\u0430:<\/strong>: \u0434\u043e 110 \u043c\u00b2<br \/>\n\u2714\ufe0f <strong>\u041c\u0430\u0442\u0435\u0440\u0438\u0430\u043b<\/strong>: \u0432\u044b\u0441\u043e\u043a\u043e\u043a\u0430\u0447\u0435\u0441\u0442\u0432\u0435\u043d\u043d\u044b\u0439 \u0447\u0443\u0433\u0443\u043d, \u0443\u0441\u0442\u043e\u0439\u0447\u0438\u0432\u044b\u0439 \u043a \u0432\u044b\u0441\u043e\u043a\u0438\u043c \u0442\u0435\u043c\u043f\u0435\u0440\u0430\u0442\u0443\u0440\u0430\u043c<br \/>\n\u2714\ufe0f <strong>\u0422\u0438\u043f \u0442\u043e\u043f\u043b\u0438\u0432\u0430<\/strong>: \u0442\u0432\u0435\u0440\u0434\u0430\u044f \u0434\u0440\u0435\u0432\u0435\u0441\u0438\u043d\u0430<br \/>\n\u2714\ufe0f <strong>\u0412\u044b\u0441\u043e\u043a\u0430\u044f \u0434\u043e\u0445\u043e\u0434\u043d\u043e\u0441\u0442\u044c<\/strong>: eficien\u021b\u0103 energetic\u0103 optimizat\u0103 pentru consum redus<br \/>\n\u2714\ufe0f <strong>\u0420\u0435\u0433\u0443\u043b\u0438\u0440\u043e\u0432\u043a\u0430 \u043f\u0435\u0440\u0432\u0438\u0447\u043d\u043e\u0433\u043e \u0438 \u0432\u0442\u043e\u0440\u0438\u0447\u043d\u043e\u0433\u043e \u0432\u043e\u0437\u0434\u0443\u0445\u0430<\/strong> \u0434\u043b\u044f \u0442\u043e\u0447\u043d\u043e\u0433\u043e \u043a\u043e\u043d\u0442\u0440\u043e\u043b\u044f \u0433\u043e\u0440\u0435\u043d\u0438\u044f<br \/>\n\u2714\ufe0f <strong>\u0414\u0432\u0435\u0440\u044c \u0441 \u0442\u0435\u0440\u043c\u043e\u0441\u0442\u043e\u0439\u043a\u0438\u043c \u0441\u0442\u0435\u043a\u043b\u043e\u043c<\/strong>, \u0434\u043b\u044f \u043f\u0440\u0438\u044f\u0442\u043d\u043e\u0433\u043e \u0432\u0438\u0434\u0430 \u043d\u0430 \u043f\u043b\u0430\u043c\u044f<br \/>\n\u2714\ufe0f <strong>\u0421\u043e\u0432\u0440\u0435\u043c\u0435\u043d\u043d\u044b\u0439 \u0438 \u044d\u043b\u0435\u0433\u0430\u043d\u0442\u043d\u044b\u0439 \u0434\u0438\u0437\u0430\u0439\u043d.<\/strong>, \u043f\u043e\u0434\u0445\u043e\u0434\u0438\u0442 \u0434\u043b\u044f \u043b\u044e\u0431\u043e\u0433\u043e \u0442\u0438\u043f\u0430 \u0434\u043e\u043c\u0430<\/p>","protected":false},"featured_media":5754,"comment_status":"open","ping_status":"closed","template":"","meta":[],"product_brand":[488],"product_cat":[134,344],"product_tag":[],"class_list":{"0":"post-5752","1":"product","2":"type-product","3":"status-publish","4":"has-post-thumbnail","6":"product_brand-nordflam","7":"product_cat-cazane-sobe-si-seminee","8":"product_cat-sobe-si-termoseminee","10":"first","11":"instock","12":"shipping-taxable","13":"purchasable","14":"product-type-simple"},"yoast_head":"<!-- This site is optimized with the Yoast SEO plugin v26.9 - https:\/\/yoast.com\/product\/yoast-seo-wordpress\/ -->\n<title>Semineu Nordflam ROTEN 11KW - Termoshop.md<\/title>\n<meta name=\"description\" content=\"\u0218emineu Nordflam ROTEN 11 kW \u2013 eficien\u021b\u0103 \u0219i design elegant pentru casa ta. Fabricat din font\u0103 rezistent\u0103, \u00eenc\u0103lze\u0219te p\u00e2n\u0103 la 110 m\u00b2.\" \/>\n<meta name=\"robots\" content=\"index, follow, max-snippet:-1, max-image-preview:large, max-video-preview:-1\" \/>\n<link rel=\"canonical\" href=\"https:\/\/termoshop.md\/ru\/produs\/semineu-nordflam-roten-11kw\/\" \/>\n<meta property=\"og:locale\" content=\"ru_RU\" \/>\n<meta property=\"og:type\" content=\"article\" \/>\n<meta property=\"og:title\" content=\"Semineu Nordflam ROTEN 11KW - Termoshop.md\" \/>\n<meta property=\"og:description\" content=\"\u0218emineu Nordflam ROTEN 11 kW \u2013 eficien\u021b\u0103 \u0219i design elegant pentru casa ta. Fabricat din font\u0103 rezistent\u0103, \u00eenc\u0103lze\u0219te p\u00e2n\u0103 la 110 m\u00b2.\" \/>\n<meta property=\"og:url\" content=\"https:\/\/termoshop.md\/ru\/produs\/semineu-nordflam-roten-11kw\/\" \/>\n<meta property=\"og:site_name\" content=\"Termoshop.md\" \/>\n<meta property=\"article:modified_time\" content=\"2025-08-07T04:19:47+00:00\" \/>\n<meta property=\"og:image\" content=\"https:\/\/termoshop.md\/wp-content\/uploads\/2025\/02\/830.jpg\" \/>\n\t<meta property=\"og:image:width\" content=\"440\" \/>\n\t<meta property=\"og:image:height\" content=\"617\" \/>\n\t<meta property=\"og:image:type\" content=\"image\/jpeg\" \/>\n<meta name=\"twitter:card\" content=\"summary_large_image\" \/>\n<meta name=\"twitter:label1\" content=\"\u041f\u0440\u0438\u043c\u0435\u0440\u043d\u043e\u0435 \u0432\u0440\u0435\u043c\u044f \u0434\u043b\u044f \u0447\u0442\u0435\u043d\u0438\u044f\" \/>\n\t<meta name=\"twitter:data1\" content=\"1 \u043c\u0438\u043d\u0443\u0442\u0430\" \/>\n<script type=\"application\/ld+json\" class=\"yoast-schema-graph\">{\"@context\":\"https:\/\/schema.org\",\"@graph\":[{\"@type\":\"WebPage\",\"@id\":\"https:\/\/termoshop.md\/produs\/semineu-nordflam-roten-11kw\/\",\"url\":\"https:\/\/termoshop.md\/produs\/semineu-nordflam-roten-11kw\/\",\"name\":\"Semineu Nordflam ROTEN 11KW - Termoshop.md\",\"isPartOf\":{\"@id\":\"https:\/\/termoshop.md\/#website\"},\"primaryImageOfPage\":{\"@id\":\"https:\/\/termoshop.md\/produs\/semineu-nordflam-roten-11kw\/#primaryimage\"},\"image\":{\"@id\":\"https:\/\/termoshop.md\/produs\/semineu-nordflam-roten-11kw\/#primaryimage\"},\"thumbnailUrl\":\"https:\/\/termoshop.md\/wp-content\/uploads\/2025\/02\/830.jpg\",\"datePublished\":\"2025-02-03T11:50:37+00:00\",\"dateModified\":\"2025-08-07T04:19:47+00:00\",\"description\":\"\u0218emineu Nordflam ROTEN 11 kW \u2013 eficien\u021b\u0103 \u0219i design elegant pentru casa ta. Fabricat din font\u0103 rezistent\u0103, \u00eenc\u0103lze\u0219te p\u00e2n\u0103 la 110 m\u00b2.\",\"breadcrumb\":{\"@id\":\"https:\/\/termoshop.md\/produs\/semineu-nordflam-roten-11kw\/#breadcrumb\"},\"inLanguage\":\"ru-RU\",\"potentialAction\":[{\"@type\":\"ReadAction\",\"target\":[\"https:\/\/termoshop.md\/produs\/semineu-nordflam-roten-11kw\/\"]}]},{\"@type\":\"ImageObject\",\"inLanguage\":\"ru-RU\",\"@id\":\"https:\/\/termoshop.md\/produs\/semineu-nordflam-roten-11kw\/#primaryimage\",\"url\":\"https:\/\/termoshop.md\/wp-content\/uploads\/2025\/02\/830.jpg\",\"contentUrl\":\"https:\/\/termoshop.md\/wp-content\/uploads\/2025\/02\/830.jpg\",\"width\":440,\"height\":617},{\"@type\":\"BreadcrumbList\",\"@id\":\"https:\/\/termoshop.md\/produs\/semineu-nordflam-roten-11kw\/#breadcrumb\",\"itemListElement\":[{\"@type\":\"ListItem\",\"position\":1,\"name\":\"Prima pagin\u0103\",\"item\":\"https:\/\/termoshop.md\/\"},{\"@type\":\"ListItem\",\"position\":2,\"name\":\"Toate Produsele\",\"item\":\"https:\/\/termoshop.md\/toate-produsele\/\"},{\"@type\":\"ListItem\",\"position\":3,\"name\":\"Semineu Nordflam ROTEN 11KW\"}]},{\"@type\":\"WebSite\",\"@id\":\"https:\/\/termoshop.md\/#website\",\"url\":\"https:\/\/termoshop.md\/\",\"name\":\"Termoshop.md\",\"description\":\"Exper\u021bi \u00een solu\u021bii de top\",\"publisher\":{\"@id\":\"https:\/\/termoshop.md\/#organization\"},\"potentialAction\":[{\"@type\":\"SearchAction\",\"target\":{\"@type\":\"EntryPoint\",\"urlTemplate\":\"https:\/\/termoshop.md\/?s={search_term_string}\"},\"query-input\":{\"@type\":\"PropertyValueSpecification\",\"valueRequired\":true,\"valueName\":\"search_term_string\"}}],\"inLanguage\":\"ru-RU\"},{\"@type\":\"Organization\",\"@id\":\"https:\/\/termoshop.md\/#organization\",\"name\":\"Termoshop.md\",\"url\":\"https:\/\/termoshop.md\/\",\"logo\":{\"@type\":\"ImageObject\",\"inLanguage\":\"ru-RU\",\"@id\":\"https:\/\/termoshop.md\/#\/schema\/logo\/image\/\",\"url\":\"https:\/\/termoshop.md\/wp-content\/uploads\/2023\/04\/termoshopro.png\",\"contentUrl\":\"https:\/\/termoshop.md\/wp-content\/uploads\/2023\/04\/termoshopro.png\",\"width\":500,\"height\":94,\"caption\":\"Termoshop.md\"},\"image\":{\"@id\":\"https:\/\/termoshop.md\/#\/schema\/logo\/image\/\"}}]}<\/script>\n<!-- \/ Yoast SEO plugin. -->","yoast_head_json":{"title":"Semineu Nordflam ROTEN 11KW - Termoshop.md","description":"\u0218emineu Nordflam ROTEN 11 kW \u2013 eficien\u021b\u0103 \u0219i design elegant pentru casa ta. Fabricat din font\u0103 rezistent\u0103, \u00eenc\u0103lze\u0219te p\u00e2n\u0103 la 110 m\u00b2.","robots":{"index":"index","follow":"follow","max-snippet":"max-snippet:-1","max-image-preview":"max-image-preview:large","max-video-preview":"max-video-preview:-1"},"canonical":"https:\/\/termoshop.md\/ru\/produs\/semineu-nordflam-roten-11kw\/","og_locale":"ru_RU","og_type":"article","og_title":"Semineu Nordflam ROTEN 11KW - Termoshop.md","og_description":"\u0218emineu Nordflam ROTEN 11 kW \u2013 eficien\u021b\u0103 \u0219i design elegant pentru casa ta. Fabricat din font\u0103 rezistent\u0103, \u00eenc\u0103lze\u0219te p\u00e2n\u0103 la 110 m\u00b2.","og_url":"https:\/\/termoshop.md\/ru\/produs\/semineu-nordflam-roten-11kw\/","og_site_name":"Termoshop.md","article_modified_time":"2025-08-07T04:19:47+00:00","og_image":[{"width":440,"height":617,"url":"https:\/\/termoshop.md\/wp-content\/uploads\/2025\/02\/830.jpg","type":"image\/jpeg"}],"twitter_card":"summary_large_image","twitter_misc":{"\u041f\u0440\u0438\u043c\u0435\u0440\u043d\u043e\u0435 \u0432\u0440\u0435\u043c\u044f \u0434\u043b\u044f \u0447\u0442\u0435\u043d\u0438\u044f":"1 \u043c\u0438\u043d\u0443\u0442\u0430"},"schema":{"@context":"https:\/\/schema.org","@graph":[{"@type":"WebPage","@id":"https:\/\/termoshop.md\/produs\/semineu-nordflam-roten-11kw\/","url":"https:\/\/termoshop.md\/produs\/semineu-nordflam-roten-11kw\/","name":"Semineu Nordflam ROTEN 11KW - Termoshop.md","isPartOf":{"@id":"https:\/\/termoshop.md\/#website"},"primaryImageOfPage":{"@id":"https:\/\/termoshop.md\/produs\/semineu-nordflam-roten-11kw\/#primaryimage"},"image":{"@id":"https:\/\/termoshop.md\/produs\/semineu-nordflam-roten-11kw\/#primaryimage"},"thumbnailUrl":"https:\/\/termoshop.md\/wp-content\/uploads\/2025\/02\/830.jpg","datePublished":"2025-02-03T11:50:37+00:00","dateModified":"2025-08-07T04:19:47+00:00","description":"\u0218emineu Nordflam ROTEN 11 kW \u2013 eficien\u021b\u0103 \u0219i design elegant pentru casa ta. Fabricat din font\u0103 rezistent\u0103, \u00eenc\u0103lze\u0219te p\u00e2n\u0103 la 110 m\u00b2.","breadcrumb":{"@id":"https:\/\/termoshop.md\/produs\/semineu-nordflam-roten-11kw\/#breadcrumb"},"inLanguage":"ru-RU","potentialAction":[{"@type":"ReadAction","target":["https:\/\/termoshop.md\/produs\/semineu-nordflam-roten-11kw\/"]}]},{"@type":"ImageObject","inLanguage":"ru-RU","@id":"https:\/\/termoshop.md\/produs\/semineu-nordflam-roten-11kw\/#primaryimage","url":"https:\/\/termoshop.md\/wp-content\/uploads\/2025\/02\/830.jpg","contentUrl":"https:\/\/termoshop.md\/wp-content\/uploads\/2025\/02\/830.jpg","width":440,"height":617},{"@type":"BreadcrumbList","@id":"https:\/\/termoshop.md\/produs\/semineu-nordflam-roten-11kw\/#breadcrumb","itemListElement":[{"@type":"ListItem","position":1,"name":"Prima pagin\u0103","item":"https:\/\/termoshop.md\/"},{"@type":"ListItem","position":2,"name":"Toate Produsele","item":"https:\/\/termoshop.md\/toate-produsele\/"},{"@type":"ListItem","position":3,"name":"Semineu Nordflam ROTEN 11KW"}]},{"@type":"WebSite","@id":"https:\/\/termoshop.md\/#website","url":"https:\/\/termoshop.md\/","name":"Termoshop.md","description":"Exper\u021bi \u00een solu\u021bii de top","publisher":{"@id":"https:\/\/termoshop.md\/#organization"},"potentialAction":[{"@type":"SearchAction","target":{"@type":"EntryPoint","urlTemplate":"https:\/\/termoshop.md\/?s={search_term_string}"},"query-input":{"@type":"PropertyValueSpecification","valueRequired":true,"valueName":"search_term_string"}}],"inLanguage":"ru-RU"},{"@type":"Organization","@id":"https:\/\/termoshop.md\/#organization","name":"Termoshop.md","url":"https:\/\/termoshop.md\/","logo":{"@type":"ImageObject","inLanguage":"ru-RU","@id":"https:\/\/termoshop.md\/#\/schema\/logo\/image\/","url":"https:\/\/termoshop.md\/wp-content\/uploads\/2023\/04\/termoshopro.png","contentUrl":"https:\/\/termoshop.md\/wp-content\/uploads\/2023\/04\/termoshopro.png","width":500,"height":94,"caption":"Termoshop.md"},"image":{"@id":"https:\/\/termoshop.md\/#\/schema\/logo\/image\/"}}]}},"jetpack_sharing_enabled":true,"_links":{"self":[{"href":"https:\/\/termoshop.md\/ru\/wp-json\/wp\/v2\/product\/5752","targetHints":{"allow":["GET"]}}],"collection":[{"href":"https:\/\/termoshop.md\/ru\/wp-json\/wp\/v2\/product"}],"about":[{"href":"https:\/\/termoshop.md\/ru\/wp-json\/wp\/v2\/types\/product"}],"replies":[{"embeddable":true,"href":"https:\/\/termoshop.md\/ru\/wp-json\/wp\/v2\/comments?post=5752"}],"wp:featuredmedia":[{"embeddable":true,"href":"https:\/\/termoshop.md\/ru\/wp-json\/wp\/v2\/media\/5754"}],"wp:attachment":[{"href":"https:\/\/termoshop.md\/ru\/wp-json\/wp\/v2\/media?parent=5752"}],"wp:term":[{"taxonomy":"product_brand","embeddable":true,"href":"https:\/\/termoshop.md\/ru\/wp-json\/wp\/v2\/product_brand?post=5752"},{"taxonomy":"product_cat","embeddable":true,"href":"https:\/\/termoshop.md\/ru\/wp-json\/wp\/v2\/product_cat?post=5752"},{"taxonomy":"product_tag","embeddable":true,"href":"https:\/\/termoshop.md\/ru\/wp-json\/wp\/v2\/product_tag?post=5752"}],"curies":[{"name":"wp","href":"https:\/\/api.w.org\/{rel}","templated":true}]}}