{"id":5496,"date":"2024-02-29T12:58:16","date_gmt":"2024-02-29T12:58:16","guid":{"rendered":"https:\/\/termoshop.md\/?post_type=product&#038;p=5496"},"modified":"2024-02-29T12:58:16","modified_gmt":"2024-02-29T12:58:16","slug":"cazan-nitromix-24kw-in-condensare","status":"publish","type":"product","link":"https:\/\/termoshop.md\/ru\/produs\/cazan-nitromix-24kw-in-condensare\/","title":{"rendered":"\u041a\u043e\u043d\u0434\u0435\u043d\u0441\u0430\u0446\u0438\u043e\u043d\u043d\u044b\u0439 \u043a\u043e\u0442\u0435\u043b Nitromix 24 \u043a\u0412\u0442"},"content":{"rendered":"<p>\u041a\u043e\u043d\u0434\u0435\u043d\u0441\u0430\u0446\u0438\u043e\u043d\u043d\u044b\u0439 \u043a\u043e\u0442\u0435\u043b Nitromix 24 \u043a\u0412\u0442<\/p>\n<p>\u041e\u0442\u043a\u0440\u043e\u0439\u0442\u0435 \u0434\u043b\u044f \u0441\u0435\u0431\u044f \u0438\u043d\u043d\u043e\u0432\u0430\u0446\u0438\u0438 \u0438 \u0432\u044b\u0441\u043e\u0447\u0430\u0439\u0448\u0443\u044e \u043f\u0440\u043e\u0438\u0437\u0432\u043e\u0434\u0438\u0442\u0435\u043b\u044c\u043d\u043e\u0441\u0442\u044c \u043a\u043e\u043d\u0434\u0435\u043d\u0441\u0430\u0446\u0438\u043e\u043d\u043d\u043e\u0433\u043e \u0433\u0430\u0437\u043e\u0432\u043e\u0433\u043e \u043a\u043e\u0442\u043b\u0430 Demird\u00f6k\u00fcm Nitromix. \u042d\u0442\u043e\u0442 \u043a\u043e\u0442\u0435\u043b, \u0440\u0430\u0437\u0440\u0430\u0431\u043e\u0442\u0430\u043d\u043d\u044b\u0439 \u0434\u043b\u044f \u043e\u0431\u0435\u0441\u043f\u0435\u0447\u0435\u043d\u0438\u044f \u044d\u0444\u0444\u0435\u043a\u0442\u0438\u0432\u043d\u043e\u0433\u043e \u0438 \u043d\u0430\u0434\u0435\u0436\u043d\u043e\u0433\u043e \u043e\u0442\u043e\u043f\u043b\u0435\u043d\u0438\u044f, \u044f\u0432\u043b\u044f\u0435\u0442\u0441\u044f \u0438\u0434\u0435\u0430\u043b\u044c\u043d\u044b\u043c \u0440\u0435\u0448\u0435\u043d\u0438\u0435\u043c \u0434\u043b\u044f \u0443\u043b\u0443\u0447\u0448\u0435\u043d\u0438\u044f \u0442\u0435\u043f\u043b\u043e\u0432\u043e\u0433\u043e \u043a\u043e\u043c\u0444\u043e\u0440\u0442\u0430 \u0432\u0430\u0448\u0435\u0433\u043e \u0434\u043e\u043c\u0430.<\/p>\n<p>\u0411\u043b\u0430\u0433\u043e\u0434\u0430\u0440\u044f \u0441\u0432\u043e\u0435\u0439 \u043f\u0435\u0440\u0435\u0434\u043e\u0432\u043e\u0439 \u0442\u0435\u0445\u043d\u043e\u043b\u043e\u0433\u0438\u0438 \u043a\u043e\u043d\u0434\u0435\u043d\u0441\u0430\u0446\u0438\u0438 Demird\u00f6k\u00fcm Nitromix \u043c\u0430\u043a\u0441\u0438\u043c\u0430\u043b\u044c\u043d\u043e \u0438\u0441\u043f\u043e\u043b\u044c\u0437\u0443\u0435\u0442 \u044d\u043d\u0435\u0440\u0433\u0438\u044e \u0442\u043e\u043f\u043b\u0438\u0432\u0430, \u0441\u043e\u043a\u0440\u0430\u0449\u0430\u044f \u043f\u043e\u0442\u0440\u0435\u0431\u043b\u0435\u043d\u0438\u0435 \u0438 \u0437\u0430\u0442\u0440\u0430\u0442\u044b \u043d\u0430 \u043e\u0442\u043e\u043f\u043b\u0435\u043d\u0438\u0435. \u0422\u0430\u043a\u0438\u043c \u043e\u0431\u0440\u0430\u0437\u043e\u043c, \u0432\u044b \u043d\u0435 \u0442\u043e\u043b\u044c\u043a\u043e \u0441\u044d\u043a\u043e\u043d\u043e\u043c\u0438\u0442\u0435 \u0434\u0435\u043d\u044c\u0433\u0438, \u043d\u043e \u0438 \u0432\u043d\u0435\u0441\u0435\u0442\u0435 \u0432\u043a\u043b\u0430\u0434 \u0432 \u0437\u0430\u0449\u0438\u0442\u0443 \u043e\u043a\u0440\u0443\u0436\u0430\u044e\u0449\u0435\u0439 \u0441\u0440\u0435\u0434\u044b \u0437\u0430 \u0441\u0447\u0435\u0442 \u0441\u043e\u043a\u0440\u0430\u0449\u0435\u043d\u0438\u044f \u0432\u044b\u0431\u0440\u043e\u0441\u043e\u0432 CO2.<\/p>\n<p>Nitromix \u0442\u0430\u043a\u0436\u0435 \u0432\u043f\u0435\u0447\u0430\u0442\u043b\u044f\u0435\u0442 \u0441\u0432\u043e\u0438\u043c \u043a\u043e\u043c\u043f\u0430\u043a\u0442\u043d\u044b\u043c \u0434\u0438\u0437\u0430\u0439\u043d\u043e\u043c \u0438 \u0431\u0435\u0441\u0448\u0443\u043c\u043d\u043e\u0439 \u0440\u0430\u0431\u043e\u0442\u043e\u0439, \u043e\u0431\u0435\u0441\u043f\u0435\u0447\u0438\u0432\u0430\u044f \u0440\u0430\u0432\u043d\u043e\u043c\u0435\u0440\u043d\u043e\u0435 \u0440\u0430\u0441\u043f\u0440\u0435\u0434\u0435\u043b\u0435\u043d\u0438\u0435 \u0442\u0435\u043f\u043b\u0430 \u043f\u043e \u0432\u0441\u0435\u043c\u0443 \u0434\u043e\u043c\u0443. \u042d\u0442\u043e\u0442 \u043a\u043e\u0442\u0435\u043b, \u0438\u0437\u0433\u043e\u0442\u043e\u0432\u043b\u0435\u043d\u043d\u044b\u0439 \u0438\u0437 \u0432\u044b\u0441\u043e\u043a\u043e\u043a\u0430\u0447\u0435\u0441\u0442\u0432\u0435\u043d\u043d\u044b\u0445 \u043c\u0430\u0442\u0435\u0440\u0438\u0430\u043b\u043e\u0432 \u0438 \u043e\u0441\u043d\u0430\u0449\u0435\u043d\u043d\u044b\u0439 \u043f\u0435\u0440\u0435\u0434\u043e\u0432\u044b\u043c\u0438 \u0444\u0443\u043d\u043a\u0446\u0438\u044f\u043c\u0438 \u0431\u0435\u0437\u043e\u043f\u0430\u0441\u043d\u043e\u0441\u0442\u0438, \u044f\u0432\u043b\u044f\u0435\u0442\u0441\u044f \u0438\u0434\u0435\u0430\u043b\u044c\u043d\u044b\u043c \u0432\u044b\u0431\u043e\u0440\u043e\u043c \u0434\u043b\u044f \u043a\u043e\u043c\u0444\u043e\u0440\u0442\u043d\u043e\u0433\u043e \u0438 \u0431\u0435\u0437\u0437\u0430\u0431\u043e\u0442\u043d\u043e\u0433\u043e \u043e\u0442\u043e\u043f\u043b\u0435\u043d\u0438\u044f.<\/p>\n<p>\u041d\u0435\u0437\u0430\u0432\u0438\u0441\u0438\u043c\u043e \u043e\u0442 \u0442\u043e\u0433\u043e, \u0441\u0442\u0430\u0432\u0438\u0442\u0435 \u043b\u0438 \u0432\u044b \u0446\u0435\u043b\u044c \u043c\u043e\u0434\u0435\u0440\u043d\u0438\u0437\u0438\u0440\u043e\u0432\u0430\u0442\u044c \u0441\u0438\u0441\u0442\u0435\u043c\u0443 \u043e\u0442\u043e\u043f\u043b\u0435\u043d\u0438\u044f \u0438\u043b\u0438 \u043f\u043e\u0441\u0442\u0440\u043e\u0438\u0442\u044c \u043d\u043e\u0432\u044b\u0439 \u0434\u043e\u043c. \u0418\u043d\u0432\u0435\u0441\u0442\u0438\u0440\u0443\u0439\u0442\u0435 \u0432 \u043a\u043e\u043c\u0444\u043e\u0440\u0442 \u0438 \u0431\u043b\u0430\u0433\u043e\u043f\u043e\u043b\u0443\u0447\u0438\u0435 \u0441\u0432\u043e\u0435\u0439 \u0441\u0435\u043c\u044c\u0438 \u0441 \u043f\u043e\u043c\u043e\u0449\u044c\u044e \u044d\u0442\u043e\u0433\u043e \u0432\u044b\u0441\u043e\u043a\u043e\u043f\u0440\u043e\u0438\u0437\u0432\u043e\u0434\u0438\u0442\u0435\u043b\u044c\u043d\u043e\u0433\u043e \u0438 \u043d\u0430\u0434\u0435\u0436\u043d\u043e\u0433\u043e \u043a\u043e\u0442\u043b\u0430.<\/p>\n<p><a href=\"https:\/\/www.google.com\/search?q=cazan+pe+gaz&amp;sca_esv=7fdb6e941e7712e0&amp;hl=ro&amp;sxsrf=ACQVn08mbocgcHxXkuKH59AUpPWtQ3l4pQ%3A1709211331940&amp;ei=w37gZbXzOK397_UPp8-2kAs&amp;udm=&amp;oq=cazan+&amp;gs_lp=Egxnd3Mtd2l6LXNlcnAiBmNhemFuICoCCAUyChAjGIAEGIoFGCcyChAjGIAEGIoFGCcyBBAjGCcyBRAAGIAEMgUQABiABDIFEAAYgAQyBRAAGIAEMgUQABiABDINEC4YgAQYChjHARivATILEC4YgAQYxwEYrwFIvXhQiw5Y-RxwA3gBkAEAmAGUAaABuwuqAQQwLjEyuAEByAEA-AEBmAIPoAKGDMICChAAGEcY1gQYsAPCAg0QABiABBiKBRhDGLADwgIKEAAYgAQYigUYQ8ICCBAAGIAEGLEDwgIHEAAYgAQYCpgDAIgGAZAGCpIHBDMuMTI&amp;sclient=gws-wiz-serp\">Cazan<\/a> \u041a\u043e\u043d\u0434\u0435\u043d\u0441\u0430\u0446\u0438\u043e\u043d\u043d\u044b\u0439 \u043a\u043e\u0442\u0435\u043b Nitromix 24 \u043a\u0412\u0442 <a href=\"https:\/\/termoshop.md\/ru\/\">Termoshop.md<\/a><\/p>\n<p>&nbsp;<\/p>","protected":false},"excerpt":{"rendered":"<p>Cazan NITROMIX 24Kw \u00een condensare Descoper\u0103 inova\u021bia \u0219i performan\u021ba de v\u00e2rf cu Cazanul pe gaz \u00een Condensare Demird\u00f6k\u00fcm Nitromix. Conceput<\/p>","protected":false},"featured_media":5497,"comment_status":"open","ping_status":"closed","template":"","meta":[],"product_brand":[514],"product_cat":[129,173],"product_tag":[],"class_list":{"0":"post-5496","1":"product","2":"type-product","3":"status-publish","4":"has-post-thumbnail","6":"product_brand-demirdokum","7":"product_cat-centrale-termice","8":"product_cat-centrale-termice-pe-gaz","10":"first","11":"instock","12":"shipping-taxable","13":"purchasable","14":"product-type-simple"},"yoast_head":"<!-- This site is optimized with the Yoast SEO plugin v26.9 - https:\/\/yoast.com\/product\/yoast-seo-wordpress\/ -->\n<title>Cazan NITROMIX 24Kw \u00een condensare - Termoshop.md<\/title>\n<meta name=\"description\" content=\"Cazan NITROMIX 24Kw \u00een condensare, acest cazan maximizeaz\u0103 eficien\u021ba energetic\u0103, economisind bani \u0219i protej\u00e2nd mediul \u00eenconjur\u0103tor\" \/>\n<meta name=\"robots\" content=\"index, follow, max-snippet:-1, max-image-preview:large, max-video-preview:-1\" \/>\n<link rel=\"canonical\" href=\"https:\/\/termoshop.md\/ru\/produs\/cazan-nitromix-24kw-in-condensare\/\" \/>\n<meta property=\"og:locale\" content=\"ru_RU\" \/>\n<meta property=\"og:type\" content=\"article\" \/>\n<meta property=\"og:title\" content=\"Cazan NITROMIX 24Kw \u00een condensare - Termoshop.md\" \/>\n<meta property=\"og:description\" content=\"Cazan NITROMIX 24Kw \u00een condensare, acest cazan maximizeaz\u0103 eficien\u021ba energetic\u0103, economisind bani \u0219i protej\u00e2nd mediul \u00eenconjur\u0103tor\" \/>\n<meta property=\"og:url\" content=\"https:\/\/termoshop.md\/ru\/produs\/cazan-nitromix-24kw-in-condensare\/\" \/>\n<meta property=\"og:site_name\" content=\"Termoshop.md\" \/>\n<meta property=\"og:image\" content=\"https:\/\/termoshop.md\/wp-content\/uploads\/2024\/02\/nitromix.png\" \/>\n\t<meta property=\"og:image:width\" content=\"844\" \/>\n\t<meta property=\"og:image:height\" content=\"844\" \/>\n\t<meta property=\"og:image:type\" content=\"image\/png\" \/>\n<meta name=\"twitter:card\" content=\"summary_large_image\" \/>\n<meta name=\"twitter:label1\" content=\"\u041f\u0440\u0438\u043c\u0435\u0440\u043d\u043e\u0435 \u0432\u0440\u0435\u043c\u044f \u0434\u043b\u044f \u0447\u0442\u0435\u043d\u0438\u044f\" \/>\n\t<meta name=\"twitter:data1\" content=\"2 \u043c\u0438\u043d\u0443\u0442\u044b\" \/>\n<script type=\"application\/ld+json\" class=\"yoast-schema-graph\">{\"@context\":\"https:\/\/schema.org\",\"@graph\":[{\"@type\":\"WebPage\",\"@id\":\"https:\/\/termoshop.md\/produs\/cazan-nitromix-24kw-in-condensare\/\",\"url\":\"https:\/\/termoshop.md\/produs\/cazan-nitromix-24kw-in-condensare\/\",\"name\":\"Cazan NITROMIX 24Kw \u00een condensare - Termoshop.md\",\"isPartOf\":{\"@id\":\"https:\/\/termoshop.md\/#website\"},\"primaryImageOfPage\":{\"@id\":\"https:\/\/termoshop.md\/produs\/cazan-nitromix-24kw-in-condensare\/#primaryimage\"},\"image\":{\"@id\":\"https:\/\/termoshop.md\/produs\/cazan-nitromix-24kw-in-condensare\/#primaryimage\"},\"thumbnailUrl\":\"https:\/\/termoshop.md\/wp-content\/uploads\/2024\/02\/nitromix.png\",\"datePublished\":\"2024-02-29T12:58:16+00:00\",\"description\":\"Cazan NITROMIX 24Kw \u00een condensare, acest cazan maximizeaz\u0103 eficien\u021ba energetic\u0103, economisind bani \u0219i protej\u00e2nd mediul \u00eenconjur\u0103tor\",\"breadcrumb\":{\"@id\":\"https:\/\/termoshop.md\/produs\/cazan-nitromix-24kw-in-condensare\/#breadcrumb\"},\"inLanguage\":\"ru-RU\",\"potentialAction\":[{\"@type\":\"ReadAction\",\"target\":[\"https:\/\/termoshop.md\/produs\/cazan-nitromix-24kw-in-condensare\/\"]}]},{\"@type\":\"ImageObject\",\"inLanguage\":\"ru-RU\",\"@id\":\"https:\/\/termoshop.md\/produs\/cazan-nitromix-24kw-in-condensare\/#primaryimage\",\"url\":\"https:\/\/termoshop.md\/wp-content\/uploads\/2024\/02\/nitromix.png\",\"contentUrl\":\"https:\/\/termoshop.md\/wp-content\/uploads\/2024\/02\/nitromix.png\",\"width\":844,\"height\":844},{\"@type\":\"BreadcrumbList\",\"@id\":\"https:\/\/termoshop.md\/produs\/cazan-nitromix-24kw-in-condensare\/#breadcrumb\",\"itemListElement\":[{\"@type\":\"ListItem\",\"position\":1,\"name\":\"Prima pagin\u0103\",\"item\":\"https:\/\/termoshop.md\/\"},{\"@type\":\"ListItem\",\"position\":2,\"name\":\"Toate Produsele\",\"item\":\"https:\/\/termoshop.md\/toate-produsele\/\"},{\"@type\":\"ListItem\",\"position\":3,\"name\":\"Cazan NITROMIX 24Kw \u00een condensare\"}]},{\"@type\":\"WebSite\",\"@id\":\"https:\/\/termoshop.md\/#website\",\"url\":\"https:\/\/termoshop.md\/\",\"name\":\"Termoshop.md\",\"description\":\"Exper\u021bi \u00een solu\u021bii de top\",\"publisher\":{\"@id\":\"https:\/\/termoshop.md\/#organization\"},\"potentialAction\":[{\"@type\":\"SearchAction\",\"target\":{\"@type\":\"EntryPoint\",\"urlTemplate\":\"https:\/\/termoshop.md\/?s={search_term_string}\"},\"query-input\":{\"@type\":\"PropertyValueSpecification\",\"valueRequired\":true,\"valueName\":\"search_term_string\"}}],\"inLanguage\":\"ru-RU\"},{\"@type\":\"Organization\",\"@id\":\"https:\/\/termoshop.md\/#organization\",\"name\":\"Termoshop.md\",\"url\":\"https:\/\/termoshop.md\/\",\"logo\":{\"@type\":\"ImageObject\",\"inLanguage\":\"ru-RU\",\"@id\":\"https:\/\/termoshop.md\/#\/schema\/logo\/image\/\",\"url\":\"https:\/\/termoshop.md\/wp-content\/uploads\/2023\/04\/termoshopro.png\",\"contentUrl\":\"https:\/\/termoshop.md\/wp-content\/uploads\/2023\/04\/termoshopro.png\",\"width\":500,\"height\":94,\"caption\":\"Termoshop.md\"},\"image\":{\"@id\":\"https:\/\/termoshop.md\/#\/schema\/logo\/image\/\"}}]}<\/script>\n<!-- \/ Yoast SEO plugin. -->","yoast_head_json":{"title":"Cazan NITROMIX 24Kw \u00een condensare - Termoshop.md","description":"Cazan NITROMIX 24Kw \u00een condensare, acest cazan maximizeaz\u0103 eficien\u021ba energetic\u0103, economisind bani \u0219i protej\u00e2nd mediul \u00eenconjur\u0103tor","robots":{"index":"index","follow":"follow","max-snippet":"max-snippet:-1","max-image-preview":"max-image-preview:large","max-video-preview":"max-video-preview:-1"},"canonical":"https:\/\/termoshop.md\/ru\/produs\/cazan-nitromix-24kw-in-condensare\/","og_locale":"ru_RU","og_type":"article","og_title":"Cazan NITROMIX 24Kw \u00een condensare - Termoshop.md","og_description":"Cazan NITROMIX 24Kw \u00een condensare, acest cazan maximizeaz\u0103 eficien\u021ba energetic\u0103, economisind bani \u0219i protej\u00e2nd mediul \u00eenconjur\u0103tor","og_url":"https:\/\/termoshop.md\/ru\/produs\/cazan-nitromix-24kw-in-condensare\/","og_site_name":"Termoshop.md","og_image":[{"width":844,"height":844,"url":"https:\/\/termoshop.md\/wp-content\/uploads\/2024\/02\/nitromix.png","type":"image\/png"}],"twitter_card":"summary_large_image","twitter_misc":{"\u041f\u0440\u0438\u043c\u0435\u0440\u043d\u043e\u0435 \u0432\u0440\u0435\u043c\u044f \u0434\u043b\u044f \u0447\u0442\u0435\u043d\u0438\u044f":"2 \u043c\u0438\u043d\u0443\u0442\u044b"},"schema":{"@context":"https:\/\/schema.org","@graph":[{"@type":"WebPage","@id":"https:\/\/termoshop.md\/produs\/cazan-nitromix-24kw-in-condensare\/","url":"https:\/\/termoshop.md\/produs\/cazan-nitromix-24kw-in-condensare\/","name":"Cazan NITROMIX 24Kw \u00een condensare - Termoshop.md","isPartOf":{"@id":"https:\/\/termoshop.md\/#website"},"primaryImageOfPage":{"@id":"https:\/\/termoshop.md\/produs\/cazan-nitromix-24kw-in-condensare\/#primaryimage"},"image":{"@id":"https:\/\/termoshop.md\/produs\/cazan-nitromix-24kw-in-condensare\/#primaryimage"},"thumbnailUrl":"https:\/\/termoshop.md\/wp-content\/uploads\/2024\/02\/nitromix.png","datePublished":"2024-02-29T12:58:16+00:00","description":"Cazan NITROMIX 24Kw \u00een condensare, acest cazan maximizeaz\u0103 eficien\u021ba energetic\u0103, economisind bani \u0219i protej\u00e2nd mediul \u00eenconjur\u0103tor","breadcrumb":{"@id":"https:\/\/termoshop.md\/produs\/cazan-nitromix-24kw-in-condensare\/#breadcrumb"},"inLanguage":"ru-RU","potentialAction":[{"@type":"ReadAction","target":["https:\/\/termoshop.md\/produs\/cazan-nitromix-24kw-in-condensare\/"]}]},{"@type":"ImageObject","inLanguage":"ru-RU","@id":"https:\/\/termoshop.md\/produs\/cazan-nitromix-24kw-in-condensare\/#primaryimage","url":"https:\/\/termoshop.md\/wp-content\/uploads\/2024\/02\/nitromix.png","contentUrl":"https:\/\/termoshop.md\/wp-content\/uploads\/2024\/02\/nitromix.png","width":844,"height":844},{"@type":"BreadcrumbList","@id":"https:\/\/termoshop.md\/produs\/cazan-nitromix-24kw-in-condensare\/#breadcrumb","itemListElement":[{"@type":"ListItem","position":1,"name":"Prima pagin\u0103","item":"https:\/\/termoshop.md\/"},{"@type":"ListItem","position":2,"name":"Toate Produsele","item":"https:\/\/termoshop.md\/toate-produsele\/"},{"@type":"ListItem","position":3,"name":"Cazan NITROMIX 24Kw \u00een condensare"}]},{"@type":"WebSite","@id":"https:\/\/termoshop.md\/#website","url":"https:\/\/termoshop.md\/","name":"Termoshop.md","description":"Exper\u021bi \u00een solu\u021bii de top","publisher":{"@id":"https:\/\/termoshop.md\/#organization"},"potentialAction":[{"@type":"SearchAction","target":{"@type":"EntryPoint","urlTemplate":"https:\/\/termoshop.md\/?s={search_term_string}"},"query-input":{"@type":"PropertyValueSpecification","valueRequired":true,"valueName":"search_term_string"}}],"inLanguage":"ru-RU"},{"@type":"Organization","@id":"https:\/\/termoshop.md\/#organization","name":"Termoshop.md","url":"https:\/\/termoshop.md\/","logo":{"@type":"ImageObject","inLanguage":"ru-RU","@id":"https:\/\/termoshop.md\/#\/schema\/logo\/image\/","url":"https:\/\/termoshop.md\/wp-content\/uploads\/2023\/04\/termoshopro.png","contentUrl":"https:\/\/termoshop.md\/wp-content\/uploads\/2023\/04\/termoshopro.png","width":500,"height":94,"caption":"Termoshop.md"},"image":{"@id":"https:\/\/termoshop.md\/#\/schema\/logo\/image\/"}}]}},"jetpack_sharing_enabled":true,"_links":{"self":[{"href":"https:\/\/termoshop.md\/ru\/wp-json\/wp\/v2\/product\/5496","targetHints":{"allow":["GET"]}}],"collection":[{"href":"https:\/\/termoshop.md\/ru\/wp-json\/wp\/v2\/product"}],"about":[{"href":"https:\/\/termoshop.md\/ru\/wp-json\/wp\/v2\/types\/product"}],"replies":[{"embeddable":true,"href":"https:\/\/termoshop.md\/ru\/wp-json\/wp\/v2\/comments?post=5496"}],"wp:featuredmedia":[{"embeddable":true,"href":"https:\/\/termoshop.md\/ru\/wp-json\/wp\/v2\/media\/5497"}],"wp:attachment":[{"href":"https:\/\/termoshop.md\/ru\/wp-json\/wp\/v2\/media?parent=5496"}],"wp:term":[{"taxonomy":"product_brand","embeddable":true,"href":"https:\/\/termoshop.md\/ru\/wp-json\/wp\/v2\/product_brand?post=5496"},{"taxonomy":"product_cat","embeddable":true,"href":"https:\/\/termoshop.md\/ru\/wp-json\/wp\/v2\/product_cat?post=5496"},{"taxonomy":"product_tag","embeddable":true,"href":"https:\/\/termoshop.md\/ru\/wp-json\/wp\/v2\/product_tag?post=5496"}],"curies":[{"name":"wp","href":"https:\/\/api.w.org\/{rel}","templated":true}]}}