{"id":5144,"date":"2023-12-28T12:02:52","date_gmt":"2023-12-28T12:02:52","guid":{"rendered":"https:\/\/termoshop.md\/?post_type=product&#038;p=5144"},"modified":"2024-10-18T05:39:58","modified_gmt":"2024-10-18T05:39:58","slug":"soba-nordflam-fokus-4-kw","status":"publish","type":"product","link":"https:\/\/termoshop.md\/ru\/produs\/soba-nordflam-fokus-4-kw\/","title":{"rendered":"\u041f\u043b\u0438\u0442\u0430 NORDFLAM FOKUS  4 \u041a\u0412\u0442"},"content":{"rendered":"<p>\u0414\u0435\u043a\u043e\u0440\u0430\u0442\u0438\u0432\u043d\u0430\u044f, \u043d\u043e \u0432 \u0442\u043e \u0436\u0435 \u0432\u0440\u0435\u043c\u044f \u044d\u0444\u0444\u0435\u043a\u0442\u0438\u0432\u043d\u0430\u044f \u0447\u0443\u0433\u0443\u043d\u043d\u0430\u044f \u043f\u0435\u0447\u044c NORDFLAM FOKUS \u043c\u043e\u0449\u043d\u043e\u0441\u0442\u044c\u044e 4 \u043a\u0412\u0442 \u0441\u043e \u0441\u0442\u0435\u043a\u043b\u044f\u043d\u043d\u043e\u0439 \u0434\u0432\u0435\u0440\u0446\u0435\u0439 \u2014 \u044d\u043b\u0435\u0433\u0430\u043d\u0442\u043d\u044b\u0439 \u0438 \u0444\u0443\u043d\u043a\u0446\u0438\u043e\u043d\u0430\u043b\u044c\u043d\u044b\u0439 \u043f\u0440\u0435\u0434\u043c\u0435\u0442 \u0434\u043b\u044f \u043e\u0442\u043e\u043f\u043b\u0435\u043d\u0438\u044f \u0432\u0430\u0448\u0435\u0433\u043e \u0434\u043e\u043c\u0430.<\/p>\n<p>\u041f\u0440\u043e\u0447\u043d\u0430\u044f \u0447\u0443\u0433\u0443\u043d\u043d\u0430\u044f \u043a\u043e\u043d\u0441\u0442\u0440\u0443\u043a\u0446\u0438\u044f \u0441\u043e\u0437\u0434\u0430\u0435\u0442 \u043a\u043b\u0430\u0441\u0441\u0438\u0447\u0435\u0441\u043a\u0438\u0439 \u0438 \u0434\u043e\u043b\u0433\u043e\u0432\u0435\u0447\u043d\u044b\u0439 \u0432\u0438\u0434.<\/p>\n<p>\u0430 \u0441\u0442\u0435\u043a\u043b\u044f\u043d\u043d\u0430\u044f \u0434\u0432\u0435\u0440\u044c \u043e\u0442\u043a\u0440\u044b\u0432\u0430\u0435\u0442 \u043f\u0440\u0435\u043a\u0440\u0430\u0441\u043d\u044b\u0439 \u0432\u0438\u0434 \u043d\u0430 \u043f\u0440\u0438\u044f\u0442\u043d\u044b\u0439 \u0442\u0430\u043d\u0435\u0446 \u043f\u043b\u0430\u043c\u0435\u043d\u0438.<\/p>\n<p>\u0418\u0434\u0435\u0430\u043b\u044c\u043d\u043e\u0435 \u0441\u043e\u0447\u0435\u0442\u0430\u043d\u0438\u0435 \u044d\u0441\u0442\u0435\u0442\u0438\u043a\u0438 \u0438 \u0442\u0435\u043f\u043b\u043e\u0432\u043e\u0439 \u044d\u0444\u0444\u0435\u043a\u0442\u0438\u0432\u043d\u043e\u0441\u0442\u0438.<\/p>\n<p>\u042d\u0442\u043e\u0442 \u043a\u0430\u043c\u0438\u043d \u043f\u0440\u0438\u0434\u0430\u0441\u0442 \u0432\u0430\u0448\u0435\u043c\u0443 \u0436\u0438\u043b\u043e\u043c\u0443 \u043f\u0440\u043e\u0441\u0442\u0440\u0430\u043d\u0441\u0442\u0432\u0443 \u043e\u0441\u043e\u0431\u044b\u0439 \u0438 \u0443\u044e\u0442\u043d\u044b\u0439 \u044d\u043b\u0435\u043c\u0435\u043d\u0442.<\/p>\n<p><strong>\u0422\u0435\u0445\u043d\u0438\u0447\u0435\u0441\u043a\u0438\u0435 \u0434\u0430\u043d\u043d\u044b\u0435<\/strong><\/p>\n<p style=\"font-weight: 400;\">\u041d\u043e\u043c\u0438\u043d\u0430\u043b\u044c\u043d\u0430\u044f \u043c\u043e\u0449\u043d\u043e\u0441\u0442\u044c (\u043a\u0412\u0442): 3,9<\/p>\n<p style=\"font-weight: 400;\">\u0414\u0438\u0430\u043c\u0435\u0442\u0440 \u0432\u044b\u0445\u043b\u043e\u043f\u043d\u043e\u0439 \u0442\u0440\u0443\u0431\u044b (\u043c\u043c): 120<\/p>\n<p style=\"font-weight: 400;\">\u042d\u043d\u0435\u0440\u0433\u043e\u044d\u0444\u0444\u0435\u043a\u0442\u0438\u0432\u043d\u043e\u0441\u0442\u044c (%): 84<\/p>\n<p style=\"font-weight: 400;\">\u0412\u044b\u0431\u0440\u043e\u0441\u044b CO \u043f\u0440\u0438 13% O2: 0,15<\/p>\n<p style=\"font-weight: 400;\">\u0422\u0435\u043c\u043f\u0435\u0440\u0430\u0442\u0443\u0440\u0430 \u0434\u044b\u043c\u0430 (oC): 550<\/p>\n<p style=\"font-weight: 400;\">Suprafata de incalzire (m2):39<\/p>\n<p style=\"font-weight: 400;\">\u0412\u044b\u0441\u043e\u0442\u0430 (\u043c\u043c):850<\/p>\n<p style=\"font-weight: 400;\">\u0428\u0438\u0440\u0438\u043d\u0430 (\u043c\u043c): 396<\/p>\n<p style=\"font-weight: 400;\">\u0413\u043b\u0443\u0431\u0438\u043d\u0430 (\u043c\u043c): 36+75<\/p>\n<p style=\"font-weight: 400;\">\u0412\u0435\u0441 (\u043a\u0433): 52<\/p>\n<p>\u0427\u0443\u0433\u0443\u043d\u043d\u044b\u0435 \u0434\u0440\u043e\u0432\u044f\u043d\u044b\u0435 \u043f\u0435\u0447\u0438 \u044f\u0432\u043b\u044f\u044e\u0442\u0441\u044f \u043f\u043e\u043f\u0443\u043b\u044f\u0440\u043d\u044b\u043c \u0432\u0430\u0440\u0438\u0430\u043d\u0442\u043e\u043c \u0434\u043b\u044f \u043e\u0442\u043e\u043f\u043b\u0435\u043d\u0438\u044f \u0434\u043e\u043c\u043e\u0432, \u0442\u0430\u043a \u043a\u0430\u043a \u0447\u0443\u0433\u0443\u043d \u043e\u0442\u043b\u0438\u0447\u043d\u043e \u0441\u043e\u0445\u0440\u0430\u043d\u044f\u0435\u0442 \u0442\u0435\u043f\u043b\u043e \u0438 \u0434\u0430\u0436\u0435 \u0440\u0430\u0441\u043f\u0440\u0435\u0434\u0435\u043b\u044f\u0435\u0442 \u0442\u0435\u043f\u043b\u043e. \u042d\u0442\u043e\u0442 \u043c\u0430\u0442\u0435\u0440\u0438\u0430\u043b \u043e\u0431\u0435\u0441\u043f\u0435\u0447\u0438\u0432\u0430\u0435\u0442 \u0434\u043e\u043b\u0433\u043e\u0432\u0435\u0447\u043d\u043e\u0441\u0442\u044c \u0438 \u0443\u0441\u0442\u043e\u0439\u0447\u0438\u0432\u043e\u0441\u0442\u044c \u043a \u0432\u044b\u0441\u043e\u043a\u0438\u043c \u0442\u0435\u043c\u043f\u0435\u0440\u0430\u0442\u0443\u0440\u0430\u043c. \u0414\u0440\u043e\u0432\u044f\u043d\u044b\u0435 \u043f\u0435\u0447\u0438 \u043c\u043e\u0433\u0443\u0442 \u0438\u043c\u0435\u0442\u044c \u0440\u0430\u0437\u043d\u044b\u0435 \u0445\u0430\u0440\u0430\u043a\u0442\u0435\u0440\u0438\u0441\u0442\u0438\u043a\u0438 \u0438 \u0445\u0430\u0440\u0430\u043a\u0442\u0435\u0440\u0438\u0441\u0442\u0438\u043a\u0438, \u0430 \u043f\u0440\u0430\u0432\u0438\u043b\u044c\u043d\u044b\u0439 \u0432\u044b\u0431\u043e\u0440 \u0437\u0430\u0432\u0438\u0441\u0438\u0442 \u043e\u0442 \u0438\u043d\u0434\u0438\u0432\u0438\u0434\u0443\u0430\u043b\u044c\u043d\u044b\u0445 \u043f\u0440\u0435\u0434\u043f\u043e\u0447\u0442\u0435\u043d\u0438\u0439 \u0438 \u043f\u043e\u0442\u0440\u0435\u0431\u043d\u043e\u0441\u0442\u0435\u0439 \u043f\u043e\u043b\u044c\u0437\u043e\u0432\u0430\u0442\u0435\u043b\u044f.<\/p>\n<p><img loading=\"lazy\" decoding=\"async\" class=\"aligncenter wp-image-5146 size-full\" src=\"https:\/\/termoshop.md\/wp-content\/uploads\/2023\/12\/1347.png\" alt=\"\" width=\"987\" height=\"784\" srcset=\"https:\/\/termoshop.md\/wp-content\/uploads\/2023\/12\/1347.png 987w, https:\/\/termoshop.md\/wp-content\/uploads\/2023\/12\/1347-300x238.png 300w, https:\/\/termoshop.md\/wp-content\/uploads\/2023\/12\/1347-768x610.png 768w, https:\/\/termoshop.md\/wp-content\/uploads\/2023\/12\/1347-600x477.png 600w\" sizes=\"auto, (max-width: 987px) 100vw, 987px\" \/><\/p>\n<p><a href=\"https:\/\/www.google.com\/search?q=soba+pe+lemne&amp;sca_esv=602266585&amp;sxsrf=ACQVn08A9iEuedM6fLqAuCzhNTqTW_KEbQ%3A1706510891902&amp;ei=K0q3ZZ7cNp2K9u8P7-2CkA0&amp;udm=&amp;oq=soba+p&amp;gs_lp=Egxnd3Mtd2l6LXNlcnAiBnNvYmEgcCoCCAIyChAjGIAEGIoFGCcyChAjGIAEGIoFGCcyChAAGIAEGIoFGEMyChAAGIAEGIoFGEMyBRAAGIAEMgUQABiABDIFEAAYgAQyBRAAGIAEMgUQABiABDIFEAAYgARIn0VQ5RVYzzZwBHgBkAEAmAGUAaAB6wSqAQMwLjW4AQHIAQD4AQHCAgcQIxiwAxgnwgIKEAAYRxjWBBiwA8ICDRAAGIAEGIoFGEMYsAPCAhMQLhhDGIAEGIoFGMgDGLAD2AEBwgITEC4YgAQYigUYQxjIAxiwA9gBAcICChAuGIAEGIoFGEPCAgsQABiABBixAxiDAcICDhAuGIAEGIoFGLEDGIMBwgIREC4YgAQYsQMYgwEYxwEY0QPCAgsQLhiABBjHARivAcICBBAjGCfiAwQYACBBiAYBkAYTugYGCAEQARgI&amp;sclient=gws-wiz-serp\">Soba<\/a> \u041f\u043b\u0438\u0442\u0430 NORDFLAM FOKUS  4 \u041a\u0412\u0442 <a href=\"https:\/\/termoshop.md\/ru\/\">Termoshop.md<\/a><\/p>","protected":false},"excerpt":{"rendered":"<p>Soba NORDFLAM FOKUS 4 KW decorative dar \u0219i eficiente, din font\u0103 cu u\u0219a de sticl\u0103 reprezint\u0103 o pies\u0103 elegant\u0103 \u0219i<\/p>","protected":false},"featured_media":5145,"comment_status":"open","ping_status":"closed","template":"","meta":[],"product_brand":[488],"product_cat":[134,344],"product_tag":[],"class_list":{"0":"post-5144","1":"product","2":"type-product","3":"status-publish","4":"has-post-thumbnail","6":"product_brand-nordflam","7":"product_cat-cazane-sobe-si-seminee","8":"product_cat-sobe-si-termoseminee","10":"first","11":"instock","12":"shipping-taxable","13":"purchasable","14":"product-type-simple"},"yoast_head":"<!-- This site is optimized with the Yoast SEO plugin v26.9 - https:\/\/yoast.com\/product\/yoast-seo-wordpress\/ -->\n<title>Soba NORDFLAM FOKUS 4 KW - Termoshop.md<\/title>\n<meta name=\"description\" content=\"Soba NORDFLAM FOKUS 4 KW sunt destinate pentru \u00eenc\u0103lzirea spa\u021biilor rezidentiale sau publice cu folosirea de combustibil solid, lemne sau bricheti\" \/>\n<meta name=\"robots\" content=\"index, follow, max-snippet:-1, max-image-preview:large, max-video-preview:-1\" \/>\n<link rel=\"canonical\" href=\"https:\/\/termoshop.md\/ru\/produs\/soba-nordflam-fokus-4-kw\/\" \/>\n<meta property=\"og:locale\" content=\"ru_RU\" \/>\n<meta property=\"og:type\" content=\"article\" \/>\n<meta property=\"og:title\" content=\"Soba NORDFLAM FOKUS 4 KW - Termoshop.md\" \/>\n<meta property=\"og:description\" content=\"Soba NORDFLAM FOKUS 4 KW sunt destinate pentru \u00eenc\u0103lzirea spa\u021biilor rezidentiale sau publice cu folosirea de combustibil solid, lemne sau bricheti\" \/>\n<meta property=\"og:url\" content=\"https:\/\/termoshop.md\/ru\/produs\/soba-nordflam-fokus-4-kw\/\" \/>\n<meta property=\"og:site_name\" content=\"Termoshop.md\" \/>\n<meta property=\"article:modified_time\" content=\"2024-10-18T05:39:58+00:00\" \/>\n<meta property=\"og:image\" content=\"https:\/\/termoshop.md\/wp-content\/uploads\/2023\/12\/fokus-4.png\" \/>\n\t<meta property=\"og:image:width\" content=\"844\" \/>\n\t<meta property=\"og:image:height\" content=\"844\" \/>\n\t<meta property=\"og:image:type\" content=\"image\/png\" \/>\n<meta name=\"twitter:card\" content=\"summary_large_image\" \/>\n<meta name=\"twitter:label1\" content=\"\u041f\u0440\u0438\u043c\u0435\u0440\u043d\u043e\u0435 \u0432\u0440\u0435\u043c\u044f \u0434\u043b\u044f \u0447\u0442\u0435\u043d\u0438\u044f\" \/>\n\t<meta name=\"twitter:data1\" content=\"2 \u043c\u0438\u043d\u0443\u0442\u044b\" \/>\n<script type=\"application\/ld+json\" class=\"yoast-schema-graph\">{\"@context\":\"https:\/\/schema.org\",\"@graph\":[{\"@type\":\"WebPage\",\"@id\":\"https:\/\/termoshop.md\/produs\/soba-nordflam-fokus-4-kw\/\",\"url\":\"https:\/\/termoshop.md\/produs\/soba-nordflam-fokus-4-kw\/\",\"name\":\"Soba NORDFLAM FOKUS 4 KW - Termoshop.md\",\"isPartOf\":{\"@id\":\"https:\/\/termoshop.md\/#website\"},\"primaryImageOfPage\":{\"@id\":\"https:\/\/termoshop.md\/produs\/soba-nordflam-fokus-4-kw\/#primaryimage\"},\"image\":{\"@id\":\"https:\/\/termoshop.md\/produs\/soba-nordflam-fokus-4-kw\/#primaryimage\"},\"thumbnailUrl\":\"https:\/\/termoshop.md\/wp-content\/uploads\/2023\/12\/fokus-4.png\",\"datePublished\":\"2023-12-28T12:02:52+00:00\",\"dateModified\":\"2024-10-18T05:39:58+00:00\",\"description\":\"Soba NORDFLAM FOKUS 4 KW sunt destinate pentru \u00eenc\u0103lzirea spa\u021biilor rezidentiale sau publice cu folosirea de combustibil solid, lemne sau bricheti\",\"breadcrumb\":{\"@id\":\"https:\/\/termoshop.md\/produs\/soba-nordflam-fokus-4-kw\/#breadcrumb\"},\"inLanguage\":\"ru-RU\",\"potentialAction\":[{\"@type\":\"ReadAction\",\"target\":[\"https:\/\/termoshop.md\/produs\/soba-nordflam-fokus-4-kw\/\"]}]},{\"@type\":\"ImageObject\",\"inLanguage\":\"ru-RU\",\"@id\":\"https:\/\/termoshop.md\/produs\/soba-nordflam-fokus-4-kw\/#primaryimage\",\"url\":\"https:\/\/termoshop.md\/wp-content\/uploads\/2023\/12\/fokus-4.png\",\"contentUrl\":\"https:\/\/termoshop.md\/wp-content\/uploads\/2023\/12\/fokus-4.png\",\"width\":844,\"height\":844},{\"@type\":\"BreadcrumbList\",\"@id\":\"https:\/\/termoshop.md\/produs\/soba-nordflam-fokus-4-kw\/#breadcrumb\",\"itemListElement\":[{\"@type\":\"ListItem\",\"position\":1,\"name\":\"Prima pagin\u0103\",\"item\":\"https:\/\/termoshop.md\/\"},{\"@type\":\"ListItem\",\"position\":2,\"name\":\"Toate Produsele\",\"item\":\"https:\/\/termoshop.md\/toate-produsele\/\"},{\"@type\":\"ListItem\",\"position\":3,\"name\":\"Soba NORDFLAM FOKUS 4 KW\"}]},{\"@type\":\"WebSite\",\"@id\":\"https:\/\/termoshop.md\/#website\",\"url\":\"https:\/\/termoshop.md\/\",\"name\":\"Termoshop.md\",\"description\":\"Exper\u021bi \u00een solu\u021bii de top\",\"publisher\":{\"@id\":\"https:\/\/termoshop.md\/#organization\"},\"potentialAction\":[{\"@type\":\"SearchAction\",\"target\":{\"@type\":\"EntryPoint\",\"urlTemplate\":\"https:\/\/termoshop.md\/?s={search_term_string}\"},\"query-input\":{\"@type\":\"PropertyValueSpecification\",\"valueRequired\":true,\"valueName\":\"search_term_string\"}}],\"inLanguage\":\"ru-RU\"},{\"@type\":\"Organization\",\"@id\":\"https:\/\/termoshop.md\/#organization\",\"name\":\"Termoshop.md\",\"url\":\"https:\/\/termoshop.md\/\",\"logo\":{\"@type\":\"ImageObject\",\"inLanguage\":\"ru-RU\",\"@id\":\"https:\/\/termoshop.md\/#\/schema\/logo\/image\/\",\"url\":\"https:\/\/termoshop.md\/wp-content\/uploads\/2023\/04\/termoshopro.png\",\"contentUrl\":\"https:\/\/termoshop.md\/wp-content\/uploads\/2023\/04\/termoshopro.png\",\"width\":500,\"height\":94,\"caption\":\"Termoshop.md\"},\"image\":{\"@id\":\"https:\/\/termoshop.md\/#\/schema\/logo\/image\/\"}}]}<\/script>\n<!-- \/ Yoast SEO plugin. -->","yoast_head_json":{"title":"Soba NORDFLAM FOKUS 4 KW - Termoshop.md","description":"Soba NORDFLAM FOKUS 4 KW sunt destinate pentru \u00eenc\u0103lzirea spa\u021biilor rezidentiale sau publice cu folosirea de combustibil solid, lemne sau bricheti","robots":{"index":"index","follow":"follow","max-snippet":"max-snippet:-1","max-image-preview":"max-image-preview:large","max-video-preview":"max-video-preview:-1"},"canonical":"https:\/\/termoshop.md\/ru\/produs\/soba-nordflam-fokus-4-kw\/","og_locale":"ru_RU","og_type":"article","og_title":"Soba NORDFLAM FOKUS 4 KW - Termoshop.md","og_description":"Soba NORDFLAM FOKUS 4 KW sunt destinate pentru \u00eenc\u0103lzirea spa\u021biilor rezidentiale sau publice cu folosirea de combustibil solid, lemne sau bricheti","og_url":"https:\/\/termoshop.md\/ru\/produs\/soba-nordflam-fokus-4-kw\/","og_site_name":"Termoshop.md","article_modified_time":"2024-10-18T05:39:58+00:00","og_image":[{"width":844,"height":844,"url":"https:\/\/termoshop.md\/wp-content\/uploads\/2023\/12\/fokus-4.png","type":"image\/png"}],"twitter_card":"summary_large_image","twitter_misc":{"\u041f\u0440\u0438\u043c\u0435\u0440\u043d\u043e\u0435 \u0432\u0440\u0435\u043c\u044f \u0434\u043b\u044f \u0447\u0442\u0435\u043d\u0438\u044f":"2 \u043c\u0438\u043d\u0443\u0442\u044b"},"schema":{"@context":"https:\/\/schema.org","@graph":[{"@type":"WebPage","@id":"https:\/\/termoshop.md\/produs\/soba-nordflam-fokus-4-kw\/","url":"https:\/\/termoshop.md\/produs\/soba-nordflam-fokus-4-kw\/","name":"Soba NORDFLAM FOKUS 4 KW - Termoshop.md","isPartOf":{"@id":"https:\/\/termoshop.md\/#website"},"primaryImageOfPage":{"@id":"https:\/\/termoshop.md\/produs\/soba-nordflam-fokus-4-kw\/#primaryimage"},"image":{"@id":"https:\/\/termoshop.md\/produs\/soba-nordflam-fokus-4-kw\/#primaryimage"},"thumbnailUrl":"https:\/\/termoshop.md\/wp-content\/uploads\/2023\/12\/fokus-4.png","datePublished":"2023-12-28T12:02:52+00:00","dateModified":"2024-10-18T05:39:58+00:00","description":"Soba NORDFLAM FOKUS 4 KW sunt destinate pentru \u00eenc\u0103lzirea spa\u021biilor rezidentiale sau publice cu folosirea de combustibil solid, lemne sau bricheti","breadcrumb":{"@id":"https:\/\/termoshop.md\/produs\/soba-nordflam-fokus-4-kw\/#breadcrumb"},"inLanguage":"ru-RU","potentialAction":[{"@type":"ReadAction","target":["https:\/\/termoshop.md\/produs\/soba-nordflam-fokus-4-kw\/"]}]},{"@type":"ImageObject","inLanguage":"ru-RU","@id":"https:\/\/termoshop.md\/produs\/soba-nordflam-fokus-4-kw\/#primaryimage","url":"https:\/\/termoshop.md\/wp-content\/uploads\/2023\/12\/fokus-4.png","contentUrl":"https:\/\/termoshop.md\/wp-content\/uploads\/2023\/12\/fokus-4.png","width":844,"height":844},{"@type":"BreadcrumbList","@id":"https:\/\/termoshop.md\/produs\/soba-nordflam-fokus-4-kw\/#breadcrumb","itemListElement":[{"@type":"ListItem","position":1,"name":"Prima pagin\u0103","item":"https:\/\/termoshop.md\/"},{"@type":"ListItem","position":2,"name":"Toate Produsele","item":"https:\/\/termoshop.md\/toate-produsele\/"},{"@type":"ListItem","position":3,"name":"Soba NORDFLAM FOKUS 4 KW"}]},{"@type":"WebSite","@id":"https:\/\/termoshop.md\/#website","url":"https:\/\/termoshop.md\/","name":"Termoshop.md","description":"Exper\u021bi \u00een solu\u021bii de top","publisher":{"@id":"https:\/\/termoshop.md\/#organization"},"potentialAction":[{"@type":"SearchAction","target":{"@type":"EntryPoint","urlTemplate":"https:\/\/termoshop.md\/?s={search_term_string}"},"query-input":{"@type":"PropertyValueSpecification","valueRequired":true,"valueName":"search_term_string"}}],"inLanguage":"ru-RU"},{"@type":"Organization","@id":"https:\/\/termoshop.md\/#organization","name":"Termoshop.md","url":"https:\/\/termoshop.md\/","logo":{"@type":"ImageObject","inLanguage":"ru-RU","@id":"https:\/\/termoshop.md\/#\/schema\/logo\/image\/","url":"https:\/\/termoshop.md\/wp-content\/uploads\/2023\/04\/termoshopro.png","contentUrl":"https:\/\/termoshop.md\/wp-content\/uploads\/2023\/04\/termoshopro.png","width":500,"height":94,"caption":"Termoshop.md"},"image":{"@id":"https:\/\/termoshop.md\/#\/schema\/logo\/image\/"}}]}},"jetpack_sharing_enabled":true,"_links":{"self":[{"href":"https:\/\/termoshop.md\/ru\/wp-json\/wp\/v2\/product\/5144","targetHints":{"allow":["GET"]}}],"collection":[{"href":"https:\/\/termoshop.md\/ru\/wp-json\/wp\/v2\/product"}],"about":[{"href":"https:\/\/termoshop.md\/ru\/wp-json\/wp\/v2\/types\/product"}],"replies":[{"embeddable":true,"href":"https:\/\/termoshop.md\/ru\/wp-json\/wp\/v2\/comments?post=5144"}],"wp:featuredmedia":[{"embeddable":true,"href":"https:\/\/termoshop.md\/ru\/wp-json\/wp\/v2\/media\/5145"}],"wp:attachment":[{"href":"https:\/\/termoshop.md\/ru\/wp-json\/wp\/v2\/media?parent=5144"}],"wp:term":[{"taxonomy":"product_brand","embeddable":true,"href":"https:\/\/termoshop.md\/ru\/wp-json\/wp\/v2\/product_brand?post=5144"},{"taxonomy":"product_cat","embeddable":true,"href":"https:\/\/termoshop.md\/ru\/wp-json\/wp\/v2\/product_cat?post=5144"},{"taxonomy":"product_tag","embeddable":true,"href":"https:\/\/termoshop.md\/ru\/wp-json\/wp\/v2\/product_tag?post=5144"}],"curies":[{"name":"wp","href":"https:\/\/api.w.org\/{rel}","templated":true}]}}