{"id":4848,"date":"2023-12-01T11:12:47","date_gmt":"2023-12-01T11:12:47","guid":{"rendered":"https:\/\/termoshop.md\/?post_type=product&#038;p=4848"},"modified":"2024-02-05T11:29:39","modified_gmt":"2024-02-05T11:29:39","slug":"recuperator-aspira-ecocomfort-160-rf","status":"publish","type":"product","link":"https:\/\/termoshop.md\/ru\/produs\/recuperator-aspira-ecocomfort-160-rf\/","title":{"rendered":"\u0420\u0435\u043a\u0443\u043f\u0435\u0440\u0430\u0442\u043e\u0440 ASPIRA Ecocomfort 160 RF"},"content":{"rendered":"<p>\u0421\u0438\u0441\u0442\u0435\u043c\u0430 ECOCOMFORT-RF \u0441\u043e\u0441\u0442\u043e\u0438\u0442 \u0438\u0437 \u043e\u0434\u043d\u043e\u0433\u043e \u0438\u043b\u0438 \u043d\u0435\u0441\u043a\u043e\u043b\u044c\u043a\u0438\u0445 \u0432\u044b\u0441\u043e\u043a\u043e\u044d\u0444\u0444\u0435\u043a\u0442\u0438\u0432\u043d\u044b\u0445 \u043e\u0434\u043d\u043e\u043a\u0430\u043c\u0435\u0440\u043d\u044b\u0445 \u0431\u043b\u043e\u043a\u043e\u0432 \u0440\u0435\u043a\u0443\u043f\u0435\u0440\u0430\u0446\u0438\u0438 \u0442\u0435\u043f\u043b\u0430, \u043f\u043e\u0434\u0445\u043e\u0434\u044f\u0449\u0438\u0445 \u0434\u043b\u044f \u0443\u0441\u0442\u0430\u043d\u043e\u0432\u043a\u0438 \u043d\u0430 \u0432\u043d\u0435\u0448\u043d\u0435\u0439 \u0441\u0442\u0435\u043d\u0435. \u0411\u043b\u0430\u0433\u043e\u0434\u0430\u0440\u044f \u043a\u0435\u0440\u0430\u043c\u0438\u0447\u0435\u0441\u043a\u043e\u043c\u0443 \u0442\u0435\u043f\u043b\u043e\u043e\u0431\u043c\u0435\u043d\u043d\u0438\u043a\u0443 \u0432\u043d\u0443\u0442\u0440\u0438 \u0430\u0433\u0440\u0435\u0433\u0430\u0442\u0430 \u0442\u0435\u043f\u043b\u043e \u0432\u044b\u0442\u044f\u0436\u043d\u043e\u0433\u043e \u0432\u043e\u0437\u0434\u0443\u0445\u0430 \u0430\u043a\u043a\u0443\u043c\u0443\u043b\u0438\u0440\u0443\u0435\u0442\u0441\u044f \u0432 \u0442\u0435\u043f\u043b\u043e\u043e\u0431\u043c\u0435\u043d\u043d\u0438\u043a\u0435 \u0438 \u043f\u0435\u0440\u0435\u0434\u0430\u0435\u0442\u0441\u044f \u0432\u043e\u0437\u0434\u0443\u0448\u043d\u043e\u043c\u0443 \u043f\u043e\u0442\u043e\u043a\u0443 \u0432 \u0446\u0438\u043a\u043b\u0435 \u0432\u0441\u0430\u0441\u044b\u0432\u0430\u043d\u0438\u044f. \u0423\u0441\u0442\u0440\u043e\u0439\u0441\u0442\u0432\u043e \u043e\u0441\u043d\u0430\u0449\u0435\u043d\u043e \u0444\u0438\u043b\u044c\u0442\u0440\u043e\u043c G3.<\/p>\n<p>\u041a\u0430\u0436\u0434\u0430\u044f \u0432\u0435\u043d\u0442\u0438\u043b\u044f\u0446\u0438\u043e\u043d\u043d\u0430\u044f \u0443\u0441\u0442\u0430\u043d\u043e\u0432\u043a\u0430 \u043e\u0441\u043d\u0430\u0449\u0435\u043d\u0430 \u0431\u0435\u0441\u0449\u0435\u0442\u043e\u0447\u043d\u044b\u043c \u0434\u0432\u0438\u0433\u0430\u0442\u0435\u043b\u0435\u043c \u043f\u043e\u0441\u0442\u043e\u044f\u043d\u043d\u043e\u0433\u043e \u0442\u043e\u043a\u0430 \u043c\u0430\u043b\u043e\u0439 \u043c\u043e\u0449\u043d\u043e\u0441\u0442\u0438, \u0443\u043f\u0440\u0430\u0432\u043b\u044f\u0435\u043c\u044b\u043c \u043c\u0438\u043a\u0440\u043e\u043f\u0440\u043e\u0446\u0435\u0441\u0441\u043e\u0440\u043e\u043c, \u043a\u043e\u0442\u043e\u0440\u044b\u0439 \u0430\u0432\u0442\u043e\u043c\u0430\u0442\u0438\u0447\u0435\u0441\u043a\u0438 \u0440\u0435\u0433\u0443\u043b\u0438\u0440\u0443\u0435\u0442 \u0441\u043a\u043e\u0440\u043e\u0441\u0442\u044c \u043d\u0430 \u043e\u0441\u043d\u043e\u0432\u0435 \u043f\u043e\u043a\u0430\u0437\u0430\u043d\u0438\u0439 \u0434\u0430\u0442\u0447\u0438\u043a\u043e\u0432 \u0442\u0435\u043c\u043f\u0435\u0440\u0430\u0442\u0443\u0440\u044b, \u0432\u043b\u0430\u0436\u043d\u043e\u0441\u0442\u0438 \u0438 \u043e\u0441\u0432\u0435\u0449\u0435\u043d\u043d\u043e\u0441\u0442\u0438 \u0434\u043b\u044f \u043c\u0430\u043a\u0441\u0438\u043c\u0430\u043b\u044c\u043d\u043e\u0433\u043e \u043a\u043e\u043c\u0444\u043e\u0440\u0442\u0430.<\/p>\n<p><strong>\u0425\u0410\u0420\u0410\u041a\u0422\u0415\u0420\u0418\u0421\u0422\u0418\u041a\u0418:<\/strong><\/p>\n<ul>\n<li>\u041a\u043e\u0440\u043f\u0443\u0441 \u0438\u0437 \u0430\u043d\u0442\u0438\u0441\u0442\u0430\u0442\u0438\u0447\u0435\u0441\u043a\u043e\u0433\u043e \u0410\u0411\u0421-\u043f\u043b\u0430\u0441\u0442\u0438\u043a\u0430;<\/li>\n<li>\u041c\u0430\u043a\u0441\u0438\u043c\u0430\u043b\u044c\u043d\u0430\u044f \u0442\u0435\u043c\u043f\u0435\u0440\u0430\u0442\u0443\u0440\u0430 \u043e\u043a\u0440\u0443\u0436\u0430\u044e\u0449\u0435\u0439 \u0441\u0440\u0435\u0434\u044b 45\u00b0C;<\/li>\n<li>\u041a\u043e\u043c\u043f\u0430\u043a\u0442\u043d\u044b\u0435 \u0440\u0430\u0437\u043c\u0435\u0440\u044b \u0438 \u043f\u0440\u043e\u0441\u0442\u043e\u0442\u0430 \u0443\u0441\u0442\u0430\u043d\u043e\u0432\u043a\u0438;<\/li>\n<li>\u041f\u0443\u043b\u044c\u0442 \u0434\u0438\u0441\u0442\u0430\u043d\u0446\u0438\u043e\u043d\u043d\u043e\u0433\u043e \u0443\u043f\u0440\u0430\u0432\u043b\u0435\u043d\u0438\u044f \u0441 \u0441\u0435\u043d\u0441\u043e\u0440\u043d\u043e\u0439 \u043f\u0430\u043d\u0435\u043b\u044c\u044e \u0438 \u0441\u0438\u043d\u0438\u043c\u0438 \u0441\u0432\u0435\u0442\u043e\u0434\u0438\u043e\u0434\u0430\u043c\u0438.<\/li>\n<li>\u0422\u0435\u043b\u0435\u0441\u043a\u043e\u043f\u0438\u0447\u0435\u0441\u043a\u0438\u0439 \u043a\u043e\u0440\u043f\u0443\u0441 \u043f\u043e\u0434\u0445\u043e\u0434\u0438\u0442 \u0434\u043b\u044f \u0441\u0442\u0435\u043d \u043b\u044e\u0431\u043e\u0439 \u0442\u043e\u043b\u0449\u0438\u043d\u044b;<\/li>\n<li>\u041b\u0435\u0433\u043a\u043e \u0443\u0441\u0442\u0430\u043d\u0430\u0432\u043b\u0438\u0432\u0430\u0435\u043c\u0430\u044f \u0432\u043d\u0435\u0448\u043d\u044f\u044f \u0440\u0435\u0448\u0435\u0442\u043a\u0430 \u043a\u0430\u043a \u0432\u043d\u0443\u0442\u0440\u0438, \u0442\u0430\u043a \u0438 \u0441\u043d\u0430\u0440\u0443\u0436\u0438<br \/>\n\u041e\u0442\u043a\u0440\u044b\u0442\u044b\u0439; \u0444\u0438\u043b\u044c\u0442\u0440 \u04133;<\/li>\n<li>\u0412\u0435\u043d\u0442\u0438\u043b\u044f\u0446\u0438\u043e\u043d\u043d\u0430\u044f \u0443\u0441\u0442\u0430\u043d\u043e\u0432\u043a\u0430 \u0441 \u0434\u0432\u0438\u0433\u0430\u0442\u0435\u043b\u0435\u043c \u043f\u043e\u0441\u0442\u043e\u044f\u043d\u043d\u043e\u0433\u043e \u0442\u043e\u043a\u0430;<\/li>\n<li>\u0423\u0434\u0430\u0440\u043e\u043f\u0440\u043e\u0447\u043d\u044b\u0439 \u0442\u0435\u043b\u0435\u0441\u043a\u043e\u043f\u0438\u0447\u0435\u0441\u043a\u0438\u0439 \u043a\u043e\u0440\u043f\u0443\u0441 \u0438\u0437 \u041f\u0412\u0425;<\/li>\n<li>\u041a\u0435\u0440\u0430\u043c\u0438\u0447\u0435\u0441\u043a\u0438\u0439 \u0442\u0435\u043f\u043b\u043e\u043e\u0431\u043c\u0435\u043d\u043d\u0438\u043a \u0441 \u041a\u041f\u0414 &gt;90%;<\/li>\n<li>\u0420\u0430\u0434\u0438\u043e\u0447\u0430\u0441\u0442\u043e\u0442\u043d\u044b\u0439 \u0434\u0438\u0430\u043f\u0430\u0437\u043e\u043d: 100 \u043c \u043d\u0430 \u043e\u0442\u043a\u0440\u044b\u0442\u043e\u043c \u0432\u043e\u0437\u0434\u0443\u0445\u0435, 30 \u043c \u0432 \u043f\u043e\u043c\u0435\u0449\u0435\u043d\u0438\u0438<\/li>\n<li>\u042d\u043b\u0435\u043a\u0442\u0440\u043e\u043f\u0438\u0442\u0430\u043d\u0438\u0435 230 \u0412~ 50 \u0413\u0446;<\/li>\n<li>\u0414\u0430\u0442\u0447\u0438\u043a\u0438 \u0441\u0432\u0435\u0442\u0430 \u0438 \u0432\u043b\u0430\u0436\u043d\u043e\u0441\u0442\u0438<\/li>\n<li>Senzor de temperatur\u0103 (numai unitatea Master);<\/li>\n<li>\u0420\u0430\u0434\u0438\u043e\u0447\u0430\u0441\u0442\u043e\u0442\u043d\u044b\u0439 \u0434\u0438\u0430\u043f\u0430\u0437\u043e\u043d: 100 \u043c \u043d\u0430 \u043e\u0442\u043a\u0440\u044b\u0442\u043e\u043c \u0432\u043e\u0437\u0434\u0443\u0445\u0435, 30 \u043c \u0432 \u043f\u043e\u043c\u0435\u0449\u0435\u043d\u0438\u0438<\/li>\n<li>\u041a\u043b\u0430\u0441\u0441 \u0437\u0430\u0449\u0438\u0442\u044b \u043e\u0442 \u0431\u0440\u044b\u0437\u0433: IPX4.<\/li>\n<\/ul>\n<p><a href=\"https:\/\/www.google.com\/search?q=recuperator+de+aer&amp;sca_esv=602266585&amp;sxsrf=ACQVn0-yIn3CxcCShX0kMC3151b-70l7fg%3A1706514297681&amp;ei=eVe3Zd2WKa2D9u8Pga-MkAE&amp;udm=&amp;oq=recuper&amp;gs_lp=Egxnd3Mtd2l6LXNlcnAiB3JlY3VwZXIqAggAMgoQIxiABBiKBRgnMgUQABiABDIFEAAYgAQyBRAAGIAEMgUQABiABDIFEAAYgAQyBRAAGIAEMgUQABiABDIFEAAYgAQyBRAAGIAESOEsUP8HWIEWcAJ4AZABAJgBfqAB-gWqAQMyLjW4AQHIAQD4AQHCAgoQABhHGNYEGLADwgINEAAYgAQYigUYQxiwA8ICGRAuGIAEGIoFGEMYxwEY0QMYyAMYsAPYAQHCAgwQIxiABBiKBRgTGCfCAgsQLhiABBjHARjRA8ICCxAuGIAEGLEDGIMBwgIFEC4YgATCAggQABiABBixA8ICERAuGIAEGLEDGIMBGMcBGNEDwgILEAAYgAQYsQMYgwHCAg4QLhiABBjHARivARjUAuIDBBgAIEGIBgGQBg26BgQIARgI&amp;sclient=gws-wiz-serp\">Recuperator<\/a> \u0420\u0435\u043a\u0443\u043f\u0435\u0440\u0430\u0442\u043e\u0440 ASPIRA Ecocomfort 160 RF <a href=\"https:\/\/termoshop.md\/ru\/\">Termoshop.md<\/a><\/p>","protected":false},"excerpt":{"rendered":"<p>Sistemul ECOCOMFORT-RF const\u0103 din una sau mai multe unit\u0103\u021bi de recuperare a c\u0103ldurii, de \u00eenalt\u0103 eficien\u021b\u0103, cu o camer\u0103, potrivite<\/p>","protected":false},"featured_media":4846,"comment_status":"open","ping_status":"closed","template":"","meta":[],"product_brand":[484],"product_cat":[429,483],"product_tag":[],"class_list":{"0":"post-4848","1":"product","2":"type-product","3":"status-publish","4":"has-post-thumbnail","6":"product_brand-aspira","7":"product_cat-purificarea-aerului","8":"product_cat-recuperatoare","10":"first","11":"instock","12":"shipping-taxable","13":"purchasable","14":"product-type-simple"},"yoast_head":"<!-- This site is optimized with the Yoast SEO plugin v26.9 - https:\/\/yoast.com\/product\/yoast-seo-wordpress\/ -->\n<title>Recuperator ASPIRA Ecocomfort 160 RF - Termoshop.md<\/title>\n<meta name=\"description\" content=\"Recuperator ASPIRA Ecocomfort 160 RF, recuperator aspira , purificarea aerului, aer curat, ventilare, recuperatoare cu livrare in toata tara\" \/>\n<meta name=\"robots\" content=\"index, follow, max-snippet:-1, max-image-preview:large, max-video-preview:-1\" \/>\n<link rel=\"canonical\" href=\"https:\/\/termoshop.md\/ru\/produs\/recuperator-aspira-ecocomfort-160-rf\/\" \/>\n<meta property=\"og:locale\" content=\"ru_RU\" \/>\n<meta property=\"og:type\" content=\"article\" \/>\n<meta property=\"og:title\" content=\"Recuperator ASPIRA Ecocomfort 160 RF - Termoshop.md\" \/>\n<meta property=\"og:description\" content=\"Recuperator ASPIRA Ecocomfort 160 RF, recuperator aspira , purificarea aerului, aer curat, ventilare, recuperatoare cu livrare in toata tara\" \/>\n<meta property=\"og:url\" content=\"https:\/\/termoshop.md\/ru\/produs\/recuperator-aspira-ecocomfort-160-rf\/\" \/>\n<meta property=\"og:site_name\" content=\"Termoshop.md\" \/>\n<meta property=\"article:modified_time\" content=\"2024-02-05T11:29:39+00:00\" \/>\n<meta property=\"og:image\" content=\"https:\/\/termoshop.md\/wp-content\/uploads\/2023\/12\/aspira-100rf.png\" \/>\n\t<meta property=\"og:image:width\" content=\"844\" \/>\n\t<meta property=\"og:image:height\" content=\"844\" \/>\n\t<meta property=\"og:image:type\" content=\"image\/png\" \/>\n<meta name=\"twitter:card\" content=\"summary_large_image\" \/>\n<meta name=\"twitter:label1\" content=\"\u041f\u0440\u0438\u043c\u0435\u0440\u043d\u043e\u0435 \u0432\u0440\u0435\u043c\u044f \u0434\u043b\u044f \u0447\u0442\u0435\u043d\u0438\u044f\" \/>\n\t<meta name=\"twitter:data1\" content=\"2 \u043c\u0438\u043d\u0443\u0442\u044b\" \/>\n<script type=\"application\/ld+json\" class=\"yoast-schema-graph\">{\"@context\":\"https:\/\/schema.org\",\"@graph\":[{\"@type\":\"WebPage\",\"@id\":\"https:\/\/termoshop.md\/produs\/recuperator-aspira-ecocomfort-160-rf\/\",\"url\":\"https:\/\/termoshop.md\/produs\/recuperator-aspira-ecocomfort-160-rf\/\",\"name\":\"Recuperator ASPIRA Ecocomfort 160 RF - Termoshop.md\",\"isPartOf\":{\"@id\":\"https:\/\/termoshop.md\/#website\"},\"primaryImageOfPage\":{\"@id\":\"https:\/\/termoshop.md\/produs\/recuperator-aspira-ecocomfort-160-rf\/#primaryimage\"},\"image\":{\"@id\":\"https:\/\/termoshop.md\/produs\/recuperator-aspira-ecocomfort-160-rf\/#primaryimage\"},\"thumbnailUrl\":\"https:\/\/termoshop.md\/wp-content\/uploads\/2023\/12\/aspira-100rf.png\",\"datePublished\":\"2023-12-01T11:12:47+00:00\",\"dateModified\":\"2024-02-05T11:29:39+00:00\",\"description\":\"Recuperator ASPIRA Ecocomfort 160 RF, recuperator aspira , purificarea aerului, aer curat, ventilare, recuperatoare cu livrare in toata tara\",\"breadcrumb\":{\"@id\":\"https:\/\/termoshop.md\/produs\/recuperator-aspira-ecocomfort-160-rf\/#breadcrumb\"},\"inLanguage\":\"ru-RU\",\"potentialAction\":[{\"@type\":\"ReadAction\",\"target\":[\"https:\/\/termoshop.md\/produs\/recuperator-aspira-ecocomfort-160-rf\/\"]}]},{\"@type\":\"ImageObject\",\"inLanguage\":\"ru-RU\",\"@id\":\"https:\/\/termoshop.md\/produs\/recuperator-aspira-ecocomfort-160-rf\/#primaryimage\",\"url\":\"https:\/\/termoshop.md\/wp-content\/uploads\/2023\/12\/aspira-100rf.png\",\"contentUrl\":\"https:\/\/termoshop.md\/wp-content\/uploads\/2023\/12\/aspira-100rf.png\",\"width\":844,\"height\":844},{\"@type\":\"BreadcrumbList\",\"@id\":\"https:\/\/termoshop.md\/produs\/recuperator-aspira-ecocomfort-160-rf\/#breadcrumb\",\"itemListElement\":[{\"@type\":\"ListItem\",\"position\":1,\"name\":\"Prima pagin\u0103\",\"item\":\"https:\/\/termoshop.md\/\"},{\"@type\":\"ListItem\",\"position\":2,\"name\":\"Toate Produsele\",\"item\":\"https:\/\/termoshop.md\/toate-produsele\/\"},{\"@type\":\"ListItem\",\"position\":3,\"name\":\"Recuperator ASPIRA Ecocomfort 160 RF\"}]},{\"@type\":\"WebSite\",\"@id\":\"https:\/\/termoshop.md\/#website\",\"url\":\"https:\/\/termoshop.md\/\",\"name\":\"Termoshop.md\",\"description\":\"Exper\u021bi \u00een solu\u021bii de top\",\"publisher\":{\"@id\":\"https:\/\/termoshop.md\/#organization\"},\"potentialAction\":[{\"@type\":\"SearchAction\",\"target\":{\"@type\":\"EntryPoint\",\"urlTemplate\":\"https:\/\/termoshop.md\/?s={search_term_string}\"},\"query-input\":{\"@type\":\"PropertyValueSpecification\",\"valueRequired\":true,\"valueName\":\"search_term_string\"}}],\"inLanguage\":\"ru-RU\"},{\"@type\":\"Organization\",\"@id\":\"https:\/\/termoshop.md\/#organization\",\"name\":\"Termoshop.md\",\"url\":\"https:\/\/termoshop.md\/\",\"logo\":{\"@type\":\"ImageObject\",\"inLanguage\":\"ru-RU\",\"@id\":\"https:\/\/termoshop.md\/#\/schema\/logo\/image\/\",\"url\":\"https:\/\/termoshop.md\/wp-content\/uploads\/2023\/04\/termoshopro.png\",\"contentUrl\":\"https:\/\/termoshop.md\/wp-content\/uploads\/2023\/04\/termoshopro.png\",\"width\":500,\"height\":94,\"caption\":\"Termoshop.md\"},\"image\":{\"@id\":\"https:\/\/termoshop.md\/#\/schema\/logo\/image\/\"}}]}<\/script>\n<!-- \/ Yoast SEO plugin. -->","yoast_head_json":{"title":"Recuperator ASPIRA Ecocomfort 160 RF - Termoshop.md","description":"Recuperator ASPIRA Ecocomfort 160 RF, recuperator aspira , purificarea aerului, aer curat, ventilare, recuperatoare cu livrare in toata tara","robots":{"index":"index","follow":"follow","max-snippet":"max-snippet:-1","max-image-preview":"max-image-preview:large","max-video-preview":"max-video-preview:-1"},"canonical":"https:\/\/termoshop.md\/ru\/produs\/recuperator-aspira-ecocomfort-160-rf\/","og_locale":"ru_RU","og_type":"article","og_title":"Recuperator ASPIRA Ecocomfort 160 RF - Termoshop.md","og_description":"Recuperator ASPIRA Ecocomfort 160 RF, recuperator aspira , purificarea aerului, aer curat, ventilare, recuperatoare cu livrare in toata tara","og_url":"https:\/\/termoshop.md\/ru\/produs\/recuperator-aspira-ecocomfort-160-rf\/","og_site_name":"Termoshop.md","article_modified_time":"2024-02-05T11:29:39+00:00","og_image":[{"width":844,"height":844,"url":"https:\/\/termoshop.md\/wp-content\/uploads\/2023\/12\/aspira-100rf.png","type":"image\/png"}],"twitter_card":"summary_large_image","twitter_misc":{"\u041f\u0440\u0438\u043c\u0435\u0440\u043d\u043e\u0435 \u0432\u0440\u0435\u043c\u044f \u0434\u043b\u044f \u0447\u0442\u0435\u043d\u0438\u044f":"2 \u043c\u0438\u043d\u0443\u0442\u044b"},"schema":{"@context":"https:\/\/schema.org","@graph":[{"@type":"WebPage","@id":"https:\/\/termoshop.md\/produs\/recuperator-aspira-ecocomfort-160-rf\/","url":"https:\/\/termoshop.md\/produs\/recuperator-aspira-ecocomfort-160-rf\/","name":"Recuperator ASPIRA Ecocomfort 160 RF - Termoshop.md","isPartOf":{"@id":"https:\/\/termoshop.md\/#website"},"primaryImageOfPage":{"@id":"https:\/\/termoshop.md\/produs\/recuperator-aspira-ecocomfort-160-rf\/#primaryimage"},"image":{"@id":"https:\/\/termoshop.md\/produs\/recuperator-aspira-ecocomfort-160-rf\/#primaryimage"},"thumbnailUrl":"https:\/\/termoshop.md\/wp-content\/uploads\/2023\/12\/aspira-100rf.png","datePublished":"2023-12-01T11:12:47+00:00","dateModified":"2024-02-05T11:29:39+00:00","description":"Recuperator ASPIRA Ecocomfort 160 RF, recuperator aspira , purificarea aerului, aer curat, ventilare, recuperatoare cu livrare in toata tara","breadcrumb":{"@id":"https:\/\/termoshop.md\/produs\/recuperator-aspira-ecocomfort-160-rf\/#breadcrumb"},"inLanguage":"ru-RU","potentialAction":[{"@type":"ReadAction","target":["https:\/\/termoshop.md\/produs\/recuperator-aspira-ecocomfort-160-rf\/"]}]},{"@type":"ImageObject","inLanguage":"ru-RU","@id":"https:\/\/termoshop.md\/produs\/recuperator-aspira-ecocomfort-160-rf\/#primaryimage","url":"https:\/\/termoshop.md\/wp-content\/uploads\/2023\/12\/aspira-100rf.png","contentUrl":"https:\/\/termoshop.md\/wp-content\/uploads\/2023\/12\/aspira-100rf.png","width":844,"height":844},{"@type":"BreadcrumbList","@id":"https:\/\/termoshop.md\/produs\/recuperator-aspira-ecocomfort-160-rf\/#breadcrumb","itemListElement":[{"@type":"ListItem","position":1,"name":"Prima pagin\u0103","item":"https:\/\/termoshop.md\/"},{"@type":"ListItem","position":2,"name":"Toate Produsele","item":"https:\/\/termoshop.md\/toate-produsele\/"},{"@type":"ListItem","position":3,"name":"Recuperator ASPIRA Ecocomfort 160 RF"}]},{"@type":"WebSite","@id":"https:\/\/termoshop.md\/#website","url":"https:\/\/termoshop.md\/","name":"Termoshop.md","description":"Exper\u021bi \u00een solu\u021bii de top","publisher":{"@id":"https:\/\/termoshop.md\/#organization"},"potentialAction":[{"@type":"SearchAction","target":{"@type":"EntryPoint","urlTemplate":"https:\/\/termoshop.md\/?s={search_term_string}"},"query-input":{"@type":"PropertyValueSpecification","valueRequired":true,"valueName":"search_term_string"}}],"inLanguage":"ru-RU"},{"@type":"Organization","@id":"https:\/\/termoshop.md\/#organization","name":"Termoshop.md","url":"https:\/\/termoshop.md\/","logo":{"@type":"ImageObject","inLanguage":"ru-RU","@id":"https:\/\/termoshop.md\/#\/schema\/logo\/image\/","url":"https:\/\/termoshop.md\/wp-content\/uploads\/2023\/04\/termoshopro.png","contentUrl":"https:\/\/termoshop.md\/wp-content\/uploads\/2023\/04\/termoshopro.png","width":500,"height":94,"caption":"Termoshop.md"},"image":{"@id":"https:\/\/termoshop.md\/#\/schema\/logo\/image\/"}}]}},"jetpack_sharing_enabled":true,"_links":{"self":[{"href":"https:\/\/termoshop.md\/ru\/wp-json\/wp\/v2\/product\/4848","targetHints":{"allow":["GET"]}}],"collection":[{"href":"https:\/\/termoshop.md\/ru\/wp-json\/wp\/v2\/product"}],"about":[{"href":"https:\/\/termoshop.md\/ru\/wp-json\/wp\/v2\/types\/product"}],"replies":[{"embeddable":true,"href":"https:\/\/termoshop.md\/ru\/wp-json\/wp\/v2\/comments?post=4848"}],"wp:featuredmedia":[{"embeddable":true,"href":"https:\/\/termoshop.md\/ru\/wp-json\/wp\/v2\/media\/4846"}],"wp:attachment":[{"href":"https:\/\/termoshop.md\/ru\/wp-json\/wp\/v2\/media?parent=4848"}],"wp:term":[{"taxonomy":"product_brand","embeddable":true,"href":"https:\/\/termoshop.md\/ru\/wp-json\/wp\/v2\/product_brand?post=4848"},{"taxonomy":"product_cat","embeddable":true,"href":"https:\/\/termoshop.md\/ru\/wp-json\/wp\/v2\/product_cat?post=4848"},{"taxonomy":"product_tag","embeddable":true,"href":"https:\/\/termoshop.md\/ru\/wp-json\/wp\/v2\/product_tag?post=4848"}],"curies":[{"name":"wp","href":"https:\/\/api.w.org\/{rel}","templated":true}]}}