{"id":4052,"date":"2023-07-29T14:50:36","date_gmt":"2023-07-29T14:50:36","guid":{"rendered":"https:\/\/termoshop.md\/?post_type=product&#038;p=4052"},"modified":"2024-03-30T10:19:16","modified_gmt":"2024-03-30T10:19:16","slug":"altep-duo-uni-plus-75-kw-cazan-pe-combustibil-solid","status":"publish","type":"product","link":"https:\/\/termoshop.md\/ru\/produs\/altep-duo-uni-plus-75-kw-cazan-pe-combustibil-solid\/","title":{"rendered":"Neus Duo Uni Plus 75 kw cazan pe combustibil solid(panou comanda+ventilator in set)"},"content":{"rendered":"<p><strong>Neus DUO Uni Plus 75 kw<\/strong> este un cazan de \u00eencredere, eficient, u\u0219or de \u00eentre\u021binut, cu ardere lung\u0103, cu un schimb\u0103tor de c\u0103ldur\u0103 dezvoltat. Este destinat \u00eenc\u0103lzirii unei case private sau a unei alte cl\u0103diri cu sistem de \u00eenc\u0103lzire a apei, cu o suprafa\u021b\u0103 de p\u00e2n\u0103 la 750 m<sup>2<\/sup>\u00a0.<\/p>\n<p>Func\u021bioneaz\u0103 pe combustibili solizi &#8211; c\u0103rbune, lemn de foc, brichete de combustibil, turb\u0103 \u0219i diverse de\u0219euri din prelucrarea lemnului.<\/p>\n<p><strong>\u041e\u0441\u043e\u0431\u0435\u043d\u043d\u043e\u0441\u0442\u0438:<\/strong><\/p>\n<p>Corpul \u0219i schimb\u0103torul de c\u0103ldur\u0103 al cazanului sunt realizate din\u00a0o\u021bel termorezistent de \u00eenalt\u0103 calitate, cu grosimea de 6 mm\u00a0.\u00a0Pere\u021bii dubli ai corpului sunt desp\u0103r\u021bi\u021bi de compartimente de ap\u0103, ceea ce face posibil\u0103 \u00eendep\u0103rtarea c\u0103ldurii ob\u021binute \u00een timpul arderii combustibilului de-a lungul \u00eentregului perimetru al camerei de ardere.\u00a0Grilajele din font\u0103 cu setare tip\u00a0sunt stabile \u00eempotriva temperaturilor ridicate \u0219i vor servi mul\u021bi ani.\u00a0\u00cen plus, va fi convenabil s\u0103 le \u00eendep\u0103rta\u021bi atunci c\u00e2nd instala\u021bi un arz\u0103tor pe pele\u021bi pe u\u0219\u0103 \u0219i transforma\u021bi cazanul \u00eentr-unul pe pele\u021bi.<\/p>\n<p>Partea de convec\u021bie a cazanului este\u00a0un schimb\u0103tor de c\u0103ldur\u0103 cu patru c\u0103i cu rafturi orizontale pentru ap\u0103\u00a0.\u00a0Acestea sunt situate direct deasupra cuptorului, astfel \u00eenc\u00e2t v\u0103 permit s\u0103 \u00eenc\u0103lzi\u021bi eficient cazanul cu c\u0103ldura gazelor de ardere.<\/p>\n<p>Distribu\u021bia aerului se realizeaz\u0103 punctual (70% din aer intr\u0103 sub zona gr\u0103tarului prin pasaje speciale din structur\u0103), ceea ce m\u0103re\u0219te f\u0103r\u0103 \u00eendoial\u0103 at\u00e2t eficien\u021ba cazanului, c\u00e2t \u0219i precizia controlului temperaturii \u0219i asigur\u0103 arderea complet\u0103 a combustibilului, chiar \u0219i de proast\u0103 calitate.<\/p>\n<p>Produsele solide de combustie se acumuleaza in cenusa situata in partea inferioara a corpului.\u00a0Este retractabil, a\u0219a c\u0103 cur\u0103\u021barea nu necesit\u0103 mult timp.\u00a0\u00cen plus, sunt prev\u0103zute u\u0219i largi de inspec\u021bie pentru cur\u0103\u021barea cenu\u015farului, gr\u0103tarului \u0219i schimb\u0103torului de c\u0103ldur\u0103.<\/p>\n<p>Un strat de material izolator\u00a0este a\u0219ezat sub \u00eenveli\u0219ul decorativ\u00a0, care \u00eempiedic\u0103 disiparea c\u0103ldurii \u00een spa\u021biul \u00eenconjur\u0103tor.<\/p>\n<p><strong>\u0430\u0432\u0442\u043e\u043c\u0430\u0442\u0438ka<\/strong><\/p>\n<p>Op\u021bional, fie un regulator mecanic de tiraj\u00a0, fie o automatizare cu drepturi depline &#8211;\u00a0\u00a0un controler \u0219i un ventilator boost\u00a0pot fi conectate la cazanele acestui model\u00a0.\u00a0Acest lucru v\u0103 permite s\u0103 regla\u021bi intensitatea arderii, m\u0103sur\u00e2nd constant temperatura lichidului de r\u0103cire \u0219i select\u00e2nd modul optim de func\u021bionare al echipamentului.\u00a0\u00cen medie, aceast\u0103 automatizare economise\u0219te 20-30% din combustibil \u0219i prelunge\u0219te timpul de ardere cu 30-40%.<\/p>\n<p>Pe l\u00e2ng\u0103 ventilator, la controler pot fi conectate o pomp\u0103 de circula\u021bie \u0219i un termostat de camer\u0103.<\/p>\n<p>\u00cen absen\u021ba energiei electrice, cazanul func\u021bioneaz\u0103 ca un dispozitiv conven\u021bional (f\u0103r\u0103 automatizare) cu combustibil solid.\u00a0Este necesar doar s\u0103 deschide\u021bi u\u0219a astfel \u00eenc\u00e2t o cantitate suficient\u0103 de aer s\u0103 intre \u00een cuptor.<\/p>\n<h3><strong>Avantajele cazanelor Neus Duo Uni Plus:<\/strong><\/h3>\n<ul>\n<li>Timp lung de ardere pe o singur\u0103 fil\u0103 de combustibil;<\/li>\n<li>Performan\u021b\u0103 ridicat\u0103 (eficien\u021b\u0103 83%);<\/li>\n<li>Schimb\u0103tor de c\u0103ldur\u0103 dezvoltat (rafturi de ap\u0103);<\/li>\n<li>Gr\u0103tare rezistente din font\u0103;<\/li>\n<li>Abilitatea de a conecta automatizarea;<\/li>\n<li>Duze pentru alimentarea punctual\u0103 cu aer a cuptorului;<\/li>\n<\/ul>","protected":false},"excerpt":{"rendered":"<table border=\"1\" cellspacing=\"0\" cellpadding=\"0\">\n<tbody>\n<tr>\n<td><strong>\u041f\u0430\u0440\u0430\u043c\u0435\u0442\u0440<\/strong><\/td>\n<td><strong>\u0415\u0434\u0438\u043d\u0438\u0446\u0430 \u0438\u0437\u043c\u0435\u0440\u0435\u043d\u0438\u044f<\/strong><\/td>\n<td><strong>\u0417\u043d\u0430\u0447\u0435\u043d\u0438\u0435<\/strong><\/td>\n<\/tr>\n<tr>\n<td>Puterea cazanului<\/td>\n<td>\u043a\u0412\u0442<\/td>\n<td>75<\/td>\n<\/tr>\n<tr>\n<td>\u042d\u0444\u0444\u0435\u043a\u0442\u0438\u0432\u043d\u043e\u0441\u0442\u044c<\/td>\n<td>%<\/td>\n<td>86<\/td>\n<\/tr>\n<tr>\n<td>\u041e\u0431\u044a\u0435\u043c \u0442\u043e\u043f\u043a\u0438<\/td>\n<td>\u043b<\/td>\n<td>307<\/td>\n<\/tr>\n<tr>\n<td>Capacitatea apei cazanului<\/td>\n<td>\u043b<\/td>\n<td>220<\/td>\n<\/tr>\n<tr>\n<td>\u0420\u0430\u0437\u043c\u0435\u0440\u044b \u043f\u043e\u0433\u0440\u0443\u0437\u043e\u0447\u043d\u043e\u0439 \u0434\u0432\u0435\u0440\u0438<\/td>\n<td>mm<\/td>\n<td>300 x 500<\/td>\n<\/tr>\n<tr>\n<td>Temperatura maxima a apei<\/td>\n<td>\u00b0C<\/td>\n<td>90<\/td>\n<\/tr>\n<tr>\n<td>Presiunea maxim\u0103 a apei de lucru<\/td>\n<td>\u0431\u0430\u0440<\/td>\n<td>2<\/td>\n<\/tr>\n<tr>\n<td>\u041f\u043e\u0442\u0440\u0435\u0431\u043b\u0435\u043d\u0438\u0435 \u044d\u043b\u0435\u043a\u0442\u0440\u043e\u044d\u043d\u0435\u0440\u0433\u0438\u0438<\/td>\n<td>mar<\/td>\n<td>160<\/td>\n<\/tr>\n<tr>\n<td>Tiraj de evacuare necesar<\/td>\n<td>Pa<\/td>\n<td>23-30<\/td>\n<\/tr>\n<tr>\n<td>Diametrul interior al co\u0219ului de fum<\/td>\n<td>mm<\/td>\n<td>250<\/td>\n<\/tr>\n<tr>\n<td>\u00cen\u0103l\u021bimea co\u0219ului de fum, min.<\/td>\n<td>m<\/td>\n<td>7<\/td>\n<\/tr>\n<tr>\n<td colspan=\"3\"><strong>\u0420\u0430\u0437\u043c\u0435\u0440\u044b \u0442\u043e\u043f\u043a\u0438:<\/strong><\/td>\n<\/tr>\n<tr>\n<td>- \u0433\u043b\u0443\u0431\u0438\u043d\u0430<\/td>\n<td rowspan=\"2\">mm<\/td>\n<td>740<\/td>\n<\/tr>\n<tr>\n<td>- \u0448\u0438\u0440\u0438\u043d\u0430<\/td>\n<td>500<\/td>\n<\/tr>\n<tr>\n<td colspan=\"3\"><strong>\u0420\u0430\u0437\u043c\u0435\u0440\u044b \u043a\u043e\u0442\u043b\u0430:<\/strong><\/td>\n<\/tr>\n<tr>\n<td>- \u0434\u043b\u0438\u043d\u0430<\/td>\n<td rowspan=\"3\">mm<\/td>\n<td>1390<\/td>\n<\/tr>\n<tr>\n<td>- \u0448\u0438\u0440\u0438\u043d\u0430<\/td>\n<td>790<\/td>\n<\/tr>\n<tr>\n<td>- \u0432\u044b\u0441\u043e\u0442\u0430<\/td>\n<td>2070<\/td>\n<\/tr>\n<tr>\n<td>\u0412\u0435\u0441 \u043a\u043e\u0442\u043b\u0430<\/td>\n<td>\u043a\u0433<\/td>\n<td>790<\/td>\n<\/tr>\n<\/tbody>\n<\/table>","protected":false},"featured_media":4101,"comment_status":"open","ping_status":"closed","template":"","meta":[],"product_brand":[443],"product_cat":[140],"product_tag":[],"class_list":{"0":"post-4052","1":"product","2":"type-product","3":"status-publish","4":"has-post-thumbnail","6":"product_brand-neus","7":"product_cat-cazane-pe-lemne-si-carbuni","9":"first","10":"outofstock","11":"shipping-taxable","12":"product-type-simple"},"yoast_head":"<!-- This site is optimized with the Yoast SEO plugin v26.9 - https:\/\/yoast.com\/product\/yoast-seo-wordpress\/ -->\n<title>Neus Duo Uni Plus 75 kw cazan pe combustibil solid(panou comanda+ventilator in set) - Termoshop.md<\/title>\n<meta name=\"description\" content=\"Centrala pe lemne, centrala pe carbuni, centrala pe combustibil solid, cazan pe combustibil solid Neus Duo Uni Plus, depozit centrale\" \/>\n<meta name=\"robots\" content=\"index, follow, max-snippet:-1, max-image-preview:large, max-video-preview:-1\" \/>\n<link rel=\"canonical\" href=\"https:\/\/termoshop.md\/ru\/produs\/altep-duo-uni-plus-75-kw-cazan-pe-combustibil-solid\/\" \/>\n<meta property=\"og:locale\" content=\"ru_RU\" \/>\n<meta property=\"og:type\" content=\"article\" \/>\n<meta property=\"og:title\" content=\"Neus Duo Uni Plus 75 kw cazan pe combustibil solid(panou comanda+ventilator in set) - Termoshop.md\" \/>\n<meta property=\"og:description\" content=\"Centrala pe lemne, centrala pe carbuni, centrala pe combustibil solid, cazan pe combustibil solid Neus Duo Uni Plus, depozit centrale\" \/>\n<meta property=\"og:url\" content=\"https:\/\/termoshop.md\/ru\/produs\/altep-duo-uni-plus-75-kw-cazan-pe-combustibil-solid\/\" \/>\n<meta property=\"og:site_name\" content=\"Termoshop.md\" \/>\n<meta property=\"article:modified_time\" content=\"2024-03-30T10:19:16+00:00\" \/>\n<meta property=\"og:image\" content=\"https:\/\/termoshop.md\/wp-content\/uploads\/2023\/07\/image-31-07-23-10-09-1.png\" \/>\n\t<meta property=\"og:image:width\" content=\"960\" \/>\n\t<meta property=\"og:image:height\" content=\"960\" \/>\n\t<meta property=\"og:image:type\" content=\"image\/png\" \/>\n<meta name=\"twitter:card\" content=\"summary_large_image\" \/>\n<meta name=\"twitter:label1\" content=\"\u041f\u0440\u0438\u043c\u0435\u0440\u043d\u043e\u0435 \u0432\u0440\u0435\u043c\u044f \u0434\u043b\u044f \u0447\u0442\u0435\u043d\u0438\u044f\" \/>\n\t<meta name=\"twitter:data1\" content=\"3 \u043c\u0438\u043d\u0443\u0442\u044b\" \/>\n<script type=\"application\/ld+json\" class=\"yoast-schema-graph\">{\"@context\":\"https:\/\/schema.org\",\"@graph\":[{\"@type\":\"WebPage\",\"@id\":\"https:\/\/termoshop.md\/produs\/altep-duo-uni-plus-75-kw-cazan-pe-combustibil-solid\/\",\"url\":\"https:\/\/termoshop.md\/produs\/altep-duo-uni-plus-75-kw-cazan-pe-combustibil-solid\/\",\"name\":\"Neus Duo Uni Plus 75 kw cazan pe combustibil solid(panou comanda+ventilator in set) - Termoshop.md\",\"isPartOf\":{\"@id\":\"https:\/\/termoshop.md\/#website\"},\"primaryImageOfPage\":{\"@id\":\"https:\/\/termoshop.md\/produs\/altep-duo-uni-plus-75-kw-cazan-pe-combustibil-solid\/#primaryimage\"},\"image\":{\"@id\":\"https:\/\/termoshop.md\/produs\/altep-duo-uni-plus-75-kw-cazan-pe-combustibil-solid\/#primaryimage\"},\"thumbnailUrl\":\"https:\/\/termoshop.md\/wp-content\/uploads\/2023\/07\/image-31-07-23-10-09-1.png\",\"datePublished\":\"2023-07-29T14:50:36+00:00\",\"dateModified\":\"2024-03-30T10:19:16+00:00\",\"description\":\"Centrala pe lemne, centrala pe carbuni, centrala pe combustibil solid, cazan pe combustibil solid Neus Duo Uni Plus, depozit centrale\",\"breadcrumb\":{\"@id\":\"https:\/\/termoshop.md\/produs\/altep-duo-uni-plus-75-kw-cazan-pe-combustibil-solid\/#breadcrumb\"},\"inLanguage\":\"ru-RU\",\"potentialAction\":[{\"@type\":\"ReadAction\",\"target\":[\"https:\/\/termoshop.md\/produs\/altep-duo-uni-plus-75-kw-cazan-pe-combustibil-solid\/\"]}]},{\"@type\":\"ImageObject\",\"inLanguage\":\"ru-RU\",\"@id\":\"https:\/\/termoshop.md\/produs\/altep-duo-uni-plus-75-kw-cazan-pe-combustibil-solid\/#primaryimage\",\"url\":\"https:\/\/termoshop.md\/wp-content\/uploads\/2023\/07\/image-31-07-23-10-09-1.png\",\"contentUrl\":\"https:\/\/termoshop.md\/wp-content\/uploads\/2023\/07\/image-31-07-23-10-09-1.png\",\"width\":960,\"height\":960},{\"@type\":\"BreadcrumbList\",\"@id\":\"https:\/\/termoshop.md\/produs\/altep-duo-uni-plus-75-kw-cazan-pe-combustibil-solid\/#breadcrumb\",\"itemListElement\":[{\"@type\":\"ListItem\",\"position\":1,\"name\":\"Prima pagin\u0103\",\"item\":\"https:\/\/termoshop.md\/\"},{\"@type\":\"ListItem\",\"position\":2,\"name\":\"Toate Produsele\",\"item\":\"https:\/\/termoshop.md\/toate-produsele\/\"},{\"@type\":\"ListItem\",\"position\":3,\"name\":\"Neus Duo Uni Plus 75 kw cazan pe combustibil solid(panou comanda+ventilator in set)\"}]},{\"@type\":\"WebSite\",\"@id\":\"https:\/\/termoshop.md\/#website\",\"url\":\"https:\/\/termoshop.md\/\",\"name\":\"Termoshop.md\",\"description\":\"Exper\u021bi \u00een solu\u021bii de top\",\"publisher\":{\"@id\":\"https:\/\/termoshop.md\/#organization\"},\"potentialAction\":[{\"@type\":\"SearchAction\",\"target\":{\"@type\":\"EntryPoint\",\"urlTemplate\":\"https:\/\/termoshop.md\/?s={search_term_string}\"},\"query-input\":{\"@type\":\"PropertyValueSpecification\",\"valueRequired\":true,\"valueName\":\"search_term_string\"}}],\"inLanguage\":\"ru-RU\"},{\"@type\":\"Organization\",\"@id\":\"https:\/\/termoshop.md\/#organization\",\"name\":\"Termoshop.md\",\"url\":\"https:\/\/termoshop.md\/\",\"logo\":{\"@type\":\"ImageObject\",\"inLanguage\":\"ru-RU\",\"@id\":\"https:\/\/termoshop.md\/#\/schema\/logo\/image\/\",\"url\":\"https:\/\/termoshop.md\/wp-content\/uploads\/2023\/04\/termoshopro.png\",\"contentUrl\":\"https:\/\/termoshop.md\/wp-content\/uploads\/2023\/04\/termoshopro.png\",\"width\":500,\"height\":94,\"caption\":\"Termoshop.md\"},\"image\":{\"@id\":\"https:\/\/termoshop.md\/#\/schema\/logo\/image\/\"}}]}<\/script>\n<!-- \/ Yoast SEO plugin. -->","yoast_head_json":{"title":"Neus Duo Uni Plus 75 kw cazan pe combustibil solid(panou comanda+ventilator in set) - Termoshop.md","description":"Centrala pe lemne, centrala pe carbuni, centrala pe combustibil solid, cazan pe combustibil solid Neus Duo Uni Plus, depozit centrale","robots":{"index":"index","follow":"follow","max-snippet":"max-snippet:-1","max-image-preview":"max-image-preview:large","max-video-preview":"max-video-preview:-1"},"canonical":"https:\/\/termoshop.md\/ru\/produs\/altep-duo-uni-plus-75-kw-cazan-pe-combustibil-solid\/","og_locale":"ru_RU","og_type":"article","og_title":"Neus Duo Uni Plus 75 kw cazan pe combustibil solid(panou comanda+ventilator in set) - Termoshop.md","og_description":"Centrala pe lemne, centrala pe carbuni, centrala pe combustibil solid, cazan pe combustibil solid Neus Duo Uni Plus, depozit centrale","og_url":"https:\/\/termoshop.md\/ru\/produs\/altep-duo-uni-plus-75-kw-cazan-pe-combustibil-solid\/","og_site_name":"Termoshop.md","article_modified_time":"2024-03-30T10:19:16+00:00","og_image":[{"width":960,"height":960,"url":"https:\/\/termoshop.md\/wp-content\/uploads\/2023\/07\/image-31-07-23-10-09-1.png","type":"image\/png"}],"twitter_card":"summary_large_image","twitter_misc":{"\u041f\u0440\u0438\u043c\u0435\u0440\u043d\u043e\u0435 \u0432\u0440\u0435\u043c\u044f \u0434\u043b\u044f \u0447\u0442\u0435\u043d\u0438\u044f":"3 \u043c\u0438\u043d\u0443\u0442\u044b"},"schema":{"@context":"https:\/\/schema.org","@graph":[{"@type":"WebPage","@id":"https:\/\/termoshop.md\/produs\/altep-duo-uni-plus-75-kw-cazan-pe-combustibil-solid\/","url":"https:\/\/termoshop.md\/produs\/altep-duo-uni-plus-75-kw-cazan-pe-combustibil-solid\/","name":"Neus Duo Uni Plus 75 kw cazan pe combustibil solid(panou comanda+ventilator in set) - Termoshop.md","isPartOf":{"@id":"https:\/\/termoshop.md\/#website"},"primaryImageOfPage":{"@id":"https:\/\/termoshop.md\/produs\/altep-duo-uni-plus-75-kw-cazan-pe-combustibil-solid\/#primaryimage"},"image":{"@id":"https:\/\/termoshop.md\/produs\/altep-duo-uni-plus-75-kw-cazan-pe-combustibil-solid\/#primaryimage"},"thumbnailUrl":"https:\/\/termoshop.md\/wp-content\/uploads\/2023\/07\/image-31-07-23-10-09-1.png","datePublished":"2023-07-29T14:50:36+00:00","dateModified":"2024-03-30T10:19:16+00:00","description":"Centrala pe lemne, centrala pe carbuni, centrala pe combustibil solid, cazan pe combustibil solid Neus Duo Uni Plus, depozit centrale","breadcrumb":{"@id":"https:\/\/termoshop.md\/produs\/altep-duo-uni-plus-75-kw-cazan-pe-combustibil-solid\/#breadcrumb"},"inLanguage":"ru-RU","potentialAction":[{"@type":"ReadAction","target":["https:\/\/termoshop.md\/produs\/altep-duo-uni-plus-75-kw-cazan-pe-combustibil-solid\/"]}]},{"@type":"ImageObject","inLanguage":"ru-RU","@id":"https:\/\/termoshop.md\/produs\/altep-duo-uni-plus-75-kw-cazan-pe-combustibil-solid\/#primaryimage","url":"https:\/\/termoshop.md\/wp-content\/uploads\/2023\/07\/image-31-07-23-10-09-1.png","contentUrl":"https:\/\/termoshop.md\/wp-content\/uploads\/2023\/07\/image-31-07-23-10-09-1.png","width":960,"height":960},{"@type":"BreadcrumbList","@id":"https:\/\/termoshop.md\/produs\/altep-duo-uni-plus-75-kw-cazan-pe-combustibil-solid\/#breadcrumb","itemListElement":[{"@type":"ListItem","position":1,"name":"Prima pagin\u0103","item":"https:\/\/termoshop.md\/"},{"@type":"ListItem","position":2,"name":"Toate Produsele","item":"https:\/\/termoshop.md\/toate-produsele\/"},{"@type":"ListItem","position":3,"name":"Neus Duo Uni Plus 75 kw cazan pe combustibil solid(panou comanda+ventilator in set)"}]},{"@type":"WebSite","@id":"https:\/\/termoshop.md\/#website","url":"https:\/\/termoshop.md\/","name":"Termoshop.md","description":"Exper\u021bi \u00een solu\u021bii de top","publisher":{"@id":"https:\/\/termoshop.md\/#organization"},"potentialAction":[{"@type":"SearchAction","target":{"@type":"EntryPoint","urlTemplate":"https:\/\/termoshop.md\/?s={search_term_string}"},"query-input":{"@type":"PropertyValueSpecification","valueRequired":true,"valueName":"search_term_string"}}],"inLanguage":"ru-RU"},{"@type":"Organization","@id":"https:\/\/termoshop.md\/#organization","name":"Termoshop.md","url":"https:\/\/termoshop.md\/","logo":{"@type":"ImageObject","inLanguage":"ru-RU","@id":"https:\/\/termoshop.md\/#\/schema\/logo\/image\/","url":"https:\/\/termoshop.md\/wp-content\/uploads\/2023\/04\/termoshopro.png","contentUrl":"https:\/\/termoshop.md\/wp-content\/uploads\/2023\/04\/termoshopro.png","width":500,"height":94,"caption":"Termoshop.md"},"image":{"@id":"https:\/\/termoshop.md\/#\/schema\/logo\/image\/"}}]}},"jetpack_sharing_enabled":true,"_links":{"self":[{"href":"https:\/\/termoshop.md\/ru\/wp-json\/wp\/v2\/product\/4052","targetHints":{"allow":["GET"]}}],"collection":[{"href":"https:\/\/termoshop.md\/ru\/wp-json\/wp\/v2\/product"}],"about":[{"href":"https:\/\/termoshop.md\/ru\/wp-json\/wp\/v2\/types\/product"}],"replies":[{"embeddable":true,"href":"https:\/\/termoshop.md\/ru\/wp-json\/wp\/v2\/comments?post=4052"}],"wp:featuredmedia":[{"embeddable":true,"href":"https:\/\/termoshop.md\/ru\/wp-json\/wp\/v2\/media\/4101"}],"wp:attachment":[{"href":"https:\/\/termoshop.md\/ru\/wp-json\/wp\/v2\/media?parent=4052"}],"wp:term":[{"taxonomy":"product_brand","embeddable":true,"href":"https:\/\/termoshop.md\/ru\/wp-json\/wp\/v2\/product_brand?post=4052"},{"taxonomy":"product_cat","embeddable":true,"href":"https:\/\/termoshop.md\/ru\/wp-json\/wp\/v2\/product_cat?post=4052"},{"taxonomy":"product_tag","embeddable":true,"href":"https:\/\/termoshop.md\/ru\/wp-json\/wp\/v2\/product_tag?post=4052"}],"curies":[{"name":"wp","href":"https:\/\/api.w.org\/{rel}","templated":true}]}}