{"id":4006,"date":"2023-07-29T06:22:03","date_gmt":"2023-07-29T06:22:03","guid":{"rendered":"https:\/\/termoshop.md\/?post_type=product&#038;p=4006"},"modified":"2024-03-30T07:39:30","modified_gmt":"2024-03-30T07:39:30","slug":"cazane-pe-combustibil-solid-burnit-nwb-max-55-kw","status":"publish","type":"product","link":"https:\/\/termoshop.md\/ru\/produs\/cazane-pe-combustibil-solid-burnit-nwb-max-55-kw\/","title":{"rendered":"CAZANE PE COMBUSTIBIL SOLID BURNIT NWB MAX 55 kw"},"content":{"rendered":"<div class=\"et_pb_row_inner et_pb_row_inner_1\">\n<div class=\"et_pb_column et_pb_column_4_4 et_pb_column_inner et_pb_column_inner_2 et-last-child\">\n<div class=\"et_pb_module et_pb_text et_pb_text_2 pg-title ul-list-icon et_pb_text_align_left et_pb_bg_layout_light\">\n<div class=\"et_pb_text_inner\">\n<h2>\u041f\u0420\u0415\u0418\u041c\u0423\u0429\u0415\u0421\u0422\u0412\u0410<\/h2>\n<\/div>\n<\/div>\n<\/div>\n<\/div>\n<div class=\"et_pb_row_inner et_pb_row_inner_2 columns5\">\n<div class=\"et_pb_column et_pb_column_4_4 et_pb_column_inner et_pb_column_inner_3 et-last-child\">\n<div class=\"et_pb_module et_pb_blurb et_pb_blurb_0 blurb-predimstvo et_pb_text_align_center et_pb_blurb_position_top et_pb_bg_layout_light\">\n<div class=\"et_pb_blurb_content\">\n<div class=\"et_pb_main_blurb_image\"><span class=\"et_pb_image_wrap et_pb_only_image_mode_wrap\"><img loading=\"lazy\" decoding=\"async\" class=\"et-waypoint et_pb_animation_off et_pb_animation_off_tablet et_pb_animation_off_phone wp-image-428 et-animated\" src=\"https:\/\/burnit.bg\/wp-content\/uploads\/2016\/06\/icon-pred-1.png\" alt=\"\" width=\"64\" height=\"64\" \/><\/span><\/div>\n<div class=\"et_pb_blurb_container\">\n<div class=\"et_pb_blurb_description\">\n<p>Pentru \u00eenc\u0103lzire de \u00eenc\u0103peri mari \u015fi medii<\/p>\n<\/div>\n<\/div>\n<\/div>\n<\/div>\n<div class=\"et_pb_module et_pb_blurb et_pb_blurb_1 blurb-predimstvo et_pb_text_align_center et_pb_blurb_position_top et_pb_bg_layout_light\">\n<div class=\"et_pb_blurb_content\">\n<div class=\"et_pb_main_blurb_image\"><span class=\"et_pb_image_wrap et_pb_only_image_mode_wrap\"><img loading=\"lazy\" decoding=\"async\" class=\"et-waypoint et_pb_animation_off et_pb_animation_off_tablet et_pb_animation_off_phone wp-image-431 et-animated\" src=\"https:\/\/burnit.bg\/wp-content\/uploads\/2016\/06\/icon-pred-2.png\" alt=\"\" width=\"64\" height=\"64\" \/><\/span><\/div>\n<div class=\"et_pb_blurb_container\">\n<div class=\"et_pb_blurb_description\">\n<p>Cazan cu un design simplu \u0219i u\u0219or de utilizat<\/p>\n<\/div>\n<\/div>\n<\/div>\n<\/div>\n<div class=\"et_pb_module et_pb_blurb et_pb_blurb_2 blurb-predimstvo et_pb_text_align_center et_pb_blurb_position_top et_pb_bg_layout_light\">\n<div class=\"et_pb_blurb_content\">\n<div class=\"et_pb_main_blurb_image\"><span class=\"et_pb_image_wrap et_pb_only_image_mode_wrap\"><img loading=\"lazy\" decoding=\"async\" class=\"et-waypoint et_pb_animation_off et_pb_animation_off_tablet et_pb_animation_off_phone wp-image-432 et-animated\" src=\"https:\/\/burnit.bg\/wp-content\/uploads\/2016\/06\/icon-pred-3.png\" alt=\"\" width=\"64\" height=\"64\" \/><\/span><\/div>\n<div class=\"et_pb_blurb_container\">\n<div class=\"et_pb_blurb_description\">\n<p>Gr\u0103tarul metal deta\u015fabil protejeaz\u0103 grila de conducte de flac\u0103r\u0103<\/p>\n<\/div>\n<\/div>\n<\/div>\n<\/div>\n<div class=\"et_pb_module et_pb_blurb et_pb_blurb_3 blurb-predimstvo et_pb_text_align_center et_pb_blurb_position_top et_pb_bg_layout_light\">\n<div class=\"et_pb_blurb_content\">\n<div class=\"et_pb_main_blurb_image\"><span class=\"et_pb_image_wrap et_pb_only_image_mode_wrap\"><img loading=\"lazy\" decoding=\"async\" class=\"et-waypoint et_pb_animation_off et_pb_animation_off_tablet et_pb_animation_off_phone wp-image-434 et-animated\" src=\"https:\/\/burnit.bg\/wp-content\/uploads\/2016\/06\/icon-pred-6.png\" alt=\"\" width=\"64\" height=\"64\" \/><\/span><\/div>\n<div class=\"et_pb_blurb_container\">\n<div class=\"et_pb_blurb_description\">\n<p>Regulator termostatic de tiraj<\/p>\n<\/div>\n<\/div>\n<\/div>\n<\/div>\n<div class=\"et_pb_module et_pb_blurb et_pb_blurb_4 blurb-predimstvo et_pb_text_align_center et_pb_blurb_position_top et_pb_bg_layout_light\">\n<div class=\"et_pb_blurb_content\">\n<div class=\"et_pb_main_blurb_image\"><span class=\"et_pb_image_wrap et_pb_only_image_mode_wrap\"><img loading=\"lazy\" decoding=\"async\" class=\"et-waypoint et_pb_animation_off et_pb_animation_off_tablet et_pb_animation_off_phone wp-image-436 et-animated\" src=\"https:\/\/burnit.bg\/wp-content\/uploads\/2016\/06\/icon-pred-5.png\" alt=\"\" width=\"64\" height=\"64\" \/><\/span><\/div>\n<div class=\"et_pb_blurb_container\">\n<div class=\"et_pb_blurb_description\">\n<p>Cazan ofera posibilitatea montarii de arzator pe peleti, gaz sau motorina.<\/p>\n<\/div>\n<\/div>\n<\/div>\n<\/div>\n<\/div>\n<\/div>\n<div class=\"et_pb_row_inner et_pb_row_inner_3\">\n<div class=\"et_pb_column et_pb_column_3_8 et_pb_column_inner et_pb_column_inner_4\">\n<div class=\"et_pb_module et_pb_text et_pb_text_3 pg-title ul-list-icon et_pb_text_align_left et_pb_bg_layout_light\">\n<div class=\"et_pb_text_inner\">\n<h2>\u041f\u0420\u0415\u0418\u041c\u0423\u0429\u0415\u0421\u0422\u0412\u0410<\/h2>\n<ul>\n<li>Cazan cu un design simplu \u0219i u\u0219or de utilizat.<\/li>\n<li>Manta de ap\u0103 \u00eenconjoar\u0103 \u00eentreag\u0103 camera de ardere pentru a maximiza utilizarea c\u0103ldurii reziduale.<\/li>\n<li>Camera de ardere are o suprafa\u021b\u0103 mare de schimb de c\u0103ldur\u0103 \u015fi o rezistenta a camerei mica.<\/li>\n<li>U\u0219\u0103 de \u00eenc\u0103rcare de dimensiuni mari ceea ce u\u0219ureaz\u0103 introducerea lemnelor chiar si de mari dimensiuni (dimensiunea lemnelor p\u00e2n\u0103 la 50 cm).<\/li>\n<li>Suprafa\u021ba cu nervuri a camerei de ardere si cele trei cai de eliminare a fumului, asigura un schimb de c\u0103ldur\u0103 cu randament ridicat.<\/li>\n<li>Gr\u0103tarul metal deta\u015fabil protejeaz\u0103 grila de conducte de flac\u0103r\u0103.<\/li>\n<li>Flan\u015f\u0103 pe u\u015fa inferioar\u0103 pentru montarea unui arz\u0103tor pe pele\u0163i, gaz sau motorina (op\u0163ional).<\/li>\n<\/ul>\n<\/div>\n<\/div>\n<\/div>\n<div class=\"et_pb_column et_pb_column_3_8 et_pb_column_inner et_pb_column_inner_5 et-last-child\">\n<div class=\"et_pb_module et_pb_text et_pb_text_4 pg-title ul-list-icon et_pb_text_align_left et_pb_bg_layout_light\">\n<div class=\"et_pb_text_inner\">\n<h2>DIMENSIUNI DISPONIBILE, KW:<\/h2>\n<ul>\n<li>25, 30, 35, 45, 55, 70, 90, 110<\/li>\n<\/ul>\n<\/div>\n<\/div>\n<div class=\"et_pb_module et_pb_text et_pb_text_5 pg-title ul-list-icon et_pb_text_align_left et_pb_bg_layout_light\">\n<div class=\"et_pb_text_inner\">\n<h2>DISPOZITIVE DE SIGURAN\u0162\u0102<\/h2>\n<ul>\n<li>Regulator termostatic de tiraj.<\/li>\n<li>Supapa de siguran\u021b\u0103 la 3 bar.<\/li>\n<li>Serpentina de r\u0103cire in caz de supra\u00eenc\u0103lzire, prin aceasta trece ap\u0103 rece, care reduce temperatura cazanului. Conectarea cazanului la re\u021beaua de alimentare cu ap\u0103 trebuie s\u0103 fie efectuat\u0103 printr-un robinet termostatic (nu este inclus \u00een set).<\/li>\n<\/ul>\n<\/div>\n<\/div>\n<\/div>\n<\/div>\n<div class=\"et_pb_row_inner et_pb_row_inner_4\">\n<div class=\"et_pb_column et_pb_column_3_8 et_pb_column_inner et_pb_column_inner_6\">\n<div class=\"et_pb_module et_pb_text et_pb_text_6 pg-title ul-list-icon et_pb_text_align_left et_pb_bg_layout_light\">\n<div class=\"et_pb_text_inner\">\n<h2>ELEMENTELE CAZANULUI NWB MAX:<\/h2>\n<p><strong>1<\/strong>\u00a0\u2013 \u0418\u043d\u0434\u0438\u043a\u0430\u0442\u043e\u0440 \u0442\u0435\u043c\u043f\u0435\u0440\u0430\u0442\u0443\u0440\u044b<br \/>\n<strong>2<\/strong>\u00a0\u2013 Capitonaj<br \/>\n<strong>3<\/strong>\u00a0\u2013 Izola\u021bie de \u00eenalt\u0103 eficienta<br \/>\n<strong>4<\/strong>\u00a0\u2013 Schimb\u0103tor de c\u0103ldur\u0103 de siguran\u021b\u0103<br \/>\n<strong>5<\/strong>\u00a0\u2013 Trei drumuri de fum<br \/>\n<strong>6<\/strong>\u00a0\u2013 Manta de ap\u0103<br \/>\n<strong>7<\/strong>\u00a0\u2013 Camera de ardere<br \/>\n<strong>8<\/strong>\u00a0\u2013 Grilaj metalic<br \/>\n<strong>9<\/strong>\u00a0\u2013 Container de cenu\u0219\u0103 \u0219i funingine<br \/>\n<strong>10<\/strong>\u00a0\u2013 Flan\u0219\u0103 de arz\u0103tor (op\u021bional)<br \/>\n<strong>11<\/strong>\u00a0\u2013 Co\u015f de fum<br \/>\n<strong>12<\/strong>\u00a0\u2013 Ie\u015fire ap\u0103 cald\u0103<br \/>\n<strong>13<\/strong>\u00a0\u2013 Regulator termostatic de tiraj<br \/>\n<strong>14<\/strong>\u00a0\u2013 Supap\u0103 de admisie a aerului<\/p>\n<\/div>\n<\/div>\n<\/div>\n<div class=\"et_pb_column et_pb_column_3_8 et_pb_column_inner et_pb_column_inner_7 et-last-child\">\n<div class=\"et_pb_module et_pb_image et_pb_image_1\"><span class=\"et_pb_image_wrap\"><img loading=\"lazy\" decoding=\"async\" class=\"wp-image-619\" title=\"\" src=\"https:\/\/burnit.bg\/wp-content\/uploads\/2016\/07\/WBS_charts.jpg\" sizes=\"auto, (max-width: 716px) 100vw, 716px\" srcset=\"https:\/\/burnit.bg\/wp-content\/uploads\/2016\/07\/WBS_charts.jpg 716w, https:\/\/burnit.bg\/wp-content\/uploads\/2016\/07\/WBS_charts-300x164.jpg 300w\" alt=\"\" width=\"716\" height=\"392\" \/><\/span><\/div>\n<\/div>\n<\/div>\n<div class=\"et_pb_row_inner et_pb_row_inner_5\">\n<div class=\"et_pb_column et_pb_column_4_4 et_pb_column_inner et_pb_column_inner_8 et-last-child\">\n<div class=\"et_pb_module et_pb_text et_pb_text_7 pg-title ul-list-icon et_pb_text_align_left et_pb_bg_layout_light\">\n<div class=\"et_pb_text_inner\">\n<h2>SPECIFICA\u021aII TEHNICE<\/h2>\n<\/div>\n<\/div>\n<div class=\"et_pb_module et_pb_image et_pb_image_2\"><span class=\"et_pb_image_wrap\"><img loading=\"lazy\" decoding=\"async\" class=\"wp-image-620\" title=\"\" src=\"https:\/\/burnit.bg\/wp-content\/uploads\/2016\/07\/WBS-chart.jpg\" sizes=\"auto, (max-width: 700px) 100vw, 700px\" srcset=\"https:\/\/burnit.bg\/wp-content\/uploads\/2016\/07\/WBS-chart.jpg 700w, https:\/\/burnit.bg\/wp-content\/uploads\/2016\/07\/WBS-chart-300x206.jpg 300w\" alt=\"\" width=\"700\" height=\"480\" \/><\/span><\/div>\n<div class=\"et_pb_module et_pb_text et_pb_text_8 table-razmeri et_pb_text_align_left et_pb_bg_layout_light\">\n<div class=\"et_pb_text_inner\">\n<table>\n<tbody>\n<tr>\n<th width=\"283\"><\/th>\n<th width=\"105\"><\/th>\n<th width=\"105\"><strong>NWB MAX \u00a025<\/strong><\/th>\n<th width=\"105\"><strong>NWB MAX 30<\/strong><\/th>\n<th width=\"105\"><strong>NWB MAX 35<\/strong><\/th>\n<th width=\"105\"><strong>NWB MAX 45<\/strong><\/th>\n<th width=\"105\"><strong>NWB MAX 55<\/strong><\/th>\n<th width=\"105\"><strong>NWB MAX\u00a070<\/strong><\/th>\n<th width=\"105\"><strong>NWB MAX\u00a090<\/strong><\/th>\n<th width=\"105\"><strong>NWB MAX 110<\/strong><\/th>\n<\/tr>\n<tr>\n<td width=\"620\" height=\"17\">\u041d\u043e\u043c\u0438\u043d\u0430\u043b\u044c\u043d\u0430\u044f \u043c\u043e\u0449\u043d\u043e\u0441\u0442\u044c<\/td>\n<td width=\"274\">\u043a\u0412\u0442<\/td>\n<td width=\"175\">25<\/td>\n<td width=\"182\">30<\/td>\n<td width=\"146\">35<\/td>\n<td width=\"140\">45<\/td>\n<td width=\"132\">55<\/td>\n<td width=\"141\">70<\/td>\n<td width=\"138\">90<\/td>\n<td width=\"140\">110<\/td>\n<\/tr>\n<tr>\n<td height=\"17\">\u0412\u044b\u0441\u043e\u0442\u0430<\/td>\n<td>mm<\/td>\n<td>1125<\/td>\n<td>1125<\/td>\n<td>1125<\/td>\n<td>1125<\/td>\n<td>1125<\/td>\n<td>1265<\/td>\n<td>1265<\/td>\n<td>1265<\/td>\n<\/tr>\n<tr>\n<td height=\"17\">L\u0103\u0163ime \/ Ad\u00e2ncime<\/td>\n<td>mm<\/td>\n<td>464\/870<\/td>\n<td>464\/930<\/td>\n<td>524\/930<\/td>\n<td>624\/930<\/td>\n<td>624\/990<\/td>\n<td>624\/1110<\/td>\n<td>684\/1110<\/td>\n<td>744\/1110<\/td>\n<\/tr>\n<tr>\n<td height=\"17\">\u041c\u0430\u0441\u0441\u0430:<\/td>\n<td>\u043a\u0433<\/td>\n<td>225<\/td>\n<td>245<\/td>\n<td>265<\/td>\n<td>310<\/td>\n<td>330<\/td>\n<td>410<\/td>\n<td>445<\/td>\n<td>475<\/td>\n<\/tr>\n<tr>\n<td height=\"17\">Intrare ap\u0103 rece\/Ie\u015fire ap\u0103 cald\u0103<\/td>\n<td><\/td>\n<td>R 1\u00bc<\/td>\n<td>R 1\u00bc<\/td>\n<td>R 1\u00bc<\/td>\n<td>R 1\u00bc<\/td>\n<td>R 1\u00bc<\/td>\n<td>R 1\u00bd<\/td>\n<td>R 1\u00bd<\/td>\n<td>R 1\u00bd<\/td>\n<\/tr>\n<tr>\n<td height=\"17\">\u0434\u044b\u043c\u043e\u0445\u043e\u0434<\/td>\n<td>mm<\/td>\n<td>\u00f8150<\/td>\n<td>\u00f8150<\/td>\n<td>\u00f8150<\/td>\n<td>\u00f8180<\/td>\n<td>\u00f8180<\/td>\n<td>\u00f8200<\/td>\n<td>\u00f8200<\/td>\n<td>\u00f8200<\/td>\n<\/tr>\n<\/tbody>\n<\/table>\n<\/div>\n<\/div>\n<\/div>\n<\/div>","protected":false},"excerpt":{"rendered":"<p>Cazane din o\u021bel cu combustibil solid NWB MAX &#8211; pentru \u00eenc\u0103lzirea at\u00e2t a zonelor mici, c\u00e2t \u0219i a celor mari. Proiectat pentru arderea combustibililor solizi &#8211; lemn de foc, brichete de floarea soarelui si carbune. De asemenea, are op\u021biunea de a conecta un arz\u0103tor de ulei, motorin\u0103, pele\u021bi sau gaz. Testat \u0219i aprobat \u00een conformitate cu EN 303-5.<\/p>","protected":false},"featured_media":4004,"comment_status":"open","ping_status":"closed","template":"","meta":[],"product_brand":[390],"product_cat":[140],"product_tag":[],"class_list":{"0":"post-4006","1":"product","2":"type-product","3":"status-publish","4":"has-post-thumbnail","6":"product_brand-sunsystem","7":"product_cat-cazane-pe-lemne-si-carbuni","9":"first","10":"outofstock","11":"shipping-taxable","12":"product-type-simple"},"yoast_head":"<!-- This site is optimized with the Yoast SEO plugin v26.9 - https:\/\/yoast.com\/product\/yoast-seo-wordpress\/ -->\n<title>CAZANE PE COMBUSTIBIL SOLID BURNIT NWB MAX 55 kw - Termoshop.md<\/title>\n<meta name=\"description\" content=\"Cazan, pe peleti, cazane peleti, econome, centrale pe peleti, centrala peleti, bunker, cazan otel, cazan fonta, cazan pe lemne, cazan carbuni, Burnit\" \/>\n<meta name=\"robots\" content=\"index, follow, max-snippet:-1, max-image-preview:large, max-video-preview:-1\" \/>\n<link rel=\"canonical\" href=\"https:\/\/termoshop.md\/ru\/produs\/cazane-pe-combustibil-solid-burnit-nwb-max-55-kw\/\" \/>\n<meta property=\"og:locale\" content=\"ru_RU\" \/>\n<meta property=\"og:type\" content=\"article\" \/>\n<meta property=\"og:title\" content=\"CAZANE PE COMBUSTIBIL SOLID BURNIT NWB MAX 55 kw - Termoshop.md\" \/>\n<meta property=\"og:description\" content=\"Cazan, pe peleti, cazane peleti, econome, centrale pe peleti, centrala peleti, bunker, cazan otel, cazan fonta, cazan pe lemne, cazan carbuni, Burnit\" \/>\n<meta property=\"og:url\" content=\"https:\/\/termoshop.md\/ru\/produs\/cazane-pe-combustibil-solid-burnit-nwb-max-55-kw\/\" \/>\n<meta property=\"og:site_name\" content=\"Termoshop.md\" \/>\n<meta property=\"article:modified_time\" content=\"2024-03-30T07:39:30+00:00\" \/>\n<meta property=\"og:image\" content=\"https:\/\/termoshop.md\/wp-content\/uploads\/2023\/07\/905901870.sunsystem-burnit-nwb-max-30-kw.jpg\" \/>\n\t<meta property=\"og:image:width\" content=\"391\" \/>\n\t<meta property=\"og:image:height\" content=\"489\" \/>\n\t<meta property=\"og:image:type\" content=\"image\/jpeg\" \/>\n<meta name=\"twitter:card\" content=\"summary_large_image\" \/>\n<meta name=\"twitter:label1\" content=\"\u041f\u0440\u0438\u043c\u0435\u0440\u043d\u043e\u0435 \u0432\u0440\u0435\u043c\u044f \u0434\u043b\u044f \u0447\u0442\u0435\u043d\u0438\u044f\" \/>\n\t<meta name=\"twitter:data1\" content=\"4 \u043c\u0438\u043d\u0443\u0442\u044b\" \/>\n<script type=\"application\/ld+json\" class=\"yoast-schema-graph\">{\"@context\":\"https:\/\/schema.org\",\"@graph\":[{\"@type\":\"WebPage\",\"@id\":\"https:\/\/termoshop.md\/produs\/cazane-pe-combustibil-solid-burnit-nwb-max-55-kw\/\",\"url\":\"https:\/\/termoshop.md\/produs\/cazane-pe-combustibil-solid-burnit-nwb-max-55-kw\/\",\"name\":\"CAZANE PE COMBUSTIBIL SOLID BURNIT NWB MAX 55 kw - Termoshop.md\",\"isPartOf\":{\"@id\":\"https:\/\/termoshop.md\/#website\"},\"primaryImageOfPage\":{\"@id\":\"https:\/\/termoshop.md\/produs\/cazane-pe-combustibil-solid-burnit-nwb-max-55-kw\/#primaryimage\"},\"image\":{\"@id\":\"https:\/\/termoshop.md\/produs\/cazane-pe-combustibil-solid-burnit-nwb-max-55-kw\/#primaryimage\"},\"thumbnailUrl\":\"https:\/\/termoshop.md\/wp-content\/uploads\/2023\/07\/905901870.sunsystem-burnit-nwb-max-30-kw.jpg\",\"datePublished\":\"2023-07-29T06:22:03+00:00\",\"dateModified\":\"2024-03-30T07:39:30+00:00\",\"description\":\"Cazan, pe peleti, cazane peleti, econome, centrale pe peleti, centrala peleti, bunker, cazan otel, cazan fonta, cazan pe lemne, cazan carbuni, Burnit\",\"breadcrumb\":{\"@id\":\"https:\/\/termoshop.md\/produs\/cazane-pe-combustibil-solid-burnit-nwb-max-55-kw\/#breadcrumb\"},\"inLanguage\":\"ru-RU\",\"potentialAction\":[{\"@type\":\"ReadAction\",\"target\":[\"https:\/\/termoshop.md\/produs\/cazane-pe-combustibil-solid-burnit-nwb-max-55-kw\/\"]}]},{\"@type\":\"ImageObject\",\"inLanguage\":\"ru-RU\",\"@id\":\"https:\/\/termoshop.md\/produs\/cazane-pe-combustibil-solid-burnit-nwb-max-55-kw\/#primaryimage\",\"url\":\"https:\/\/termoshop.md\/wp-content\/uploads\/2023\/07\/905901870.sunsystem-burnit-nwb-max-30-kw.jpg\",\"contentUrl\":\"https:\/\/termoshop.md\/wp-content\/uploads\/2023\/07\/905901870.sunsystem-burnit-nwb-max-30-kw.jpg\",\"width\":391,\"height\":489},{\"@type\":\"BreadcrumbList\",\"@id\":\"https:\/\/termoshop.md\/produs\/cazane-pe-combustibil-solid-burnit-nwb-max-55-kw\/#breadcrumb\",\"itemListElement\":[{\"@type\":\"ListItem\",\"position\":1,\"name\":\"Prima pagin\u0103\",\"item\":\"https:\/\/termoshop.md\/\"},{\"@type\":\"ListItem\",\"position\":2,\"name\":\"Toate Produsele\",\"item\":\"https:\/\/termoshop.md\/toate-produsele\/\"},{\"@type\":\"ListItem\",\"position\":3,\"name\":\"CAZANE PE COMBUSTIBIL SOLID BURNIT NWB MAX 55 kw\"}]},{\"@type\":\"WebSite\",\"@id\":\"https:\/\/termoshop.md\/#website\",\"url\":\"https:\/\/termoshop.md\/\",\"name\":\"Termoshop.md\",\"description\":\"Exper\u021bi \u00een solu\u021bii de top\",\"publisher\":{\"@id\":\"https:\/\/termoshop.md\/#organization\"},\"potentialAction\":[{\"@type\":\"SearchAction\",\"target\":{\"@type\":\"EntryPoint\",\"urlTemplate\":\"https:\/\/termoshop.md\/?s={search_term_string}\"},\"query-input\":{\"@type\":\"PropertyValueSpecification\",\"valueRequired\":true,\"valueName\":\"search_term_string\"}}],\"inLanguage\":\"ru-RU\"},{\"@type\":\"Organization\",\"@id\":\"https:\/\/termoshop.md\/#organization\",\"name\":\"Termoshop.md\",\"url\":\"https:\/\/termoshop.md\/\",\"logo\":{\"@type\":\"ImageObject\",\"inLanguage\":\"ru-RU\",\"@id\":\"https:\/\/termoshop.md\/#\/schema\/logo\/image\/\",\"url\":\"https:\/\/termoshop.md\/wp-content\/uploads\/2023\/04\/termoshopro.png\",\"contentUrl\":\"https:\/\/termoshop.md\/wp-content\/uploads\/2023\/04\/termoshopro.png\",\"width\":500,\"height\":94,\"caption\":\"Termoshop.md\"},\"image\":{\"@id\":\"https:\/\/termoshop.md\/#\/schema\/logo\/image\/\"}}]}<\/script>\n<!-- \/ Yoast SEO plugin. -->","yoast_head_json":{"title":"CAZANE PE COMBUSTIBIL SOLID BURNIT NWB MAX 55 kw - Termoshop.md","description":"Cazan, pe peleti, cazane peleti, econome, centrale pe peleti, centrala peleti, bunker, cazan otel, cazan fonta, cazan pe lemne, cazan carbuni, Burnit","robots":{"index":"index","follow":"follow","max-snippet":"max-snippet:-1","max-image-preview":"max-image-preview:large","max-video-preview":"max-video-preview:-1"},"canonical":"https:\/\/termoshop.md\/ru\/produs\/cazane-pe-combustibil-solid-burnit-nwb-max-55-kw\/","og_locale":"ru_RU","og_type":"article","og_title":"CAZANE PE COMBUSTIBIL SOLID BURNIT NWB MAX 55 kw - Termoshop.md","og_description":"Cazan, pe peleti, cazane peleti, econome, centrale pe peleti, centrala peleti, bunker, cazan otel, cazan fonta, cazan pe lemne, cazan carbuni, Burnit","og_url":"https:\/\/termoshop.md\/ru\/produs\/cazane-pe-combustibil-solid-burnit-nwb-max-55-kw\/","og_site_name":"Termoshop.md","article_modified_time":"2024-03-30T07:39:30+00:00","og_image":[{"width":391,"height":489,"url":"https:\/\/termoshop.md\/wp-content\/uploads\/2023\/07\/905901870.sunsystem-burnit-nwb-max-30-kw.jpg","type":"image\/jpeg"}],"twitter_card":"summary_large_image","twitter_misc":{"\u041f\u0440\u0438\u043c\u0435\u0440\u043d\u043e\u0435 \u0432\u0440\u0435\u043c\u044f \u0434\u043b\u044f \u0447\u0442\u0435\u043d\u0438\u044f":"4 \u043c\u0438\u043d\u0443\u0442\u044b"},"schema":{"@context":"https:\/\/schema.org","@graph":[{"@type":"WebPage","@id":"https:\/\/termoshop.md\/produs\/cazane-pe-combustibil-solid-burnit-nwb-max-55-kw\/","url":"https:\/\/termoshop.md\/produs\/cazane-pe-combustibil-solid-burnit-nwb-max-55-kw\/","name":"CAZANE PE COMBUSTIBIL SOLID BURNIT NWB MAX 55 kw - Termoshop.md","isPartOf":{"@id":"https:\/\/termoshop.md\/#website"},"primaryImageOfPage":{"@id":"https:\/\/termoshop.md\/produs\/cazane-pe-combustibil-solid-burnit-nwb-max-55-kw\/#primaryimage"},"image":{"@id":"https:\/\/termoshop.md\/produs\/cazane-pe-combustibil-solid-burnit-nwb-max-55-kw\/#primaryimage"},"thumbnailUrl":"https:\/\/termoshop.md\/wp-content\/uploads\/2023\/07\/905901870.sunsystem-burnit-nwb-max-30-kw.jpg","datePublished":"2023-07-29T06:22:03+00:00","dateModified":"2024-03-30T07:39:30+00:00","description":"Cazan, pe peleti, cazane peleti, econome, centrale pe peleti, centrala peleti, bunker, cazan otel, cazan fonta, cazan pe lemne, cazan carbuni, Burnit","breadcrumb":{"@id":"https:\/\/termoshop.md\/produs\/cazane-pe-combustibil-solid-burnit-nwb-max-55-kw\/#breadcrumb"},"inLanguage":"ru-RU","potentialAction":[{"@type":"ReadAction","target":["https:\/\/termoshop.md\/produs\/cazane-pe-combustibil-solid-burnit-nwb-max-55-kw\/"]}]},{"@type":"ImageObject","inLanguage":"ru-RU","@id":"https:\/\/termoshop.md\/produs\/cazane-pe-combustibil-solid-burnit-nwb-max-55-kw\/#primaryimage","url":"https:\/\/termoshop.md\/wp-content\/uploads\/2023\/07\/905901870.sunsystem-burnit-nwb-max-30-kw.jpg","contentUrl":"https:\/\/termoshop.md\/wp-content\/uploads\/2023\/07\/905901870.sunsystem-burnit-nwb-max-30-kw.jpg","width":391,"height":489},{"@type":"BreadcrumbList","@id":"https:\/\/termoshop.md\/produs\/cazane-pe-combustibil-solid-burnit-nwb-max-55-kw\/#breadcrumb","itemListElement":[{"@type":"ListItem","position":1,"name":"Prima pagin\u0103","item":"https:\/\/termoshop.md\/"},{"@type":"ListItem","position":2,"name":"Toate Produsele","item":"https:\/\/termoshop.md\/toate-produsele\/"},{"@type":"ListItem","position":3,"name":"CAZANE PE COMBUSTIBIL SOLID BURNIT NWB MAX 55 kw"}]},{"@type":"WebSite","@id":"https:\/\/termoshop.md\/#website","url":"https:\/\/termoshop.md\/","name":"Termoshop.md","description":"Exper\u021bi \u00een solu\u021bii de top","publisher":{"@id":"https:\/\/termoshop.md\/#organization"},"potentialAction":[{"@type":"SearchAction","target":{"@type":"EntryPoint","urlTemplate":"https:\/\/termoshop.md\/?s={search_term_string}"},"query-input":{"@type":"PropertyValueSpecification","valueRequired":true,"valueName":"search_term_string"}}],"inLanguage":"ru-RU"},{"@type":"Organization","@id":"https:\/\/termoshop.md\/#organization","name":"Termoshop.md","url":"https:\/\/termoshop.md\/","logo":{"@type":"ImageObject","inLanguage":"ru-RU","@id":"https:\/\/termoshop.md\/#\/schema\/logo\/image\/","url":"https:\/\/termoshop.md\/wp-content\/uploads\/2023\/04\/termoshopro.png","contentUrl":"https:\/\/termoshop.md\/wp-content\/uploads\/2023\/04\/termoshopro.png","width":500,"height":94,"caption":"Termoshop.md"},"image":{"@id":"https:\/\/termoshop.md\/#\/schema\/logo\/image\/"}}]}},"jetpack_sharing_enabled":true,"_links":{"self":[{"href":"https:\/\/termoshop.md\/ru\/wp-json\/wp\/v2\/product\/4006","targetHints":{"allow":["GET"]}}],"collection":[{"href":"https:\/\/termoshop.md\/ru\/wp-json\/wp\/v2\/product"}],"about":[{"href":"https:\/\/termoshop.md\/ru\/wp-json\/wp\/v2\/types\/product"}],"replies":[{"embeddable":true,"href":"https:\/\/termoshop.md\/ru\/wp-json\/wp\/v2\/comments?post=4006"}],"wp:featuredmedia":[{"embeddable":true,"href":"https:\/\/termoshop.md\/ru\/wp-json\/wp\/v2\/media\/4004"}],"wp:attachment":[{"href":"https:\/\/termoshop.md\/ru\/wp-json\/wp\/v2\/media?parent=4006"}],"wp:term":[{"taxonomy":"product_brand","embeddable":true,"href":"https:\/\/termoshop.md\/ru\/wp-json\/wp\/v2\/product_brand?post=4006"},{"taxonomy":"product_cat","embeddable":true,"href":"https:\/\/termoshop.md\/ru\/wp-json\/wp\/v2\/product_cat?post=4006"},{"taxonomy":"product_tag","embeddable":true,"href":"https:\/\/termoshop.md\/ru\/wp-json\/wp\/v2\/product_tag?post=4006"}],"curies":[{"name":"wp","href":"https:\/\/api.w.org\/{rel}","templated":true}]}}