{"id":3969,"date":"2023-07-28T08:50:56","date_gmt":"2023-07-28T08:50:56","guid":{"rendered":"https:\/\/termoshop.md\/?post_type=product&#038;p=3969"},"modified":"2024-01-29T10:05:03","modified_gmt":"2024-01-29T10:05:03","slug":"boiler-termoelectric-sunsystem-son-400-2s-cu-doua-serpentine-de-pardosea","status":"publish","type":"product","link":"https:\/\/termoshop.md\/ru\/produs\/boiler-termoelectric-sunsystem-son-400-2s-cu-doua-serpentine-de-pardosea\/","title":{"rendered":"\u0422\u0435\u0440\u043c\u043e\u044d\u043b\u0435\u043a\u0442\u0440\u0438\u0447\u0435\u0441\u043a\u0438\u0439 \u0431\u043e\u0439\u043b\u0435\u0440 SUNSYSTEM SON 400 2S \u0441 \u0434\u0432\u0443\u043c\u044f \u0442\u0435\u043f\u043b\u043e\u043e\u0431\u043c\u0435\u043d\u043d\u0438\u043a\u0430\u043c\u0438"},"content":{"rendered":"<p><strong>\u0422\u0435\u0440\u043c\u043e\u044d\u043b\u0435\u043a\u0442\u0440\u0438\u0447\u0435\u0441\u043a\u0438\u0439 \u0431\u043e\u0439\u043b\u0435\u0440 SUNSYSTEM SON 400 2S \u0441 \u0434\u0432\u0443\u043c\u044f \u0442\u0435\u043f\u043b\u043e\u043e\u0431\u043c\u0435\u043d\u043d\u0438\u043a\u0430\u043c\u0438<\/strong><\/p>\n<p>\u0412\u043e\u0434\u043e\u0433\u0440\u0435\u0439\u043d\u044b\u0435 \u043a\u043e\u0442\u043b\u044b SUNSYSTEM Son 2S \u043f\u0440\u0435\u0434\u0441\u0442\u0430\u0432\u043b\u044f\u044e\u0442 \u0441\u043e\u0431\u043e\u0439 \u043d\u0430\u043a\u043e\u043f\u0438\u0442\u0435\u043b\u044c\u043d\u044b\u0435 \u0432\u043e\u0434\u043e\u0433\u0440\u0435\u0439\u043d\u044b\u0435 \u043a\u043e\u0442\u043b\u044b \u0441 \u0434\u0432\u0443\u043c\u044f \u0444\u0438\u043a\u0441\u0438\u0440\u043e\u0432\u0430\u043d\u043d\u044b\u043c\u0438 \u0437\u043c\u0435\u0435\u0432\u0438\u043a\u0430\u043c\u0438. \u042d\u0442\u0438 \u0432\u043e\u0434\u043e\u0433\u0440\u0435\u0439\u043d\u044b\u0435 \u043a\u043e\u0442\u043b\u044b \u043c\u043e\u043d\u0442\u0438\u0440\u0443\u044e\u0442\u0441\u044f \u043d\u0430 \u043f\u043e\u043b\u0443 \u0438 \u0438\u0441\u043f\u043e\u043b\u044c\u0437\u0443\u044e\u0442\u0441\u044f \u0434\u043b\u044f \u043f\u0440\u0438\u0433\u043e\u0442\u043e\u0432\u043b\u0435\u043d\u0438\u044f \u0433\u043e\u0440\u044f\u0447\u0435\u0439 \u0432\u043e\u0434\u044b \u0434\u043b\u044f \u0431\u044b\u0442\u043e\u0432\u043e\u0433\u043e \u043f\u043e\u0442\u0440\u0435\u0431\u043b\u0435\u043d\u0438\u044f \u0441 \u043f\u043e\u043c\u043e\u0449\u044c\u044e \u043a\u043b\u0430\u0441\u0441\u0438\u0447\u0435\u0441\u043a\u0438\u0445 \u0438\u043b\u0438 \u0430\u043b\u044c\u0442\u0435\u0440\u043d\u0430\u0442\u0438\u0432\u043d\u044b\u0445 \u0438\u0441\u0442\u043e\u0447\u043d\u0438\u043a\u043e\u0432 \u044d\u043d\u0435\u0440\u0433\u0438\u0438. \u0412\u043e\u0437\u043c\u043e\u0436\u043d\u043e\u0441\u0442\u044c \u043f\u043e\u0434\u043a\u043b\u044e\u0447\u0435\u043d\u0438\u044f \u043a \u0441\u043e\u043b\u043d\u0435\u0447\u043d\u043e\u0439 \u0443\u0441\u0442\u0430\u043d\u043e\u0432\u043a\u0435 \u0438\u043b\u0438 \u043a\u043b\u0430\u0441\u0441\u0438\u0447\u0435\u0441\u043a\u043e\u0439 \u043e\u0442\u043e\u043f\u0438\u0442\u0435\u043b\u044c\u043d\u043e\u0439 \u0443\u0441\u0442\u0430\u043d\u043e\u0432\u043a\u0435. \u0414\u043e\u043f\u043e\u043b\u043d\u0438\u0442\u0435\u043b\u044c\u043d\u044b\u0439 \u043a\u043e\u043c\u043f\u043b\u0435\u043a\u0442 \u0434\u043b\u044f \u044d\u043b\u0435\u043a\u0442\u0440\u043e\u043e\u0431\u043e\u0433\u0440\u0435\u0432\u0430 \u0441 \u044d\u043b\u0435\u043a\u0442\u0440\u043e\u0441\u043e\u043f\u0440\u043e\u0442\u0438\u0432\u043b\u0435\u043d\u0438\u044f\u043c\u0438 \u043d\u043e\u043c\u0438\u043d\u0430\u043b\u044c\u043d\u043e\u0439 \u043c\u043e\u0449\u043d\u043e\u0441\u0442\u044c\u044e 3 \u043a\u0412\u0442, 4,5 \u043a\u0412\u0442, 6 \u043a\u0412\u0442 \u0438 7,5 \u043a\u0412\u0442.<\/p>\n<p>\u041f\u0440\u0435\u0438\u043c\u0443\u0449\u0435\u0441\u0442\u0432\u0430:<\/p>\n<p>\u041e\u0447\u0435\u043d\u044c \u044d\u0444\u0444\u0435\u043a\u0442\u0438\u0432\u043d\u0430\u044f \u0442\u0435\u043f\u043b\u043e\u0438\u0437\u043e\u043b\u044f\u0446\u0438\u044f \u0438 \u044d\u0441\u0442\u0435\u0442\u0438\u0447\u043d\u043e\u0435 \u041f\u0412\u0425-\u043f\u043e\u043a\u0440\u044b\u0442\u0438\u0435 \u0443\u0441\u0442\u0430\u043d\u043e\u0432\u043a\u0430 \u0432 \u043d\u0435\u0441\u043a\u043e\u043b\u044c\u043a\u0438\u0445 \u043f\u043e\u043b\u043e\u0436\u0435\u043d\u0438\u044f\u0445 \u0434\u0430\u0442\u0447\u0438\u043a\u0430 \u0442\u0435\u043c\u043f\u0435\u0440\u0430\u0442\u0443\u0440\u044b \u043f\u0440\u0435\u0434\u043e\u0445\u0440\u0430\u043d\u0438\u0442\u0435\u043b\u044c\u043d\u044b\u0439 \u043a\u043b\u0430\u043f\u0430\u043d, \u0442\u0435\u0440\u043c\u043e\u043c\u0435\u0442\u0440, \u0430\u043d\u043e\u0434, \u043d\u043e\u0436\u043a\u0438 \u0432 \u043a\u043e\u043c\u043f\u043b\u0435\u043a\u0442\u0435 \u043f\u043e\u043b\u043d\u0430\u044f \u0437\u0430\u0449\u0438\u0442\u0430 \u043e\u0442 \u043a\u043e\u0440\u0440\u043e\u0437\u0438\u0438 \u043e\u0431\u0435\u0441\u043f\u0435\u0447\u0438\u0432\u0430\u0435\u0442\u0441\u044f \u0442\u0438\u0442\u0430\u043d\u043e\u0432\u043e\u0439 \u044d\u043c\u0430\u043b\u044c\u044e \u0438 \u0430\u043d\u043e\u0434\u043d\u043e\u0439 \u0437\u0430\u0449\u0438\u0442\u043e\u0439 \u0441\u043c\u043e\u0442\u0440\u043e\u0432\u043e\u0433\u043e \u043e\u0442\u0432\u0435\u0440\u0441\u0442\u0438\u044f \u0432\u043e\u0437\u043c\u043e\u0436\u043d\u043e\u0441\u0442\u044c \u0443\u0441\u0442\u0430\u043d\u043e\u0432\u043a\u0438 \u044d\u043b\u0435\u043a\u0442\u0440\u0438\u0447\u0435\u0441\u043a\u043e\u0433\u043e \u043d\u0430\u0433\u0440\u0435\u0432\u0430\u0442\u0435\u043b\u044c\u043d\u043e\u0433\u043e \u044d\u043b\u0435\u043c\u0435\u043d\u0442\u0430<\/p>","protected":false},"excerpt":{"rendered":"<p>\u0412 \u043a\u043e\u043c\u043f\u043b\u0435\u043a\u0442\u0435 \u043f\u0440\u0435\u0434\u043e\u0445\u0440\u0430\u043d\u0438\u0442\u0435\u043b\u044c\u043d\u044b\u0439 \u043a\u043b\u0430\u043f\u0430\u043d 8 \u0431\u0430\u0440, \u0442\u0435\u0440\u043c\u043e\u043c\u0435\u0442\u0440, \u0430\u043d\u043e\u0434, \u043d\u043e\u0436\u043a\u0438!<\/p>","protected":false},"featured_media":3965,"comment_status":"open","ping_status":"closed","template":"","meta":[],"product_brand":[390],"product_cat":[401],"product_tag":[],"class_list":{"0":"post-3969","1":"product","2":"type-product","3":"status-publish","4":"has-post-thumbnail","6":"product_brand-sunsystem","7":"product_cat-boilere-termoelectrice","9":"first","10":"onbackorder","11":"shipping-taxable","12":"product-type-simple"},"yoast_head":"<!-- This site is optimized with the Yoast SEO plugin v26.9 - https:\/\/yoast.com\/product\/yoast-seo-wordpress\/ -->\n<title>Boiler termoelectric Sunsystem SON 400 2S cu doua serpentine de pardosea - Termoshop.md<\/title>\n<meta name=\"description\" content=\"Boiler, de uz casnic cu, doua serpantine, boiler, pentru producerea de ap\u0103 cald\u0103 menajer\u0103, boiler cu doua schimb\u0103toare de c\u0103ldur\u0103 de tip serpentin\u0103\" \/>\n<meta name=\"robots\" content=\"index, follow, max-snippet:-1, max-image-preview:large, max-video-preview:-1\" \/>\n<link rel=\"canonical\" href=\"https:\/\/termoshop.md\/ru\/produs\/boiler-termoelectric-sunsystem-son-400-2s-cu-doua-serpentine-de-pardosea\/\" \/>\n<meta property=\"og:locale\" content=\"ru_RU\" \/>\n<meta property=\"og:type\" content=\"article\" \/>\n<meta property=\"og:title\" content=\"Boiler termoelectric Sunsystem SON 400 2S cu doua serpentine de pardosea - Termoshop.md\" \/>\n<meta property=\"og:description\" content=\"Boiler, de uz casnic cu, doua serpantine, boiler, pentru producerea de ap\u0103 cald\u0103 menajer\u0103, boiler cu doua schimb\u0103toare de c\u0103ldur\u0103 de tip serpentin\u0103\" \/>\n<meta property=\"og:url\" content=\"https:\/\/termoshop.md\/ru\/produs\/boiler-termoelectric-sunsystem-son-400-2s-cu-doua-serpentine-de-pardosea\/\" \/>\n<meta property=\"og:site_name\" content=\"Termoshop.md\" \/>\n<meta property=\"article:modified_time\" content=\"2024-01-29T10:05:03+00:00\" \/>\n<meta property=\"og:image\" content=\"https:\/\/termoshop.md\/wp-content\/uploads\/2023\/07\/boiler-200-litri-cu-2-serpentine-sunsystem-son-200-pentru-centrala-termica-si-solar-montaj-pe-sol-izolatie-termica-manta-de-protectie-flansa-de-vizitare-emailat-cu-titan_899_1_1539769965.jpg\" \/>\n\t<meta property=\"og:image:width\" content=\"1068\" \/>\n\t<meta property=\"og:image:height\" content=\"1068\" \/>\n\t<meta property=\"og:image:type\" content=\"image\/jpeg\" \/>\n<meta name=\"twitter:card\" content=\"summary_large_image\" \/>\n<meta name=\"twitter:label1\" content=\"\u041f\u0440\u0438\u043c\u0435\u0440\u043d\u043e\u0435 \u0432\u0440\u0435\u043c\u044f \u0434\u043b\u044f \u0447\u0442\u0435\u043d\u0438\u044f\" \/>\n\t<meta name=\"twitter:data1\" content=\"1 \u043c\u0438\u043d\u0443\u0442\u0430\" \/>\n<script type=\"application\/ld+json\" class=\"yoast-schema-graph\">{\"@context\":\"https:\/\/schema.org\",\"@graph\":[{\"@type\":\"WebPage\",\"@id\":\"https:\/\/termoshop.md\/produs\/boiler-termoelectric-sunsystem-son-400-2s-cu-doua-serpentine-de-pardosea\/\",\"url\":\"https:\/\/termoshop.md\/produs\/boiler-termoelectric-sunsystem-son-400-2s-cu-doua-serpentine-de-pardosea\/\",\"name\":\"Boiler termoelectric Sunsystem SON 400 2S cu doua serpentine de pardosea - Termoshop.md\",\"isPartOf\":{\"@id\":\"https:\/\/termoshop.md\/#website\"},\"primaryImageOfPage\":{\"@id\":\"https:\/\/termoshop.md\/produs\/boiler-termoelectric-sunsystem-son-400-2s-cu-doua-serpentine-de-pardosea\/#primaryimage\"},\"image\":{\"@id\":\"https:\/\/termoshop.md\/produs\/boiler-termoelectric-sunsystem-son-400-2s-cu-doua-serpentine-de-pardosea\/#primaryimage\"},\"thumbnailUrl\":\"https:\/\/termoshop.md\/wp-content\/uploads\/2023\/07\/boiler-200-litri-cu-2-serpentine-sunsystem-son-200-pentru-centrala-termica-si-solar-montaj-pe-sol-izolatie-termica-manta-de-protectie-flansa-de-vizitare-emailat-cu-titan_899_1_1539769965.jpg\",\"datePublished\":\"2023-07-28T08:50:56+00:00\",\"dateModified\":\"2024-01-29T10:05:03+00:00\",\"description\":\"Boiler, de uz casnic cu, doua serpantine, boiler, pentru producerea de ap\u0103 cald\u0103 menajer\u0103, boiler cu doua schimb\u0103toare de c\u0103ldur\u0103 de tip serpentin\u0103\",\"breadcrumb\":{\"@id\":\"https:\/\/termoshop.md\/produs\/boiler-termoelectric-sunsystem-son-400-2s-cu-doua-serpentine-de-pardosea\/#breadcrumb\"},\"inLanguage\":\"ru-RU\",\"potentialAction\":[{\"@type\":\"ReadAction\",\"target\":[\"https:\/\/termoshop.md\/produs\/boiler-termoelectric-sunsystem-son-400-2s-cu-doua-serpentine-de-pardosea\/\"]}]},{\"@type\":\"ImageObject\",\"inLanguage\":\"ru-RU\",\"@id\":\"https:\/\/termoshop.md\/produs\/boiler-termoelectric-sunsystem-son-400-2s-cu-doua-serpentine-de-pardosea\/#primaryimage\",\"url\":\"https:\/\/termoshop.md\/wp-content\/uploads\/2023\/07\/boiler-200-litri-cu-2-serpentine-sunsystem-son-200-pentru-centrala-termica-si-solar-montaj-pe-sol-izolatie-termica-manta-de-protectie-flansa-de-vizitare-emailat-cu-titan_899_1_1539769965.jpg\",\"contentUrl\":\"https:\/\/termoshop.md\/wp-content\/uploads\/2023\/07\/boiler-200-litri-cu-2-serpentine-sunsystem-son-200-pentru-centrala-termica-si-solar-montaj-pe-sol-izolatie-termica-manta-de-protectie-flansa-de-vizitare-emailat-cu-titan_899_1_1539769965.jpg\",\"width\":1068,\"height\":1068},{\"@type\":\"BreadcrumbList\",\"@id\":\"https:\/\/termoshop.md\/produs\/boiler-termoelectric-sunsystem-son-400-2s-cu-doua-serpentine-de-pardosea\/#breadcrumb\",\"itemListElement\":[{\"@type\":\"ListItem\",\"position\":1,\"name\":\"Prima pagin\u0103\",\"item\":\"https:\/\/termoshop.md\/\"},{\"@type\":\"ListItem\",\"position\":2,\"name\":\"Toate Produsele\",\"item\":\"https:\/\/termoshop.md\/toate-produsele\/\"},{\"@type\":\"ListItem\",\"position\":3,\"name\":\"Boiler termoelectric Sunsystem SON 400 2S cu doua serpentine de pardosea\"}]},{\"@type\":\"WebSite\",\"@id\":\"https:\/\/termoshop.md\/#website\",\"url\":\"https:\/\/termoshop.md\/\",\"name\":\"Termoshop.md\",\"description\":\"Exper\u021bi \u00een solu\u021bii de top\",\"publisher\":{\"@id\":\"https:\/\/termoshop.md\/#organization\"},\"potentialAction\":[{\"@type\":\"SearchAction\",\"target\":{\"@type\":\"EntryPoint\",\"urlTemplate\":\"https:\/\/termoshop.md\/?s={search_term_string}\"},\"query-input\":{\"@type\":\"PropertyValueSpecification\",\"valueRequired\":true,\"valueName\":\"search_term_string\"}}],\"inLanguage\":\"ru-RU\"},{\"@type\":\"Organization\",\"@id\":\"https:\/\/termoshop.md\/#organization\",\"name\":\"Termoshop.md\",\"url\":\"https:\/\/termoshop.md\/\",\"logo\":{\"@type\":\"ImageObject\",\"inLanguage\":\"ru-RU\",\"@id\":\"https:\/\/termoshop.md\/#\/schema\/logo\/image\/\",\"url\":\"https:\/\/termoshop.md\/wp-content\/uploads\/2023\/04\/termoshopro.png\",\"contentUrl\":\"https:\/\/termoshop.md\/wp-content\/uploads\/2023\/04\/termoshopro.png\",\"width\":500,\"height\":94,\"caption\":\"Termoshop.md\"},\"image\":{\"@id\":\"https:\/\/termoshop.md\/#\/schema\/logo\/image\/\"}}]}<\/script>\n<!-- \/ Yoast SEO plugin. -->","yoast_head_json":{"title":"Boiler termoelectric Sunsystem SON 400 2S cu doua serpentine de pardosea - Termoshop.md","description":"Boiler, de uz casnic cu, doua serpantine, boiler, pentru producerea de ap\u0103 cald\u0103 menajer\u0103, boiler cu doua schimb\u0103toare de c\u0103ldur\u0103 de tip serpentin\u0103","robots":{"index":"index","follow":"follow","max-snippet":"max-snippet:-1","max-image-preview":"max-image-preview:large","max-video-preview":"max-video-preview:-1"},"canonical":"https:\/\/termoshop.md\/ru\/produs\/boiler-termoelectric-sunsystem-son-400-2s-cu-doua-serpentine-de-pardosea\/","og_locale":"ru_RU","og_type":"article","og_title":"Boiler termoelectric Sunsystem SON 400 2S cu doua serpentine de pardosea - Termoshop.md","og_description":"Boiler, de uz casnic cu, doua serpantine, boiler, pentru producerea de ap\u0103 cald\u0103 menajer\u0103, boiler cu doua schimb\u0103toare de c\u0103ldur\u0103 de tip serpentin\u0103","og_url":"https:\/\/termoshop.md\/ru\/produs\/boiler-termoelectric-sunsystem-son-400-2s-cu-doua-serpentine-de-pardosea\/","og_site_name":"Termoshop.md","article_modified_time":"2024-01-29T10:05:03+00:00","og_image":[{"width":1068,"height":1068,"url":"https:\/\/termoshop.md\/wp-content\/uploads\/2023\/07\/boiler-200-litri-cu-2-serpentine-sunsystem-son-200-pentru-centrala-termica-si-solar-montaj-pe-sol-izolatie-termica-manta-de-protectie-flansa-de-vizitare-emailat-cu-titan_899_1_1539769965.jpg","type":"image\/jpeg"}],"twitter_card":"summary_large_image","twitter_misc":{"\u041f\u0440\u0438\u043c\u0435\u0440\u043d\u043e\u0435 \u0432\u0440\u0435\u043c\u044f \u0434\u043b\u044f \u0447\u0442\u0435\u043d\u0438\u044f":"1 \u043c\u0438\u043d\u0443\u0442\u0430"},"schema":{"@context":"https:\/\/schema.org","@graph":[{"@type":"WebPage","@id":"https:\/\/termoshop.md\/produs\/boiler-termoelectric-sunsystem-son-400-2s-cu-doua-serpentine-de-pardosea\/","url":"https:\/\/termoshop.md\/produs\/boiler-termoelectric-sunsystem-son-400-2s-cu-doua-serpentine-de-pardosea\/","name":"Boiler termoelectric Sunsystem SON 400 2S cu doua serpentine de pardosea - Termoshop.md","isPartOf":{"@id":"https:\/\/termoshop.md\/#website"},"primaryImageOfPage":{"@id":"https:\/\/termoshop.md\/produs\/boiler-termoelectric-sunsystem-son-400-2s-cu-doua-serpentine-de-pardosea\/#primaryimage"},"image":{"@id":"https:\/\/termoshop.md\/produs\/boiler-termoelectric-sunsystem-son-400-2s-cu-doua-serpentine-de-pardosea\/#primaryimage"},"thumbnailUrl":"https:\/\/termoshop.md\/wp-content\/uploads\/2023\/07\/boiler-200-litri-cu-2-serpentine-sunsystem-son-200-pentru-centrala-termica-si-solar-montaj-pe-sol-izolatie-termica-manta-de-protectie-flansa-de-vizitare-emailat-cu-titan_899_1_1539769965.jpg","datePublished":"2023-07-28T08:50:56+00:00","dateModified":"2024-01-29T10:05:03+00:00","description":"Boiler, de uz casnic cu, doua serpantine, boiler, pentru producerea de ap\u0103 cald\u0103 menajer\u0103, boiler cu doua schimb\u0103toare de c\u0103ldur\u0103 de tip serpentin\u0103","breadcrumb":{"@id":"https:\/\/termoshop.md\/produs\/boiler-termoelectric-sunsystem-son-400-2s-cu-doua-serpentine-de-pardosea\/#breadcrumb"},"inLanguage":"ru-RU","potentialAction":[{"@type":"ReadAction","target":["https:\/\/termoshop.md\/produs\/boiler-termoelectric-sunsystem-son-400-2s-cu-doua-serpentine-de-pardosea\/"]}]},{"@type":"ImageObject","inLanguage":"ru-RU","@id":"https:\/\/termoshop.md\/produs\/boiler-termoelectric-sunsystem-son-400-2s-cu-doua-serpentine-de-pardosea\/#primaryimage","url":"https:\/\/termoshop.md\/wp-content\/uploads\/2023\/07\/boiler-200-litri-cu-2-serpentine-sunsystem-son-200-pentru-centrala-termica-si-solar-montaj-pe-sol-izolatie-termica-manta-de-protectie-flansa-de-vizitare-emailat-cu-titan_899_1_1539769965.jpg","contentUrl":"https:\/\/termoshop.md\/wp-content\/uploads\/2023\/07\/boiler-200-litri-cu-2-serpentine-sunsystem-son-200-pentru-centrala-termica-si-solar-montaj-pe-sol-izolatie-termica-manta-de-protectie-flansa-de-vizitare-emailat-cu-titan_899_1_1539769965.jpg","width":1068,"height":1068},{"@type":"BreadcrumbList","@id":"https:\/\/termoshop.md\/produs\/boiler-termoelectric-sunsystem-son-400-2s-cu-doua-serpentine-de-pardosea\/#breadcrumb","itemListElement":[{"@type":"ListItem","position":1,"name":"Prima pagin\u0103","item":"https:\/\/termoshop.md\/"},{"@type":"ListItem","position":2,"name":"Toate Produsele","item":"https:\/\/termoshop.md\/toate-produsele\/"},{"@type":"ListItem","position":3,"name":"Boiler termoelectric Sunsystem SON 400 2S cu doua serpentine de pardosea"}]},{"@type":"WebSite","@id":"https:\/\/termoshop.md\/#website","url":"https:\/\/termoshop.md\/","name":"Termoshop.md","description":"Exper\u021bi \u00een solu\u021bii de top","publisher":{"@id":"https:\/\/termoshop.md\/#organization"},"potentialAction":[{"@type":"SearchAction","target":{"@type":"EntryPoint","urlTemplate":"https:\/\/termoshop.md\/?s={search_term_string}"},"query-input":{"@type":"PropertyValueSpecification","valueRequired":true,"valueName":"search_term_string"}}],"inLanguage":"ru-RU"},{"@type":"Organization","@id":"https:\/\/termoshop.md\/#organization","name":"Termoshop.md","url":"https:\/\/termoshop.md\/","logo":{"@type":"ImageObject","inLanguage":"ru-RU","@id":"https:\/\/termoshop.md\/#\/schema\/logo\/image\/","url":"https:\/\/termoshop.md\/wp-content\/uploads\/2023\/04\/termoshopro.png","contentUrl":"https:\/\/termoshop.md\/wp-content\/uploads\/2023\/04\/termoshopro.png","width":500,"height":94,"caption":"Termoshop.md"},"image":{"@id":"https:\/\/termoshop.md\/#\/schema\/logo\/image\/"}}]}},"jetpack_sharing_enabled":true,"_links":{"self":[{"href":"https:\/\/termoshop.md\/ru\/wp-json\/wp\/v2\/product\/3969","targetHints":{"allow":["GET"]}}],"collection":[{"href":"https:\/\/termoshop.md\/ru\/wp-json\/wp\/v2\/product"}],"about":[{"href":"https:\/\/termoshop.md\/ru\/wp-json\/wp\/v2\/types\/product"}],"replies":[{"embeddable":true,"href":"https:\/\/termoshop.md\/ru\/wp-json\/wp\/v2\/comments?post=3969"}],"wp:featuredmedia":[{"embeddable":true,"href":"https:\/\/termoshop.md\/ru\/wp-json\/wp\/v2\/media\/3965"}],"wp:attachment":[{"href":"https:\/\/termoshop.md\/ru\/wp-json\/wp\/v2\/media?parent=3969"}],"wp:term":[{"taxonomy":"product_brand","embeddable":true,"href":"https:\/\/termoshop.md\/ru\/wp-json\/wp\/v2\/product_brand?post=3969"},{"taxonomy":"product_cat","embeddable":true,"href":"https:\/\/termoshop.md\/ru\/wp-json\/wp\/v2\/product_cat?post=3969"},{"taxonomy":"product_tag","embeddable":true,"href":"https:\/\/termoshop.md\/ru\/wp-json\/wp\/v2\/product_tag?post=3969"}],"curies":[{"name":"wp","href":"https:\/\/api.w.org\/{rel}","templated":true}]}}