{"id":3337,"date":"2023-05-30T07:24:11","date_gmt":"2023-05-30T07:24:11","guid":{"rendered":"https:\/\/termoshop.md\/?post_type=product&#038;p=3337"},"modified":"2024-03-30T07:47:05","modified_gmt":"2024-03-30T07:47:05","slug":"rezervor-peleti-ferroli-195-litri","status":"publish","type":"product","link":"https:\/\/termoshop.md\/ru\/produs\/rezervor-peleti-ferroli-195-litri\/","title":{"rendered":"Rezervor pele\u021bi Ferroli 195 litri"},"content":{"rendered":"<p>Rezervor pe pele\u021bi cu capacitate de 195 de litri, interschimbabil, adic\u0103 se poate folosi cu oricare dintre cele dou\u0103 arz\u0103toare SUN P7 N \u0219i SUN P12 N.<\/p>","protected":false},"excerpt":{"rendered":"<p>Capacitate rezervor pele\u021bi: 195 l<\/p>\n<p>Con\u021binut rezervor (bunc\u0103r): 140 kg<\/p>\n<p>Dimensiuni maxim pele\u021bi: (diametru\/lungime maxima) 6\/35 mm<\/p>","protected":false},"featured_media":3338,"comment_status":"open","ping_status":"closed","template":"","meta":[],"product_brand":[335],"product_cat":[135],"product_tag":[],"class_list":{"0":"post-3337","1":"product","2":"type-product","3":"status-publish","4":"has-post-thumbnail","6":"product_brand-ferroli","7":"product_cat-accesorii-cazane-sobe-si-seminee","9":"first","10":"outofstock","11":"shipping-taxable","12":"product-type-simple"},"yoast_head":"<!-- This site is optimized with the Yoast SEO plugin v26.9 - https:\/\/yoast.com\/product\/yoast-seo-wordpress\/ -->\n<title>Rezervor pele\u021bi Ferroli 195 litri - Termoshop.md<\/title>\n<meta name=\"description\" content=\"Rezervor pele\u021bi Ferroli 195 litri, Rezervor pele\u021bi Ferroli 195 litri in Iasi\" \/>\n<meta name=\"robots\" content=\"index, follow, max-snippet:-1, max-image-preview:large, max-video-preview:-1\" \/>\n<link rel=\"canonical\" href=\"https:\/\/termoshop.md\/ru\/produs\/rezervor-peleti-ferroli-195-litri\/\" \/>\n<meta property=\"og:locale\" content=\"ru_RU\" \/>\n<meta property=\"og:type\" content=\"article\" \/>\n<meta property=\"og:title\" content=\"Rezervor pele\u021bi Ferroli 195 litri - Termoshop.md\" \/>\n<meta property=\"og:description\" content=\"Rezervor pele\u021bi Ferroli 195 litri, Rezervor pele\u021bi Ferroli 195 litri in Iasi\" \/>\n<meta property=\"og:url\" content=\"https:\/\/termoshop.md\/ru\/produs\/rezervor-peleti-ferroli-195-litri\/\" \/>\n<meta property=\"og:site_name\" content=\"Termoshop.md\" \/>\n<meta property=\"article:modified_time\" content=\"2024-03-30T07:47:05+00:00\" \/>\n<meta property=\"og:image\" content=\"https:\/\/termoshop.md\/wp-content\/uploads\/2023\/05\/2171_1426_prd.jpg\" \/>\n\t<meta property=\"og:image:width\" content=\"510\" \/>\n\t<meta property=\"og:image:height\" content=\"510\" \/>\n\t<meta property=\"og:image:type\" content=\"image\/jpeg\" \/>\n<meta name=\"twitter:card\" content=\"summary_large_image\" \/>\n<meta name=\"twitter:label1\" content=\"\u041f\u0440\u0438\u043c\u0435\u0440\u043d\u043e\u0435 \u0432\u0440\u0435\u043c\u044f \u0434\u043b\u044f \u0447\u0442\u0435\u043d\u0438\u044f\" \/>\n\t<meta name=\"twitter:data1\" content=\"1 \u043c\u0438\u043d\u0443\u0442\u0430\" \/>\n<script type=\"application\/ld+json\" class=\"yoast-schema-graph\">{\"@context\":\"https:\/\/schema.org\",\"@graph\":[{\"@type\":\"WebPage\",\"@id\":\"https:\/\/termoshop.md\/produs\/rezervor-peleti-ferroli-195-litri\/\",\"url\":\"https:\/\/termoshop.md\/produs\/rezervor-peleti-ferroli-195-litri\/\",\"name\":\"Rezervor pele\u021bi Ferroli 195 litri - Termoshop.md\",\"isPartOf\":{\"@id\":\"https:\/\/termoshop.md\/#website\"},\"primaryImageOfPage\":{\"@id\":\"https:\/\/termoshop.md\/produs\/rezervor-peleti-ferroli-195-litri\/#primaryimage\"},\"image\":{\"@id\":\"https:\/\/termoshop.md\/produs\/rezervor-peleti-ferroli-195-litri\/#primaryimage\"},\"thumbnailUrl\":\"https:\/\/termoshop.md\/wp-content\/uploads\/2023\/05\/2171_1426_prd.jpg\",\"datePublished\":\"2023-05-30T07:24:11+00:00\",\"dateModified\":\"2024-03-30T07:47:05+00:00\",\"description\":\"Rezervor pele\u021bi Ferroli 195 litri, Rezervor pele\u021bi Ferroli 195 litri in Iasi\",\"breadcrumb\":{\"@id\":\"https:\/\/termoshop.md\/produs\/rezervor-peleti-ferroli-195-litri\/#breadcrumb\"},\"inLanguage\":\"ru-RU\",\"potentialAction\":[{\"@type\":\"ReadAction\",\"target\":[\"https:\/\/termoshop.md\/produs\/rezervor-peleti-ferroli-195-litri\/\"]}]},{\"@type\":\"ImageObject\",\"inLanguage\":\"ru-RU\",\"@id\":\"https:\/\/termoshop.md\/produs\/rezervor-peleti-ferroli-195-litri\/#primaryimage\",\"url\":\"https:\/\/termoshop.md\/wp-content\/uploads\/2023\/05\/2171_1426_prd.jpg\",\"contentUrl\":\"https:\/\/termoshop.md\/wp-content\/uploads\/2023\/05\/2171_1426_prd.jpg\",\"width\":510,\"height\":510},{\"@type\":\"BreadcrumbList\",\"@id\":\"https:\/\/termoshop.md\/produs\/rezervor-peleti-ferroli-195-litri\/#breadcrumb\",\"itemListElement\":[{\"@type\":\"ListItem\",\"position\":1,\"name\":\"Prima pagin\u0103\",\"item\":\"https:\/\/termoshop.md\/\"},{\"@type\":\"ListItem\",\"position\":2,\"name\":\"Toate Produsele\",\"item\":\"https:\/\/termoshop.md\/toate-produsele\/\"},{\"@type\":\"ListItem\",\"position\":3,\"name\":\"Rezervor pele\u021bi Ferroli 195 litri\"}]},{\"@type\":\"WebSite\",\"@id\":\"https:\/\/termoshop.md\/#website\",\"url\":\"https:\/\/termoshop.md\/\",\"name\":\"Termoshop.md\",\"description\":\"Exper\u021bi \u00een solu\u021bii de top\",\"publisher\":{\"@id\":\"https:\/\/termoshop.md\/#organization\"},\"potentialAction\":[{\"@type\":\"SearchAction\",\"target\":{\"@type\":\"EntryPoint\",\"urlTemplate\":\"https:\/\/termoshop.md\/?s={search_term_string}\"},\"query-input\":{\"@type\":\"PropertyValueSpecification\",\"valueRequired\":true,\"valueName\":\"search_term_string\"}}],\"inLanguage\":\"ru-RU\"},{\"@type\":\"Organization\",\"@id\":\"https:\/\/termoshop.md\/#organization\",\"name\":\"Termoshop.md\",\"url\":\"https:\/\/termoshop.md\/\",\"logo\":{\"@type\":\"ImageObject\",\"inLanguage\":\"ru-RU\",\"@id\":\"https:\/\/termoshop.md\/#\/schema\/logo\/image\/\",\"url\":\"https:\/\/termoshop.md\/wp-content\/uploads\/2023\/04\/termoshopro.png\",\"contentUrl\":\"https:\/\/termoshop.md\/wp-content\/uploads\/2023\/04\/termoshopro.png\",\"width\":500,\"height\":94,\"caption\":\"Termoshop.md\"},\"image\":{\"@id\":\"https:\/\/termoshop.md\/#\/schema\/logo\/image\/\"}}]}<\/script>\n<!-- \/ Yoast SEO plugin. -->","yoast_head_json":{"title":"Rezervor pele\u021bi Ferroli 195 litri - Termoshop.md","description":"Rezervor pele\u021bi Ferroli 195 litri, Rezervor pele\u021bi Ferroli 195 litri in Iasi","robots":{"index":"index","follow":"follow","max-snippet":"max-snippet:-1","max-image-preview":"max-image-preview:large","max-video-preview":"max-video-preview:-1"},"canonical":"https:\/\/termoshop.md\/ru\/produs\/rezervor-peleti-ferroli-195-litri\/","og_locale":"ru_RU","og_type":"article","og_title":"Rezervor pele\u021bi Ferroli 195 litri - Termoshop.md","og_description":"Rezervor pele\u021bi Ferroli 195 litri, Rezervor pele\u021bi Ferroli 195 litri in Iasi","og_url":"https:\/\/termoshop.md\/ru\/produs\/rezervor-peleti-ferroli-195-litri\/","og_site_name":"Termoshop.md","article_modified_time":"2024-03-30T07:47:05+00:00","og_image":[{"width":510,"height":510,"url":"https:\/\/termoshop.md\/wp-content\/uploads\/2023\/05\/2171_1426_prd.jpg","type":"image\/jpeg"}],"twitter_card":"summary_large_image","twitter_misc":{"\u041f\u0440\u0438\u043c\u0435\u0440\u043d\u043e\u0435 \u0432\u0440\u0435\u043c\u044f \u0434\u043b\u044f \u0447\u0442\u0435\u043d\u0438\u044f":"1 \u043c\u0438\u043d\u0443\u0442\u0430"},"schema":{"@context":"https:\/\/schema.org","@graph":[{"@type":"WebPage","@id":"https:\/\/termoshop.md\/produs\/rezervor-peleti-ferroli-195-litri\/","url":"https:\/\/termoshop.md\/produs\/rezervor-peleti-ferroli-195-litri\/","name":"Rezervor pele\u021bi Ferroli 195 litri - Termoshop.md","isPartOf":{"@id":"https:\/\/termoshop.md\/#website"},"primaryImageOfPage":{"@id":"https:\/\/termoshop.md\/produs\/rezervor-peleti-ferroli-195-litri\/#primaryimage"},"image":{"@id":"https:\/\/termoshop.md\/produs\/rezervor-peleti-ferroli-195-litri\/#primaryimage"},"thumbnailUrl":"https:\/\/termoshop.md\/wp-content\/uploads\/2023\/05\/2171_1426_prd.jpg","datePublished":"2023-05-30T07:24:11+00:00","dateModified":"2024-03-30T07:47:05+00:00","description":"Rezervor pele\u021bi Ferroli 195 litri, Rezervor pele\u021bi Ferroli 195 litri in Iasi","breadcrumb":{"@id":"https:\/\/termoshop.md\/produs\/rezervor-peleti-ferroli-195-litri\/#breadcrumb"},"inLanguage":"ru-RU","potentialAction":[{"@type":"ReadAction","target":["https:\/\/termoshop.md\/produs\/rezervor-peleti-ferroli-195-litri\/"]}]},{"@type":"ImageObject","inLanguage":"ru-RU","@id":"https:\/\/termoshop.md\/produs\/rezervor-peleti-ferroli-195-litri\/#primaryimage","url":"https:\/\/termoshop.md\/wp-content\/uploads\/2023\/05\/2171_1426_prd.jpg","contentUrl":"https:\/\/termoshop.md\/wp-content\/uploads\/2023\/05\/2171_1426_prd.jpg","width":510,"height":510},{"@type":"BreadcrumbList","@id":"https:\/\/termoshop.md\/produs\/rezervor-peleti-ferroli-195-litri\/#breadcrumb","itemListElement":[{"@type":"ListItem","position":1,"name":"Prima pagin\u0103","item":"https:\/\/termoshop.md\/"},{"@type":"ListItem","position":2,"name":"Toate Produsele","item":"https:\/\/termoshop.md\/toate-produsele\/"},{"@type":"ListItem","position":3,"name":"Rezervor pele\u021bi Ferroli 195 litri"}]},{"@type":"WebSite","@id":"https:\/\/termoshop.md\/#website","url":"https:\/\/termoshop.md\/","name":"Termoshop.md","description":"Exper\u021bi \u00een solu\u021bii de top","publisher":{"@id":"https:\/\/termoshop.md\/#organization"},"potentialAction":[{"@type":"SearchAction","target":{"@type":"EntryPoint","urlTemplate":"https:\/\/termoshop.md\/?s={search_term_string}"},"query-input":{"@type":"PropertyValueSpecification","valueRequired":true,"valueName":"search_term_string"}}],"inLanguage":"ru-RU"},{"@type":"Organization","@id":"https:\/\/termoshop.md\/#organization","name":"Termoshop.md","url":"https:\/\/termoshop.md\/","logo":{"@type":"ImageObject","inLanguage":"ru-RU","@id":"https:\/\/termoshop.md\/#\/schema\/logo\/image\/","url":"https:\/\/termoshop.md\/wp-content\/uploads\/2023\/04\/termoshopro.png","contentUrl":"https:\/\/termoshop.md\/wp-content\/uploads\/2023\/04\/termoshopro.png","width":500,"height":94,"caption":"Termoshop.md"},"image":{"@id":"https:\/\/termoshop.md\/#\/schema\/logo\/image\/"}}]}},"jetpack_sharing_enabled":true,"_links":{"self":[{"href":"https:\/\/termoshop.md\/ru\/wp-json\/wp\/v2\/product\/3337","targetHints":{"allow":["GET"]}}],"collection":[{"href":"https:\/\/termoshop.md\/ru\/wp-json\/wp\/v2\/product"}],"about":[{"href":"https:\/\/termoshop.md\/ru\/wp-json\/wp\/v2\/types\/product"}],"replies":[{"embeddable":true,"href":"https:\/\/termoshop.md\/ru\/wp-json\/wp\/v2\/comments?post=3337"}],"wp:featuredmedia":[{"embeddable":true,"href":"https:\/\/termoshop.md\/ru\/wp-json\/wp\/v2\/media\/3338"}],"wp:attachment":[{"href":"https:\/\/termoshop.md\/ru\/wp-json\/wp\/v2\/media?parent=3337"}],"wp:term":[{"taxonomy":"product_brand","embeddable":true,"href":"https:\/\/termoshop.md\/ru\/wp-json\/wp\/v2\/product_brand?post=3337"},{"taxonomy":"product_cat","embeddable":true,"href":"https:\/\/termoshop.md\/ru\/wp-json\/wp\/v2\/product_cat?post=3337"},{"taxonomy":"product_tag","embeddable":true,"href":"https:\/\/termoshop.md\/ru\/wp-json\/wp\/v2\/product_tag?post=3337"}],"curies":[{"name":"wp","href":"https:\/\/api.w.org\/{rel}","templated":true}]}}