{"id":3328,"date":"2023-05-30T06:55:21","date_gmt":"2023-05-30T06:55:21","guid":{"rendered":"https:\/\/termoshop.md\/?post_type=product&#038;p=3328"},"modified":"2024-03-30T07:47:26","modified_gmt":"2024-03-30T07:47:26","slug":"controler-darwin-ferroli-wifibtapp-pentru-cazane-pe-peleti-ferroli-biomax","status":"publish","type":"product","link":"https:\/\/termoshop.md\/ru\/produs\/controler-darwin-ferroli-wifibtapp-pentru-cazane-pe-peleti-ferroli-biomax\/","title":{"rendered":"Controler DARWIN Ferroli WIFI+BT+APP pentru cazane pe pele\u021bi Ferroli BioMax"},"content":{"rendered":"<h4><strong>Aplica\u021bia Ferroli v\u0103 permite s\u0103 controla\u021bi direct centrala termic\u0103 pe pele\u021bi Biomax:<\/strong><br \/>\n<strong>&#8211; Porni\u021bi \u0219i opri\u021bi aparatul;<\/strong><br \/>\n<strong>&#8211; Regla\u021bi puterea de func\u021bionare;<\/strong><br \/>\n<strong>&#8211; Regla\u021bi temperatura ambiental\u0103;<\/strong><br \/>\n<strong>&#8211; Regla\u021bi temperatura de curgere a apei de \u00eenc\u0103lzire;<\/strong><\/h4>\n<h4><strong>&#8211; Program PORNIRE\/OPRIRE de 4 ori\/zi pe s\u0103pt\u0103m\u00e2n\u0103<\/strong><br \/>\n<strong>&#8211; Fii informat \u00een timp real cu privire la statusul cazanului.<\/strong><\/h4>","protected":false},"excerpt":{"rendered":"<h4><strong>Controlerul Darwin permite controlul cazanelor Biomax de pe telefon mobil sau tablet\u0103, prin aplica\u021bie dedicat\u0103.<\/strong><\/h4>","protected":false},"featured_media":3329,"comment_status":"open","ping_status":"closed","template":"","meta":[],"product_brand":[335],"product_cat":[135],"product_tag":[],"class_list":{"0":"post-3328","1":"product","2":"type-product","3":"status-publish","4":"has-post-thumbnail","6":"product_brand-ferroli","7":"product_cat-accesorii-cazane-sobe-si-seminee","9":"first","10":"outofstock","11":"shipping-taxable","12":"product-type-simple"},"yoast_head":"<!-- This site is optimized with the Yoast SEO plugin v26.9 - https:\/\/yoast.com\/product\/yoast-seo-wordpress\/ -->\n<title>Controler DARWIN Ferroli WIFI+BT+APP pentru cazane pe pele\u021bi Ferroli BioMax - Termoshop.md<\/title>\n<meta name=\"description\" content=\"Controler DARWIN Ferroli WIFI+BT+APP pentru cazane pe peleti Ferroli BioMax, Controler Ferroli WIFI+BT+APP, Controler Ferroli pentru cazane pe peleti Ferroli BioMax\" \/>\n<meta name=\"robots\" content=\"index, follow, max-snippet:-1, max-image-preview:large, max-video-preview:-1\" \/>\n<link rel=\"canonical\" href=\"https:\/\/termoshop.md\/ru\/produs\/controler-darwin-ferroli-wifibtapp-pentru-cazane-pe-peleti-ferroli-biomax\/\" \/>\n<meta property=\"og:locale\" content=\"ru_RU\" \/>\n<meta property=\"og:type\" content=\"article\" \/>\n<meta property=\"og:title\" content=\"Controler DARWIN Ferroli WIFI+BT+APP pentru cazane pe pele\u021bi Ferroli BioMax - Termoshop.md\" \/>\n<meta property=\"og:description\" content=\"Controler DARWIN Ferroli WIFI+BT+APP pentru cazane pe peleti Ferroli BioMax, Controler Ferroli WIFI+BT+APP, Controler Ferroli pentru cazane pe peleti Ferroli BioMax\" \/>\n<meta property=\"og:url\" content=\"https:\/\/termoshop.md\/ru\/produs\/controler-darwin-ferroli-wifibtapp-pentru-cazane-pe-peleti-ferroli-biomax\/\" \/>\n<meta property=\"og:site_name\" content=\"Termoshop.md\" \/>\n<meta property=\"article:modified_time\" content=\"2024-03-30T07:47:26+00:00\" \/>\n<meta property=\"og:image\" content=\"https:\/\/termoshop.md\/wp-content\/uploads\/2023\/05\/controler-darwin-ferroli-wifibtapp-pt-cazane-pe-peleti-biomax-883-1.jpg\" \/>\n\t<meta property=\"og:image:width\" content=\"500\" \/>\n\t<meta property=\"og:image:height\" content=\"500\" \/>\n\t<meta property=\"og:image:type\" content=\"image\/jpeg\" \/>\n<meta name=\"twitter:card\" content=\"summary_large_image\" \/>\n<meta name=\"twitter:label1\" content=\"\u041f\u0440\u0438\u043c\u0435\u0440\u043d\u043e\u0435 \u0432\u0440\u0435\u043c\u044f \u0434\u043b\u044f \u0447\u0442\u0435\u043d\u0438\u044f\" \/>\n\t<meta name=\"twitter:data1\" content=\"1 \u043c\u0438\u043d\u0443\u0442\u0430\" \/>\n<script type=\"application\/ld+json\" class=\"yoast-schema-graph\">{\"@context\":\"https:\/\/schema.org\",\"@graph\":[{\"@type\":\"WebPage\",\"@id\":\"https:\/\/termoshop.md\/produs\/controler-darwin-ferroli-wifibtapp-pentru-cazane-pe-peleti-ferroli-biomax\/\",\"url\":\"https:\/\/termoshop.md\/produs\/controler-darwin-ferroli-wifibtapp-pentru-cazane-pe-peleti-ferroli-biomax\/\",\"name\":\"Controler DARWIN Ferroli WIFI+BT+APP pentru cazane pe pele\u021bi Ferroli BioMax - Termoshop.md\",\"isPartOf\":{\"@id\":\"https:\/\/termoshop.md\/#website\"},\"primaryImageOfPage\":{\"@id\":\"https:\/\/termoshop.md\/produs\/controler-darwin-ferroli-wifibtapp-pentru-cazane-pe-peleti-ferroli-biomax\/#primaryimage\"},\"image\":{\"@id\":\"https:\/\/termoshop.md\/produs\/controler-darwin-ferroli-wifibtapp-pentru-cazane-pe-peleti-ferroli-biomax\/#primaryimage\"},\"thumbnailUrl\":\"https:\/\/termoshop.md\/wp-content\/uploads\/2023\/05\/controler-darwin-ferroli-wifibtapp-pt-cazane-pe-peleti-biomax-883-1.jpg\",\"datePublished\":\"2023-05-30T06:55:21+00:00\",\"dateModified\":\"2024-03-30T07:47:26+00:00\",\"description\":\"Controler DARWIN Ferroli WIFI+BT+APP pentru cazane pe peleti Ferroli BioMax, Controler Ferroli WIFI+BT+APP, Controler Ferroli pentru cazane pe peleti Ferroli BioMax\",\"breadcrumb\":{\"@id\":\"https:\/\/termoshop.md\/produs\/controler-darwin-ferroli-wifibtapp-pentru-cazane-pe-peleti-ferroli-biomax\/#breadcrumb\"},\"inLanguage\":\"ru-RU\",\"potentialAction\":[{\"@type\":\"ReadAction\",\"target\":[\"https:\/\/termoshop.md\/produs\/controler-darwin-ferroli-wifibtapp-pentru-cazane-pe-peleti-ferroli-biomax\/\"]}]},{\"@type\":\"ImageObject\",\"inLanguage\":\"ru-RU\",\"@id\":\"https:\/\/termoshop.md\/produs\/controler-darwin-ferroli-wifibtapp-pentru-cazane-pe-peleti-ferroli-biomax\/#primaryimage\",\"url\":\"https:\/\/termoshop.md\/wp-content\/uploads\/2023\/05\/controler-darwin-ferroli-wifibtapp-pt-cazane-pe-peleti-biomax-883-1.jpg\",\"contentUrl\":\"https:\/\/termoshop.md\/wp-content\/uploads\/2023\/05\/controler-darwin-ferroli-wifibtapp-pt-cazane-pe-peleti-biomax-883-1.jpg\",\"width\":500,\"height\":500},{\"@type\":\"BreadcrumbList\",\"@id\":\"https:\/\/termoshop.md\/produs\/controler-darwin-ferroli-wifibtapp-pentru-cazane-pe-peleti-ferroli-biomax\/#breadcrumb\",\"itemListElement\":[{\"@type\":\"ListItem\",\"position\":1,\"name\":\"Prima pagin\u0103\",\"item\":\"https:\/\/termoshop.md\/\"},{\"@type\":\"ListItem\",\"position\":2,\"name\":\"Toate Produsele\",\"item\":\"https:\/\/termoshop.md\/toate-produsele\/\"},{\"@type\":\"ListItem\",\"position\":3,\"name\":\"Controler DARWIN Ferroli WIFI+BT+APP pentru cazane pe pele\u021bi Ferroli BioMax\"}]},{\"@type\":\"WebSite\",\"@id\":\"https:\/\/termoshop.md\/#website\",\"url\":\"https:\/\/termoshop.md\/\",\"name\":\"Termoshop.md\",\"description\":\"Exper\u021bi \u00een solu\u021bii de top\",\"publisher\":{\"@id\":\"https:\/\/termoshop.md\/#organization\"},\"potentialAction\":[{\"@type\":\"SearchAction\",\"target\":{\"@type\":\"EntryPoint\",\"urlTemplate\":\"https:\/\/termoshop.md\/?s={search_term_string}\"},\"query-input\":{\"@type\":\"PropertyValueSpecification\",\"valueRequired\":true,\"valueName\":\"search_term_string\"}}],\"inLanguage\":\"ru-RU\"},{\"@type\":\"Organization\",\"@id\":\"https:\/\/termoshop.md\/#organization\",\"name\":\"Termoshop.md\",\"url\":\"https:\/\/termoshop.md\/\",\"logo\":{\"@type\":\"ImageObject\",\"inLanguage\":\"ru-RU\",\"@id\":\"https:\/\/termoshop.md\/#\/schema\/logo\/image\/\",\"url\":\"https:\/\/termoshop.md\/wp-content\/uploads\/2023\/04\/termoshopro.png\",\"contentUrl\":\"https:\/\/termoshop.md\/wp-content\/uploads\/2023\/04\/termoshopro.png\",\"width\":500,\"height\":94,\"caption\":\"Termoshop.md\"},\"image\":{\"@id\":\"https:\/\/termoshop.md\/#\/schema\/logo\/image\/\"}}]}<\/script>\n<!-- \/ Yoast SEO plugin. -->","yoast_head_json":{"title":"Controler DARWIN Ferroli WIFI+BT+APP pentru cazane pe pele\u021bi Ferroli BioMax - Termoshop.md","description":"Controler DARWIN Ferroli WIFI+BT+APP pentru cazane pe peleti Ferroli BioMax, Controler Ferroli WIFI+BT+APP, Controler Ferroli pentru cazane pe peleti Ferroli BioMax","robots":{"index":"index","follow":"follow","max-snippet":"max-snippet:-1","max-image-preview":"max-image-preview:large","max-video-preview":"max-video-preview:-1"},"canonical":"https:\/\/termoshop.md\/ru\/produs\/controler-darwin-ferroli-wifibtapp-pentru-cazane-pe-peleti-ferroli-biomax\/","og_locale":"ru_RU","og_type":"article","og_title":"Controler DARWIN Ferroli WIFI+BT+APP pentru cazane pe pele\u021bi Ferroli BioMax - Termoshop.md","og_description":"Controler DARWIN Ferroli WIFI+BT+APP pentru cazane pe peleti Ferroli BioMax, Controler Ferroli WIFI+BT+APP, Controler Ferroli pentru cazane pe peleti Ferroli BioMax","og_url":"https:\/\/termoshop.md\/ru\/produs\/controler-darwin-ferroli-wifibtapp-pentru-cazane-pe-peleti-ferroli-biomax\/","og_site_name":"Termoshop.md","article_modified_time":"2024-03-30T07:47:26+00:00","og_image":[{"width":500,"height":500,"url":"https:\/\/termoshop.md\/wp-content\/uploads\/2023\/05\/controler-darwin-ferroli-wifibtapp-pt-cazane-pe-peleti-biomax-883-1.jpg","type":"image\/jpeg"}],"twitter_card":"summary_large_image","twitter_misc":{"\u041f\u0440\u0438\u043c\u0435\u0440\u043d\u043e\u0435 \u0432\u0440\u0435\u043c\u044f \u0434\u043b\u044f \u0447\u0442\u0435\u043d\u0438\u044f":"1 \u043c\u0438\u043d\u0443\u0442\u0430"},"schema":{"@context":"https:\/\/schema.org","@graph":[{"@type":"WebPage","@id":"https:\/\/termoshop.md\/produs\/controler-darwin-ferroli-wifibtapp-pentru-cazane-pe-peleti-ferroli-biomax\/","url":"https:\/\/termoshop.md\/produs\/controler-darwin-ferroli-wifibtapp-pentru-cazane-pe-peleti-ferroli-biomax\/","name":"Controler DARWIN Ferroli WIFI+BT+APP pentru cazane pe pele\u021bi Ferroli BioMax - Termoshop.md","isPartOf":{"@id":"https:\/\/termoshop.md\/#website"},"primaryImageOfPage":{"@id":"https:\/\/termoshop.md\/produs\/controler-darwin-ferroli-wifibtapp-pentru-cazane-pe-peleti-ferroli-biomax\/#primaryimage"},"image":{"@id":"https:\/\/termoshop.md\/produs\/controler-darwin-ferroli-wifibtapp-pentru-cazane-pe-peleti-ferroli-biomax\/#primaryimage"},"thumbnailUrl":"https:\/\/termoshop.md\/wp-content\/uploads\/2023\/05\/controler-darwin-ferroli-wifibtapp-pt-cazane-pe-peleti-biomax-883-1.jpg","datePublished":"2023-05-30T06:55:21+00:00","dateModified":"2024-03-30T07:47:26+00:00","description":"Controler DARWIN Ferroli WIFI+BT+APP pentru cazane pe peleti Ferroli BioMax, Controler Ferroli WIFI+BT+APP, Controler Ferroli pentru cazane pe peleti Ferroli BioMax","breadcrumb":{"@id":"https:\/\/termoshop.md\/produs\/controler-darwin-ferroli-wifibtapp-pentru-cazane-pe-peleti-ferroli-biomax\/#breadcrumb"},"inLanguage":"ru-RU","potentialAction":[{"@type":"ReadAction","target":["https:\/\/termoshop.md\/produs\/controler-darwin-ferroli-wifibtapp-pentru-cazane-pe-peleti-ferroli-biomax\/"]}]},{"@type":"ImageObject","inLanguage":"ru-RU","@id":"https:\/\/termoshop.md\/produs\/controler-darwin-ferroli-wifibtapp-pentru-cazane-pe-peleti-ferroli-biomax\/#primaryimage","url":"https:\/\/termoshop.md\/wp-content\/uploads\/2023\/05\/controler-darwin-ferroli-wifibtapp-pt-cazane-pe-peleti-biomax-883-1.jpg","contentUrl":"https:\/\/termoshop.md\/wp-content\/uploads\/2023\/05\/controler-darwin-ferroli-wifibtapp-pt-cazane-pe-peleti-biomax-883-1.jpg","width":500,"height":500},{"@type":"BreadcrumbList","@id":"https:\/\/termoshop.md\/produs\/controler-darwin-ferroli-wifibtapp-pentru-cazane-pe-peleti-ferroli-biomax\/#breadcrumb","itemListElement":[{"@type":"ListItem","position":1,"name":"Prima pagin\u0103","item":"https:\/\/termoshop.md\/"},{"@type":"ListItem","position":2,"name":"Toate Produsele","item":"https:\/\/termoshop.md\/toate-produsele\/"},{"@type":"ListItem","position":3,"name":"Controler DARWIN Ferroli WIFI+BT+APP pentru cazane pe pele\u021bi Ferroli BioMax"}]},{"@type":"WebSite","@id":"https:\/\/termoshop.md\/#website","url":"https:\/\/termoshop.md\/","name":"Termoshop.md","description":"Exper\u021bi \u00een solu\u021bii de top","publisher":{"@id":"https:\/\/termoshop.md\/#organization"},"potentialAction":[{"@type":"SearchAction","target":{"@type":"EntryPoint","urlTemplate":"https:\/\/termoshop.md\/?s={search_term_string}"},"query-input":{"@type":"PropertyValueSpecification","valueRequired":true,"valueName":"search_term_string"}}],"inLanguage":"ru-RU"},{"@type":"Organization","@id":"https:\/\/termoshop.md\/#organization","name":"Termoshop.md","url":"https:\/\/termoshop.md\/","logo":{"@type":"ImageObject","inLanguage":"ru-RU","@id":"https:\/\/termoshop.md\/#\/schema\/logo\/image\/","url":"https:\/\/termoshop.md\/wp-content\/uploads\/2023\/04\/termoshopro.png","contentUrl":"https:\/\/termoshop.md\/wp-content\/uploads\/2023\/04\/termoshopro.png","width":500,"height":94,"caption":"Termoshop.md"},"image":{"@id":"https:\/\/termoshop.md\/#\/schema\/logo\/image\/"}}]}},"jetpack_sharing_enabled":true,"_links":{"self":[{"href":"https:\/\/termoshop.md\/ru\/wp-json\/wp\/v2\/product\/3328","targetHints":{"allow":["GET"]}}],"collection":[{"href":"https:\/\/termoshop.md\/ru\/wp-json\/wp\/v2\/product"}],"about":[{"href":"https:\/\/termoshop.md\/ru\/wp-json\/wp\/v2\/types\/product"}],"replies":[{"embeddable":true,"href":"https:\/\/termoshop.md\/ru\/wp-json\/wp\/v2\/comments?post=3328"}],"wp:featuredmedia":[{"embeddable":true,"href":"https:\/\/termoshop.md\/ru\/wp-json\/wp\/v2\/media\/3329"}],"wp:attachment":[{"href":"https:\/\/termoshop.md\/ru\/wp-json\/wp\/v2\/media?parent=3328"}],"wp:term":[{"taxonomy":"product_brand","embeddable":true,"href":"https:\/\/termoshop.md\/ru\/wp-json\/wp\/v2\/product_brand?post=3328"},{"taxonomy":"product_cat","embeddable":true,"href":"https:\/\/termoshop.md\/ru\/wp-json\/wp\/v2\/product_cat?post=3328"},{"taxonomy":"product_tag","embeddable":true,"href":"https:\/\/termoshop.md\/ru\/wp-json\/wp\/v2\/product_tag?post=3328"}],"curies":[{"name":"wp","href":"https:\/\/api.w.org\/{rel}","templated":true}]}}