{"id":3326,"date":"2023-05-30T06:46:26","date_gmt":"2023-05-30T06:46:26","guid":{"rendered":"https:\/\/termoshop.md\/?post_type=product&#038;p=3326"},"modified":"2024-03-30T07:47:36","modified_gmt":"2024-03-30T07:47:36","slug":"buncar-suplimentar-47-kg-pentru-cazanele-ferroli-biomax","status":"publish","type":"product","link":"https:\/\/termoshop.md\/ru\/produs\/buncar-suplimentar-47-kg-pentru-cazanele-ferroli-biomax\/","title":{"rendered":"Bunc\u0103r suplimentar 47 kg pentru cazanele Ferroli BIOMAX"},"content":{"rendered":"<p>Rezervorul de pele\u021bi poate func\u021biona numai \u00eempreun\u0103 cu cazanul, a\u0219ezat \u00een st\u00e2nga sau \u00een dreapta acestuia. \u00cenc\u0103rcarea cu pele\u021bi a bunc\u0103rului se face doar prin u\u0219a special destinat\u0103 acesteia. Pentru siguran\u021ba \u00eempotriva \u00eenchiderii accidentale a u\u0219ii \u00een timpul aliment\u0103rii, este prev\u0103zut\u0103 cu o tij\u0103 de blocare. \u00cen timpul func\u021bion\u0103rii u\u0219a trebuie s\u0103 fie \u00eenchis\u0103 str\u00e2ns. Placa electronic\u0103 a cazanului comand\u0103 \u0219necul doar c\u00e2nd este cazul \u0219i pentru o perioad\u0103 de timp prestabilit\u0103.\u00a0 Rezervorul suplimentar este prev\u0103zut cu un senzor de nivel minim pele\u021bi, iar in cazul \u00een care rezervorul se gole\u0219te, placa electronic\u0103 a cazanului va afi\u0219a alarma NO PELLET (FARA PELETI)<\/p>","protected":false},"excerpt":{"rendered":"<p>Bunc\u0103rul suplimentar este compatibil cu centralele termice Ferolli BioMax 24.<\/p>","protected":false},"featured_media":3327,"comment_status":"open","ping_status":"closed","template":"","meta":[],"product_brand":[335],"product_cat":[135],"product_tag":[],"class_list":{"0":"post-3326","1":"product","2":"type-product","3":"status-publish","4":"has-post-thumbnail","6":"product_brand-ferroli","7":"product_cat-accesorii-cazane-sobe-si-seminee","9":"first","10":"outofstock","11":"shipping-taxable","12":"product-type-simple"},"yoast_head":"<!-- This site is optimized with the Yoast SEO plugin v26.9 - https:\/\/yoast.com\/product\/yoast-seo-wordpress\/ -->\n<title>Bunc\u0103r suplimentar 47 kg pentru cazanele Ferroli BIOMAX - Termoshop.md<\/title>\n<meta name=\"description\" content=\"Buncar suplimentar pentru cazanele Ferroli Biomax in Iasi, Buncar suplimentar de 47 kg pentru cazanele Ferroli Biomax, Buncar suplimentar pentru cazanele Ferroli\" \/>\n<meta name=\"robots\" content=\"index, follow, max-snippet:-1, max-image-preview:large, max-video-preview:-1\" \/>\n<link rel=\"canonical\" href=\"https:\/\/termoshop.md\/ru\/produs\/buncar-suplimentar-47-kg-pentru-cazanele-ferroli-biomax\/\" \/>\n<meta property=\"og:locale\" content=\"ru_RU\" \/>\n<meta property=\"og:type\" content=\"article\" \/>\n<meta property=\"og:title\" content=\"Bunc\u0103r suplimentar 47 kg pentru cazanele Ferroli BIOMAX - Termoshop.md\" \/>\n<meta property=\"og:description\" content=\"Buncar suplimentar pentru cazanele Ferroli Biomax in Iasi, Buncar suplimentar de 47 kg pentru cazanele Ferroli Biomax, Buncar suplimentar pentru cazanele Ferroli\" \/>\n<meta property=\"og:url\" content=\"https:\/\/termoshop.md\/ru\/produs\/buncar-suplimentar-47-kg-pentru-cazanele-ferroli-biomax\/\" \/>\n<meta property=\"og:site_name\" content=\"Termoshop.md\" \/>\n<meta property=\"article:modified_time\" content=\"2024-03-30T07:47:36+00:00\" \/>\n<meta property=\"og:image\" content=\"https:\/\/termoshop.md\/wp-content\/uploads\/2023\/05\/20121_9261_prd.jpg\" \/>\n\t<meta property=\"og:image:width\" content=\"800\" \/>\n\t<meta property=\"og:image:height\" content=\"800\" \/>\n\t<meta property=\"og:image:type\" content=\"image\/jpeg\" \/>\n<meta name=\"twitter:card\" content=\"summary_large_image\" \/>\n<meta name=\"twitter:label1\" content=\"\u041f\u0440\u0438\u043c\u0435\u0440\u043d\u043e\u0435 \u0432\u0440\u0435\u043c\u044f \u0434\u043b\u044f \u0447\u0442\u0435\u043d\u0438\u044f\" \/>\n\t<meta name=\"twitter:data1\" content=\"1 \u043c\u0438\u043d\u0443\u0442\u0430\" \/>\n<script type=\"application\/ld+json\" class=\"yoast-schema-graph\">{\"@context\":\"https:\/\/schema.org\",\"@graph\":[{\"@type\":\"WebPage\",\"@id\":\"https:\/\/termoshop.md\/produs\/buncar-suplimentar-47-kg-pentru-cazanele-ferroli-biomax\/\",\"url\":\"https:\/\/termoshop.md\/produs\/buncar-suplimentar-47-kg-pentru-cazanele-ferroli-biomax\/\",\"name\":\"Bunc\u0103r suplimentar 47 kg pentru cazanele Ferroli BIOMAX - Termoshop.md\",\"isPartOf\":{\"@id\":\"https:\/\/termoshop.md\/#website\"},\"primaryImageOfPage\":{\"@id\":\"https:\/\/termoshop.md\/produs\/buncar-suplimentar-47-kg-pentru-cazanele-ferroli-biomax\/#primaryimage\"},\"image\":{\"@id\":\"https:\/\/termoshop.md\/produs\/buncar-suplimentar-47-kg-pentru-cazanele-ferroli-biomax\/#primaryimage\"},\"thumbnailUrl\":\"https:\/\/termoshop.md\/wp-content\/uploads\/2023\/05\/20121_9261_prd.jpg\",\"datePublished\":\"2023-05-30T06:46:26+00:00\",\"dateModified\":\"2024-03-30T07:47:36+00:00\",\"description\":\"Buncar suplimentar pentru cazanele Ferroli Biomax in Iasi, Buncar suplimentar de 47 kg pentru cazanele Ferroli Biomax, Buncar suplimentar pentru cazanele Ferroli\",\"breadcrumb\":{\"@id\":\"https:\/\/termoshop.md\/produs\/buncar-suplimentar-47-kg-pentru-cazanele-ferroli-biomax\/#breadcrumb\"},\"inLanguage\":\"ru-RU\",\"potentialAction\":[{\"@type\":\"ReadAction\",\"target\":[\"https:\/\/termoshop.md\/produs\/buncar-suplimentar-47-kg-pentru-cazanele-ferroli-biomax\/\"]}]},{\"@type\":\"ImageObject\",\"inLanguage\":\"ru-RU\",\"@id\":\"https:\/\/termoshop.md\/produs\/buncar-suplimentar-47-kg-pentru-cazanele-ferroli-biomax\/#primaryimage\",\"url\":\"https:\/\/termoshop.md\/wp-content\/uploads\/2023\/05\/20121_9261_prd.jpg\",\"contentUrl\":\"https:\/\/termoshop.md\/wp-content\/uploads\/2023\/05\/20121_9261_prd.jpg\",\"width\":800,\"height\":800},{\"@type\":\"BreadcrumbList\",\"@id\":\"https:\/\/termoshop.md\/produs\/buncar-suplimentar-47-kg-pentru-cazanele-ferroli-biomax\/#breadcrumb\",\"itemListElement\":[{\"@type\":\"ListItem\",\"position\":1,\"name\":\"Prima pagin\u0103\",\"item\":\"https:\/\/termoshop.md\/\"},{\"@type\":\"ListItem\",\"position\":2,\"name\":\"Toate Produsele\",\"item\":\"https:\/\/termoshop.md\/toate-produsele\/\"},{\"@type\":\"ListItem\",\"position\":3,\"name\":\"Bunc\u0103r suplimentar 47 kg pentru cazanele Ferroli BIOMAX\"}]},{\"@type\":\"WebSite\",\"@id\":\"https:\/\/termoshop.md\/#website\",\"url\":\"https:\/\/termoshop.md\/\",\"name\":\"Termoshop.md\",\"description\":\"Exper\u021bi \u00een solu\u021bii de top\",\"publisher\":{\"@id\":\"https:\/\/termoshop.md\/#organization\"},\"potentialAction\":[{\"@type\":\"SearchAction\",\"target\":{\"@type\":\"EntryPoint\",\"urlTemplate\":\"https:\/\/termoshop.md\/?s={search_term_string}\"},\"query-input\":{\"@type\":\"PropertyValueSpecification\",\"valueRequired\":true,\"valueName\":\"search_term_string\"}}],\"inLanguage\":\"ru-RU\"},{\"@type\":\"Organization\",\"@id\":\"https:\/\/termoshop.md\/#organization\",\"name\":\"Termoshop.md\",\"url\":\"https:\/\/termoshop.md\/\",\"logo\":{\"@type\":\"ImageObject\",\"inLanguage\":\"ru-RU\",\"@id\":\"https:\/\/termoshop.md\/#\/schema\/logo\/image\/\",\"url\":\"https:\/\/termoshop.md\/wp-content\/uploads\/2023\/04\/termoshopro.png\",\"contentUrl\":\"https:\/\/termoshop.md\/wp-content\/uploads\/2023\/04\/termoshopro.png\",\"width\":500,\"height\":94,\"caption\":\"Termoshop.md\"},\"image\":{\"@id\":\"https:\/\/termoshop.md\/#\/schema\/logo\/image\/\"}}]}<\/script>\n<!-- \/ Yoast SEO plugin. -->","yoast_head_json":{"title":"Bunc\u0103r suplimentar 47 kg pentru cazanele Ferroli BIOMAX - Termoshop.md","description":"Buncar suplimentar pentru cazanele Ferroli Biomax in Iasi, Buncar suplimentar de 47 kg pentru cazanele Ferroli Biomax, Buncar suplimentar pentru cazanele Ferroli","robots":{"index":"index","follow":"follow","max-snippet":"max-snippet:-1","max-image-preview":"max-image-preview:large","max-video-preview":"max-video-preview:-1"},"canonical":"https:\/\/termoshop.md\/ru\/produs\/buncar-suplimentar-47-kg-pentru-cazanele-ferroli-biomax\/","og_locale":"ru_RU","og_type":"article","og_title":"Bunc\u0103r suplimentar 47 kg pentru cazanele Ferroli BIOMAX - Termoshop.md","og_description":"Buncar suplimentar pentru cazanele Ferroli Biomax in Iasi, Buncar suplimentar de 47 kg pentru cazanele Ferroli Biomax, Buncar suplimentar pentru cazanele Ferroli","og_url":"https:\/\/termoshop.md\/ru\/produs\/buncar-suplimentar-47-kg-pentru-cazanele-ferroli-biomax\/","og_site_name":"Termoshop.md","article_modified_time":"2024-03-30T07:47:36+00:00","og_image":[{"width":800,"height":800,"url":"https:\/\/termoshop.md\/wp-content\/uploads\/2023\/05\/20121_9261_prd.jpg","type":"image\/jpeg"}],"twitter_card":"summary_large_image","twitter_misc":{"\u041f\u0440\u0438\u043c\u0435\u0440\u043d\u043e\u0435 \u0432\u0440\u0435\u043c\u044f \u0434\u043b\u044f \u0447\u0442\u0435\u043d\u0438\u044f":"1 \u043c\u0438\u043d\u0443\u0442\u0430"},"schema":{"@context":"https:\/\/schema.org","@graph":[{"@type":"WebPage","@id":"https:\/\/termoshop.md\/produs\/buncar-suplimentar-47-kg-pentru-cazanele-ferroli-biomax\/","url":"https:\/\/termoshop.md\/produs\/buncar-suplimentar-47-kg-pentru-cazanele-ferroli-biomax\/","name":"Bunc\u0103r suplimentar 47 kg pentru cazanele Ferroli BIOMAX - Termoshop.md","isPartOf":{"@id":"https:\/\/termoshop.md\/#website"},"primaryImageOfPage":{"@id":"https:\/\/termoshop.md\/produs\/buncar-suplimentar-47-kg-pentru-cazanele-ferroli-biomax\/#primaryimage"},"image":{"@id":"https:\/\/termoshop.md\/produs\/buncar-suplimentar-47-kg-pentru-cazanele-ferroli-biomax\/#primaryimage"},"thumbnailUrl":"https:\/\/termoshop.md\/wp-content\/uploads\/2023\/05\/20121_9261_prd.jpg","datePublished":"2023-05-30T06:46:26+00:00","dateModified":"2024-03-30T07:47:36+00:00","description":"Buncar suplimentar pentru cazanele Ferroli Biomax in Iasi, Buncar suplimentar de 47 kg pentru cazanele Ferroli Biomax, Buncar suplimentar pentru cazanele Ferroli","breadcrumb":{"@id":"https:\/\/termoshop.md\/produs\/buncar-suplimentar-47-kg-pentru-cazanele-ferroli-biomax\/#breadcrumb"},"inLanguage":"ru-RU","potentialAction":[{"@type":"ReadAction","target":["https:\/\/termoshop.md\/produs\/buncar-suplimentar-47-kg-pentru-cazanele-ferroli-biomax\/"]}]},{"@type":"ImageObject","inLanguage":"ru-RU","@id":"https:\/\/termoshop.md\/produs\/buncar-suplimentar-47-kg-pentru-cazanele-ferroli-biomax\/#primaryimage","url":"https:\/\/termoshop.md\/wp-content\/uploads\/2023\/05\/20121_9261_prd.jpg","contentUrl":"https:\/\/termoshop.md\/wp-content\/uploads\/2023\/05\/20121_9261_prd.jpg","width":800,"height":800},{"@type":"BreadcrumbList","@id":"https:\/\/termoshop.md\/produs\/buncar-suplimentar-47-kg-pentru-cazanele-ferroli-biomax\/#breadcrumb","itemListElement":[{"@type":"ListItem","position":1,"name":"Prima pagin\u0103","item":"https:\/\/termoshop.md\/"},{"@type":"ListItem","position":2,"name":"Toate Produsele","item":"https:\/\/termoshop.md\/toate-produsele\/"},{"@type":"ListItem","position":3,"name":"Bunc\u0103r suplimentar 47 kg pentru cazanele Ferroli BIOMAX"}]},{"@type":"WebSite","@id":"https:\/\/termoshop.md\/#website","url":"https:\/\/termoshop.md\/","name":"Termoshop.md","description":"Exper\u021bi \u00een solu\u021bii de top","publisher":{"@id":"https:\/\/termoshop.md\/#organization"},"potentialAction":[{"@type":"SearchAction","target":{"@type":"EntryPoint","urlTemplate":"https:\/\/termoshop.md\/?s={search_term_string}"},"query-input":{"@type":"PropertyValueSpecification","valueRequired":true,"valueName":"search_term_string"}}],"inLanguage":"ru-RU"},{"@type":"Organization","@id":"https:\/\/termoshop.md\/#organization","name":"Termoshop.md","url":"https:\/\/termoshop.md\/","logo":{"@type":"ImageObject","inLanguage":"ru-RU","@id":"https:\/\/termoshop.md\/#\/schema\/logo\/image\/","url":"https:\/\/termoshop.md\/wp-content\/uploads\/2023\/04\/termoshopro.png","contentUrl":"https:\/\/termoshop.md\/wp-content\/uploads\/2023\/04\/termoshopro.png","width":500,"height":94,"caption":"Termoshop.md"},"image":{"@id":"https:\/\/termoshop.md\/#\/schema\/logo\/image\/"}}]}},"jetpack_sharing_enabled":true,"_links":{"self":[{"href":"https:\/\/termoshop.md\/ru\/wp-json\/wp\/v2\/product\/3326","targetHints":{"allow":["GET"]}}],"collection":[{"href":"https:\/\/termoshop.md\/ru\/wp-json\/wp\/v2\/product"}],"about":[{"href":"https:\/\/termoshop.md\/ru\/wp-json\/wp\/v2\/types\/product"}],"replies":[{"embeddable":true,"href":"https:\/\/termoshop.md\/ru\/wp-json\/wp\/v2\/comments?post=3326"}],"wp:featuredmedia":[{"embeddable":true,"href":"https:\/\/termoshop.md\/ru\/wp-json\/wp\/v2\/media\/3327"}],"wp:attachment":[{"href":"https:\/\/termoshop.md\/ru\/wp-json\/wp\/v2\/media?parent=3326"}],"wp:term":[{"taxonomy":"product_brand","embeddable":true,"href":"https:\/\/termoshop.md\/ru\/wp-json\/wp\/v2\/product_brand?post=3326"},{"taxonomy":"product_cat","embeddable":true,"href":"https:\/\/termoshop.md\/ru\/wp-json\/wp\/v2\/product_cat?post=3326"},{"taxonomy":"product_tag","embeddable":true,"href":"https:\/\/termoshop.md\/ru\/wp-json\/wp\/v2\/product_tag?post=3326"}],"curies":[{"name":"wp","href":"https:\/\/api.w.org\/{rel}","templated":true}]}}