{"id":3288,"date":"2023-05-26T13:54:57","date_gmt":"2023-05-26T13:54:57","guid":{"rendered":"https:\/\/termoshop.md\/?post_type=product&#038;p=3288"},"modified":"2024-04-17T10:50:51","modified_gmt":"2024-04-17T10:50:51","slug":"centrala-termica-pe-lemne-ferroli-jar-40-kw","status":"publish","type":"product","link":"https:\/\/termoshop.md\/ru\/produs\/centrala-termica-pe-lemne-ferroli-jar-40-kw\/","title":{"rendered":"Central\u0103 termic\u0103 pe lemne Ferroli JAR 40 kw"},"content":{"rendered":"<p>Ferroli JAR sunt cazane cu 3 drumuri de fum, ce func\u021bioneaz\u0103 pe combustibili solid (toc\u0103tur\u0103 nelemnoas\u0103 \u0219i orice fel de resturi \u015fi de\u015feuri vegetale, agricole, forestiere sau silvice), destinate \u00eenc\u0103lzirii spa\u021biului de locuit. Grosimea pere\u021bilor cazanului care intra in contact cu focul este de 5 mm.<\/p>\n<p>Se pot utiliza diferi\u021bi combustibili solizi: lemne, c\u0103rbune, brichete din lemne, toc\u0103tur\u0103 lemnoas\u0103, orice fel de resturi \u0219i de\u0219euri vegetale, agricole, forestiere sau silvice. Deoarece puterile calorice ale combustibililor sunt diferite, puterea cazanului va fi diferit\u0103 \u00een func\u021bie de tip de combustibil utilizat, \u00eens\u0103 \u00eentre anumite valori limit\u0103.<br \/>\n\u00cenc\u0103perea \u00een care urmeaz\u0103 s\u0103 fie amplasat\u0103 centrala trebuie s\u0103 fie prev\u0103zut\u0103 cu aerisire \u0219i trebuie a\u0219ezat\u0103 \u00een a\u0219a fel \u00eenc\u00e2t sa existe acces pe toate laturile acesteia.<br \/>\nSe recomand\u0103 cur\u0103\u021barea cazanului de cenu\u0219\u0103 o dat\u0103 sau de dou\u0103 ori pe s\u0103pt\u0103m\u00e2n\u0103 sau ori de c\u00e2te ori este necesar pentru a permite p\u0103trunderea aerului necesar arderii prin clapeta regulatorului de tiraj. \u00centre\u021binerea regulat\u0103 prelunge\u0219te durata de via\u021b\u0103 a cazanului. Cur\u0103\u021barea se va efectua prin u\u0219a inferioar\u0103 \u0219i superioar\u0103 a cazanului dar \u0219i prin deschiderile din p\u0103r\u021bile laterale \u0219i din spate.<br \/>\nDimensionarea co\u0219ului este o condi\u021bie foarte important\u0103 pentru func\u021bionarea cazanului la parametrii optimi. Co\u0219ul trebuie s\u0103 fie proiectat \u00een a\u0219a fel \u00eenc\u00e2t s\u0103 fac\u0103 evacuarea gazelor corect c\u00e2t \u0219i s\u0103 p\u0103streze aerul necesar \u00een cazan.<\/p>","protected":false},"excerpt":{"rendered":"<ul>\n<li>Putere nominal\u0103\u0589 40 kW<\/li>\n<li>Masa\u0589 321 kg<\/li>\n<li>Tiraj necesar\u0589 23 mbar<\/li>\n<li>Temperatura max de lucru\u0589 90\u00baC<\/li>\n<li>Presiune max de lucru\u0589 2.5 bar<\/li>\n<li>Con\u0163inut apa cazan\u0589 109 l<\/li>\n<li>\u00cen\u0103l\u0163ime\u0589 1294 mm<\/li>\n<li>L\u0103\u0163ime\u0589 610 mm<\/li>\n<li>Ad\u00e2ncime\u0589 969 mm<\/li>\n<li>Racord evacuare gaze arse\u0589 179 mm<\/li>\n<li>Distan\u021b\u0103 baza cazan &#8211; racord co\u0219\u0589 1115 mm<\/li>\n<li>Racord tur\/retur \u00eenc\u0103lzire G\u0589 1-1\/4<\/li>\n<li>Volum camer\u0103 de ardere\u0589 108 dm\u00b3<\/li>\n<li>Lungime max lemn\u0589 500 mm<\/li>\n<li>Diametru intern co\u0219\u0589 200 mm<\/li>\n<li>\u00cen\u0103l\u0163ime co\u0219\u0589 9-10 m<\/li>\n<li>Suprafa\u0163a de \u00eenc\u0103lzire\u0589 210-240 m\u00b2.<\/li>\n<\/ul>","protected":false},"featured_media":3284,"comment_status":"open","ping_status":"closed","template":"","meta":[],"product_brand":[335],"product_cat":[140],"product_tag":[],"class_list":{"0":"post-3288","1":"product","2":"type-product","3":"status-publish","4":"has-post-thumbnail","6":"product_brand-ferroli","7":"product_cat-cazane-pe-lemne-si-carbuni","9":"first","10":"outofstock","11":"shipping-taxable","12":"product-type-simple"},"yoast_head":"<!-- This site is optimized with the Yoast SEO plugin v26.9 - https:\/\/yoast.com\/product\/yoast-seo-wordpress\/ -->\n<title>Central\u0103 termic\u0103 pe lemne Ferroli JAR 40 kw - Termoshop.md<\/title>\n<meta name=\"description\" content=\"Centrala termic\u0103 pe lemne Ferroli, Centrala termic\u0103 pe combustibil solid Ferroli in Iasi, Centrala termic\u0103 pe lemne Ferroli in Iasi\" \/>\n<meta name=\"robots\" content=\"index, follow, max-snippet:-1, max-image-preview:large, max-video-preview:-1\" \/>\n<link rel=\"canonical\" href=\"https:\/\/termoshop.md\/ru\/produs\/centrala-termica-pe-lemne-ferroli-jar-40-kw\/\" \/>\n<meta property=\"og:locale\" content=\"ru_RU\" \/>\n<meta property=\"og:type\" content=\"article\" \/>\n<meta property=\"og:title\" content=\"Central\u0103 termic\u0103 pe lemne Ferroli JAR 40 kw - Termoshop.md\" \/>\n<meta property=\"og:description\" content=\"Centrala termic\u0103 pe lemne Ferroli, Centrala termic\u0103 pe combustibil solid Ferroli in Iasi, Centrala termic\u0103 pe lemne Ferroli in Iasi\" \/>\n<meta property=\"og:url\" content=\"https:\/\/termoshop.md\/ru\/produs\/centrala-termica-pe-lemne-ferroli-jar-40-kw\/\" \/>\n<meta property=\"og:site_name\" content=\"Termoshop.md\" \/>\n<meta property=\"article:modified_time\" content=\"2024-04-17T10:50:51+00:00\" \/>\n<meta property=\"og:image\" content=\"https:\/\/termoshop.md\/wp-content\/uploads\/2023\/05\/thumb-28.jpeg\" \/>\n\t<meta property=\"og:image:width\" content=\"300\" \/>\n\t<meta property=\"og:image:height\" content=\"300\" \/>\n\t<meta property=\"og:image:type\" content=\"image\/jpeg\" \/>\n<meta name=\"twitter:card\" content=\"summary_large_image\" \/>\n<meta name=\"twitter:label1\" content=\"\u041f\u0440\u0438\u043c\u0435\u0440\u043d\u043e\u0435 \u0432\u0440\u0435\u043c\u044f \u0434\u043b\u044f \u0447\u0442\u0435\u043d\u0438\u044f\" \/>\n\t<meta name=\"twitter:data1\" content=\"2 \u043c\u0438\u043d\u0443\u0442\u044b\" \/>\n<script type=\"application\/ld+json\" class=\"yoast-schema-graph\">{\"@context\":\"https:\/\/schema.org\",\"@graph\":[{\"@type\":\"WebPage\",\"@id\":\"https:\/\/termoshop.md\/produs\/centrala-termica-pe-lemne-ferroli-jar-40-kw\/\",\"url\":\"https:\/\/termoshop.md\/produs\/centrala-termica-pe-lemne-ferroli-jar-40-kw\/\",\"name\":\"Central\u0103 termic\u0103 pe lemne Ferroli JAR 40 kw - Termoshop.md\",\"isPartOf\":{\"@id\":\"https:\/\/termoshop.md\/#website\"},\"primaryImageOfPage\":{\"@id\":\"https:\/\/termoshop.md\/produs\/centrala-termica-pe-lemne-ferroli-jar-40-kw\/#primaryimage\"},\"image\":{\"@id\":\"https:\/\/termoshop.md\/produs\/centrala-termica-pe-lemne-ferroli-jar-40-kw\/#primaryimage\"},\"thumbnailUrl\":\"https:\/\/termoshop.md\/wp-content\/uploads\/2023\/05\/thumb-28.jpeg\",\"datePublished\":\"2023-05-26T13:54:57+00:00\",\"dateModified\":\"2024-04-17T10:50:51+00:00\",\"description\":\"Centrala termic\u0103 pe lemne Ferroli, Centrala termic\u0103 pe combustibil solid Ferroli in Iasi, Centrala termic\u0103 pe lemne Ferroli in Iasi\",\"breadcrumb\":{\"@id\":\"https:\/\/termoshop.md\/produs\/centrala-termica-pe-lemne-ferroli-jar-40-kw\/#breadcrumb\"},\"inLanguage\":\"ru-RU\",\"potentialAction\":[{\"@type\":\"ReadAction\",\"target\":[\"https:\/\/termoshop.md\/produs\/centrala-termica-pe-lemne-ferroli-jar-40-kw\/\"]}]},{\"@type\":\"ImageObject\",\"inLanguage\":\"ru-RU\",\"@id\":\"https:\/\/termoshop.md\/produs\/centrala-termica-pe-lemne-ferroli-jar-40-kw\/#primaryimage\",\"url\":\"https:\/\/termoshop.md\/wp-content\/uploads\/2023\/05\/thumb-28.jpeg\",\"contentUrl\":\"https:\/\/termoshop.md\/wp-content\/uploads\/2023\/05\/thumb-28.jpeg\",\"width\":300,\"height\":300},{\"@type\":\"BreadcrumbList\",\"@id\":\"https:\/\/termoshop.md\/produs\/centrala-termica-pe-lemne-ferroli-jar-40-kw\/#breadcrumb\",\"itemListElement\":[{\"@type\":\"ListItem\",\"position\":1,\"name\":\"Prima pagin\u0103\",\"item\":\"https:\/\/termoshop.md\/\"},{\"@type\":\"ListItem\",\"position\":2,\"name\":\"Toate Produsele\",\"item\":\"https:\/\/termoshop.md\/toate-produsele\/\"},{\"@type\":\"ListItem\",\"position\":3,\"name\":\"Central\u0103 termic\u0103 pe lemne Ferroli JAR 40 kw\"}]},{\"@type\":\"WebSite\",\"@id\":\"https:\/\/termoshop.md\/#website\",\"url\":\"https:\/\/termoshop.md\/\",\"name\":\"Termoshop.md\",\"description\":\"Exper\u021bi \u00een solu\u021bii de top\",\"publisher\":{\"@id\":\"https:\/\/termoshop.md\/#organization\"},\"potentialAction\":[{\"@type\":\"SearchAction\",\"target\":{\"@type\":\"EntryPoint\",\"urlTemplate\":\"https:\/\/termoshop.md\/?s={search_term_string}\"},\"query-input\":{\"@type\":\"PropertyValueSpecification\",\"valueRequired\":true,\"valueName\":\"search_term_string\"}}],\"inLanguage\":\"ru-RU\"},{\"@type\":\"Organization\",\"@id\":\"https:\/\/termoshop.md\/#organization\",\"name\":\"Termoshop.md\",\"url\":\"https:\/\/termoshop.md\/\",\"logo\":{\"@type\":\"ImageObject\",\"inLanguage\":\"ru-RU\",\"@id\":\"https:\/\/termoshop.md\/#\/schema\/logo\/image\/\",\"url\":\"https:\/\/termoshop.md\/wp-content\/uploads\/2023\/04\/termoshopro.png\",\"contentUrl\":\"https:\/\/termoshop.md\/wp-content\/uploads\/2023\/04\/termoshopro.png\",\"width\":500,\"height\":94,\"caption\":\"Termoshop.md\"},\"image\":{\"@id\":\"https:\/\/termoshop.md\/#\/schema\/logo\/image\/\"}}]}<\/script>\n<!-- \/ Yoast SEO plugin. -->","yoast_head_json":{"title":"Central\u0103 termic\u0103 pe lemne Ferroli JAR 40 kw - Termoshop.md","description":"Centrala termic\u0103 pe lemne Ferroli, Centrala termic\u0103 pe combustibil solid Ferroli in Iasi, Centrala termic\u0103 pe lemne Ferroli in Iasi","robots":{"index":"index","follow":"follow","max-snippet":"max-snippet:-1","max-image-preview":"max-image-preview:large","max-video-preview":"max-video-preview:-1"},"canonical":"https:\/\/termoshop.md\/ru\/produs\/centrala-termica-pe-lemne-ferroli-jar-40-kw\/","og_locale":"ru_RU","og_type":"article","og_title":"Central\u0103 termic\u0103 pe lemne Ferroli JAR 40 kw - Termoshop.md","og_description":"Centrala termic\u0103 pe lemne Ferroli, Centrala termic\u0103 pe combustibil solid Ferroli in Iasi, Centrala termic\u0103 pe lemne Ferroli in Iasi","og_url":"https:\/\/termoshop.md\/ru\/produs\/centrala-termica-pe-lemne-ferroli-jar-40-kw\/","og_site_name":"Termoshop.md","article_modified_time":"2024-04-17T10:50:51+00:00","og_image":[{"width":300,"height":300,"url":"https:\/\/termoshop.md\/wp-content\/uploads\/2023\/05\/thumb-28.jpeg","type":"image\/jpeg"}],"twitter_card":"summary_large_image","twitter_misc":{"\u041f\u0440\u0438\u043c\u0435\u0440\u043d\u043e\u0435 \u0432\u0440\u0435\u043c\u044f \u0434\u043b\u044f \u0447\u0442\u0435\u043d\u0438\u044f":"2 \u043c\u0438\u043d\u0443\u0442\u044b"},"schema":{"@context":"https:\/\/schema.org","@graph":[{"@type":"WebPage","@id":"https:\/\/termoshop.md\/produs\/centrala-termica-pe-lemne-ferroli-jar-40-kw\/","url":"https:\/\/termoshop.md\/produs\/centrala-termica-pe-lemne-ferroli-jar-40-kw\/","name":"Central\u0103 termic\u0103 pe lemne Ferroli JAR 40 kw - Termoshop.md","isPartOf":{"@id":"https:\/\/termoshop.md\/#website"},"primaryImageOfPage":{"@id":"https:\/\/termoshop.md\/produs\/centrala-termica-pe-lemne-ferroli-jar-40-kw\/#primaryimage"},"image":{"@id":"https:\/\/termoshop.md\/produs\/centrala-termica-pe-lemne-ferroli-jar-40-kw\/#primaryimage"},"thumbnailUrl":"https:\/\/termoshop.md\/wp-content\/uploads\/2023\/05\/thumb-28.jpeg","datePublished":"2023-05-26T13:54:57+00:00","dateModified":"2024-04-17T10:50:51+00:00","description":"Centrala termic\u0103 pe lemne Ferroli, Centrala termic\u0103 pe combustibil solid Ferroli in Iasi, Centrala termic\u0103 pe lemne Ferroli in Iasi","breadcrumb":{"@id":"https:\/\/termoshop.md\/produs\/centrala-termica-pe-lemne-ferroli-jar-40-kw\/#breadcrumb"},"inLanguage":"ru-RU","potentialAction":[{"@type":"ReadAction","target":["https:\/\/termoshop.md\/produs\/centrala-termica-pe-lemne-ferroli-jar-40-kw\/"]}]},{"@type":"ImageObject","inLanguage":"ru-RU","@id":"https:\/\/termoshop.md\/produs\/centrala-termica-pe-lemne-ferroli-jar-40-kw\/#primaryimage","url":"https:\/\/termoshop.md\/wp-content\/uploads\/2023\/05\/thumb-28.jpeg","contentUrl":"https:\/\/termoshop.md\/wp-content\/uploads\/2023\/05\/thumb-28.jpeg","width":300,"height":300},{"@type":"BreadcrumbList","@id":"https:\/\/termoshop.md\/produs\/centrala-termica-pe-lemne-ferroli-jar-40-kw\/#breadcrumb","itemListElement":[{"@type":"ListItem","position":1,"name":"Prima pagin\u0103","item":"https:\/\/termoshop.md\/"},{"@type":"ListItem","position":2,"name":"Toate Produsele","item":"https:\/\/termoshop.md\/toate-produsele\/"},{"@type":"ListItem","position":3,"name":"Central\u0103 termic\u0103 pe lemne Ferroli JAR 40 kw"}]},{"@type":"WebSite","@id":"https:\/\/termoshop.md\/#website","url":"https:\/\/termoshop.md\/","name":"Termoshop.md","description":"Exper\u021bi \u00een solu\u021bii de top","publisher":{"@id":"https:\/\/termoshop.md\/#organization"},"potentialAction":[{"@type":"SearchAction","target":{"@type":"EntryPoint","urlTemplate":"https:\/\/termoshop.md\/?s={search_term_string}"},"query-input":{"@type":"PropertyValueSpecification","valueRequired":true,"valueName":"search_term_string"}}],"inLanguage":"ru-RU"},{"@type":"Organization","@id":"https:\/\/termoshop.md\/#organization","name":"Termoshop.md","url":"https:\/\/termoshop.md\/","logo":{"@type":"ImageObject","inLanguage":"ru-RU","@id":"https:\/\/termoshop.md\/#\/schema\/logo\/image\/","url":"https:\/\/termoshop.md\/wp-content\/uploads\/2023\/04\/termoshopro.png","contentUrl":"https:\/\/termoshop.md\/wp-content\/uploads\/2023\/04\/termoshopro.png","width":500,"height":94,"caption":"Termoshop.md"},"image":{"@id":"https:\/\/termoshop.md\/#\/schema\/logo\/image\/"}}]}},"jetpack_sharing_enabled":true,"_links":{"self":[{"href":"https:\/\/termoshop.md\/ru\/wp-json\/wp\/v2\/product\/3288","targetHints":{"allow":["GET"]}}],"collection":[{"href":"https:\/\/termoshop.md\/ru\/wp-json\/wp\/v2\/product"}],"about":[{"href":"https:\/\/termoshop.md\/ru\/wp-json\/wp\/v2\/types\/product"}],"replies":[{"embeddable":true,"href":"https:\/\/termoshop.md\/ru\/wp-json\/wp\/v2\/comments?post=3288"}],"wp:featuredmedia":[{"embeddable":true,"href":"https:\/\/termoshop.md\/ru\/wp-json\/wp\/v2\/media\/3284"}],"wp:attachment":[{"href":"https:\/\/termoshop.md\/ru\/wp-json\/wp\/v2\/media?parent=3288"}],"wp:term":[{"taxonomy":"product_brand","embeddable":true,"href":"https:\/\/termoshop.md\/ru\/wp-json\/wp\/v2\/product_brand?post=3288"},{"taxonomy":"product_cat","embeddable":true,"href":"https:\/\/termoshop.md\/ru\/wp-json\/wp\/v2\/product_cat?post=3288"},{"taxonomy":"product_tag","embeddable":true,"href":"https:\/\/termoshop.md\/ru\/wp-json\/wp\/v2\/product_tag?post=3288"}],"curies":[{"name":"wp","href":"https:\/\/api.w.org\/{rel}","templated":true}]}}