{"id":3012,"date":"2023-05-12T18:47:42","date_gmt":"2023-05-12T18:47:42","guid":{"rendered":"https:\/\/termoshop.md\/?post_type=product&#038;p=3012"},"modified":"2024-03-30T10:24:44","modified_gmt":"2024-03-30T10:24:44","slug":"centrala-termica-pe-gaz-cu-condensare-saunier-duval-isotwin-condens-t-26","status":"publish","type":"product","link":"https:\/\/termoshop.md\/ru\/produs\/centrala-termica-pe-gaz-cu-condensare-saunier-duval-isotwin-condens-t-26\/","title":{"rendered":"Centrala termica pe gaz cu condensare Saunier Duval IsoTwin Condens T 26"},"content":{"rendered":"<p>Cu IsoTwin Condens, ob\u021bine\u021bi o unitate pentru \u00eenc\u0103lzire \u0219i producer acm care \u201eg\u00e2nde\u0219te singur\u201d. Descoperi\u021bi aici cum aceast\u0103 nou\u0103 central\u0103 aduce un confort maxim de ap\u0103 cald\u0103 \u0219i economii optime sub un singur acoperi\u0219.<\/p>\n<h2>Ap\u0103 cald\u0103 pentru toat\u0103 lumea, tot timpul &#8230; \u0219i consumul de gaz cre\u0219te?<\/h2>\n<p>Deloc! Datorit\u0103 tehnologiei brevetate IsoDyn3, IsoTwin Condens asigur\u0103 un confort maxim de ap\u0103 cald\u0103 menajer\u0103,<\/p>\n<p>combinat cu cel mai mic consum posibil de gaz. Centrala \u00ee\u0219i aminte\u0219te c\u00e2nd \u0219i c\u00e2t de mult\u0103 ap\u0103 cald\u0103 este utilizat\u0103 \u00een gospod\u0103rie. Este un aparat care \u00eenva\u021b\u0103! Stocheaz\u0103 perioade de timp pentru cerere sporit\u0103 \u0219i redus\u0103. \u00cen perioadele de v\u00e2rf, IsoTwin<\/p>\n<p>Condens func\u021bioneaz\u0103 la capacitate maxim\u0103 \u0219i furnizeaz\u0103 ap\u0103 cald\u0103 suficient\u0103 pentru toat\u0103 lumea. Dac\u0103 cererea este mic\u0103 sau inexistent\u0103, centrala trece \u00een modul economic sau se opre\u0219te complet. Acest aspect aduce un nou nivel de confort acas\u0103, maximiz\u00e2nd alimentarea cu ap\u0103 cald\u0103 \u0219i<\/p>\n<p>reduc\u00e2nd \u00een acela\u0219i timp consumul de gaz..<\/p>\n<h2>42 l ap\u0103 cald\u0103, la dispozi\u021bia dvs. non stop?<\/h2>\n<p>IsoTwin Condens dispune de dou\u0103 recipiente de ap\u0103 cald\u0103 integrate, fiecare cu o capacitate de 21 de litri. Astfel, furnizeaz\u0103 200 de litri de ap\u0103 la temperatur\u0103 de 40\u00b0C<\/p>\n<p>\u00een decurs de zece minute, f\u0103r\u0103 probleme sau fluctua\u021bii. Prin func\u021bia sa de \u00eenc\u0103lzire inteligent\u0103, cu economie de energie, centrala \u00ee\u0219i \u00eenc\u0103lze\u0219te boilerele doar atunci c\u00e2nd este nevoie. Confort maxim \u00eentr-un pachet dublu.<\/p>\n<h2>Aparatul este u\u0219or de utilizat?<\/h2>\n<p>Cu siguran\u021b\u0103. Panoul de control este la fel de simplu \u0219i intuitiv ca un smartphone. V\u0103 spune clar care este consumul dvs., de exemplu, la ce temperatur\u0103 este apa sau c\u00e2nd data urm\u0103toarei revizii. Controlerul MiSet, care poate fi instalat suplimentar \u00een cas\u0103, are acela\u0219i panou de control, astfel \u00eenc\u00e2t s\u0103 pute\u021bi g\u0103si toate func\u021biile \u0219i informa\u021biile foarte rapid. Cu ajutorul aplica\u021biei MiGo controla\u021bi temperatura casei dvs. de oriunde. \u00cen plus, reduce\u021bi drastic ciclurile de pornire \/ oprire a centralei, permi\u021b\u00e2ndu-v\u0103 astfel s\u0103 economisi\u021bi gaz \u0219i electricitate \u0219i s\u0103 prelungi\u021bi durata de via\u021b\u0103 a aparatului.<\/p>\n<h2>IsoTwin Condens se descurc\u0103 bine cu calitatea fluctuant\u0103 a gazului?<\/h2>\n<p>Noile centrale murale Saunier Duval v\u0103 fac via\u021ba mai u\u0219oar\u0103. Dac\u0103 tipul de gaz se schimb\u0103, unitatea nu trebuie reajustat\u0103. Acest aspect se datoreaz\u0103 faptului c\u0103 IsoTwin Condens se ajusteaz\u0103 automat la calitatea gazului. Aceast\u0103 tehnologie adapteaz\u0103 \u00een mod ideal combustia la<\/p>\n<p>amestecul de gaze. FlameFit furnizeaz\u0103 performan\u021be mai bune, folosind aceea\u0219i cantitate de gaz, protej\u00e2nd \u00een acela\u0219i tim\u0103, mediul \u00eenconjur\u0103tior.<\/p>","protected":false},"excerpt":{"rendered":"<ul data-index-field=\"text\">\n<li data-index-fields=\"meta_product_usps\">Confort sporit de ap\u0103 cald\u0103 datorit\u0103 celor dou\u0103 rezervoare de ap\u0103 cald\u0103 de 21 l fiecare<\/li>\n<li data-index-fields=\"meta_product_usps\">Beneficia\u021bi de economii semnificative datorit\u0103 tehnologiei Smart Tank Loading<\/li>\n<li data-index-fields=\"meta_product_usps\">Experimenta\u021bi o operare u\u0219oar\u0103 \u0219i intuitiv\u0103 cu noua interfa\u021b\u0103 a displayului<\/li>\n<li data-index-fields=\"meta_product_usps\">Ob\u021bine\u021bi un produs cu clas\u0103 de eficien\u021b\u0103 energetic\u0103 A<\/li>\n<li data-index-fields=\"meta_product_usps\">Ajustare automat\u0103: nu v\u0103 face\u021bi griji cu privire la tipul de gaz sau la modific\u0103rile de calitate a acestuia<\/li>\n<\/ul>","protected":false},"featured_media":3009,"comment_status":"open","ping_status":"closed","template":"","meta":[],"product_brand":[326],"product_cat":[173],"product_tag":[],"class_list":{"0":"post-3012","1":"product","2":"type-product","3":"status-publish","4":"has-post-thumbnail","6":"product_brand-saunier-duval","7":"product_cat-centrale-termice-pe-gaz","9":"first","10":"outofstock","11":"shipping-taxable","12":"product-type-simple"},"yoast_head":"<!-- This site is optimized with the Yoast SEO plugin v26.9 - https:\/\/yoast.com\/product\/yoast-seo-wordpress\/ -->\n<title>Centrala termica pe gaz cu condensare Saunier Duval IsoTwin Condens T 26 - Termoshop.md<\/title>\n<meta name=\"description\" content=\"centrala condensare, centrala pe gaz, cazan gaz, centrala eficienta, eficienta ridicata, saunier duval, centrala murala, centrala de perete, centrala cu boiler\" \/>\n<meta name=\"robots\" content=\"index, follow, max-snippet:-1, max-image-preview:large, max-video-preview:-1\" \/>\n<link rel=\"canonical\" href=\"https:\/\/termoshop.md\/ru\/produs\/centrala-termica-pe-gaz-cu-condensare-saunier-duval-isotwin-condens-t-26\/\" \/>\n<meta property=\"og:locale\" content=\"ru_RU\" \/>\n<meta property=\"og:type\" content=\"article\" \/>\n<meta property=\"og:title\" content=\"Centrala termica pe gaz cu condensare Saunier Duval IsoTwin Condens T 26 - Termoshop.md\" \/>\n<meta property=\"og:description\" content=\"centrala condensare, centrala pe gaz, cazan gaz, centrala eficienta, eficienta ridicata, saunier duval, centrala murala, centrala de perete, centrala cu boiler\" \/>\n<meta property=\"og:url\" content=\"https:\/\/termoshop.md\/ru\/produs\/centrala-termica-pe-gaz-cu-condensare-saunier-duval-isotwin-condens-t-26\/\" \/>\n<meta property=\"og:site_name\" content=\"Termoshop.md\" \/>\n<meta property=\"article:modified_time\" content=\"2024-03-30T10:24:44+00:00\" \/>\n<meta property=\"og:image\" content=\"https:\/\/termoshop.md\/wp-content\/uploads\/2023\/05\/isotwin-1.jpg\" \/>\n\t<meta property=\"og:image:width\" content=\"1860\" \/>\n\t<meta property=\"og:image:height\" content=\"1860\" \/>\n\t<meta property=\"og:image:type\" content=\"image\/jpeg\" \/>\n<meta name=\"twitter:card\" content=\"summary_large_image\" \/>\n<meta name=\"twitter:label1\" content=\"\u041f\u0440\u0438\u043c\u0435\u0440\u043d\u043e\u0435 \u0432\u0440\u0435\u043c\u044f \u0434\u043b\u044f \u0447\u0442\u0435\u043d\u0438\u044f\" \/>\n\t<meta name=\"twitter:data1\" content=\"3 \u043c\u0438\u043d\u0443\u0442\u044b\" \/>\n<script type=\"application\/ld+json\" class=\"yoast-schema-graph\">{\"@context\":\"https:\/\/schema.org\",\"@graph\":[{\"@type\":\"WebPage\",\"@id\":\"https:\/\/termoshop.md\/produs\/centrala-termica-pe-gaz-cu-condensare-saunier-duval-isotwin-condens-t-26\/\",\"url\":\"https:\/\/termoshop.md\/produs\/centrala-termica-pe-gaz-cu-condensare-saunier-duval-isotwin-condens-t-26\/\",\"name\":\"Centrala termica pe gaz cu condensare Saunier Duval IsoTwin Condens T 26 - Termoshop.md\",\"isPartOf\":{\"@id\":\"https:\/\/termoshop.md\/#website\"},\"primaryImageOfPage\":{\"@id\":\"https:\/\/termoshop.md\/produs\/centrala-termica-pe-gaz-cu-condensare-saunier-duval-isotwin-condens-t-26\/#primaryimage\"},\"image\":{\"@id\":\"https:\/\/termoshop.md\/produs\/centrala-termica-pe-gaz-cu-condensare-saunier-duval-isotwin-condens-t-26\/#primaryimage\"},\"thumbnailUrl\":\"https:\/\/termoshop.md\/wp-content\/uploads\/2023\/05\/isotwin-1.jpg\",\"datePublished\":\"2023-05-12T18:47:42+00:00\",\"dateModified\":\"2024-03-30T10:24:44+00:00\",\"description\":\"centrala condensare, centrala pe gaz, cazan gaz, centrala eficienta, eficienta ridicata, saunier duval, centrala murala, centrala de perete, centrala cu boiler\",\"breadcrumb\":{\"@id\":\"https:\/\/termoshop.md\/produs\/centrala-termica-pe-gaz-cu-condensare-saunier-duval-isotwin-condens-t-26\/#breadcrumb\"},\"inLanguage\":\"ru-RU\",\"potentialAction\":[{\"@type\":\"ReadAction\",\"target\":[\"https:\/\/termoshop.md\/produs\/centrala-termica-pe-gaz-cu-condensare-saunier-duval-isotwin-condens-t-26\/\"]}]},{\"@type\":\"ImageObject\",\"inLanguage\":\"ru-RU\",\"@id\":\"https:\/\/termoshop.md\/produs\/centrala-termica-pe-gaz-cu-condensare-saunier-duval-isotwin-condens-t-26\/#primaryimage\",\"url\":\"https:\/\/termoshop.md\/wp-content\/uploads\/2023\/05\/isotwin-1.jpg\",\"contentUrl\":\"https:\/\/termoshop.md\/wp-content\/uploads\/2023\/05\/isotwin-1.jpg\",\"width\":1860,\"height\":1860},{\"@type\":\"BreadcrumbList\",\"@id\":\"https:\/\/termoshop.md\/produs\/centrala-termica-pe-gaz-cu-condensare-saunier-duval-isotwin-condens-t-26\/#breadcrumb\",\"itemListElement\":[{\"@type\":\"ListItem\",\"position\":1,\"name\":\"Prima pagin\u0103\",\"item\":\"https:\/\/termoshop.md\/\"},{\"@type\":\"ListItem\",\"position\":2,\"name\":\"Toate Produsele\",\"item\":\"https:\/\/termoshop.md\/toate-produsele\/\"},{\"@type\":\"ListItem\",\"position\":3,\"name\":\"Centrala termica pe gaz cu condensare Saunier Duval IsoTwin Condens T 26\"}]},{\"@type\":\"WebSite\",\"@id\":\"https:\/\/termoshop.md\/#website\",\"url\":\"https:\/\/termoshop.md\/\",\"name\":\"Termoshop.md\",\"description\":\"Exper\u021bi \u00een solu\u021bii de top\",\"publisher\":{\"@id\":\"https:\/\/termoshop.md\/#organization\"},\"potentialAction\":[{\"@type\":\"SearchAction\",\"target\":{\"@type\":\"EntryPoint\",\"urlTemplate\":\"https:\/\/termoshop.md\/?s={search_term_string}\"},\"query-input\":{\"@type\":\"PropertyValueSpecification\",\"valueRequired\":true,\"valueName\":\"search_term_string\"}}],\"inLanguage\":\"ru-RU\"},{\"@type\":\"Organization\",\"@id\":\"https:\/\/termoshop.md\/#organization\",\"name\":\"Termoshop.md\",\"url\":\"https:\/\/termoshop.md\/\",\"logo\":{\"@type\":\"ImageObject\",\"inLanguage\":\"ru-RU\",\"@id\":\"https:\/\/termoshop.md\/#\/schema\/logo\/image\/\",\"url\":\"https:\/\/termoshop.md\/wp-content\/uploads\/2023\/04\/termoshopro.png\",\"contentUrl\":\"https:\/\/termoshop.md\/wp-content\/uploads\/2023\/04\/termoshopro.png\",\"width\":500,\"height\":94,\"caption\":\"Termoshop.md\"},\"image\":{\"@id\":\"https:\/\/termoshop.md\/#\/schema\/logo\/image\/\"}}]}<\/script>\n<!-- \/ Yoast SEO plugin. -->","yoast_head_json":{"title":"Centrala termica pe gaz cu condensare Saunier Duval IsoTwin Condens T 26 - Termoshop.md","description":"centrala condensare, centrala pe gaz, cazan gaz, centrala eficienta, eficienta ridicata, saunier duval, centrala murala, centrala de perete, centrala cu boiler","robots":{"index":"index","follow":"follow","max-snippet":"max-snippet:-1","max-image-preview":"max-image-preview:large","max-video-preview":"max-video-preview:-1"},"canonical":"https:\/\/termoshop.md\/ru\/produs\/centrala-termica-pe-gaz-cu-condensare-saunier-duval-isotwin-condens-t-26\/","og_locale":"ru_RU","og_type":"article","og_title":"Centrala termica pe gaz cu condensare Saunier Duval IsoTwin Condens T 26 - Termoshop.md","og_description":"centrala condensare, centrala pe gaz, cazan gaz, centrala eficienta, eficienta ridicata, saunier duval, centrala murala, centrala de perete, centrala cu boiler","og_url":"https:\/\/termoshop.md\/ru\/produs\/centrala-termica-pe-gaz-cu-condensare-saunier-duval-isotwin-condens-t-26\/","og_site_name":"Termoshop.md","article_modified_time":"2024-03-30T10:24:44+00:00","og_image":[{"width":1860,"height":1860,"url":"https:\/\/termoshop.md\/wp-content\/uploads\/2023\/05\/isotwin-1.jpg","type":"image\/jpeg"}],"twitter_card":"summary_large_image","twitter_misc":{"\u041f\u0440\u0438\u043c\u0435\u0440\u043d\u043e\u0435 \u0432\u0440\u0435\u043c\u044f \u0434\u043b\u044f \u0447\u0442\u0435\u043d\u0438\u044f":"3 \u043c\u0438\u043d\u0443\u0442\u044b"},"schema":{"@context":"https:\/\/schema.org","@graph":[{"@type":"WebPage","@id":"https:\/\/termoshop.md\/produs\/centrala-termica-pe-gaz-cu-condensare-saunier-duval-isotwin-condens-t-26\/","url":"https:\/\/termoshop.md\/produs\/centrala-termica-pe-gaz-cu-condensare-saunier-duval-isotwin-condens-t-26\/","name":"Centrala termica pe gaz cu condensare Saunier Duval IsoTwin Condens T 26 - Termoshop.md","isPartOf":{"@id":"https:\/\/termoshop.md\/#website"},"primaryImageOfPage":{"@id":"https:\/\/termoshop.md\/produs\/centrala-termica-pe-gaz-cu-condensare-saunier-duval-isotwin-condens-t-26\/#primaryimage"},"image":{"@id":"https:\/\/termoshop.md\/produs\/centrala-termica-pe-gaz-cu-condensare-saunier-duval-isotwin-condens-t-26\/#primaryimage"},"thumbnailUrl":"https:\/\/termoshop.md\/wp-content\/uploads\/2023\/05\/isotwin-1.jpg","datePublished":"2023-05-12T18:47:42+00:00","dateModified":"2024-03-30T10:24:44+00:00","description":"centrala condensare, centrala pe gaz, cazan gaz, centrala eficienta, eficienta ridicata, saunier duval, centrala murala, centrala de perete, centrala cu boiler","breadcrumb":{"@id":"https:\/\/termoshop.md\/produs\/centrala-termica-pe-gaz-cu-condensare-saunier-duval-isotwin-condens-t-26\/#breadcrumb"},"inLanguage":"ru-RU","potentialAction":[{"@type":"ReadAction","target":["https:\/\/termoshop.md\/produs\/centrala-termica-pe-gaz-cu-condensare-saunier-duval-isotwin-condens-t-26\/"]}]},{"@type":"ImageObject","inLanguage":"ru-RU","@id":"https:\/\/termoshop.md\/produs\/centrala-termica-pe-gaz-cu-condensare-saunier-duval-isotwin-condens-t-26\/#primaryimage","url":"https:\/\/termoshop.md\/wp-content\/uploads\/2023\/05\/isotwin-1.jpg","contentUrl":"https:\/\/termoshop.md\/wp-content\/uploads\/2023\/05\/isotwin-1.jpg","width":1860,"height":1860},{"@type":"BreadcrumbList","@id":"https:\/\/termoshop.md\/produs\/centrala-termica-pe-gaz-cu-condensare-saunier-duval-isotwin-condens-t-26\/#breadcrumb","itemListElement":[{"@type":"ListItem","position":1,"name":"Prima pagin\u0103","item":"https:\/\/termoshop.md\/"},{"@type":"ListItem","position":2,"name":"Toate Produsele","item":"https:\/\/termoshop.md\/toate-produsele\/"},{"@type":"ListItem","position":3,"name":"Centrala termica pe gaz cu condensare Saunier Duval IsoTwin Condens T 26"}]},{"@type":"WebSite","@id":"https:\/\/termoshop.md\/#website","url":"https:\/\/termoshop.md\/","name":"Termoshop.md","description":"Exper\u021bi \u00een solu\u021bii de top","publisher":{"@id":"https:\/\/termoshop.md\/#organization"},"potentialAction":[{"@type":"SearchAction","target":{"@type":"EntryPoint","urlTemplate":"https:\/\/termoshop.md\/?s={search_term_string}"},"query-input":{"@type":"PropertyValueSpecification","valueRequired":true,"valueName":"search_term_string"}}],"inLanguage":"ru-RU"},{"@type":"Organization","@id":"https:\/\/termoshop.md\/#organization","name":"Termoshop.md","url":"https:\/\/termoshop.md\/","logo":{"@type":"ImageObject","inLanguage":"ru-RU","@id":"https:\/\/termoshop.md\/#\/schema\/logo\/image\/","url":"https:\/\/termoshop.md\/wp-content\/uploads\/2023\/04\/termoshopro.png","contentUrl":"https:\/\/termoshop.md\/wp-content\/uploads\/2023\/04\/termoshopro.png","width":500,"height":94,"caption":"Termoshop.md"},"image":{"@id":"https:\/\/termoshop.md\/#\/schema\/logo\/image\/"}}]}},"jetpack_sharing_enabled":true,"_links":{"self":[{"href":"https:\/\/termoshop.md\/ru\/wp-json\/wp\/v2\/product\/3012","targetHints":{"allow":["GET"]}}],"collection":[{"href":"https:\/\/termoshop.md\/ru\/wp-json\/wp\/v2\/product"}],"about":[{"href":"https:\/\/termoshop.md\/ru\/wp-json\/wp\/v2\/types\/product"}],"replies":[{"embeddable":true,"href":"https:\/\/termoshop.md\/ru\/wp-json\/wp\/v2\/comments?post=3012"}],"wp:featuredmedia":[{"embeddable":true,"href":"https:\/\/termoshop.md\/ru\/wp-json\/wp\/v2\/media\/3009"}],"wp:attachment":[{"href":"https:\/\/termoshop.md\/ru\/wp-json\/wp\/v2\/media?parent=3012"}],"wp:term":[{"taxonomy":"product_brand","embeddable":true,"href":"https:\/\/termoshop.md\/ru\/wp-json\/wp\/v2\/product_brand?post=3012"},{"taxonomy":"product_cat","embeddable":true,"href":"https:\/\/termoshop.md\/ru\/wp-json\/wp\/v2\/product_cat?post=3012"},{"taxonomy":"product_tag","embeddable":true,"href":"https:\/\/termoshop.md\/ru\/wp-json\/wp\/v2\/product_tag?post=3012"}],"curies":[{"name":"wp","href":"https:\/\/api.w.org\/{rel}","templated":true}]}}