{"id":2777,"date":"2023-05-09T07:12:59","date_gmt":"2023-05-09T07:12:59","guid":{"rendered":"https:\/\/termoshop.md\/?post_type=product&#038;p=2777"},"modified":"2024-01-31T06:47:55","modified_gmt":"2024-01-31T06:47:55","slug":"pompa-de-caldura-chofu-12kw-monobloc","status":"publish","type":"product","link":"https:\/\/termoshop.md\/ru\/produs\/pompa-de-caldura-chofu-12kw-monobloc\/","title":{"rendered":"\u0422\u0435\u043f\u043b\u043e\u0432\u043e\u0439 \u043d\u0430\u0441\u043e\u0441 Chofu 12 \u043a\u0412\u0442 (220\u0412) \u041f\u0440\u043e\u0438\u0437\u0432\u043e\u0434\u0441\u0442\u0432\u043e \u042f\u043f\u043e\u043d\u0438\u044f"},"content":{"rendered":"<p><strong>\u0422\u0435\u043f\u043b\u043e\u0432\u043e\u0439 \u043d\u0430\u0441\u043e\u0441 Chofu 12 \u043a\u0412\u0442 (220\u0412) \u041f\u0440\u043e\u0438\u0437\u0432\u043e\u0434\u0441\u0442\u0432\u043e \u042f\u043f\u043e\u043d\u0438\u044f<\/strong> \u044d\u0442\u043e \u043a\u0430\u0447\u0435\u0441\u0442\u0432\u0435\u043d\u043d\u044b\u0439 \u043f\u0440\u043e\u0434\u0443\u043a\u0442, 100% \u043f\u0440\u043e\u0438\u0437\u0432\u0435\u0434\u0435\u043d\u043d\u044b\u0439 \u0432 \u042f\u043f\u043e\u043d\u0438\u0438. \u041c\u043e\u043d\u043e\u0431\u043b\u043e\u0447\u043d\u044b\u0435 \u0432\u043e\u0437\u0434\u0443\u0448\u043d\u043e-\u0432\u043e\u0434\u044f\u043d\u044b\u0435 \u0442\u0435\u043f\u043b\u043e\u0432\u044b\u0435 \u043d\u0430\u0441\u043e\u0441\u044b \u043f\u043e\u0441\u0442\u0440\u043e\u0435\u043d\u044b \u0441 \u0438\u0441\u043f\u043e\u043b\u044c\u0437\u043e\u0432\u0430\u043d\u0438\u0435\u043c \u043d\u043e\u0432\u0435\u0439\u0448\u0435\u0439 \u0438\u043d\u0432\u0435\u0440\u0442\u043e\u0440\u043d\u043e\u0439 \u0442\u0435\u0445\u043d\u043e\u043b\u043e\u0433\u0438\u0438. \u041f\u043b\u043e\u0449\u0430\u0434\u044c \u043d\u0430\u0433\u0440\u0435\u0432\u0430 \u043c\u043e\u0436\u0435\u0442 \u0441\u043e\u0441\u0442\u0430\u0432\u043b\u044f\u0442\u044c \u0434\u043e 250 \u043c\u00b2 \u043f\u0440\u0438 \u043f\u043e\u0434\u043e\u0433\u0440\u0435\u0432\u0435 \u043f\u043e\u043b\u0430 \u0438 \u0434\u043e 150 \u043c\u00b2 \u043f\u0440\u0438 \u0440\u0430\u0434\u0438\u0430\u0442\u043e\u0440\u043d\u043e\u043c \u043e\u0442\u043e\u043f\u043b\u0435\u043d\u0438\u0438. \u0422\u0435\u043f\u043b\u043e\u0432\u043e\u0439 \u043d\u0430\u0441\u043e\u0441 Chofu \u043c\u043e\u0449\u043d\u043e\u0441\u0442\u044c\u044e 12 \u043a\u0412\u0442 \u043c\u043e\u0436\u043d\u043e \u0438\u0441\u043f\u043e\u043b\u044c\u0437\u043e\u0432\u0430\u0442\u044c \u043a\u0430\u043a \u0434\u043b\u044f \u043f\u043e\u0434\u043e\u0433\u0440\u0435\u0432\u0430 \u043f\u043e\u043b\u0430, \u0442\u0430\u043a \u0438 \u0434\u043b\u044f \u0440\u0430\u0434\u0438\u0430\u0442\u043e\u0440\u043d\u043e\u0433\u043e \u043e\u0442\u043e\u043f\u043b\u0435\u043d\u0438\u044f. \u041e\u0447\u0435\u043d\u044c \u0432\u0430\u0436\u043d\u043e, \u0447\u0442\u043e\u0431\u044b \u0434\u043e\u043c \u0431\u044b\u043b \u043e\u0447\u0435\u043d\u044c \u0445\u043e\u0440\u043e\u0448\u043e \u0443\u0442\u0435\u043f\u043b\u0435\u043d, \u0447\u0442\u043e\u0431\u044b \u0441\u044d\u043a\u043e\u043d\u043e\u043c\u0438\u0442\u044c \u043d\u0430 \u043f\u043e\u0442\u0440\u0435\u0431\u043b\u0435\u043d\u0438\u0438 \u044d\u043b\u0435\u043a\u0442\u0440\u043e\u044d\u043d\u0435\u0440\u0433\u0438\u0438.<\/p>\n<p><strong>\u0413\u0430\u0440\u0430\u043d\u0442\u0438\u0440\u043e\u0432\u0430\u043d\u043d\u0430\u044f \u0440\u0430\u0431\u043e\u0442\u0430 \u043f\u0440\u0438 -30\u00b0\u0421.<\/strong><br \/>\n<img loading=\"lazy\" decoding=\"async\" class=\"alignleft wp-image-1357\" title=\"test Chofu -30 grade C\" src=\"https:\/\/pompecaldura-chofu.ro\/wp-content\/uploads\/30-grade-C-Chofu.png\" sizes=\"auto, (max-width: 55px) 100vw, 55px\" srcset=\"https:\/\/pompecaldura-chofu.ro\/wp-content\/uploads\/30-grade-C-Chofu.png 103w, https:\/\/pompecaldura-chofu.ro\/wp-content\/uploads\/30-grade-C-Chofu-77x150.png 77w\" alt=\"-30 grade Chofu functioneaza\" width=\"55\" height=\"107\" \/>\u0418\u043d\u0432\u0435\u0440\u0442\u043e\u0440\u043d\u044b\u0435 \u0442\u0435\u043f\u043b\u043e\u0432\u044b\u0435 \u043d\u0430\u0441\u043e\u0441\u044b \u0442\u0438\u043f\u0430 \u00ab\u0432\u043e\u0437\u0434\u0443\u0445-\u0432\u043e\u0434\u0430\u00bb Chofu \u0431\u044b\u043b\u0438 \u043f\u0440\u043e\u0442\u0435\u0441\u0442\u0438\u0440\u043e\u0432\u0430\u043d\u044b \u043f\u0440\u0438 \u0442\u0435\u043c\u043f\u0435\u0440\u0430\u0442\u0443\u0440\u0435 \u2013 30\u00b0C, \u0438 \u0440\u0435\u0437\u0443\u043b\u044c\u0442\u0430\u0442 \u043e\u043a\u0430\u0437\u0430\u043b\u0441\u044f \u043d\u0435\u0432\u0435\u0440\u043e\u044f\u0442\u043d\u044b\u043c. \u041f\u0440\u0438 \u0442\u0430\u043a\u0438\u0445 \u0447\u0440\u0435\u0437\u0432\u044b\u0447\u0430\u0439\u043d\u043e \u043d\u0438\u0437\u043a\u0438\u0445 \u0442\u0435\u043c\u043f\u0435\u0440\u0430\u0442\u0443\u0440\u0430\u0445 \u043d\u0430\u0441\u043e\u0441\u044b Chofu \u0434\u043e\u0441\u0442\u0438\u0433\u043b\u0438 \u0442\u0435\u043c\u043f\u0435\u0440\u0430\u0442\u0443\u0440\u044b 54\u00b0C. \u043d\u0430 \u0433\u0430\u0441\u0442\u0440\u043e\u043b\u044f\u0445. \u0425\u043b\u0430\u0434\u0430\u0433\u0435\u043d\u0442 R32, \u0438\u0441\u043f\u043e\u043b\u044c\u0437\u0443\u0435\u043c\u044b\u0439 \u0432 \u0442\u0435\u043f\u043b\u043e\u0432\u044b\u0445 \u043d\u0430\u0441\u043e\u0441\u0430\u0445 Chofu, \u043e\u0431\u0435\u0441\u043f\u0435\u0447\u0438\u0432\u0430\u0435\u0442 \u043c\u0430\u043a\u0441\u0438\u043c\u0430\u043b\u044c\u043d\u0443\u044e \u044d\u0444\u0444\u0435\u043a\u0442\u0438\u0432\u043d\u043e\u0441\u0442\u044c \u044d\u0442\u0438\u0445 \u043d\u0430\u0441\u043e\u0441\u043e\u0432.<\/p>\n<p><a href=\"https:\/\/www.google.com\/search?q=pompa+de+caldura+chofu&amp;oq=pompa+de+caldura+c&amp;gs_lcrp=EgZjaHJvbWUqDggBEEUYJxg7GIAEGIoFMgYIABBFGDkyDggBEEUYJxg7GIAEGIoFMgcIAhAAGIAEMgcIAxAAGIAEMgcIBBAAGIAEMgcIBRAAGIAEMgcIBhAAGIAEMgcIBxAAGIAEMgcICBAAGIAEMgcICRAAGIAE0gEKMTY5NDhqMGoxNagCALACAA&amp;sourceid=chrome&amp;ie=UTF-8\">Pompa<\/a> \u0422\u0435\u043f\u043b\u043e\u0432\u043e\u0439 \u043d\u0430\u0441\u043e\u0441 Chofu 12 \u043a\u0412\u0442 (220\u0412) \u041f\u0440\u043e\u0438\u0437\u0432\u043e\u0434\u0441\u0442\u0432\u043e \u042f\u043f\u043e\u043d\u0438\u044f <a href=\"https:\/\/termoshop.md\/ru\/\">Termoshop.md<\/a><\/p>","protected":false},"excerpt":{"rendered":"<table class=\"description-table\" width=\"666\">\n<tbody>\n<tr>\n<td width=\"380\">\u042d\u0444\u0444\u0435\u043a\u0442\u0438\u0432\u043d\u043e\u0441\u0442\u044c SCOP = 4,7<\/td>\n<td width=\"286\">\u042d\u043d\u0435\u0440\u0433\u043e\u044d\u0444\u0444\u0435\u043a\u0442\u0438\u0432\u043d\u043e\u0441\u0442\u044c \u043f\u0440\u0438 35\u00b0C = <strong>A+++<\/strong><\/td>\n<\/tr>\n<tr>\n<td width=\"380\">\u041a\u041f\u0414 \u041a\u0421 = 4,30<\/td>\n<td width=\"286\">\u042d\u043d\u0435\u0440\u0433\u043e\u044d\u0444\u0444\u0435\u043a\u0442\u0438\u0432\u043d\u043e\u0441\u0442\u044c \u043f\u0440\u0438 55\u00b0C =<strong>\u00a0A++<\/strong><\/td>\n<\/tr>\n<tr>\n<td width=\"380\">\u041e\u0442\u043e\u043f\u043b\u0435\u043d\u0438\u0435 = 12,0 \u043a\u0412\u0442 \u0422\u0435\u043f\u043b\u043e\u0432\u043e\u0435<\/td>\n<td width=\"286\">\u041c\u0438\u043d. \u0442\u0435\u043c\u043f\u0435\u0440\u0430\u0442\u0443\u0440\u0430 \u0440\u0430\u0431\u043e\u0442\u0430 = 55\u00b0\u0421<\/td>\n<\/tr>\n<tr>\n<td width=\"380\">\u041e\u0445\u043b\u0430\u0436\u0434\u0435\u043d\u0438\u0435 = 12,0 \u043a\u0412\u0442<\/td>\n<td width=\"286\">\u041c\u0430\u043a\u0441. \u0442\u0435\u043c\u043f\u0435\u0440\u0430\u0442\u0443\u0440\u0430\/\u043f\u043e\u0432\u043e\u0440\u043e\u0442 = 60\u00b0C<\/td>\n<\/tr>\n<tr>\n<td width=\"380\">\u041f\u043e\u0442\u0440\u0435\u0431\u043b\u0435\u043d\u0438\u0435 \u044d\u043b\u0435\u043a\u0442\u0440\u043e\u044d\u043d\u0435\u0440\u0433\u0438\u0438 = 3,16 \u043a\u0412\u0442\/\u0447.<\/td>\n<td width=\"286\"><\/td>\n<\/tr>\n<tr>\n<td width=\"380\">\u042d\u043b\u0435\u043a\u0442\u0440\u0438\u0447\u0435\u0441\u043a\u043e\u0435 \u043f\u043e\u0434\u043a\u043b\u044e\u0447\u0435\u043d\u0438\u0435 = 220 \u0412\/3 \u0444\u0430\u0437\u044b\/50 \u0413\u0446<\/td>\n<td width=\"286\">\u0425\u043b\u0430\u0434\u0430\u0433\u0435\u043d\u0442 =\u00a0<strong>R32<\/strong><\/td>\n<\/tr>\n<tr>\n<td width=\"380\">\u041c\u043e\u0449\u043d\u043e\u0441\u0442\u044c \u0432 \u0430\u043c\u043f\u0435\u0440\u0430\u0445 = 13,8 \u0410<\/td>\n<td width=\"286\">\u0425\u043b\u0430\u0434\u0430\u0433\u0435\u043d\u0442 = 2,20 \u043a\u0433.<\/td>\n<\/tr>\n<tr>\n<td width=\"380\">\u0420\u0430\u0431\u043e\u0447\u0438\u0439 \u0448\u0443\u043c = 51 \u0434\u0411(\u0410)<\/td>\n<td width=\"286\">\u0421\u043e\u0435\u0434\u0438\u043d\u0435\u043d\u0438\u0435 \u043f\u043e\u0434\u0430\u044e\u0449\u0430\u044f\/\u043e\u0431\u0440\u0430\u0442\u043d\u0430\u044f \u043b\u0438\u043d\u0438\u044f = 1 \u00bc\u201d \u2013 DN25<\/td>\n<\/tr>\n<tr>\n<td width=\"380\">\u0421\u0435\u0437\u043e\u043d\u043d\u0430\u044f \u044d\u0444\u0444\u0435\u043a\u0442\u0438\u0432\u043d\u043e\u0441\u0442\u044c \u043e\u0442\u043e\u043f\u043b\u0435\u043d\u0438\u044f (\u014bs) = 190%<\/td>\n<td width=\"286\">\u041a\u043e\u0440\u043f\u0443\u0441 \u2013 \u0441\u043d\u0430\u0440\u0443\u0436\u0438 \u043e\u0446\u0438\u043d\u043a\u043e\u0432\u0430\u043d\u043d\u044b\u0439 \u043b\u0438\u0441\u0442.<\/td>\n<\/tr>\n<tr>\n<td width=\"380\">\u041a\u043e\u043c\u043f\u0440\u0435\u0441\u0441\u043e\u0440 \u2013 \u0434\u0432\u0443\u0445\u0440\u043e\u0442\u043e\u0440\u043d\u044b\u0439 \u043f\u043e\u0441\u0442\u043e\u044f\u043d\u043d\u043e\u0433\u043e \u0442\u043e\u043a\u0430 Panasonic<\/td>\n<td width=\"286\">\u041a\u043e\u0440\u043f\u0443\u0441 \u2013 \u0423\u0441\u0442\u043e\u0439\u0447\u0438\u0432\u043e\u0441\u0442\u044c \u043a \u0430\u0442\u043c\u043e\u0441\u0444\u0435\u0440\u043d\u044b\u043c \u0432\u043e\u0437\u0434\u0435\u0439\u0441\u0442\u0432\u0438\u044f\u043c<\/td>\n<\/tr>\n<tr>\n<td width=\"380\">\u0410\u0432\u0442\u043e\u043c\u0430\u0442\u0438\u0437\u0430\u0446\u0438\u044f \u2013 \u0412\u043d\u0435\u0448\u043d\u0438\u0439 \u043a\u043e\u043d\u0442\u0440\u043e\u043b\u043b\u0435\u0440<\/td>\n<td width=\"286\">\u0413\u0430\u0431\u0430\u0440\u0438\u0442\u044b = 1418\u0445 1000\u0445 330 \u043c\u043c<\/td>\n<\/tr>\n<tr>\n<td width=\"380\">\u0420\u0435\u0446\u0438\u0440\u043a\u0443\u043b\u044f\u0446\u0438\u043e\u043d\u043d\u044b\u0439 \u043d\u0430\u0441\u043e\u0441 Panasonic \u2013 \u0432\u0441\u0442\u0440\u043e\u0435\u043d\u043d\u044b\u0439<\/td>\n<td width=\"286\">\u041c\u0430\u0441\u0441\u0430: 111 Kg<\/td>\n<\/tr>\n<\/tbody>\n<\/table>","protected":false},"featured_media":2778,"comment_status":"open","ping_status":"closed","template":"","meta":[],"product_brand":[225],"product_cat":[404,143],"product_tag":[],"class_list":{"0":"post-2777","1":"product","2":"type-product","3":"status-publish","4":"has-post-thumbnail","6":"product_brand-chofu","7":"product_cat-pompe-de-caldura-monobloc","8":"product_cat-pompe-de-caldura","10":"first","11":"instock","12":"shipping-taxable","13":"purchasable","14":"product-type-simple"},"yoast_head":"<!-- This site is optimized with the Yoast SEO plugin v26.9 - https:\/\/yoast.com\/product\/yoast-seo-wordpress\/ -->\n<title>Pompa de c\u0103ldur\u0103 Chofu 12 kW (220V) Made in Japan - Termoshop.md<\/title>\n<meta name=\"description\" content=\"Pompa de c\u0103ldur\u0103 Chofu 12 kW (220V) Made in Japan, pompe de caldura ieftine, pompe de caldura in moldova, asortiment de pompe de caldura\" \/>\n<meta name=\"robots\" content=\"index, follow, max-snippet:-1, max-image-preview:large, max-video-preview:-1\" \/>\n<link rel=\"canonical\" href=\"https:\/\/termoshop.md\/ru\/produs\/pompa-de-caldura-chofu-12kw-monobloc\/\" \/>\n<meta property=\"og:locale\" content=\"ru_RU\" \/>\n<meta property=\"og:type\" content=\"article\" \/>\n<meta property=\"og:title\" content=\"Pompa de c\u0103ldur\u0103 Chofu 12 kW (220V) Made in Japan - Termoshop.md\" \/>\n<meta property=\"og:description\" content=\"Pompa de c\u0103ldur\u0103 Chofu 12 kW (220V) Made in Japan, pompe de caldura ieftine, pompe de caldura in moldova, asortiment de pompe de caldura\" \/>\n<meta property=\"og:url\" content=\"https:\/\/termoshop.md\/ru\/produs\/pompa-de-caldura-chofu-12kw-monobloc\/\" \/>\n<meta property=\"og:site_name\" content=\"Termoshop.md\" \/>\n<meta property=\"article:modified_time\" content=\"2024-01-31T06:47:55+00:00\" \/>\n<meta property=\"og:image\" content=\"https:\/\/termoshop.md\/wp-content\/uploads\/2023\/05\/Chofu_12kW_Made-in-Japan-2-768x640-1.jpg\" \/>\n\t<meta property=\"og:image:width\" content=\"768\" \/>\n\t<meta property=\"og:image:height\" content=\"640\" \/>\n\t<meta property=\"og:image:type\" content=\"image\/jpeg\" \/>\n<meta name=\"twitter:card\" content=\"summary_large_image\" \/>\n<meta name=\"twitter:label1\" content=\"\u041f\u0440\u0438\u043c\u0435\u0440\u043d\u043e\u0435 \u0432\u0440\u0435\u043c\u044f \u0434\u043b\u044f \u0447\u0442\u0435\u043d\u0438\u044f\" \/>\n\t<meta name=\"twitter:data1\" content=\"2 \u043c\u0438\u043d\u0443\u0442\u044b\" \/>\n<script type=\"application\/ld+json\" class=\"yoast-schema-graph\">{\"@context\":\"https:\/\/schema.org\",\"@graph\":[{\"@type\":\"WebPage\",\"@id\":\"https:\/\/termoshop.md\/produs\/pompa-de-caldura-chofu-12kw-monobloc\/\",\"url\":\"https:\/\/termoshop.md\/produs\/pompa-de-caldura-chofu-12kw-monobloc\/\",\"name\":\"Pompa de c\u0103ldur\u0103 Chofu 12 kW (220V) Made in Japan - Termoshop.md\",\"isPartOf\":{\"@id\":\"https:\/\/termoshop.md\/#website\"},\"primaryImageOfPage\":{\"@id\":\"https:\/\/termoshop.md\/produs\/pompa-de-caldura-chofu-12kw-monobloc\/#primaryimage\"},\"image\":{\"@id\":\"https:\/\/termoshop.md\/produs\/pompa-de-caldura-chofu-12kw-monobloc\/#primaryimage\"},\"thumbnailUrl\":\"https:\/\/termoshop.md\/wp-content\/uploads\/2023\/05\/Chofu_12kW_Made-in-Japan-2-768x640-1.jpg\",\"datePublished\":\"2023-05-09T07:12:59+00:00\",\"dateModified\":\"2024-01-31T06:47:55+00:00\",\"description\":\"Pompa de c\u0103ldur\u0103 Chofu 12 kW (220V) Made in Japan, pompe de caldura ieftine, pompe de caldura in moldova, asortiment de pompe de caldura\",\"breadcrumb\":{\"@id\":\"https:\/\/termoshop.md\/produs\/pompa-de-caldura-chofu-12kw-monobloc\/#breadcrumb\"},\"inLanguage\":\"ru-RU\",\"potentialAction\":[{\"@type\":\"ReadAction\",\"target\":[\"https:\/\/termoshop.md\/produs\/pompa-de-caldura-chofu-12kw-monobloc\/\"]}]},{\"@type\":\"ImageObject\",\"inLanguage\":\"ru-RU\",\"@id\":\"https:\/\/termoshop.md\/produs\/pompa-de-caldura-chofu-12kw-monobloc\/#primaryimage\",\"url\":\"https:\/\/termoshop.md\/wp-content\/uploads\/2023\/05\/Chofu_12kW_Made-in-Japan-2-768x640-1.jpg\",\"contentUrl\":\"https:\/\/termoshop.md\/wp-content\/uploads\/2023\/05\/Chofu_12kW_Made-in-Japan-2-768x640-1.jpg\",\"width\":768,\"height\":640},{\"@type\":\"BreadcrumbList\",\"@id\":\"https:\/\/termoshop.md\/produs\/pompa-de-caldura-chofu-12kw-monobloc\/#breadcrumb\",\"itemListElement\":[{\"@type\":\"ListItem\",\"position\":1,\"name\":\"Prima pagin\u0103\",\"item\":\"https:\/\/termoshop.md\/\"},{\"@type\":\"ListItem\",\"position\":2,\"name\":\"Toate Produsele\",\"item\":\"https:\/\/termoshop.md\/toate-produsele\/\"},{\"@type\":\"ListItem\",\"position\":3,\"name\":\"Pompa de c\u0103ldur\u0103 Chofu 12 kW (220V) Made in Japan\"}]},{\"@type\":\"WebSite\",\"@id\":\"https:\/\/termoshop.md\/#website\",\"url\":\"https:\/\/termoshop.md\/\",\"name\":\"Termoshop.md\",\"description\":\"Exper\u021bi \u00een solu\u021bii de top\",\"publisher\":{\"@id\":\"https:\/\/termoshop.md\/#organization\"},\"potentialAction\":[{\"@type\":\"SearchAction\",\"target\":{\"@type\":\"EntryPoint\",\"urlTemplate\":\"https:\/\/termoshop.md\/?s={search_term_string}\"},\"query-input\":{\"@type\":\"PropertyValueSpecification\",\"valueRequired\":true,\"valueName\":\"search_term_string\"}}],\"inLanguage\":\"ru-RU\"},{\"@type\":\"Organization\",\"@id\":\"https:\/\/termoshop.md\/#organization\",\"name\":\"Termoshop.md\",\"url\":\"https:\/\/termoshop.md\/\",\"logo\":{\"@type\":\"ImageObject\",\"inLanguage\":\"ru-RU\",\"@id\":\"https:\/\/termoshop.md\/#\/schema\/logo\/image\/\",\"url\":\"https:\/\/termoshop.md\/wp-content\/uploads\/2023\/04\/termoshopro.png\",\"contentUrl\":\"https:\/\/termoshop.md\/wp-content\/uploads\/2023\/04\/termoshopro.png\",\"width\":500,\"height\":94,\"caption\":\"Termoshop.md\"},\"image\":{\"@id\":\"https:\/\/termoshop.md\/#\/schema\/logo\/image\/\"}}]}<\/script>\n<!-- \/ Yoast SEO plugin. -->","yoast_head_json":{"title":"Pompa de c\u0103ldur\u0103 Chofu 12 kW (220V) Made in Japan - Termoshop.md","description":"Pompa de c\u0103ldur\u0103 Chofu 12 kW (220V) Made in Japan, pompe de caldura ieftine, pompe de caldura in moldova, asortiment de pompe de caldura","robots":{"index":"index","follow":"follow","max-snippet":"max-snippet:-1","max-image-preview":"max-image-preview:large","max-video-preview":"max-video-preview:-1"},"canonical":"https:\/\/termoshop.md\/ru\/produs\/pompa-de-caldura-chofu-12kw-monobloc\/","og_locale":"ru_RU","og_type":"article","og_title":"Pompa de c\u0103ldur\u0103 Chofu 12 kW (220V) Made in Japan - Termoshop.md","og_description":"Pompa de c\u0103ldur\u0103 Chofu 12 kW (220V) Made in Japan, pompe de caldura ieftine, pompe de caldura in moldova, asortiment de pompe de caldura","og_url":"https:\/\/termoshop.md\/ru\/produs\/pompa-de-caldura-chofu-12kw-monobloc\/","og_site_name":"Termoshop.md","article_modified_time":"2024-01-31T06:47:55+00:00","og_image":[{"width":768,"height":640,"url":"https:\/\/termoshop.md\/wp-content\/uploads\/2023\/05\/Chofu_12kW_Made-in-Japan-2-768x640-1.jpg","type":"image\/jpeg"}],"twitter_card":"summary_large_image","twitter_misc":{"\u041f\u0440\u0438\u043c\u0435\u0440\u043d\u043e\u0435 \u0432\u0440\u0435\u043c\u044f \u0434\u043b\u044f \u0447\u0442\u0435\u043d\u0438\u044f":"2 \u043c\u0438\u043d\u0443\u0442\u044b"},"schema":{"@context":"https:\/\/schema.org","@graph":[{"@type":"WebPage","@id":"https:\/\/termoshop.md\/produs\/pompa-de-caldura-chofu-12kw-monobloc\/","url":"https:\/\/termoshop.md\/produs\/pompa-de-caldura-chofu-12kw-monobloc\/","name":"Pompa de c\u0103ldur\u0103 Chofu 12 kW (220V) Made in Japan - Termoshop.md","isPartOf":{"@id":"https:\/\/termoshop.md\/#website"},"primaryImageOfPage":{"@id":"https:\/\/termoshop.md\/produs\/pompa-de-caldura-chofu-12kw-monobloc\/#primaryimage"},"image":{"@id":"https:\/\/termoshop.md\/produs\/pompa-de-caldura-chofu-12kw-monobloc\/#primaryimage"},"thumbnailUrl":"https:\/\/termoshop.md\/wp-content\/uploads\/2023\/05\/Chofu_12kW_Made-in-Japan-2-768x640-1.jpg","datePublished":"2023-05-09T07:12:59+00:00","dateModified":"2024-01-31T06:47:55+00:00","description":"Pompa de c\u0103ldur\u0103 Chofu 12 kW (220V) Made in Japan, pompe de caldura ieftine, pompe de caldura in moldova, asortiment de pompe de caldura","breadcrumb":{"@id":"https:\/\/termoshop.md\/produs\/pompa-de-caldura-chofu-12kw-monobloc\/#breadcrumb"},"inLanguage":"ru-RU","potentialAction":[{"@type":"ReadAction","target":["https:\/\/termoshop.md\/produs\/pompa-de-caldura-chofu-12kw-monobloc\/"]}]},{"@type":"ImageObject","inLanguage":"ru-RU","@id":"https:\/\/termoshop.md\/produs\/pompa-de-caldura-chofu-12kw-monobloc\/#primaryimage","url":"https:\/\/termoshop.md\/wp-content\/uploads\/2023\/05\/Chofu_12kW_Made-in-Japan-2-768x640-1.jpg","contentUrl":"https:\/\/termoshop.md\/wp-content\/uploads\/2023\/05\/Chofu_12kW_Made-in-Japan-2-768x640-1.jpg","width":768,"height":640},{"@type":"BreadcrumbList","@id":"https:\/\/termoshop.md\/produs\/pompa-de-caldura-chofu-12kw-monobloc\/#breadcrumb","itemListElement":[{"@type":"ListItem","position":1,"name":"Prima pagin\u0103","item":"https:\/\/termoshop.md\/"},{"@type":"ListItem","position":2,"name":"Toate Produsele","item":"https:\/\/termoshop.md\/toate-produsele\/"},{"@type":"ListItem","position":3,"name":"Pompa de c\u0103ldur\u0103 Chofu 12 kW (220V) Made in Japan"}]},{"@type":"WebSite","@id":"https:\/\/termoshop.md\/#website","url":"https:\/\/termoshop.md\/","name":"Termoshop.md","description":"Exper\u021bi \u00een solu\u021bii de top","publisher":{"@id":"https:\/\/termoshop.md\/#organization"},"potentialAction":[{"@type":"SearchAction","target":{"@type":"EntryPoint","urlTemplate":"https:\/\/termoshop.md\/?s={search_term_string}"},"query-input":{"@type":"PropertyValueSpecification","valueRequired":true,"valueName":"search_term_string"}}],"inLanguage":"ru-RU"},{"@type":"Organization","@id":"https:\/\/termoshop.md\/#organization","name":"Termoshop.md","url":"https:\/\/termoshop.md\/","logo":{"@type":"ImageObject","inLanguage":"ru-RU","@id":"https:\/\/termoshop.md\/#\/schema\/logo\/image\/","url":"https:\/\/termoshop.md\/wp-content\/uploads\/2023\/04\/termoshopro.png","contentUrl":"https:\/\/termoshop.md\/wp-content\/uploads\/2023\/04\/termoshopro.png","width":500,"height":94,"caption":"Termoshop.md"},"image":{"@id":"https:\/\/termoshop.md\/#\/schema\/logo\/image\/"}}]}},"jetpack_sharing_enabled":true,"_links":{"self":[{"href":"https:\/\/termoshop.md\/ru\/wp-json\/wp\/v2\/product\/2777","targetHints":{"allow":["GET"]}}],"collection":[{"href":"https:\/\/termoshop.md\/ru\/wp-json\/wp\/v2\/product"}],"about":[{"href":"https:\/\/termoshop.md\/ru\/wp-json\/wp\/v2\/types\/product"}],"replies":[{"embeddable":true,"href":"https:\/\/termoshop.md\/ru\/wp-json\/wp\/v2\/comments?post=2777"}],"wp:featuredmedia":[{"embeddable":true,"href":"https:\/\/termoshop.md\/ru\/wp-json\/wp\/v2\/media\/2778"}],"wp:attachment":[{"href":"https:\/\/termoshop.md\/ru\/wp-json\/wp\/v2\/media?parent=2777"}],"wp:term":[{"taxonomy":"product_brand","embeddable":true,"href":"https:\/\/termoshop.md\/ru\/wp-json\/wp\/v2\/product_brand?post=2777"},{"taxonomy":"product_cat","embeddable":true,"href":"https:\/\/termoshop.md\/ru\/wp-json\/wp\/v2\/product_cat?post=2777"},{"taxonomy":"product_tag","embeddable":true,"href":"https:\/\/termoshop.md\/ru\/wp-json\/wp\/v2\/product_tag?post=2777"}],"curies":[{"name":"wp","href":"https:\/\/api.w.org\/{rel}","templated":true}]}}