{"id":2603,"date":"2023-05-03T19:19:27","date_gmt":"2023-05-03T19:19:27","guid":{"rendered":"https:\/\/termoshop.md\/?post_type=product&#038;p=2603"},"modified":"2023-12-26T13:16:14","modified_gmt":"2023-12-26T13:16:14","slug":"centrala-termica-pe-gaz-cu-condensare-beretta-mynute-x-25-c","status":"publish","type":"product","link":"https:\/\/termoshop.md\/ru\/produs\/centrala-termica-pe-gaz-cu-condensare-beretta-mynute-x-25-c\/","title":{"rendered":"Centrala termica pe gaz cu condensare Beretta Mynute X 25 C"},"content":{"rendered":"<p>MYNUTE X este echipat cu un panou de control modern \u0219i u\u0219or de utilizat, acoperit elegant de o u\u0219\u0103 care v\u0103 las\u0103 s\u0103 \u00eentrez\u0103ri\u021bi lumina \u201ebijuteriei sale verzi\u201d, bara luminoas\u0103 cu LED care semnalizeaz\u0103 starea sa actual\u0103 de func\u021bionare. Printr-un display LCD modern iluminat din spate, care comunica cu utilizatorul prin pictograme si texte derulante (multilingve), este posibila accesarea functiilor lui MYNUTE X. Prin intermediul a 7 taste de operare serigrafiate, este posibila navigarea pe panou intr-un mod simplu. si mod intuitiv, accesand setarile si parametrizarile centralei si sistemului.<\/p>\n<p>NOUL SCHIMB\u0102TOR MYNUTE X ESTE DIN O\u021aEL INOX, CU O \u021a\u0102V\u0102 NETED\u0102 DE SEC\u021aIUNE \u00ceNALT\u0102 PENTRU A OFERI CEA MAI BUN\u0102 EFICIEN\u021a\u0102<\/p>\n<p>Pe langa rezistenta mare la actiunea coroziva a condensului acid, otelul inoxidabil AISI 304 L reduce formarea interioara a oxizilor si a altor fenomene electrochimice tipice instalarii pe sisteme vechi. Geometria bobinei unice (circuit hidraulic \u00een serie) ofer\u0103 un debit constant \u00een toate sec\u021biunile schimb\u0103torului \u0219i limiteaz\u0103 intrinsec fenomenele de colmatare. Accesul frontal faciliteaz\u0103 \u00eentre\u021binerea \u0219i cur\u0103\u021barea periodic\u0103 a camerei de ardere.<\/p>","protected":false},"excerpt":{"rendered":"<ul>\n<li>Schimb\u0103tor de c\u0103ldur\u0103 cu condensare din o\u021bel inoxidabil cu acces frontal.<\/li>\n<li>Modula\u021bie ridicat\u0103 (p\u00e2n\u0103 la 1: 8).<\/li>\n<li>\u00a0NOx sc\u0103zut: Clasa 6 Conform Directivei Europene UNI EN 15502.<\/li>\n<li>\u00a0Pomp\u0103 de circula\u021bie electronic\u0103 cu consum redus de energie (EEI \u2264 0,20) reglabil\u0103 cu patru moduri de gestionare.<\/li>\n<li>\u00a0Clapet\u0103 de gaze arse \u00eencorporat\u0103 permite certificarea Mynute X (*) ca aparat C(10) (**) pentru utilizarea co\u0219urilor de fum sub presiune.<\/li>\n<li>\u00a0Cazan HYBRID READY, care poate fi integrat \u00een sisteme Beretta multi-energie prin REC 10H, disponibil ca accesoriu.<\/li>\n<li>\u00a0Flexibilitatea instal\u0103rii: la interior, la exterior (\u00een locuri par\u021bial protejate ) \u0219i aplica\u021bii incastrate \u00een perete.<\/li>\n<li>\u00a0Conexiune de evacuare a gazelor arse click-fit : rapid\u0103 \u0219i sigur\u0103.<\/li>\n<li>\u00a0Conexiuni hidraulice \u0219i sond\u0103 de exterior disponibile op\u021bional.<\/li>\n<li>\u00a0Protec\u021bie la \u00eenghe\u021b standard.<\/li>\n<li>\u00a0Protec\u021bie electric\u0103 IPX5D.<\/li>\n<li>\u00a0Poate fi asociat cu BeSMART Control care func\u021bioneaz\u0103 ca termostat WiFi \u00een comunica\u021bia OTBus, permi\u021b\u00e2nd avantaje extinse.<\/li>\n<\/ul>","protected":false},"featured_media":2605,"comment_status":"open","ping_status":"closed","template":"","meta":[],"product_brand":[75],"product_cat":[173],"product_tag":[],"class_list":{"0":"post-2603","1":"product","2":"type-product","3":"status-publish","4":"has-post-thumbnail","6":"product_brand-beretta","7":"product_cat-centrale-termice-pe-gaz","9":"first","10":"outofstock","11":"shipping-taxable","12":"product-type-simple"},"yoast_head":"<!-- This site is optimized with the Yoast SEO plugin v26.9 - https:\/\/yoast.com\/product\/yoast-seo-wordpress\/ -->\n<title>Centrala termica pe gaz cu condensare Beretta Mynute X 25 C - Termoshop.md<\/title>\n<meta name=\"description\" content=\"entral condensare, cazan pe gaz, centrala gaz, beretta, centrala eficienta, inalta eficienta, schimbator inox, modulare, gaz metan, gpl,\" \/>\n<meta name=\"robots\" content=\"index, follow, max-snippet:-1, max-image-preview:large, max-video-preview:-1\" \/>\n<link rel=\"canonical\" href=\"https:\/\/termoshop.md\/ru\/produs\/centrala-termica-pe-gaz-cu-condensare-beretta-mynute-x-25-c\/\" \/>\n<meta property=\"og:locale\" content=\"ru_RU\" \/>\n<meta property=\"og:type\" content=\"article\" \/>\n<meta property=\"og:title\" content=\"Centrala termica pe gaz cu condensare Beretta Mynute X 25 C - Termoshop.md\" \/>\n<meta property=\"og:description\" content=\"entral condensare, cazan pe gaz, centrala gaz, beretta, centrala eficienta, inalta eficienta, schimbator inox, modulare, gaz metan, gpl,\" \/>\n<meta property=\"og:url\" content=\"https:\/\/termoshop.md\/ru\/produs\/centrala-termica-pe-gaz-cu-condensare-beretta-mynute-x-25-c\/\" \/>\n<meta property=\"og:site_name\" content=\"Termoshop.md\" \/>\n<meta property=\"article:modified_time\" content=\"2023-12-26T13:16:14+00:00\" \/>\n<meta property=\"og:image\" content=\"https:\/\/termoshop.md\/wp-content\/uploads\/2023\/05\/mynute-x-30r-mtn-20163568.jpg\" \/>\n\t<meta property=\"og:image:width\" content=\"598\" \/>\n\t<meta property=\"og:image:height\" content=\"600\" \/>\n\t<meta property=\"og:image:type\" content=\"image\/jpeg\" \/>\n<meta name=\"twitter:card\" content=\"summary_large_image\" \/>\n<meta name=\"twitter:label1\" content=\"\u041f\u0440\u0438\u043c\u0435\u0440\u043d\u043e\u0435 \u0432\u0440\u0435\u043c\u044f \u0434\u043b\u044f \u0447\u0442\u0435\u043d\u0438\u044f\" \/>\n\t<meta name=\"twitter:data1\" content=\"1 \u043c\u0438\u043d\u0443\u0442\u0430\" \/>\n<script type=\"application\/ld+json\" class=\"yoast-schema-graph\">{\"@context\":\"https:\/\/schema.org\",\"@graph\":[{\"@type\":\"WebPage\",\"@id\":\"https:\/\/termoshop.md\/produs\/centrala-termica-pe-gaz-cu-condensare-beretta-mynute-x-25-c\/\",\"url\":\"https:\/\/termoshop.md\/produs\/centrala-termica-pe-gaz-cu-condensare-beretta-mynute-x-25-c\/\",\"name\":\"Centrala termica pe gaz cu condensare Beretta Mynute X 25 C - Termoshop.md\",\"isPartOf\":{\"@id\":\"https:\/\/termoshop.md\/#website\"},\"primaryImageOfPage\":{\"@id\":\"https:\/\/termoshop.md\/produs\/centrala-termica-pe-gaz-cu-condensare-beretta-mynute-x-25-c\/#primaryimage\"},\"image\":{\"@id\":\"https:\/\/termoshop.md\/produs\/centrala-termica-pe-gaz-cu-condensare-beretta-mynute-x-25-c\/#primaryimage\"},\"thumbnailUrl\":\"https:\/\/termoshop.md\/wp-content\/uploads\/2023\/05\/mynute-x-30r-mtn-20163568.jpg\",\"datePublished\":\"2023-05-03T19:19:27+00:00\",\"dateModified\":\"2023-12-26T13:16:14+00:00\",\"description\":\"entral condensare, cazan pe gaz, centrala gaz, beretta, centrala eficienta, inalta eficienta, schimbator inox, modulare, gaz metan, gpl,\",\"breadcrumb\":{\"@id\":\"https:\/\/termoshop.md\/produs\/centrala-termica-pe-gaz-cu-condensare-beretta-mynute-x-25-c\/#breadcrumb\"},\"inLanguage\":\"ru-RU\",\"potentialAction\":[{\"@type\":\"ReadAction\",\"target\":[\"https:\/\/termoshop.md\/produs\/centrala-termica-pe-gaz-cu-condensare-beretta-mynute-x-25-c\/\"]}]},{\"@type\":\"ImageObject\",\"inLanguage\":\"ru-RU\",\"@id\":\"https:\/\/termoshop.md\/produs\/centrala-termica-pe-gaz-cu-condensare-beretta-mynute-x-25-c\/#primaryimage\",\"url\":\"https:\/\/termoshop.md\/wp-content\/uploads\/2023\/05\/mynute-x-30r-mtn-20163568.jpg\",\"contentUrl\":\"https:\/\/termoshop.md\/wp-content\/uploads\/2023\/05\/mynute-x-30r-mtn-20163568.jpg\",\"width\":598,\"height\":600},{\"@type\":\"BreadcrumbList\",\"@id\":\"https:\/\/termoshop.md\/produs\/centrala-termica-pe-gaz-cu-condensare-beretta-mynute-x-25-c\/#breadcrumb\",\"itemListElement\":[{\"@type\":\"ListItem\",\"position\":1,\"name\":\"Prima pagin\u0103\",\"item\":\"https:\/\/termoshop.md\/\"},{\"@type\":\"ListItem\",\"position\":2,\"name\":\"Toate Produsele\",\"item\":\"https:\/\/termoshop.md\/toate-produsele\/\"},{\"@type\":\"ListItem\",\"position\":3,\"name\":\"Centrala termica pe gaz cu condensare Beretta Mynute X 25 C\"}]},{\"@type\":\"WebSite\",\"@id\":\"https:\/\/termoshop.md\/#website\",\"url\":\"https:\/\/termoshop.md\/\",\"name\":\"Termoshop.md\",\"description\":\"Exper\u021bi \u00een solu\u021bii de top\",\"publisher\":{\"@id\":\"https:\/\/termoshop.md\/#organization\"},\"potentialAction\":[{\"@type\":\"SearchAction\",\"target\":{\"@type\":\"EntryPoint\",\"urlTemplate\":\"https:\/\/termoshop.md\/?s={search_term_string}\"},\"query-input\":{\"@type\":\"PropertyValueSpecification\",\"valueRequired\":true,\"valueName\":\"search_term_string\"}}],\"inLanguage\":\"ru-RU\"},{\"@type\":\"Organization\",\"@id\":\"https:\/\/termoshop.md\/#organization\",\"name\":\"Termoshop.md\",\"url\":\"https:\/\/termoshop.md\/\",\"logo\":{\"@type\":\"ImageObject\",\"inLanguage\":\"ru-RU\",\"@id\":\"https:\/\/termoshop.md\/#\/schema\/logo\/image\/\",\"url\":\"https:\/\/termoshop.md\/wp-content\/uploads\/2023\/04\/termoshopro.png\",\"contentUrl\":\"https:\/\/termoshop.md\/wp-content\/uploads\/2023\/04\/termoshopro.png\",\"width\":500,\"height\":94,\"caption\":\"Termoshop.md\"},\"image\":{\"@id\":\"https:\/\/termoshop.md\/#\/schema\/logo\/image\/\"}}]}<\/script>\n<!-- \/ Yoast SEO plugin. -->","yoast_head_json":{"title":"Centrala termica pe gaz cu condensare Beretta Mynute X 25 C - Termoshop.md","description":"entral condensare, cazan pe gaz, centrala gaz, beretta, centrala eficienta, inalta eficienta, schimbator inox, modulare, gaz metan, gpl,","robots":{"index":"index","follow":"follow","max-snippet":"max-snippet:-1","max-image-preview":"max-image-preview:large","max-video-preview":"max-video-preview:-1"},"canonical":"https:\/\/termoshop.md\/ru\/produs\/centrala-termica-pe-gaz-cu-condensare-beretta-mynute-x-25-c\/","og_locale":"ru_RU","og_type":"article","og_title":"Centrala termica pe gaz cu condensare Beretta Mynute X 25 C - Termoshop.md","og_description":"entral condensare, cazan pe gaz, centrala gaz, beretta, centrala eficienta, inalta eficienta, schimbator inox, modulare, gaz metan, gpl,","og_url":"https:\/\/termoshop.md\/ru\/produs\/centrala-termica-pe-gaz-cu-condensare-beretta-mynute-x-25-c\/","og_site_name":"Termoshop.md","article_modified_time":"2023-12-26T13:16:14+00:00","og_image":[{"width":598,"height":600,"url":"https:\/\/termoshop.md\/wp-content\/uploads\/2023\/05\/mynute-x-30r-mtn-20163568.jpg","type":"image\/jpeg"}],"twitter_card":"summary_large_image","twitter_misc":{"\u041f\u0440\u0438\u043c\u0435\u0440\u043d\u043e\u0435 \u0432\u0440\u0435\u043c\u044f \u0434\u043b\u044f \u0447\u0442\u0435\u043d\u0438\u044f":"1 \u043c\u0438\u043d\u0443\u0442\u0430"},"schema":{"@context":"https:\/\/schema.org","@graph":[{"@type":"WebPage","@id":"https:\/\/termoshop.md\/produs\/centrala-termica-pe-gaz-cu-condensare-beretta-mynute-x-25-c\/","url":"https:\/\/termoshop.md\/produs\/centrala-termica-pe-gaz-cu-condensare-beretta-mynute-x-25-c\/","name":"Centrala termica pe gaz cu condensare Beretta Mynute X 25 C - Termoshop.md","isPartOf":{"@id":"https:\/\/termoshop.md\/#website"},"primaryImageOfPage":{"@id":"https:\/\/termoshop.md\/produs\/centrala-termica-pe-gaz-cu-condensare-beretta-mynute-x-25-c\/#primaryimage"},"image":{"@id":"https:\/\/termoshop.md\/produs\/centrala-termica-pe-gaz-cu-condensare-beretta-mynute-x-25-c\/#primaryimage"},"thumbnailUrl":"https:\/\/termoshop.md\/wp-content\/uploads\/2023\/05\/mynute-x-30r-mtn-20163568.jpg","datePublished":"2023-05-03T19:19:27+00:00","dateModified":"2023-12-26T13:16:14+00:00","description":"entral condensare, cazan pe gaz, centrala gaz, beretta, centrala eficienta, inalta eficienta, schimbator inox, modulare, gaz metan, gpl,","breadcrumb":{"@id":"https:\/\/termoshop.md\/produs\/centrala-termica-pe-gaz-cu-condensare-beretta-mynute-x-25-c\/#breadcrumb"},"inLanguage":"ru-RU","potentialAction":[{"@type":"ReadAction","target":["https:\/\/termoshop.md\/produs\/centrala-termica-pe-gaz-cu-condensare-beretta-mynute-x-25-c\/"]}]},{"@type":"ImageObject","inLanguage":"ru-RU","@id":"https:\/\/termoshop.md\/produs\/centrala-termica-pe-gaz-cu-condensare-beretta-mynute-x-25-c\/#primaryimage","url":"https:\/\/termoshop.md\/wp-content\/uploads\/2023\/05\/mynute-x-30r-mtn-20163568.jpg","contentUrl":"https:\/\/termoshop.md\/wp-content\/uploads\/2023\/05\/mynute-x-30r-mtn-20163568.jpg","width":598,"height":600},{"@type":"BreadcrumbList","@id":"https:\/\/termoshop.md\/produs\/centrala-termica-pe-gaz-cu-condensare-beretta-mynute-x-25-c\/#breadcrumb","itemListElement":[{"@type":"ListItem","position":1,"name":"Prima pagin\u0103","item":"https:\/\/termoshop.md\/"},{"@type":"ListItem","position":2,"name":"Toate Produsele","item":"https:\/\/termoshop.md\/toate-produsele\/"},{"@type":"ListItem","position":3,"name":"Centrala termica pe gaz cu condensare Beretta Mynute X 25 C"}]},{"@type":"WebSite","@id":"https:\/\/termoshop.md\/#website","url":"https:\/\/termoshop.md\/","name":"Termoshop.md","description":"Exper\u021bi \u00een solu\u021bii de top","publisher":{"@id":"https:\/\/termoshop.md\/#organization"},"potentialAction":[{"@type":"SearchAction","target":{"@type":"EntryPoint","urlTemplate":"https:\/\/termoshop.md\/?s={search_term_string}"},"query-input":{"@type":"PropertyValueSpecification","valueRequired":true,"valueName":"search_term_string"}}],"inLanguage":"ru-RU"},{"@type":"Organization","@id":"https:\/\/termoshop.md\/#organization","name":"Termoshop.md","url":"https:\/\/termoshop.md\/","logo":{"@type":"ImageObject","inLanguage":"ru-RU","@id":"https:\/\/termoshop.md\/#\/schema\/logo\/image\/","url":"https:\/\/termoshop.md\/wp-content\/uploads\/2023\/04\/termoshopro.png","contentUrl":"https:\/\/termoshop.md\/wp-content\/uploads\/2023\/04\/termoshopro.png","width":500,"height":94,"caption":"Termoshop.md"},"image":{"@id":"https:\/\/termoshop.md\/#\/schema\/logo\/image\/"}}]}},"jetpack_sharing_enabled":true,"_links":{"self":[{"href":"https:\/\/termoshop.md\/ru\/wp-json\/wp\/v2\/product\/2603","targetHints":{"allow":["GET"]}}],"collection":[{"href":"https:\/\/termoshop.md\/ru\/wp-json\/wp\/v2\/product"}],"about":[{"href":"https:\/\/termoshop.md\/ru\/wp-json\/wp\/v2\/types\/product"}],"replies":[{"embeddable":true,"href":"https:\/\/termoshop.md\/ru\/wp-json\/wp\/v2\/comments?post=2603"}],"wp:featuredmedia":[{"embeddable":true,"href":"https:\/\/termoshop.md\/ru\/wp-json\/wp\/v2\/media\/2605"}],"wp:attachment":[{"href":"https:\/\/termoshop.md\/ru\/wp-json\/wp\/v2\/media?parent=2603"}],"wp:term":[{"taxonomy":"product_brand","embeddable":true,"href":"https:\/\/termoshop.md\/ru\/wp-json\/wp\/v2\/product_brand?post=2603"},{"taxonomy":"product_cat","embeddable":true,"href":"https:\/\/termoshop.md\/ru\/wp-json\/wp\/v2\/product_cat?post=2603"},{"taxonomy":"product_tag","embeddable":true,"href":"https:\/\/termoshop.md\/ru\/wp-json\/wp\/v2\/product_tag?post=2603"}],"curies":[{"name":"wp","href":"https:\/\/api.w.org\/{rel}","templated":true}]}}