{"id":2601,"date":"2023-05-03T18:16:36","date_gmt":"2023-05-03T18:16:36","guid":{"rendered":"https:\/\/termoshop.md\/?post_type=product&#038;p=2601"},"modified":"2023-12-26T13:16:24","modified_gmt":"2023-12-26T13:16:24","slug":"centrala-termica-pe-gaz-cu-condensare-beretta-ciao-x-30-kw","status":"publish","type":"product","link":"https:\/\/termoshop.md\/ru\/produs\/centrala-termica-pe-gaz-cu-condensare-beretta-ciao-x-30-kw\/","title":{"rendered":"Centrala termica pe gaz cu condensare Beretta Ciao x 30 kW"},"content":{"rendered":"<p><span class=\"Y2IQFc\" lang=\"ro\">CIAO, una dintre cele mai bine v\u00e2ndute centrale de perete Beretta din toate timpurile, a fost complet reproiectat\u0103, d\u00e2nd via\u021b\u0103 unei noi game de condensare cu multe caracteristici \u0219i avantaje inovatoare: CIAO X.<\/span><\/p>\n<p>Noua gam\u0103 Beretta p\u0103streaz\u0103 caracteristicile distinctive ale modelelor anterioare cu acela\u0219i nume \u00een ceea ce prive\u0219te fiabilitatea \u0219i u\u0219urin\u021ba \u00een utilizare, ad\u0103ug\u00e2nd multe alte caracteristici importante \u0219i inovatoare: de la noul schimb\u0103tor primar din o\u021bel inoxidabil, la interfa\u021ba inovatoare tactila p\u00e2n\u0103 la Racorduri hidraulice standard DIN.<\/p>\n<p>Cu CIAO X, Beretta intensific\u0103 c\u0103utarea confortului \u0219i inova\u021biei cu respect pentru mediul \u00eenconjur\u0103tor, care reprezint\u0103 unul dintre punctele forte ale m\u0103rcii, \u00eencep\u00e2nd de la origini. Aceast\u0103 con\u0219tientizare re\u00eennoit\u0103 a energiei se traduce printr-o eficien\u021b\u0103 ridicat\u0103, un consum redus \u0219i un raport de modulare ridicat (1:8), care combinate cu flexibilitatea de instalare, dimensiunile compacte \u0219i greutatea redus\u0103, permit plasarea CIAO X \u00een fruntea categoriei sale.<\/p>","protected":false},"excerpt":{"rendered":"<ul>\n<li>\u00a0Schimb\u0103tor de c\u0103ldur\u0103 cu condensare din o\u021bel inoxidabil cu acces frontal.<\/li>\n<li>\u00a0Modula\u021bie ridicat\u0103 (p\u00e2n\u0103 la 1:8).<\/li>\n<li>\u00a0NOx sc\u0103zut: Clasa 6 conform Directivei Europene UNI EN 15502.<\/li>\n<li>\u00a0Pomp\u0103 de circula\u021bie electronic\u0103 cu consum redus de energie (EEI \u2264 0,20), 6 m cap rezidual<\/li>\n<li>\u00a0Termoreglare \u00eencorporat\u0103 cu sonda extern\u0103 furnizat\u0103 ca accesoriu<\/li>\n<li>\u00a0Certificare Gam\u0103 Nominal\u0103 pentru a adapta puterea cazanului la cerin\u021bele termice reale ale instala\u021biei.<\/li>\n<li>\u00a0Dimensiuni compacte, greutate redus\u0103 \u0219i u\u0219urin\u021b\u0103 \u00een instalare<\/li>\n<li>\u00a0Conexiune de evacuare a gazelor arse, Click-fit : rapid\u0103 \u0219i sigur\u0103.<\/li>\n<li>\u00a0Conexiuni hidraulice minime \u0219i gam\u0103 larg\u0103 de accesorii disponibile op\u021bional.<\/li>\n<li>\u00a0Func\u021bie de Pre\u00eenc\u0103lzire ACM pentru a reduce timpul de a\u0219teptare<\/li>\n<li>\u00a0Protec\u021bie electric\u0103 IPX5D.<\/li>\n<li>\u00a0Poate fi asociat cu BeSMART Control care func\u021bioneaz\u0103 ca termostat WiFi \u00een comunica\u021bia OTBus, permi\u021b\u00e2nd avantaje extinse.<\/li>\n<\/ul>","protected":false},"featured_media":2599,"comment_status":"open","ping_status":"closed","template":"","meta":[],"product_brand":[75],"product_cat":[173],"product_tag":[],"class_list":{"0":"post-2601","1":"product","2":"type-product","3":"status-publish","4":"has-post-thumbnail","6":"product_brand-beretta","7":"product_cat-centrale-termice-pe-gaz","9":"first","10":"outofstock","11":"shipping-taxable","12":"product-type-simple"},"yoast_head":"<!-- This site is optimized with the Yoast SEO plugin v26.9 - https:\/\/yoast.com\/product\/yoast-seo-wordpress\/ -->\n<title>Centrala termica pe gaz cu condensare Beretta Ciao x 30 kW - Termoshop.md<\/title>\n<meta name=\"description\" content=\"Centrala condensare, cazan condensare, centrala murala, beretta, centrala pe gaz, cazn gaz, cazan condensare, centrala economa\" \/>\n<meta name=\"robots\" content=\"index, follow, max-snippet:-1, max-image-preview:large, max-video-preview:-1\" \/>\n<link rel=\"canonical\" href=\"https:\/\/termoshop.md\/ru\/produs\/centrala-termica-pe-gaz-cu-condensare-beretta-ciao-x-30-kw\/\" \/>\n<meta property=\"og:locale\" content=\"ru_RU\" \/>\n<meta property=\"og:type\" content=\"article\" \/>\n<meta property=\"og:title\" content=\"Centrala termica pe gaz cu condensare Beretta Ciao x 30 kW - Termoshop.md\" \/>\n<meta property=\"og:description\" content=\"Centrala condensare, cazan condensare, centrala murala, beretta, centrala pe gaz, cazn gaz, cazan condensare, centrala economa\" \/>\n<meta property=\"og:url\" content=\"https:\/\/termoshop.md\/ru\/produs\/centrala-termica-pe-gaz-cu-condensare-beretta-ciao-x-30-kw\/\" \/>\n<meta property=\"og:site_name\" content=\"Termoshop.md\" \/>\n<meta property=\"article:modified_time\" content=\"2023-12-26T13:16:24+00:00\" \/>\n<meta property=\"og:image\" content=\"https:\/\/termoshop.md\/wp-content\/uploads\/2023\/05\/brt-25.png\" \/>\n\t<meta property=\"og:image:width\" content=\"843\" \/>\n\t<meta property=\"og:image:height\" content=\"847\" \/>\n\t<meta property=\"og:image:type\" content=\"image\/png\" \/>\n<meta name=\"twitter:card\" content=\"summary_large_image\" \/>\n<meta name=\"twitter:label1\" content=\"\u041f\u0440\u0438\u043c\u0435\u0440\u043d\u043e\u0435 \u0432\u0440\u0435\u043c\u044f \u0434\u043b\u044f \u0447\u0442\u0435\u043d\u0438\u044f\" \/>\n\t<meta name=\"twitter:data1\" content=\"1 \u043c\u0438\u043d\u0443\u0442\u0430\" \/>\n<script type=\"application\/ld+json\" class=\"yoast-schema-graph\">{\"@context\":\"https:\/\/schema.org\",\"@graph\":[{\"@type\":\"WebPage\",\"@id\":\"https:\/\/termoshop.md\/produs\/centrala-termica-pe-gaz-cu-condensare-beretta-ciao-x-30-kw\/\",\"url\":\"https:\/\/termoshop.md\/produs\/centrala-termica-pe-gaz-cu-condensare-beretta-ciao-x-30-kw\/\",\"name\":\"Centrala termica pe gaz cu condensare Beretta Ciao x 30 kW - Termoshop.md\",\"isPartOf\":{\"@id\":\"https:\/\/termoshop.md\/#website\"},\"primaryImageOfPage\":{\"@id\":\"https:\/\/termoshop.md\/produs\/centrala-termica-pe-gaz-cu-condensare-beretta-ciao-x-30-kw\/#primaryimage\"},\"image\":{\"@id\":\"https:\/\/termoshop.md\/produs\/centrala-termica-pe-gaz-cu-condensare-beretta-ciao-x-30-kw\/#primaryimage\"},\"thumbnailUrl\":\"https:\/\/termoshop.md\/wp-content\/uploads\/2023\/05\/brt-25.png\",\"datePublished\":\"2023-05-03T18:16:36+00:00\",\"dateModified\":\"2023-12-26T13:16:24+00:00\",\"description\":\"Centrala condensare, cazan condensare, centrala murala, beretta, centrala pe gaz, cazn gaz, cazan condensare, centrala economa\",\"breadcrumb\":{\"@id\":\"https:\/\/termoshop.md\/produs\/centrala-termica-pe-gaz-cu-condensare-beretta-ciao-x-30-kw\/#breadcrumb\"},\"inLanguage\":\"ru-RU\",\"potentialAction\":[{\"@type\":\"ReadAction\",\"target\":[\"https:\/\/termoshop.md\/produs\/centrala-termica-pe-gaz-cu-condensare-beretta-ciao-x-30-kw\/\"]}]},{\"@type\":\"ImageObject\",\"inLanguage\":\"ru-RU\",\"@id\":\"https:\/\/termoshop.md\/produs\/centrala-termica-pe-gaz-cu-condensare-beretta-ciao-x-30-kw\/#primaryimage\",\"url\":\"https:\/\/termoshop.md\/wp-content\/uploads\/2023\/05\/brt-25.png\",\"contentUrl\":\"https:\/\/termoshop.md\/wp-content\/uploads\/2023\/05\/brt-25.png\",\"width\":843,\"height\":847},{\"@type\":\"BreadcrumbList\",\"@id\":\"https:\/\/termoshop.md\/produs\/centrala-termica-pe-gaz-cu-condensare-beretta-ciao-x-30-kw\/#breadcrumb\",\"itemListElement\":[{\"@type\":\"ListItem\",\"position\":1,\"name\":\"Prima pagin\u0103\",\"item\":\"https:\/\/termoshop.md\/\"},{\"@type\":\"ListItem\",\"position\":2,\"name\":\"Toate Produsele\",\"item\":\"https:\/\/termoshop.md\/toate-produsele\/\"},{\"@type\":\"ListItem\",\"position\":3,\"name\":\"Centrala termica pe gaz cu condensare Beretta Ciao x 30 kW\"}]},{\"@type\":\"WebSite\",\"@id\":\"https:\/\/termoshop.md\/#website\",\"url\":\"https:\/\/termoshop.md\/\",\"name\":\"Termoshop.md\",\"description\":\"Exper\u021bi \u00een solu\u021bii de top\",\"publisher\":{\"@id\":\"https:\/\/termoshop.md\/#organization\"},\"potentialAction\":[{\"@type\":\"SearchAction\",\"target\":{\"@type\":\"EntryPoint\",\"urlTemplate\":\"https:\/\/termoshop.md\/?s={search_term_string}\"},\"query-input\":{\"@type\":\"PropertyValueSpecification\",\"valueRequired\":true,\"valueName\":\"search_term_string\"}}],\"inLanguage\":\"ru-RU\"},{\"@type\":\"Organization\",\"@id\":\"https:\/\/termoshop.md\/#organization\",\"name\":\"Termoshop.md\",\"url\":\"https:\/\/termoshop.md\/\",\"logo\":{\"@type\":\"ImageObject\",\"inLanguage\":\"ru-RU\",\"@id\":\"https:\/\/termoshop.md\/#\/schema\/logo\/image\/\",\"url\":\"https:\/\/termoshop.md\/wp-content\/uploads\/2023\/04\/termoshopro.png\",\"contentUrl\":\"https:\/\/termoshop.md\/wp-content\/uploads\/2023\/04\/termoshopro.png\",\"width\":500,\"height\":94,\"caption\":\"Termoshop.md\"},\"image\":{\"@id\":\"https:\/\/termoshop.md\/#\/schema\/logo\/image\/\"}}]}<\/script>\n<!-- \/ Yoast SEO plugin. -->","yoast_head_json":{"title":"Centrala termica pe gaz cu condensare Beretta Ciao x 30 kW - Termoshop.md","description":"Centrala condensare, cazan condensare, centrala murala, beretta, centrala pe gaz, cazn gaz, cazan condensare, centrala economa","robots":{"index":"index","follow":"follow","max-snippet":"max-snippet:-1","max-image-preview":"max-image-preview:large","max-video-preview":"max-video-preview:-1"},"canonical":"https:\/\/termoshop.md\/ru\/produs\/centrala-termica-pe-gaz-cu-condensare-beretta-ciao-x-30-kw\/","og_locale":"ru_RU","og_type":"article","og_title":"Centrala termica pe gaz cu condensare Beretta Ciao x 30 kW - Termoshop.md","og_description":"Centrala condensare, cazan condensare, centrala murala, beretta, centrala pe gaz, cazn gaz, cazan condensare, centrala economa","og_url":"https:\/\/termoshop.md\/ru\/produs\/centrala-termica-pe-gaz-cu-condensare-beretta-ciao-x-30-kw\/","og_site_name":"Termoshop.md","article_modified_time":"2023-12-26T13:16:24+00:00","og_image":[{"width":843,"height":847,"url":"https:\/\/termoshop.md\/wp-content\/uploads\/2023\/05\/brt-25.png","type":"image\/png"}],"twitter_card":"summary_large_image","twitter_misc":{"\u041f\u0440\u0438\u043c\u0435\u0440\u043d\u043e\u0435 \u0432\u0440\u0435\u043c\u044f \u0434\u043b\u044f \u0447\u0442\u0435\u043d\u0438\u044f":"1 \u043c\u0438\u043d\u0443\u0442\u0430"},"schema":{"@context":"https:\/\/schema.org","@graph":[{"@type":"WebPage","@id":"https:\/\/termoshop.md\/produs\/centrala-termica-pe-gaz-cu-condensare-beretta-ciao-x-30-kw\/","url":"https:\/\/termoshop.md\/produs\/centrala-termica-pe-gaz-cu-condensare-beretta-ciao-x-30-kw\/","name":"Centrala termica pe gaz cu condensare Beretta Ciao x 30 kW - Termoshop.md","isPartOf":{"@id":"https:\/\/termoshop.md\/#website"},"primaryImageOfPage":{"@id":"https:\/\/termoshop.md\/produs\/centrala-termica-pe-gaz-cu-condensare-beretta-ciao-x-30-kw\/#primaryimage"},"image":{"@id":"https:\/\/termoshop.md\/produs\/centrala-termica-pe-gaz-cu-condensare-beretta-ciao-x-30-kw\/#primaryimage"},"thumbnailUrl":"https:\/\/termoshop.md\/wp-content\/uploads\/2023\/05\/brt-25.png","datePublished":"2023-05-03T18:16:36+00:00","dateModified":"2023-12-26T13:16:24+00:00","description":"Centrala condensare, cazan condensare, centrala murala, beretta, centrala pe gaz, cazn gaz, cazan condensare, centrala economa","breadcrumb":{"@id":"https:\/\/termoshop.md\/produs\/centrala-termica-pe-gaz-cu-condensare-beretta-ciao-x-30-kw\/#breadcrumb"},"inLanguage":"ru-RU","potentialAction":[{"@type":"ReadAction","target":["https:\/\/termoshop.md\/produs\/centrala-termica-pe-gaz-cu-condensare-beretta-ciao-x-30-kw\/"]}]},{"@type":"ImageObject","inLanguage":"ru-RU","@id":"https:\/\/termoshop.md\/produs\/centrala-termica-pe-gaz-cu-condensare-beretta-ciao-x-30-kw\/#primaryimage","url":"https:\/\/termoshop.md\/wp-content\/uploads\/2023\/05\/brt-25.png","contentUrl":"https:\/\/termoshop.md\/wp-content\/uploads\/2023\/05\/brt-25.png","width":843,"height":847},{"@type":"BreadcrumbList","@id":"https:\/\/termoshop.md\/produs\/centrala-termica-pe-gaz-cu-condensare-beretta-ciao-x-30-kw\/#breadcrumb","itemListElement":[{"@type":"ListItem","position":1,"name":"Prima pagin\u0103","item":"https:\/\/termoshop.md\/"},{"@type":"ListItem","position":2,"name":"Toate Produsele","item":"https:\/\/termoshop.md\/toate-produsele\/"},{"@type":"ListItem","position":3,"name":"Centrala termica pe gaz cu condensare Beretta Ciao x 30 kW"}]},{"@type":"WebSite","@id":"https:\/\/termoshop.md\/#website","url":"https:\/\/termoshop.md\/","name":"Termoshop.md","description":"Exper\u021bi \u00een solu\u021bii de top","publisher":{"@id":"https:\/\/termoshop.md\/#organization"},"potentialAction":[{"@type":"SearchAction","target":{"@type":"EntryPoint","urlTemplate":"https:\/\/termoshop.md\/?s={search_term_string}"},"query-input":{"@type":"PropertyValueSpecification","valueRequired":true,"valueName":"search_term_string"}}],"inLanguage":"ru-RU"},{"@type":"Organization","@id":"https:\/\/termoshop.md\/#organization","name":"Termoshop.md","url":"https:\/\/termoshop.md\/","logo":{"@type":"ImageObject","inLanguage":"ru-RU","@id":"https:\/\/termoshop.md\/#\/schema\/logo\/image\/","url":"https:\/\/termoshop.md\/wp-content\/uploads\/2023\/04\/termoshopro.png","contentUrl":"https:\/\/termoshop.md\/wp-content\/uploads\/2023\/04\/termoshopro.png","width":500,"height":94,"caption":"Termoshop.md"},"image":{"@id":"https:\/\/termoshop.md\/#\/schema\/logo\/image\/"}}]}},"jetpack_sharing_enabled":true,"_links":{"self":[{"href":"https:\/\/termoshop.md\/ru\/wp-json\/wp\/v2\/product\/2601","targetHints":{"allow":["GET"]}}],"collection":[{"href":"https:\/\/termoshop.md\/ru\/wp-json\/wp\/v2\/product"}],"about":[{"href":"https:\/\/termoshop.md\/ru\/wp-json\/wp\/v2\/types\/product"}],"replies":[{"embeddable":true,"href":"https:\/\/termoshop.md\/ru\/wp-json\/wp\/v2\/comments?post=2601"}],"wp:featuredmedia":[{"embeddable":true,"href":"https:\/\/termoshop.md\/ru\/wp-json\/wp\/v2\/media\/2599"}],"wp:attachment":[{"href":"https:\/\/termoshop.md\/ru\/wp-json\/wp\/v2\/media?parent=2601"}],"wp:term":[{"taxonomy":"product_brand","embeddable":true,"href":"https:\/\/termoshop.md\/ru\/wp-json\/wp\/v2\/product_brand?post=2601"},{"taxonomy":"product_cat","embeddable":true,"href":"https:\/\/termoshop.md\/ru\/wp-json\/wp\/v2\/product_cat?post=2601"},{"taxonomy":"product_tag","embeddable":true,"href":"https:\/\/termoshop.md\/ru\/wp-json\/wp\/v2\/product_tag?post=2601"}],"curies":[{"name":"wp","href":"https:\/\/api.w.org\/{rel}","templated":true}]}}