{"id":2563,"date":"2023-05-02T11:53:13","date_gmt":"2023-05-02T11:53:13","guid":{"rendered":"https:\/\/termoshop.md\/?post_type=product&#038;p=2563"},"modified":"2024-04-05T06:33:20","modified_gmt":"2024-04-05T06:33:20","slug":"warmline-industrial-pellet-27-kw-cazan-pe-combustibil-solid","status":"publish","type":"product","link":"https:\/\/termoshop.md\/ru\/produs\/warmline-industrial-pellet-27-kw-cazan-pe-combustibil-solid\/","title":{"rendered":"WARMLINE INDUSTRIAL PELLET 27 KW Cazan\/Centrala pe combustibil solid"},"content":{"rendered":"<p><strong>Cazan WARMLINE INDUSTRIAL PELLET 27 KW<\/strong>\u00a0 se refer\u0103 la centralele automate, echipate cu un rezervor mare de combustibil de 300 litri.\u00a0Material cazan &#8211; o\u021bel cu grosimea 6 mm. Este echipat cu o camer\u0103 de ardere suplimentar\u0103, av\u00eend un gr\u0103tar special din font\u0103. Acest gr\u0103tar ac\u021bioneaz\u0103 ca un catalizator de gaze de ardere pentru arz\u0103torul de pele\u021bi \u0219i permite arderea lemnului.<br \/>\n\u00centre\u021binerea cazanului este redus\u0103 la minimum necesar datorit\u0103 controlului avansat care deserve\u0219te pompele de \u00eenc\u0103lzire \u0219i ap\u0103 cald\u0103 menajer\u0103, dou\u0103 pompe suplimentare, alimentarea \u0219i cur\u0103\u021barea arz\u0103torului, sistem de autoaprindere.<\/p>\n<p><strong>\u0413\u043e\u0440\u044e\u0447\u0438\u0439<\/strong><\/p>\n<p>Combustibilul principal pentru acest cazan sunt pele\u021bii, iar combustibilul de \u00eenlocuire (rezerv\u0103) este lemnul \u0219i a\u0219chii de lemn.<\/p>\n<p>\u041f\u0440\u0435\u0438\u043c\u0443\u0449\u0435\u0441\u0442\u0432\u0430:<\/p>\n<ul>\n<li>Bunc\u0103r mare de pele\u021bi de 300 l<\/li>\n<li><a href=\"https:\/\/pelletshome.com.ua\/tverdotoplivnye-kotly\/1-kotly-s-fakelnoi-gorelkoi\/\">Arz\u0103tor<\/a>\u00a0eficient de pele\u021bi Flare<\/li>\n<li>Gr\u0103tar din font\u0103<\/li>\n<li>Scurgerile nedorite de c\u0103ldur\u0103 din cazan sunt prevenite prin gr\u0103tarul vertical al camerei de ardere suplimentare.<\/li>\n<li>Procesul de ardere este \u00eembun\u0103t\u0103\u021bit datorit\u0103 regl\u0103rii debitului de aer de c\u0103tre clapet\u0103<\/li>\n<li>Amortizor de gaz \u00een trapa bunc\u0103rului pentru deschidere \u0219i \u021binere mai u\u0219oar\u0103<\/li>\n<li>Disponibilitatea unui regulator care deserve\u0219te 4 pompe<\/li>\n<li>Posibilitatea pozi\u021bion\u0103rii porcului \u00een sus<\/li>\n<li>Camer\u0103 de ardere suplimentar\u0103<\/li>\n<li>Prezen\u021ba unui co\u0219 de fum inovator cu o c\u0103ma\u0219\u0103 de ap\u0103<\/li>\n<\/ul>","protected":false},"excerpt":{"rendered":"<table width=\"712\">\n<tbody>\n<tr>\n<td colspan=\"2\" width=\"472\">Puterea nominal\u0103 de \u00eenc\u0103lzire a cazanului, kW<\/td>\n<td width=\"240\">27<\/td>\n<\/tr>\n<tr>\n<td colspan=\"2\" width=\"472\">Eficien\u021b\u0103 (nominal\u0103), nu mai pu\u021bin de, %<\/td>\n<td width=\"240\">86<\/td>\n<\/tr>\n<tr>\n<td colspan=\"2\" width=\"472\">Suprafa\u021ba aproximativ\u0103 de \u00eenc\u0103lzire, m\u00b2<\/td>\n<td width=\"240\">270<\/td>\n<\/tr>\n<tr>\n<td rowspan=\"3\" width=\"241\">Parametrii focarului<\/td>\n<td>\u0413\u043b\u0443\u0431\u0438\u043d\u0430 (MM)<\/td>\n<td width=\"240\">450<\/td>\n<\/tr>\n<tr>\n<td>\u0428\u0438\u0440\u0438\u043d\u0430, \u043c\u043c<\/td>\n<td width=\"240\">350<\/td>\n<\/tr>\n<tr>\n<td>Volum, dm\u00b3<\/td>\n<td width=\"240\">95<\/td>\n<\/tr>\n<tr>\n<td colspan=\"2\" width=\"472\">\u041e\u0431\u044a\u0435\u043c \u0432\u043e\u0434\u044b \u0432 \u043a\u043e\u0442\u043b\u0435<\/td>\n<td width=\"240\">72<\/td>\n<\/tr>\n<tr>\n<td colspan=\"2\" width=\"472\">Greutatea cazanului f\u0103r\u0103 ap\u0103, kg<\/td>\n<td width=\"240\">290<\/td>\n<\/tr>\n<tr>\n<td colspan=\"2\" width=\"472\">Trac\u021biune necesar\u0103, nu mai pu\u021bin de, Pa<\/td>\n<td width=\"240\">25<\/td>\n<\/tr>\n<tr>\n<td colspan=\"2\" width=\"472\">Temperatura produselor de ardere la ie\u0219irea din cazan, \u00b0C<\/td>\n<td width=\"240\">100 &#8211; 180<\/td>\n<\/tr>\n<tr>\n<td colspan=\"2\" width=\"472\">Temperatura minim\u0103 (recomandat\u0103) a apei, \u00b0C<\/td>\n<td width=\"240\">55<\/td>\n<\/tr>\n<tr>\n<td colspan=\"2\" width=\"472\">Temperatura maxima a apei, \u00b0C<\/td>\n<td width=\"240\">90<\/td>\n<\/tr>\n<tr>\n<td colspan=\"2\" width=\"472\">Presiunea nominal\u0103 a apei (de func\u021bionare maxim\u0103), MPa<\/td>\n<td width=\"240\">0,15<\/td>\n<\/tr>\n<tr>\n<td colspan=\"2\" width=\"472\">Consum de energie electric\u0103 (230 V, 50 Hz), mar<\/td>\n<td width=\"240\">85<\/td>\n<\/tr>\n<tr>\n<td rowspan=\"2\" width=\"241\">\u0420\u0430\u0437\u043c\u0435\u0440\u044b \u043f\u043e\u0433\u0440\u0443\u0437\u043e\u0447\u043d\u043e\u0439 \u0434\u0432\u0435\u0440\u0438<\/td>\n<td>\u0412\u044b\u0441\u043e\u0442\u0430, \u043c\u043c<\/td>\n<td width=\"240\">210<\/td>\n<\/tr>\n<tr>\n<td>\u0428\u0438\u0440\u0438\u043d\u0430, \u043c\u043c<\/td>\n<td width=\"240\">350<\/td>\n<\/tr>\n<tr>\n<td colspan=\"2\" width=\"472\">Diametrul conductelor de ramifica\u021bie a apei din re\u021bea direct\u0103 \u0219i retur (DN), mm<\/td>\n<td width=\"240\">50<\/td>\n<\/tr>\n<tr>\n<td colspan=\"2\" width=\"472\">Diametrul conductei de deriva\u021bie pentru supapa de siguran\u021b\u0103 (DN), mm<\/td>\n<td width=\"240\">20<\/td>\n<\/tr>\n<tr>\n<td colspan=\"2\" width=\"472\">Racordare (diametrul exterior al co\u0219ului de fum), mm<\/td>\n<td width=\"240\">159<\/td>\n<\/tr>\n<tr>\n<td rowspan=\"3\" width=\"241\">Parametrii co\u0219ului de fum recomanda\u021bi<\/td>\n<td>arie a sec\u021biunii transversale, cm\u00b2<\/td>\n<td width=\"240\">248<\/td>\n<\/tr>\n<tr>\n<td>diametrul interior, mm<\/td>\n<td width=\"240\">160<\/td>\n<\/tr>\n<tr>\n<td>\u00een\u0103l\u021bime (min. permis\u0103), m<\/td>\n<td width=\"240\">5<\/td>\n<\/tr>\n<tr>\n<td colspan=\"2\" width=\"472\">Presiunea de deschidere necesar\u0103 a supapei de siguran\u021b\u0103<\/td>\n<td width=\"240\">0,2<\/td>\n<\/tr>\n<\/tbody>\n<\/table>","protected":false},"featured_media":2564,"comment_status":"open","ping_status":"closed","template":"","meta":[],"product_brand":[223],"product_cat":[141],"product_tag":[],"class_list":{"0":"post-2563","1":"product","2":"type-product","3":"status-publish","4":"has-post-thumbnail","6":"product_brand-warmline","7":"product_cat-cazane-peleti","9":"first","10":"outofstock","11":"shipping-taxable","12":"product-type-simple"},"yoast_head":"<!-- This site is optimized with the Yoast SEO plugin v26.9 - https:\/\/yoast.com\/product\/yoast-seo-wordpress\/ -->\n<title>WARMLINE INDUSTRIAL PELLET 27 KW Cazan\/Centrala pe combustibil solid - Termoshop.md<\/title>\n<meta name=\"description\" content=\"cazan combustibil solid, cazan incalzire industriala, cazan warmline, centrala termica combustibil solid, cazan industrial in Iasi\" \/>\n<meta name=\"robots\" content=\"index, follow, max-snippet:-1, max-image-preview:large, max-video-preview:-1\" \/>\n<link rel=\"canonical\" href=\"https:\/\/termoshop.md\/ru\/produs\/warmline-industrial-pellet-27-kw-cazan-pe-combustibil-solid\/\" \/>\n<meta property=\"og:locale\" content=\"ru_RU\" \/>\n<meta property=\"og:type\" content=\"article\" \/>\n<meta property=\"og:title\" content=\"WARMLINE INDUSTRIAL PELLET 27 KW Cazan\/Centrala pe combustibil solid - Termoshop.md\" \/>\n<meta property=\"og:description\" content=\"cazan combustibil solid, cazan incalzire industriala, cazan warmline, centrala termica combustibil solid, cazan industrial in Iasi\" \/>\n<meta property=\"og:url\" content=\"https:\/\/termoshop.md\/ru\/produs\/warmline-industrial-pellet-27-kw-cazan-pe-combustibil-solid\/\" \/>\n<meta property=\"og:site_name\" content=\"Termoshop.md\" \/>\n<meta property=\"article:modified_time\" content=\"2024-04-05T06:33:20+00:00\" \/>\n<meta property=\"og:image\" content=\"https:\/\/termoshop.md\/wp-content\/uploads\/2023\/05\/Screenshot-2023-05-02-143507.png\" \/>\n\t<meta property=\"og:image:width\" content=\"607\" \/>\n\t<meta property=\"og:image:height\" content=\"613\" \/>\n\t<meta property=\"og:image:type\" content=\"image\/png\" \/>\n<meta name=\"twitter:card\" content=\"summary_large_image\" \/>\n<meta name=\"twitter:label1\" content=\"\u041f\u0440\u0438\u043c\u0435\u0440\u043d\u043e\u0435 \u0432\u0440\u0435\u043c\u044f \u0434\u043b\u044f \u0447\u0442\u0435\u043d\u0438\u044f\" \/>\n\t<meta name=\"twitter:data1\" content=\"2 \u043c\u0438\u043d\u0443\u0442\u044b\" \/>\n<script type=\"application\/ld+json\" class=\"yoast-schema-graph\">{\"@context\":\"https:\/\/schema.org\",\"@graph\":[{\"@type\":\"WebPage\",\"@id\":\"https:\/\/termoshop.md\/produs\/warmline-industrial-pellet-27-kw-cazan-pe-combustibil-solid\/\",\"url\":\"https:\/\/termoshop.md\/produs\/warmline-industrial-pellet-27-kw-cazan-pe-combustibil-solid\/\",\"name\":\"WARMLINE INDUSTRIAL PELLET 27 KW Cazan\/Centrala pe combustibil solid - Termoshop.md\",\"isPartOf\":{\"@id\":\"https:\/\/termoshop.md\/#website\"},\"primaryImageOfPage\":{\"@id\":\"https:\/\/termoshop.md\/produs\/warmline-industrial-pellet-27-kw-cazan-pe-combustibil-solid\/#primaryimage\"},\"image\":{\"@id\":\"https:\/\/termoshop.md\/produs\/warmline-industrial-pellet-27-kw-cazan-pe-combustibil-solid\/#primaryimage\"},\"thumbnailUrl\":\"https:\/\/termoshop.md\/wp-content\/uploads\/2023\/05\/Screenshot-2023-05-02-143507.png\",\"datePublished\":\"2023-05-02T11:53:13+00:00\",\"dateModified\":\"2024-04-05T06:33:20+00:00\",\"description\":\"cazan combustibil solid, cazan incalzire industriala, cazan warmline, centrala termica combustibil solid, cazan industrial in Iasi\",\"breadcrumb\":{\"@id\":\"https:\/\/termoshop.md\/produs\/warmline-industrial-pellet-27-kw-cazan-pe-combustibil-solid\/#breadcrumb\"},\"inLanguage\":\"ru-RU\",\"potentialAction\":[{\"@type\":\"ReadAction\",\"target\":[\"https:\/\/termoshop.md\/produs\/warmline-industrial-pellet-27-kw-cazan-pe-combustibil-solid\/\"]}]},{\"@type\":\"ImageObject\",\"inLanguage\":\"ru-RU\",\"@id\":\"https:\/\/termoshop.md\/produs\/warmline-industrial-pellet-27-kw-cazan-pe-combustibil-solid\/#primaryimage\",\"url\":\"https:\/\/termoshop.md\/wp-content\/uploads\/2023\/05\/Screenshot-2023-05-02-143507.png\",\"contentUrl\":\"https:\/\/termoshop.md\/wp-content\/uploads\/2023\/05\/Screenshot-2023-05-02-143507.png\",\"width\":607,\"height\":613},{\"@type\":\"BreadcrumbList\",\"@id\":\"https:\/\/termoshop.md\/produs\/warmline-industrial-pellet-27-kw-cazan-pe-combustibil-solid\/#breadcrumb\",\"itemListElement\":[{\"@type\":\"ListItem\",\"position\":1,\"name\":\"Prima pagin\u0103\",\"item\":\"https:\/\/termoshop.md\/\"},{\"@type\":\"ListItem\",\"position\":2,\"name\":\"Toate Produsele\",\"item\":\"https:\/\/termoshop.md\/toate-produsele\/\"},{\"@type\":\"ListItem\",\"position\":3,\"name\":\"WARMLINE INDUSTRIAL PELLET 27 KW Cazan\/Centrala pe combustibil solid\"}]},{\"@type\":\"WebSite\",\"@id\":\"https:\/\/termoshop.md\/#website\",\"url\":\"https:\/\/termoshop.md\/\",\"name\":\"Termoshop.md\",\"description\":\"Exper\u021bi \u00een solu\u021bii de top\",\"publisher\":{\"@id\":\"https:\/\/termoshop.md\/#organization\"},\"potentialAction\":[{\"@type\":\"SearchAction\",\"target\":{\"@type\":\"EntryPoint\",\"urlTemplate\":\"https:\/\/termoshop.md\/?s={search_term_string}\"},\"query-input\":{\"@type\":\"PropertyValueSpecification\",\"valueRequired\":true,\"valueName\":\"search_term_string\"}}],\"inLanguage\":\"ru-RU\"},{\"@type\":\"Organization\",\"@id\":\"https:\/\/termoshop.md\/#organization\",\"name\":\"Termoshop.md\",\"url\":\"https:\/\/termoshop.md\/\",\"logo\":{\"@type\":\"ImageObject\",\"inLanguage\":\"ru-RU\",\"@id\":\"https:\/\/termoshop.md\/#\/schema\/logo\/image\/\",\"url\":\"https:\/\/termoshop.md\/wp-content\/uploads\/2023\/04\/termoshopro.png\",\"contentUrl\":\"https:\/\/termoshop.md\/wp-content\/uploads\/2023\/04\/termoshopro.png\",\"width\":500,\"height\":94,\"caption\":\"Termoshop.md\"},\"image\":{\"@id\":\"https:\/\/termoshop.md\/#\/schema\/logo\/image\/\"}}]}<\/script>\n<!-- \/ Yoast SEO plugin. -->","yoast_head_json":{"title":"WARMLINE INDUSTRIAL PELLET 27 KW Cazan\/Centrala pe combustibil solid - Termoshop.md","description":"cazan combustibil solid, cazan incalzire industriala, cazan warmline, centrala termica combustibil solid, cazan industrial in Iasi","robots":{"index":"index","follow":"follow","max-snippet":"max-snippet:-1","max-image-preview":"max-image-preview:large","max-video-preview":"max-video-preview:-1"},"canonical":"https:\/\/termoshop.md\/ru\/produs\/warmline-industrial-pellet-27-kw-cazan-pe-combustibil-solid\/","og_locale":"ru_RU","og_type":"article","og_title":"WARMLINE INDUSTRIAL PELLET 27 KW Cazan\/Centrala pe combustibil solid - Termoshop.md","og_description":"cazan combustibil solid, cazan incalzire industriala, cazan warmline, centrala termica combustibil solid, cazan industrial in Iasi","og_url":"https:\/\/termoshop.md\/ru\/produs\/warmline-industrial-pellet-27-kw-cazan-pe-combustibil-solid\/","og_site_name":"Termoshop.md","article_modified_time":"2024-04-05T06:33:20+00:00","og_image":[{"width":607,"height":613,"url":"https:\/\/termoshop.md\/wp-content\/uploads\/2023\/05\/Screenshot-2023-05-02-143507.png","type":"image\/png"}],"twitter_card":"summary_large_image","twitter_misc":{"\u041f\u0440\u0438\u043c\u0435\u0440\u043d\u043e\u0435 \u0432\u0440\u0435\u043c\u044f \u0434\u043b\u044f \u0447\u0442\u0435\u043d\u0438\u044f":"2 \u043c\u0438\u043d\u0443\u0442\u044b"},"schema":{"@context":"https:\/\/schema.org","@graph":[{"@type":"WebPage","@id":"https:\/\/termoshop.md\/produs\/warmline-industrial-pellet-27-kw-cazan-pe-combustibil-solid\/","url":"https:\/\/termoshop.md\/produs\/warmline-industrial-pellet-27-kw-cazan-pe-combustibil-solid\/","name":"WARMLINE INDUSTRIAL PELLET 27 KW Cazan\/Centrala pe combustibil solid - Termoshop.md","isPartOf":{"@id":"https:\/\/termoshop.md\/#website"},"primaryImageOfPage":{"@id":"https:\/\/termoshop.md\/produs\/warmline-industrial-pellet-27-kw-cazan-pe-combustibil-solid\/#primaryimage"},"image":{"@id":"https:\/\/termoshop.md\/produs\/warmline-industrial-pellet-27-kw-cazan-pe-combustibil-solid\/#primaryimage"},"thumbnailUrl":"https:\/\/termoshop.md\/wp-content\/uploads\/2023\/05\/Screenshot-2023-05-02-143507.png","datePublished":"2023-05-02T11:53:13+00:00","dateModified":"2024-04-05T06:33:20+00:00","description":"cazan combustibil solid, cazan incalzire industriala, cazan warmline, centrala termica combustibil solid, cazan industrial in Iasi","breadcrumb":{"@id":"https:\/\/termoshop.md\/produs\/warmline-industrial-pellet-27-kw-cazan-pe-combustibil-solid\/#breadcrumb"},"inLanguage":"ru-RU","potentialAction":[{"@type":"ReadAction","target":["https:\/\/termoshop.md\/produs\/warmline-industrial-pellet-27-kw-cazan-pe-combustibil-solid\/"]}]},{"@type":"ImageObject","inLanguage":"ru-RU","@id":"https:\/\/termoshop.md\/produs\/warmline-industrial-pellet-27-kw-cazan-pe-combustibil-solid\/#primaryimage","url":"https:\/\/termoshop.md\/wp-content\/uploads\/2023\/05\/Screenshot-2023-05-02-143507.png","contentUrl":"https:\/\/termoshop.md\/wp-content\/uploads\/2023\/05\/Screenshot-2023-05-02-143507.png","width":607,"height":613},{"@type":"BreadcrumbList","@id":"https:\/\/termoshop.md\/produs\/warmline-industrial-pellet-27-kw-cazan-pe-combustibil-solid\/#breadcrumb","itemListElement":[{"@type":"ListItem","position":1,"name":"Prima pagin\u0103","item":"https:\/\/termoshop.md\/"},{"@type":"ListItem","position":2,"name":"Toate Produsele","item":"https:\/\/termoshop.md\/toate-produsele\/"},{"@type":"ListItem","position":3,"name":"WARMLINE INDUSTRIAL PELLET 27 KW Cazan\/Centrala pe combustibil solid"}]},{"@type":"WebSite","@id":"https:\/\/termoshop.md\/#website","url":"https:\/\/termoshop.md\/","name":"Termoshop.md","description":"Exper\u021bi \u00een solu\u021bii de top","publisher":{"@id":"https:\/\/termoshop.md\/#organization"},"potentialAction":[{"@type":"SearchAction","target":{"@type":"EntryPoint","urlTemplate":"https:\/\/termoshop.md\/?s={search_term_string}"},"query-input":{"@type":"PropertyValueSpecification","valueRequired":true,"valueName":"search_term_string"}}],"inLanguage":"ru-RU"},{"@type":"Organization","@id":"https:\/\/termoshop.md\/#organization","name":"Termoshop.md","url":"https:\/\/termoshop.md\/","logo":{"@type":"ImageObject","inLanguage":"ru-RU","@id":"https:\/\/termoshop.md\/#\/schema\/logo\/image\/","url":"https:\/\/termoshop.md\/wp-content\/uploads\/2023\/04\/termoshopro.png","contentUrl":"https:\/\/termoshop.md\/wp-content\/uploads\/2023\/04\/termoshopro.png","width":500,"height":94,"caption":"Termoshop.md"},"image":{"@id":"https:\/\/termoshop.md\/#\/schema\/logo\/image\/"}}]}},"jetpack_sharing_enabled":true,"_links":{"self":[{"href":"https:\/\/termoshop.md\/ru\/wp-json\/wp\/v2\/product\/2563","targetHints":{"allow":["GET"]}}],"collection":[{"href":"https:\/\/termoshop.md\/ru\/wp-json\/wp\/v2\/product"}],"about":[{"href":"https:\/\/termoshop.md\/ru\/wp-json\/wp\/v2\/types\/product"}],"replies":[{"embeddable":true,"href":"https:\/\/termoshop.md\/ru\/wp-json\/wp\/v2\/comments?post=2563"}],"wp:featuredmedia":[{"embeddable":true,"href":"https:\/\/termoshop.md\/ru\/wp-json\/wp\/v2\/media\/2564"}],"wp:attachment":[{"href":"https:\/\/termoshop.md\/ru\/wp-json\/wp\/v2\/media?parent=2563"}],"wp:term":[{"taxonomy":"product_brand","embeddable":true,"href":"https:\/\/termoshop.md\/ru\/wp-json\/wp\/v2\/product_brand?post=2563"},{"taxonomy":"product_cat","embeddable":true,"href":"https:\/\/termoshop.md\/ru\/wp-json\/wp\/v2\/product_cat?post=2563"},{"taxonomy":"product_tag","embeddable":true,"href":"https:\/\/termoshop.md\/ru\/wp-json\/wp\/v2\/product_tag?post=2563"}],"curies":[{"name":"wp","href":"https:\/\/api.w.org\/{rel}","templated":true}]}}