{"id":2232,"date":"2023-04-26T07:19:33","date_gmt":"2023-04-26T07:19:33","guid":{"rendered":"https:\/\/termoshop.md\/?post_type=product&#038;p=2232"},"modified":"2024-01-31T08:02:35","modified_gmt":"2024-01-31T08:02:35","slug":"tis-uni-95-kw-cazan-pe-combustibil-solid","status":"publish","type":"product","link":"https:\/\/termoshop.md\/ru\/produs\/tis-uni-95-kw-cazan-pe-combustibil-solid\/","title":{"rendered":"TIS UNI 95 \u041a\u0412\u0442 \u0422\u0432\u0435\u0440\u0434\u043e\u0442\u043e\u043f\u043b\u0438\u0432\u043d\u044b\u0439 \u043a\u043e\u0442\u0435\u043b"},"content":{"rendered":"<ul>\n<li style=\"text-align: center;\">\n<h1><span style=\"color: #ff0000;\"><strong><a style=\"color: #ff0000;\" href=\"https:\/\/termoshop.md\/wp-content\/uploads\/2023\/04\/Manual-TIS-UNI.pdf\">\u0420\u0443\u043a\u043e\u0432\u043e\u0434\u0441\u0442\u0432\u043e \u043f\u043e\u043b\u044c\u0437\u043e\u0432\u0430\u0442\u0435\u043b\u044f<\/a><a style=\"color: #ff0000;\" href=\"https:\/\/termoshop.md\/wp-content\/uploads\/2023\/04\/Manual-TIS-UNI.pdf\"> TIS UNI<\/a><\/strong><\/span><\/h1>\n<\/li>\n<li style=\"text-align: center;\">\n<h1><strong><span style=\"color: #ff0000;\"><a style=\"color: #ff0000;\" href=\"https:\/\/termoshop.md\/wp-content\/uploads\/2023\/04\/Panou-comanda-TIS-tronic-260u.pdf\">\u041f\u0430\u043d\u0435\u043b\u044c \u0443\u043f\u0440\u0430\u0432\u043b\u0435\u043d\u0438\u044f TIS tronic 260u<\/a><\/span><\/strong><\/h1>\n<\/li>\n<\/ul>\n<p><strong>TIS UNI 95 \u041a\u0412\u0442 \u0422\u0432\u0435\u0440\u0434\u043e\u0442\u043e\u043f\u043b\u0438\u0432\u043d\u044b\u0439 \u043a\u043e\u0442\u0435\u043b<\/strong> \u043a\u043e\u0442\u0435\u043b \u043f\u0440\u0435\u043c\u0438\u0443\u043c-\u043a\u043b\u0430\u0441\u0441\u0430 \u0434\u043b\u0438\u0442\u0435\u043b\u044c\u043d\u043e\u0433\u043e \u0433\u043e\u0440\u0435\u043d\u0438\u044f. \u0418\u0441\u043f\u043e\u043b\u044c\u0437\u0443\u0435\u0442\u0441\u044f \u0434\u043b\u044f \u043e\u0442\u043e\u043f\u043b\u0435\u043d\u0438\u044f \u0438 \u043f\u043e\u043b\u0443\u0447\u0435\u043d\u0438\u044f \u0433\u043e\u0440\u044f\u0447\u0435\u0439 \u0432\u043e\u0434\u044b \u0434\u043b\u044f \u0431\u044b\u0442\u043e\u0432\u044b\u0445 \u043d\u0443\u0436\u0434 \u0432 \u0434\u043e\u043c\u0430\u0445, \u043a\u043e\u0442\u0442\u0435\u0434\u0436\u0430\u0445, \u0430\u0434\u043c\u0438\u043d\u0438\u0441\u0442\u0440\u0430\u0442\u0438\u0432\u043d\u043e-\u0441\u043a\u043b\u0430\u0434\u0441\u043a\u0438\u0445 \u043f\u043e\u043c\u0435\u0449\u0435\u043d\u0438\u044f\u0445 \u0438 \u0441\u043e\u043e\u0440\u0443\u0436\u0435\u043d\u0438\u044f\u0445.<br \/>\n\u041e\u0441\u043d\u043e\u0432\u043d\u044b\u043c\u0438 \u0432\u0438\u0434\u0430\u043c\u0438 \u0442\u043e\u043f\u043b\u0438\u0432\u0430 \u044f\u0432\u043b\u044f\u044e\u0442\u0441\u044f \u0434\u0440\u043e\u0432\u0430, \u0442\u043e\u0440\u0444\u044f\u043d\u044b\u0435 \u0431\u0440\u0438\u043a\u0435\u0442\u044b, \u0443\u0433\u043e\u043b\u044c \u0438 \u0440\u0430\u0437\u043b\u0438\u0447\u043d\u044b\u0435 \u0434\u0440\u0435\u0432\u0435\u0441\u043d\u044b\u0435 \u043e\u0442\u0445\u043e\u0434\u044b.<\/p>\n<h3>\n\u042d\u0442\u043e\u0442 \u043a\u043e\u0442\u0435\u043b \u043e\u0441\u043d\u0430\u0449\u0435\u043d \u0441\u0430\u043c\u043e\u0439 \u0441\u043e\u0432\u0440\u0435\u043c\u0435\u043d\u043d\u043e\u0439 \u0435\u0432\u0440\u043e\u043f\u0435\u0439\u0441\u043a\u043e\u0439 \u0430\u0432\u0442\u043e\u043c\u0430\u0442\u0438\u043a\u043e\u0439, \u0430 \u0442\u0430\u043a\u0436\u0435 \u043d\u043e\u0432\u0435\u0439\u0448\u0438\u043c \u043c\u043e\u0434\u0443\u043b\u0438\u0440\u043e\u0432\u0430\u043d\u043d\u044b\u043c \u043d\u0430\u0433\u043d\u0435\u0442\u0430\u0442\u0435\u043b\u0435\u043c \u0432\u043e\u0437\u0434\u0443\u0445\u0430 \u0434\u043b\u044f \u043a\u043e\u043d\u0442\u0440\u043e\u043b\u044f \u0433\u043e\u0440\u0435\u043d\u0438\u044f.<br \/>\n\u041e\u0434\u043d\u0438\u043c \u0438\u0437 \u043f\u0440\u0435\u0438\u043c\u0443\u0449\u0435\u0441\u0442\u0432 \u043a\u043e\u0442\u043b\u0430 \u0422\u0418\u0421 UNI 95 \u044f\u0432\u043b\u044f\u044e\u0442\u0441\u044f \u0443\u0434\u0430\u0447\u043d\u044b\u0435 \u043a\u043e\u043d\u0441\u0442\u0440\u0443\u043a\u0442\u0438\u0432\u043d\u044b\u0435 \u0440\u0435\u0448\u0435\u043d\u0438\u044f, \u043e\u0447\u0435\u043d\u044c \u0431\u043e\u043b\u044c\u0448\u0430\u044f \u043a\u0430\u043c\u0435\u0440\u0430 \u0437\u0430\u0433\u0440\u0443\u0437\u043a\u0438 \u0442\u043e\u043f\u043b\u0438\u0432\u0430 \u0438 \u043f\u0440\u043e\u0447\u043d\u044b\u0435 \u0447\u0443\u0433\u0443\u043d\u043d\u044b\u0435 \u0440\u0435\u0448\u0435\u0442\u043a\u0438.<\/p>\n<p>\u0421\u0438\u0441\u0442\u0435\u043c\u0430 \u043a\u0430\u0447\u0435\u0441\u0442\u0432\u0430 \u043f\u0440\u043e\u0438\u0437\u0432\u043e\u0434\u0438\u0442\u0435\u043b\u044f \u043f\u0440\u0435\u0434\u0443\u0441\u043c\u0430\u0442\u0440\u0438\u0432\u0430\u0435\u0442 \u0438\u0437\u0433\u043e\u0442\u043e\u0432\u043b\u0435\u043d\u0438\u0435 \u043a\u043e\u0440\u043f\u0443\u0441\u0430 \u043a\u043e\u0442\u043b\u0430 \u0441\u043f\u0435\u0446\u0438\u0430\u043b\u0438\u0441\u0442\u043e\u043c \u043d\u0430 \u043f\u0440\u043e\u0442\u044f\u0436\u0435\u043d\u0438\u0438 \u0432\u0441\u0435\u0433\u043e \u0442\u0435\u0445\u043d\u0438\u0447\u0435\u0441\u043a\u043e\u0433\u043e \u043f\u0440\u043e\u0446\u0435\u0441\u0441\u0430, \u0447\u0442\u043e \u043f\u043e\u0437\u0432\u043e\u043b\u044f\u0435\u0442 \u0438\u043d\u0434\u0438\u0432\u0438\u0434\u0443\u0430\u043b\u044c\u043d\u0443\u044e \u043e\u0442\u0432\u0435\u0442\u0441\u0442\u0432\u0435\u043d\u043d\u043e\u0441\u0442\u044c \u0437\u0430 \u0432\u043e\u0437\u043c\u043e\u0436\u043d\u044b\u0435 \u0434\u0435\u0444\u0435\u043a\u0442\u044b \u0438 \u043f\u0440\u0438\u0432\u043e\u0434\u0438\u0442 \u043a \u043f\u043e\u0432\u044b\u0448\u0435\u043d\u0438\u044e \u043a\u0430\u0447\u0435\u0441\u0442\u0432\u0430 \u0438 \u043d\u0430\u0434\u0435\u0436\u043d\u043e\u0441\u0442\u0438 \u043f\u0440\u043e\u0434\u0443\u043a\u0446\u0438\u0438. \u0411\u043b\u0430\u0433\u043e\u0434\u0430\u0440\u044f \u043d\u043e\u0432\u044b\u043c \u0440\u0430\u0437\u0440\u0430\u0431\u043e\u0442\u043a\u0430\u043c \u043c\u0438\u043a\u0440\u043e\u0441\u0438\u0441\u0442\u0435\u043c\u044b \u0434\u043e\u0437\u0438\u0440\u043e\u0432\u0430\u043d\u0438\u044f \u0432\u043e\u0437\u0434\u0443\u0445\u0430 \u0432 \u043d\u0438\u0436\u043d\u0435\u0439 \u0438 \u0432\u0435\u0440\u0445\u043d\u0435\u0439 \u043a\u0430\u043c\u0435\u0440\u0430\u0445 \u043f\u0440\u0438 \u0433\u043e\u0440\u0435\u043d\u0438\u0438 \u0438\u0437\u0432\u043b\u0435\u043a\u0430\u0435\u0442\u0441\u044f \u043c\u0430\u043a\u0441\u0438\u043c\u0430\u043b\u044c\u043d\u043e\u0435 \u043a\u043e\u043b\u0438\u0447\u0435\u0441\u0442\u0432\u043e \u0442\u0435\u043f\u043b\u043e\u0432\u043e\u0439 \u044d\u043d\u0435\u0440\u0433\u0438\u0438 \u0438 \u043f\u0440\u043e\u0438\u0441\u0445\u043e\u0434\u0438\u0442 \u043d\u0430\u0438\u0431\u043e\u043b\u0435\u0435 \u043f\u043e\u043b\u043d\u043e\u0435 \u0441\u0433\u043e\u0440\u0430\u043d\u0438\u0435 \u0442\u043e\u043f\u043b\u0438\u0432\u0430. \u0418\u0441\u043f\u043e\u043b\u044c\u0437\u043e\u0432\u0430\u043d\u0438\u0435 \u043c\u0438\u043a\u0440\u043e\u043f\u0440\u043e\u0446\u0435\u0441\u0441\u043e\u0440\u043d\u043e\u0439 \u0441\u0438\u0441\u0442\u0435\u043c\u044b \u0443\u043f\u0440\u0430\u0432\u043b\u0435\u043d\u0438\u044f \u043e\u0431\u0435\u0441\u043f\u0435\u0447\u0438\u0432\u0430\u0435\u0442 \u044d\u043b\u0435\u043a\u0442\u0440\u043e\u043d\u043d\u0443\u044e \u0442\u0435\u043f\u043b\u043e\u0432\u0443\u044e \u0437\u0430\u0449\u0438\u0442\u0443, \u0443\u043f\u0440\u0430\u0432\u043b\u0435\u043d\u0438\u0435 \u043d\u0430\u0441\u043e\u0441\u0430\u043c\u0438 \u0446\u0435\u043d\u0442\u0440\u0430\u043b\u044c\u043d\u043e\u0433\u043e \u043e\u0442\u043e\u043f\u043b\u0435\u043d\u0438\u044f \u0438 \u0433\u043e\u0440\u044f\u0447\u0435\u0439 \u0432\u043e\u0434\u044b, \u0430 \u0442\u0430\u043a\u0436\u0435 \u0431\u043e\u0439\u043b\u0435\u0440\u043e\u043c \u043a\u043e\u0441\u0432\u0435\u043d\u043d\u043e\u0433\u043e \u043d\u0430\u0433\u0440\u0435\u0432\u0430. \u0410\u0432\u0442\u043e\u043c\u0430\u0442\u0438\u043a\u0430 \u043f\u043e\u0437\u0432\u043e\u043b\u044f\u0435\u0442 \u0434\u0438\u0430\u0433\u043d\u043e\u0441\u0442\u0438\u0440\u043e\u0432\u0430\u0442\u044c \u0438 \u0441\u043e\u043e\u0431\u0449\u0430\u0442\u044c \u043e\u0431 \u043e\u0448\u0438\u0431\u043a\u0430\u0445, \u043e\u0431\u0435\u0441\u043f\u0435\u0447\u0438\u0432\u0430\u0442\u044c \u043a\u0430\u0441\u043a\u0430\u0434\u043d\u0443\u044e \u0440\u0430\u0431\u043e\u0442\u0443 \u043d\u0435\u0441\u043a\u043e\u043b\u044c\u043a\u0438\u0445 \u043a\u043e\u0442\u043b\u043e\u0432, \u043f\u043e\u0434\u043a\u043b\u044e\u0447\u0430\u0442\u044c \u043a\u043e\u043c\u043d\u0430\u0442\u043d\u044b\u0439 \u0442\u0435\u0440\u043c\u043e\u0441\u0442\u0430\u0442.<\/h3>\n<p><a href=\"https:\/\/www.google.com\/search?q=cazan+pe+lemne&amp;sca_esv=3ea22870838a501c&amp;sxsrf=ACQVn08CrQJttkdvVN4fYmCOtCoy242deg%3A1706687971952&amp;ei=4_25ZefhOeigi-gP69mrwAU&amp;udm=&amp;oq=cazan+&amp;gs_lp=Egxnd3Mtd2l6LXNlcnAiBmNhemFuICoCCAEyChAjGIAEGIoFGCcyChAjGIAEGIoFGCcyChAjGIAEGIoFGCcyChAAGIAEGIoFGEMyDRAuGAoYrwEYxwEYgAQyBRAAGIAEMgUQABiABDINEC4YgAQYChjHARivATIFEAAYgAQyDRAuGIAEGAoYxwEYrwFItSJQlglYnhBwA3gBkAEAmAGIAaABxwWqAQMwLja4AQHIAQD4AQHCAgcQIxiwAxgnwgIKEAAYRxjWBBiwA8ICEBAAGIAEGIoFGEMYsQMYgwHCAgsQABiABBixAxiDAcICERAuGIAEGLEDGIMBGMcBGNEDwgILEC4YrwEYxwEYgATiAwQYACBBiAYBkAYK&amp;sclient=gws-wiz-serp\">TIS<\/a> Tis UNI 95 \u043a\u0412\u0442 \u0422\u0432\u0435\u0440\u0434\u043e\u0442\u043e\u043f\u043b\u0438\u0432\u043d\u044b\u0439 \u043a\u043e\u0442\u0435\u043b <a href=\"https:\/\/termoshop.md\/ru\/\">Termoshop.md<\/a><\/p>","protected":false},"excerpt":{"rendered":"<table>\n<tbody>\n<tr>\n<td class=\"text-left\">\u041c\u043e\u0449\u043d\u043e\u0441\u0442\u044c, \u043a\u0412\u0442<\/td>\n<td class=\"text-right\">95<\/td>\n<\/tr>\n<tr>\n<td class=\"text-left\">\u0422\u0438\u043f \u0443\u043f\u0440\u0430\u0432\u043b\u0435\u043d\u0438\u044f<\/td>\n<td class=\"text-right\"><a href=\"https:\/\/kotly-tis.by\/product\/regulyator-tis-tronic-260u-postavlyaetsya-na-zamenu-ili-modernizatsiyu\/\">\u0420\u0435\u0433\u0443\u043b\u044f\u0442\u043e\u0440 \u0422\u0418\u0421 \u0422\u0420\u041e\u041d\u0418\u041a 260\u041f<\/a><\/td>\n<\/tr>\n<tr>\n<td class=\"text-left\">\u041f\u043b\u043e\u0449\u0430\u0434\u044c \u043e\u0431\u043e\u0433\u0440\u0435\u0432\u0430, \u043c\u00b2<\/td>\n<td class=\"text-right\">810<\/td>\n<\/tr>\n<tr>\n<td class=\"text-left\">\u041f\u043e\u0434\u0430\u0447\u0430 \u0442\u043e\u043f\u043b\u0438\u0432\u0430<\/td>\n<td class=\"text-right\">\u00eenc\u0103rcare manual\u0103<\/td>\n<\/tr>\n<tr>\n<td class=\"text-left\">\u0422\u0438\u043f \u0442\u043e\u043f\u043b\u0438\u0432\u0430<\/td>\n<td class=\"text-right\">lemn de foc, c\u0103rbune, brichete de turb\u0103<\/td>\n<\/tr>\n<tr>\n<td class=\"text-left\">\u0420\u0430\u0431\u043e\u0442\u0430 \u043d\u0430 1 \u043d\u0430\u0433\u0440\u0443\u0437\u043a\u0435<\/td>\n<td class=\"text-right\">\u0434\u043e 24 \u0447\u0430\u0441\u043e\u0432<\/td>\n<\/tr>\n<tr>\n<td class=\"text-left\">\u041c\u0430\u043a\u0441. \u0440\u0430\u0431\u043e\u0447\u0430\u044f \u0442\u0435\u043c\u043f\u0435\u0440\u0430\u0442\u0443\u0440\u0430 (\u00b0\u0421)<\/td>\n<td class=\"text-right\">85<\/td>\n<\/tr>\n<tr>\n<td class=\"text-left\">\u041c\u0430\u043a\u0441\u0438\u043c\u0430\u043b\u044c\u043d\u043e\u0435 \u0440\u0430\u0431\u043e\u0447\u0435\u0435 \u0434\u0430\u0432\u043b\u0435\u043d\u0438\u0435 \u0432\u043e\u0434\u044b<\/td>\n<td class=\"text-right\">0,25<\/td>\n<\/tr>\n<tr>\n<td class=\"text-left\">\u0412\u0430\u043a\u0443\u0443\u043c \u043c\u0438\u043d. \u0432 \u0442\u043e\u043f\u043a\u0435 \u043a\u043e\u0442\u043b\u0430, \u041f\u0430<\/td>\n<td class=\"text-right\">22<\/td>\n<\/tr>\n<tr>\n<td class=\"text-left\">\u042d\u0444\u0444\u0435\u043a\u0442\u0438\u0432\u043d\u043e\u0441\u0442\u044c, %<\/td>\n<td class=\"text-right\">86<\/td>\n<\/tr>\n<tr>\n<td class=\"text-left\">\u041f\u043b\u043e\u0449\u0430\u0434\u044c \u043e\u0431\u043e\u0433\u0440\u0435\u0432\u0430, \u043c\u00b2<\/td>\n<td class=\"text-right\">7.9<\/td>\n<\/tr>\n<tr>\n<td class=\"text-left\">\u043c\u0430\u043a\u0441\u0438\u043c\u0430\u043b\u044c\u043d\u043e\u0435 \u043f\u043e\u0442\u0440\u0435\u0431\u043b\u0435\u043d\u0438\u0435 \u0442\u043e\u043f\u043b\u0438\u0432\u0430, \u043a\u0433\/\u0447<\/td>\n<td class=\"text-right\">25.6<\/td>\n<\/tr>\n<tr>\n<td class=\"text-left\">\u0420\u0430\u0441\u0445\u043e\u0434 \u0432\u043e\u0434\u044b \u0443\u0441\u0442\u0430\u043d\u043e\u0432\u043a\u043e\u0439, \u043c\u00b3\/\u0447<\/td>\n<td class=\"text-right\">4.3<\/td>\n<\/tr>\n<tr>\n<td class=\"text-left\">\u041e\u0431\u044a\u0435\u043c \u0432\u043e\u0434\u044b \u0432 \u0431\u043e\u0439\u043b\u0435\u0440\u0435, \u043b<\/td>\n<td class=\"text-right\">180<\/td>\n<\/tr>\n<tr>\n<td class=\"text-left\">\u0413\u0438\u0434\u0440\u0430\u0432\u043b\u0438\u0447\u0435\u0441\u043a\u043e\u0435 \u0441\u043e\u043f\u0440\u043e\u0442\u0438\u0432\u043b\u0435\u043d\u0438\u0435, \u041c\u041f\u0430<\/td>\n<td class=\"text-right\">0,02<\/td>\n<\/tr>\n<tr>\n<td class=\"text-left\">\n<div class=\"hint-wrap\"><span style=\"font-family: inherit; font-size: inherit;\">\u0421\u043e\u0435\u0434\u0438\u043d\u0435\u043d\u0438\u0435, \u0434\u044e\u0439\u043c<\/span><\/div>\n<\/td>\n<td class=\"text-right\">2<\/td>\n<\/tr>\n<tr>\n<td class=\"text-left\">\u0414\u0438\u0430\u043c\u0435\u0442\u0440 \u0434\u044b\u043c\u043e\u0445\u043e\u0434\u0430<\/td>\n<td class=\"text-right\">220<\/td>\n<\/tr>\n<tr>\n<td class=\"text-left\">\u0412\u0435\u0441 \u043a\u043e\u0442\u043b\u0430, \u043a\u0433<\/td>\n<td class=\"text-right\">667<\/td>\n<\/tr>\n<tr>\n<td class=\"text-left\">\u0428\u0438\u0440\u0438\u043d\u0430 \u043a\u043e\u0442\u043b\u0430, \u0441\u043c<\/td>\n<td class=\"text-right\">73<\/td>\n<\/tr>\n<tr>\n<td class=\"text-left\">\u0413\u043b\u0443\u0431\u0438\u043d\u0430 \u043a\u043e\u0442\u043b\u0430, \u0441\u043c<\/td>\n<td class=\"text-right\">111<\/td>\n<\/tr>\n<tr>\n<td class=\"text-left\">\u0412\u044b\u0441\u043e\u0442\u0430 \u043a\u043e\u0442\u043b\u0430, \u0441\u043c<\/td>\n<td class=\"text-right\">168<\/td>\n<\/tr>\n<tr>\n<td class=\"text-left\">\u0420\u0430\u0437\u043c\u0435\u0440\u044b \u0432\u044b\u0441\u0442\u0443\u043f\u0430 (\u0428\u0445\u0413\u0445\u0412), \u0441\u043c<\/td>\n<td class=\"text-right\">80x125x174<\/td>\n<\/tr>\n<tr>\n<td class=\"text-left\">\u041e\u0431\u044a\u0435\u043c \u0442\u043e\u043f\u043a\u0438, \u0434\u043c\u00b3;<\/td>\n<td class=\"text-right\">304<\/td>\n<\/tr>\n<tr>\n<td class=\"text-left\">\u0428\u0438\u0440\u0438\u043d\u0430 \u043a\u0430\u043c\u0435\u0440\u044b \u0441\u0433\u043e\u0440\u0430\u043d\u0438\u044f, \u0441\u043c<\/td>\n<td class=\"text-right\">55<\/td>\n<\/tr>\n<tr>\n<td class=\"text-left\">\u0413\u043b\u0443\u0431\u0438\u043d\u0430 \u043a\u0430\u043c\u0435\u0440\u044b \u0441\u0433\u043e\u0440\u0430\u043d\u0438\u044f, \u0441\u043c<\/td>\n<td class=\"text-right\">70<\/td>\n<\/tr>\n<tr>\n<td class=\"text-left\">\u0412\u044b\u0441\u043e\u0442\u0430 \u043a\u0430\u043c\u0435\u0440\u044b \u0441\u0433\u043e\u0440\u0430\u043d\u0438\u044f, \u0441\u043c<\/td>\n<td class=\"text-right\">79<\/td>\n<\/tr>\n<\/tbody>\n<\/table>","protected":false},"featured_media":2224,"comment_status":"open","ping_status":"closed","template":"","meta":[],"product_brand":[220],"product_cat":[140],"product_tag":[],"class_list":{"0":"post-2232","1":"product","2":"type-product","3":"status-publish","4":"has-post-thumbnail","6":"product_brand-tis","7":"product_cat-cazane-pe-lemne-si-carbuni","9":"first","10":"instock","11":"shipping-taxable","12":"purchasable","13":"product-type-simple"},"yoast_head":"<!-- This site is optimized with the Yoast SEO plugin v26.9 - https:\/\/yoast.com\/product\/yoast-seo-wordpress\/ -->\n<title>TIS UNI 95 KW Cazan pe combustibil solid - Termoshop.md<\/title>\n<meta name=\"description\" content=\"TIS UNI 95 KW Cazan pe combustibil solid cazane peleti, econome, centrale pe peleti, centrala peleti, bunker, cazan otel, cazan fonta, cazan pe lemne,\" \/>\n<meta name=\"robots\" content=\"index, follow, max-snippet:-1, max-image-preview:large, max-video-preview:-1\" \/>\n<link rel=\"canonical\" href=\"https:\/\/termoshop.md\/ru\/produs\/tis-uni-95-kw-cazan-pe-combustibil-solid\/\" \/>\n<meta property=\"og:locale\" content=\"ru_RU\" \/>\n<meta property=\"og:type\" content=\"article\" \/>\n<meta property=\"og:title\" content=\"TIS UNI 95 KW Cazan pe combustibil solid - Termoshop.md\" \/>\n<meta property=\"og:description\" content=\"TIS UNI 95 KW Cazan pe combustibil solid cazane peleti, econome, centrale pe peleti, centrala peleti, bunker, cazan otel, cazan fonta, cazan pe lemne,\" \/>\n<meta property=\"og:url\" content=\"https:\/\/termoshop.md\/ru\/produs\/tis-uni-95-kw-cazan-pe-combustibil-solid\/\" \/>\n<meta property=\"og:site_name\" content=\"Termoshop.md\" \/>\n<meta property=\"article:modified_time\" content=\"2024-01-31T08:02:35+00:00\" \/>\n<meta property=\"og:image\" content=\"https:\/\/termoshop.md\/wp-content\/uploads\/2023\/04\/vn4z9hqb3th76zbulmo6h33784s7979s-1.png\" \/>\n\t<meta property=\"og:image:width\" content=\"1200\" \/>\n\t<meta property=\"og:image:height\" content=\"1200\" \/>\n\t<meta property=\"og:image:type\" content=\"image\/png\" \/>\n<meta name=\"twitter:card\" content=\"summary_large_image\" \/>\n<meta name=\"twitter:label1\" content=\"\u041f\u0440\u0438\u043c\u0435\u0440\u043d\u043e\u0435 \u0432\u0440\u0435\u043c\u044f \u0434\u043b\u044f \u0447\u0442\u0435\u043d\u0438\u044f\" \/>\n\t<meta name=\"twitter:data1\" content=\"2 \u043c\u0438\u043d\u0443\u0442\u044b\" \/>\n<script type=\"application\/ld+json\" class=\"yoast-schema-graph\">{\"@context\":\"https:\/\/schema.org\",\"@graph\":[{\"@type\":\"WebPage\",\"@id\":\"https:\/\/termoshop.md\/produs\/tis-uni-95-kw-cazan-pe-combustibil-solid\/\",\"url\":\"https:\/\/termoshop.md\/produs\/tis-uni-95-kw-cazan-pe-combustibil-solid\/\",\"name\":\"TIS UNI 95 KW Cazan pe combustibil solid - Termoshop.md\",\"isPartOf\":{\"@id\":\"https:\/\/termoshop.md\/#website\"},\"primaryImageOfPage\":{\"@id\":\"https:\/\/termoshop.md\/produs\/tis-uni-95-kw-cazan-pe-combustibil-solid\/#primaryimage\"},\"image\":{\"@id\":\"https:\/\/termoshop.md\/produs\/tis-uni-95-kw-cazan-pe-combustibil-solid\/#primaryimage\"},\"thumbnailUrl\":\"https:\/\/termoshop.md\/wp-content\/uploads\/2023\/04\/vn4z9hqb3th76zbulmo6h33784s7979s-1.png\",\"datePublished\":\"2023-04-26T07:19:33+00:00\",\"dateModified\":\"2024-01-31T08:02:35+00:00\",\"description\":\"TIS UNI 95 KW Cazan pe combustibil solid cazane peleti, econome, centrale pe peleti, centrala peleti, bunker, cazan otel, cazan fonta, cazan pe lemne,\",\"breadcrumb\":{\"@id\":\"https:\/\/termoshop.md\/produs\/tis-uni-95-kw-cazan-pe-combustibil-solid\/#breadcrumb\"},\"inLanguage\":\"ru-RU\",\"potentialAction\":[{\"@type\":\"ReadAction\",\"target\":[\"https:\/\/termoshop.md\/produs\/tis-uni-95-kw-cazan-pe-combustibil-solid\/\"]}]},{\"@type\":\"ImageObject\",\"inLanguage\":\"ru-RU\",\"@id\":\"https:\/\/termoshop.md\/produs\/tis-uni-95-kw-cazan-pe-combustibil-solid\/#primaryimage\",\"url\":\"https:\/\/termoshop.md\/wp-content\/uploads\/2023\/04\/vn4z9hqb3th76zbulmo6h33784s7979s-1.png\",\"contentUrl\":\"https:\/\/termoshop.md\/wp-content\/uploads\/2023\/04\/vn4z9hqb3th76zbulmo6h33784s7979s-1.png\",\"width\":1200,\"height\":1200},{\"@type\":\"BreadcrumbList\",\"@id\":\"https:\/\/termoshop.md\/produs\/tis-uni-95-kw-cazan-pe-combustibil-solid\/#breadcrumb\",\"itemListElement\":[{\"@type\":\"ListItem\",\"position\":1,\"name\":\"Prima pagin\u0103\",\"item\":\"https:\/\/termoshop.md\/\"},{\"@type\":\"ListItem\",\"position\":2,\"name\":\"Toate Produsele\",\"item\":\"https:\/\/termoshop.md\/toate-produsele\/\"},{\"@type\":\"ListItem\",\"position\":3,\"name\":\"TIS UNI 95 KW Cazan pe combustibil solid\"}]},{\"@type\":\"WebSite\",\"@id\":\"https:\/\/termoshop.md\/#website\",\"url\":\"https:\/\/termoshop.md\/\",\"name\":\"Termoshop.md\",\"description\":\"Exper\u021bi \u00een solu\u021bii de top\",\"publisher\":{\"@id\":\"https:\/\/termoshop.md\/#organization\"},\"potentialAction\":[{\"@type\":\"SearchAction\",\"target\":{\"@type\":\"EntryPoint\",\"urlTemplate\":\"https:\/\/termoshop.md\/?s={search_term_string}\"},\"query-input\":{\"@type\":\"PropertyValueSpecification\",\"valueRequired\":true,\"valueName\":\"search_term_string\"}}],\"inLanguage\":\"ru-RU\"},{\"@type\":\"Organization\",\"@id\":\"https:\/\/termoshop.md\/#organization\",\"name\":\"Termoshop.md\",\"url\":\"https:\/\/termoshop.md\/\",\"logo\":{\"@type\":\"ImageObject\",\"inLanguage\":\"ru-RU\",\"@id\":\"https:\/\/termoshop.md\/#\/schema\/logo\/image\/\",\"url\":\"https:\/\/termoshop.md\/wp-content\/uploads\/2023\/04\/termoshopro.png\",\"contentUrl\":\"https:\/\/termoshop.md\/wp-content\/uploads\/2023\/04\/termoshopro.png\",\"width\":500,\"height\":94,\"caption\":\"Termoshop.md\"},\"image\":{\"@id\":\"https:\/\/termoshop.md\/#\/schema\/logo\/image\/\"}}]}<\/script>\n<!-- \/ Yoast SEO plugin. -->","yoast_head_json":{"title":"TIS UNI 95 KW Cazan pe combustibil solid - Termoshop.md","description":"TIS UNI 95 KW Cazan pe combustibil solid cazane peleti, econome, centrale pe peleti, centrala peleti, bunker, cazan otel, cazan fonta, cazan pe lemne,","robots":{"index":"index","follow":"follow","max-snippet":"max-snippet:-1","max-image-preview":"max-image-preview:large","max-video-preview":"max-video-preview:-1"},"canonical":"https:\/\/termoshop.md\/ru\/produs\/tis-uni-95-kw-cazan-pe-combustibil-solid\/","og_locale":"ru_RU","og_type":"article","og_title":"TIS UNI 95 KW Cazan pe combustibil solid - Termoshop.md","og_description":"TIS UNI 95 KW Cazan pe combustibil solid cazane peleti, econome, centrale pe peleti, centrala peleti, bunker, cazan otel, cazan fonta, cazan pe lemne,","og_url":"https:\/\/termoshop.md\/ru\/produs\/tis-uni-95-kw-cazan-pe-combustibil-solid\/","og_site_name":"Termoshop.md","article_modified_time":"2024-01-31T08:02:35+00:00","og_image":[{"width":1200,"height":1200,"url":"https:\/\/termoshop.md\/wp-content\/uploads\/2023\/04\/vn4z9hqb3th76zbulmo6h33784s7979s-1.png","type":"image\/png"}],"twitter_card":"summary_large_image","twitter_misc":{"\u041f\u0440\u0438\u043c\u0435\u0440\u043d\u043e\u0435 \u0432\u0440\u0435\u043c\u044f \u0434\u043b\u044f \u0447\u0442\u0435\u043d\u0438\u044f":"2 \u043c\u0438\u043d\u0443\u0442\u044b"},"schema":{"@context":"https:\/\/schema.org","@graph":[{"@type":"WebPage","@id":"https:\/\/termoshop.md\/produs\/tis-uni-95-kw-cazan-pe-combustibil-solid\/","url":"https:\/\/termoshop.md\/produs\/tis-uni-95-kw-cazan-pe-combustibil-solid\/","name":"TIS UNI 95 KW Cazan pe combustibil solid - Termoshop.md","isPartOf":{"@id":"https:\/\/termoshop.md\/#website"},"primaryImageOfPage":{"@id":"https:\/\/termoshop.md\/produs\/tis-uni-95-kw-cazan-pe-combustibil-solid\/#primaryimage"},"image":{"@id":"https:\/\/termoshop.md\/produs\/tis-uni-95-kw-cazan-pe-combustibil-solid\/#primaryimage"},"thumbnailUrl":"https:\/\/termoshop.md\/wp-content\/uploads\/2023\/04\/vn4z9hqb3th76zbulmo6h33784s7979s-1.png","datePublished":"2023-04-26T07:19:33+00:00","dateModified":"2024-01-31T08:02:35+00:00","description":"TIS UNI 95 KW Cazan pe combustibil solid cazane peleti, econome, centrale pe peleti, centrala peleti, bunker, cazan otel, cazan fonta, cazan pe lemne,","breadcrumb":{"@id":"https:\/\/termoshop.md\/produs\/tis-uni-95-kw-cazan-pe-combustibil-solid\/#breadcrumb"},"inLanguage":"ru-RU","potentialAction":[{"@type":"ReadAction","target":["https:\/\/termoshop.md\/produs\/tis-uni-95-kw-cazan-pe-combustibil-solid\/"]}]},{"@type":"ImageObject","inLanguage":"ru-RU","@id":"https:\/\/termoshop.md\/produs\/tis-uni-95-kw-cazan-pe-combustibil-solid\/#primaryimage","url":"https:\/\/termoshop.md\/wp-content\/uploads\/2023\/04\/vn4z9hqb3th76zbulmo6h33784s7979s-1.png","contentUrl":"https:\/\/termoshop.md\/wp-content\/uploads\/2023\/04\/vn4z9hqb3th76zbulmo6h33784s7979s-1.png","width":1200,"height":1200},{"@type":"BreadcrumbList","@id":"https:\/\/termoshop.md\/produs\/tis-uni-95-kw-cazan-pe-combustibil-solid\/#breadcrumb","itemListElement":[{"@type":"ListItem","position":1,"name":"Prima pagin\u0103","item":"https:\/\/termoshop.md\/"},{"@type":"ListItem","position":2,"name":"Toate Produsele","item":"https:\/\/termoshop.md\/toate-produsele\/"},{"@type":"ListItem","position":3,"name":"TIS UNI 95 KW Cazan pe combustibil solid"}]},{"@type":"WebSite","@id":"https:\/\/termoshop.md\/#website","url":"https:\/\/termoshop.md\/","name":"Termoshop.md","description":"Exper\u021bi \u00een solu\u021bii de top","publisher":{"@id":"https:\/\/termoshop.md\/#organization"},"potentialAction":[{"@type":"SearchAction","target":{"@type":"EntryPoint","urlTemplate":"https:\/\/termoshop.md\/?s={search_term_string}"},"query-input":{"@type":"PropertyValueSpecification","valueRequired":true,"valueName":"search_term_string"}}],"inLanguage":"ru-RU"},{"@type":"Organization","@id":"https:\/\/termoshop.md\/#organization","name":"Termoshop.md","url":"https:\/\/termoshop.md\/","logo":{"@type":"ImageObject","inLanguage":"ru-RU","@id":"https:\/\/termoshop.md\/#\/schema\/logo\/image\/","url":"https:\/\/termoshop.md\/wp-content\/uploads\/2023\/04\/termoshopro.png","contentUrl":"https:\/\/termoshop.md\/wp-content\/uploads\/2023\/04\/termoshopro.png","width":500,"height":94,"caption":"Termoshop.md"},"image":{"@id":"https:\/\/termoshop.md\/#\/schema\/logo\/image\/"}}]}},"jetpack_sharing_enabled":true,"_links":{"self":[{"href":"https:\/\/termoshop.md\/ru\/wp-json\/wp\/v2\/product\/2232","targetHints":{"allow":["GET"]}}],"collection":[{"href":"https:\/\/termoshop.md\/ru\/wp-json\/wp\/v2\/product"}],"about":[{"href":"https:\/\/termoshop.md\/ru\/wp-json\/wp\/v2\/types\/product"}],"replies":[{"embeddable":true,"href":"https:\/\/termoshop.md\/ru\/wp-json\/wp\/v2\/comments?post=2232"}],"wp:featuredmedia":[{"embeddable":true,"href":"https:\/\/termoshop.md\/ru\/wp-json\/wp\/v2\/media\/2224"}],"wp:attachment":[{"href":"https:\/\/termoshop.md\/ru\/wp-json\/wp\/v2\/media?parent=2232"}],"wp:term":[{"taxonomy":"product_brand","embeddable":true,"href":"https:\/\/termoshop.md\/ru\/wp-json\/wp\/v2\/product_brand?post=2232"},{"taxonomy":"product_cat","embeddable":true,"href":"https:\/\/termoshop.md\/ru\/wp-json\/wp\/v2\/product_cat?post=2232"},{"taxonomy":"product_tag","embeddable":true,"href":"https:\/\/termoshop.md\/ru\/wp-json\/wp\/v2\/product_tag?post=2232"}],"curies":[{"name":"wp","href":"https:\/\/api.w.org\/{rel}","templated":true}]}}